{"id":6424,"date":"2025-05-30T07:40:33","date_gmt":"2025-05-30T05:40:33","guid":{"rendered":"https:\/\/sunseasleep.com\/?page_id=6424"},"modified":"2026-01-04T20:23:35","modified_gmt":"2026-01-04T19:23:35","slug":"villa-almazara","status":"publish","type":"page","link":"https:\/\/sunseasleep.com\/nl\/villa-almazara\/","title":{"rendered":"Villa Almazara"},"content":{"rendered":"<h3><span style=\"color: #333a56;\">Villa Almazara<\/span><\/h3>\r\n<p><div id=\"Block_wpape_gallery_69f41d13c7237\" style=\"width:100%; display: none;\"><div id=\"wpape_gallery_69f41d13c7237\" data-options=\"wpape_gallery_69f41d13c7237\" style=\"width:100%;\" class=\"wpape_gallery\"><div class=\"wpape-img category6474\" ><div class=\"wpape-img-image \"  ><div data-thumbnail=\"https:\/\/sunseasleep.com\/wp-content\/uploads\/2025\/06\/1-Pool-1-300x225.jpg\" title=\"1 Pool 1\" data-width=\"300\" data-height=\"225\" ><\/div><div data-popup=\"https:\/\/sunseasleep.com\/wp-content\/uploads\/2025\/06\/1-Pool-1.jpg\"  title=\"1 Pool 1\"><\/div><\/div><\/div><div class=\"wpape-img category6474\" ><div class=\"wpape-img-image \"  ><div data-thumbnail=\"https:\/\/sunseasleep.com\/wp-content\/uploads\/2025\/06\/1-Bedroom-1-300x225.jpeg\" title=\"1 Bedroom 1\" data-width=\"300\" data-height=\"225\" ><\/div><div data-popup=\"https:\/\/sunseasleep.com\/wp-content\/uploads\/2025\/06\/1-Bedroom-1-scaled.jpeg\"  title=\"1 Bedroom 1\"><\/div><\/div><\/div><div class=\"wpape-img category6474\" ><div class=\"wpape-img-image \"  ><div data-thumbnail=\"https:\/\/sunseasleep.com\/wp-content\/uploads\/2025\/06\/1-Exterior-1-300x225.jpg\" title=\"1 Exterior 1\" data-width=\"300\" data-height=\"225\" ><\/div><div data-popup=\"https:\/\/sunseasleep.com\/wp-content\/uploads\/2025\/06\/1-Exterior-1-scaled.jpg\"  title=\"1 Exterior 1\"><\/div><\/div><\/div><div class=\"wpape-img category6474\" ><div class=\"wpape-img-image \"  ><div data-thumbnail=\"https:\/\/sunseasleep.com\/wp-content\/uploads\/2025\/06\/1-Terrace-1-300x225.jpg\" title=\"1 Terrace 1\" data-width=\"300\" data-height=\"225\" ><\/div><div data-popup=\"https:\/\/sunseasleep.com\/wp-content\/uploads\/2025\/06\/1-Terrace-1-scaled.jpg\"  title=\"1 Terrace 1\"><\/div><\/div><\/div><div class=\"wpape-img category6474\" ><div class=\"wpape-img-image \"  ><div data-thumbnail=\"https:\/\/sunseasleep.com\/wp-content\/uploads\/2025\/06\/1-Living-1-300x225.jpeg\" title=\"1 Living 1\" data-width=\"300\" data-height=\"225\" ><\/div><div data-popup=\"https:\/\/sunseasleep.com\/wp-content\/uploads\/2025\/06\/1-Living-1-scaled.jpeg\"  title=\"1 Living 1\"><\/div><\/div><\/div><div class=\"wpape-img category6474\" ><div class=\"wpape-img-image \"  ><div data-thumbnail=\"https:\/\/sunseasleep.com\/wp-content\/uploads\/2025\/06\/1-Pool-2-300x225.jpg\" title=\"1 Pool 2\" data-width=\"300\" data-height=\"225\" ><\/div><div data-popup=\"https:\/\/sunseasleep.com\/wp-content\/uploads\/2025\/06\/1-Pool-2.jpg\"  title=\"1 Pool 2\"><\/div><\/div><\/div><div class=\"wpape-img category6474\" ><div class=\"wpape-img-image \"  ><div data-thumbnail=\"https:\/\/sunseasleep.com\/wp-content\/uploads\/2025\/06\/2-Terrace-1-300x169.jpg\" title=\"2 Terrace 1\" data-width=\"300\" data-height=\"169\" ><\/div><div data-popup=\"https:\/\/sunseasleep.com\/wp-content\/uploads\/2025\/06\/2-Terrace-1.jpg\"  title=\"2 Terrace 1\"><\/div><\/div><\/div><div class=\"wpape-img category6474\" ><div class=\"wpape-img-image \"  ><div data-thumbnail=\"https:\/\/sunseasleep.com\/wp-content\/uploads\/2025\/06\/1-Dining-2-300x225.jpeg\" title=\"1 Dining 2\" data-width=\"300\" data-height=\"225\" ><\/div><div data-popup=\"https:\/\/sunseasleep.com\/wp-content\/uploads\/2025\/06\/1-Dining-2-scaled.jpeg\"  title=\"1 Dining 2\"><\/div><\/div><\/div><\/div><\/div><script>var wpape_gallery_69f41d13c7237 = {\"filterContainer\": \"#wpape_gallery_69f41d13c7237filter\", \"touch\": 1, \"columns\": 4, \"columnWidth\": \"auto\", \"resolutions\": [ ,  , ], \"overlayEffect\": \"direction-aware-fade\", \"boxesToLoadStart\": \"12\", \"boxesToLoad\": \"8\", \"lazyLoad\": true, \"LoadingWord\": \"Gallery images loading\", \"loadMoreWord\": \"More images\", \"noMoreEntriesWord\": \"No images\", \"loadMoreClass\": \" apebtn apebtn-flat apebtn-primary \", \"horizontalSpaceBetweenBoxes\": 15, \"verticalSpaceBetweenBoxes\": 15}, wpape_gallery_69f41d13c7237_css = \"body .mfp-ready.mfp-bg{background-color: rgba(11, 11, 11, 0.8);}.mfp-container .mfp-arrow{display:none;}#wpape_gallery_69f41d13c7237 .wpape-img-container{ -webkit-border-radius: 5px;-moz-border-radius: 5px;border-radius: 5px;}#wpape_gallery_69f41d13c7237 .wpapeTitle{ font-size:12px; line-height:101%; color:#ffffff;}#wpape_gallery_69f41d13c7237 .wpapeTitle:hover{color:#ffffff;}#wpape_gallery_69f41d13c7237 .wpapeDesc{ font-size:24px; line-height:101%; color:#000000;}#wpape_gallery_69f41d13c7237 .wpapeDesc:hover{color:#000000;}#wpape_gallery_69f41d13c7237 .thumbnail-overlay{background:rgba(7, 7, 7, 0.5);}#wpape_gallery_69f41d13c7237 .wpapeLinkIcon{ font-size:22px; line-height:88%; color:#ffffff;background:rgba(0,0,0,0);}#wpape_gallery_69f41d13c7237 .wpapeLinkIcon:hover{color:#ffffff;background:rgba(0,0,0,0);}#wpape_gallery_69f41d13c7237 .wpapeZoomIcon{ font-size:22px; line-height:88%; color:#ffffff;background:rgba(0,0,0,0);}#wpape_gallery_69f41d13c7237 .wpapeZoomIcon:hover{color:#ffffff;background:rgba(0,0,0,0);}#wpape_gallery_69f41d13c7237 .image-with-dimensions{background-color: rgba(255,255,255,1);}body .mfp-title, body .mfp-counter{color: #f3f3f3;}\",apeGalleryDelay = 0; head = document.head || document.getElementsByTagName(\"head\")[0], style = document.createElement(\"style\"); style.type = \"text\/css\"; if (style.styleSheet) style.styleSheet.cssText = wpape_gallery_69f41d13c7237_css; \telse  style.appendChild(document.createTextNode(wpape_gallery_69f41d13c7237_css)); head.appendChild(style);<\/script><\/p>\r\n<h4 class=\"tw-data-text tw-text-large tw-ta\" dir=\"ltr\" data-placeholder=\"Translation\"><span class=\"Y2IQFc\" lang=\"nl\">Welkom bij villa Almazara<\/span><\/h4>\r\n<p>Een luxe villa met een adembenemend uitzicht over de vallei.<br \/>Met in totaal 6 slaapkamers biedt deze villa ruimte voor maximaal 13 personen.<br \/>De villa is stijlvol ingericht en ideaal voor families en vrienden om heerlijk samen te zijn.<\/p>\r\n<p>Bij de villa is het makkelijk ontspannen, relaxen aan het zwembad, gezellig borrelen op het terras of lekker BBQen op de patio.<br \/>Het is er rustig, zonder directe buren naast je en met veel privacy.<br \/>De villa is volledig ingericht en compleet met alles wat er nodig is om optimaal en comfortabel te kunnen genieten.<\/p>\r\n<p>Er zijn 6 slaapkamers, 3 badkamers, 2 keukens, een woonkamer, eetkamer, patio, terras en groot zwembad.<br \/>Met 4 tweepersoonsbedden (queensize), 2 \u00e9\u00e9npersoonsbedden, een stapelbed, de mogelijkheid van een extra \u00e9\u00e9npersoonsbed en babybedje(s) is deze villa ideaal voor families.<br \/>De inrichting, faciliteiten en veiligheidsvoorzieningen maken een verblijf met kinderen (en babies) zeer aangenaam.<\/p>\r\n<p>Het uitzicht is echt fantastisch.<br \/>Vanaf het balkon, het terras en vanuit het heerlijke zwembad heb je een weids uitzicht over de hele Pop vallei.<br \/>Vanwege de ligging (en de hoogte) zijn er panoramische vergezichten, kijk je recht naar de &#8216;Sierra de Bernia&#8217;, het centrum van Jalon (Xalo) beneden, te midden van de groene bergen om de vallei heen.<\/p>\r\n<p>Voor grote groepen kan de villa kan als geheel (met 6 slaapkamers en 3 badkamers) worden gehuurd.<br \/>Voor groepen tot en met 7 personen kan tevens 1 van de 2 etages van de villa (met 3 slaapkamers en 2 badkamers) worden gehuurd waarbij alle faciliteiten nog steeds exclusief voor jullie zijn (en er dus niets gedeelt hoeft te worden).<\/p>\r\n<p>Hieronder staan al onze prijzen voor 2025 en 2026.<br \/>De prijs is afhankelijk van de verblijfsperiode en de grootte van de groep (huur je de gehele villa met 6 slaapkamers of alleen het gedeelte met 3 slaapkamers).<br \/>De minimale verblijfsduur varieert van 2 nachten in het laagseizoen tot 5 nachten in het hoogseizoen (voor feestdagen kan er een afwijkende verblijfsduur gelden).<\/p>\r\n<p>Voor meer foto&#8217;s van villa Almazara klik <a href=\"https:\/\/sunseasleep.com\/gallery-almazara\/\">hier<\/a>.<br \/>De kalender voor beschikbaarheid vindt u onderaan deze pagina.\u00a0 \u00a0<\/p>\r\n<h5><span style=\"color: #333a56;\">Prijzen:<\/span><\/h5>\r\n<figure><\/figure>\r\n<figure><\/figure>\r\n<figure><\/figure>\r\n<figure>\r\n<table style=\"height: 869px;\" width=\"655\">\r\n<tbody>\r\n<tr>\r\n<td width=\"120\">\r\n<p style=\"text-align: center;\">2026<\/p>\r\n<\/td>\r\n<td colspan=\"2\" width=\"240\">\r\n<p style=\"text-align: center;\">Prijzen per nacht t\/m 13 personen<\/p>\r\n<\/td>\r\n<td colspan=\"2\" width=\"240\">\r\n<p style=\"text-align: center;\">Prijzen per nacht t\/m 7 personen<\/p>\r\n<\/td>\r\n<\/tr>\r\n<tr>\r\n<td width=\"120\">\r\n<p style=\"text-align: center;\">Periode<\/p>\r\n<\/td>\r\n<td width=\"120\">\r\n<p style=\"text-align: center;\">Midweek (Zo-Vr)<\/p>\r\n<\/td>\r\n<td width=\"120\">\r\n<p style=\"text-align: center;\">Weekend (Vr-Zo)<\/p>\r\n<\/td>\r\n<td width=\"120\">\r\n<p style=\"text-align: center;\">Midweek (Zo-Vr)<\/p>\r\n<\/td>\r\n<td width=\"120\">\r\n<p style=\"text-align: center;\">Weekend (Vr-Zo)<\/p>\r\n<\/td>\r\n<\/tr>\r\n<tr>\r\n<td width=\"120\">\r\n<p style=\"text-align: center;\">Januari<\/p>\r\n<\/td>\r\n<td width=\"120\">\r\n<p style=\"text-align: center;\">\u20ac 150<\/p>\r\n<\/td>\r\n<td width=\"120\">\r\n<p style=\"text-align: center;\">\u20ac 225<\/p>\r\n<\/td>\r\n<td width=\"120\">\r\n<p style=\"text-align: center;\">\u20ac 100<\/p>\r\n<\/td>\r\n<td width=\"120\">\r\n<p style=\"text-align: center;\">\u20ac 175<\/p>\r\n<\/td>\r\n<\/tr>\r\n<tr>\r\n<td width=\"120\">\r\n<p style=\"text-align: center;\">Februari<\/p>\r\n<\/td>\r\n<td width=\"120\">\r\n<p style=\"text-align: center;\">\u20ac 150<\/p>\r\n<\/td>\r\n<td width=\"120\">\r\n<p style=\"text-align: center;\">\u20ac 225<\/p>\r\n<\/td>\r\n<td width=\"120\">\r\n<p style=\"text-align: center;\">\u20ac 100<\/p>\r\n<\/td>\r\n<td width=\"120\">\r\n<p style=\"text-align: center;\">\u20ac 175<\/p>\r\n<\/td>\r\n<\/tr>\r\n<tr>\r\n<td style=\"text-align: center;\" width=\"120\">Maart<\/td>\r\n<td width=\"120\">\r\n<p style=\"text-align: center;\">\u20ac 200<\/p>\r\n<\/td>\r\n<td width=\"120\">\r\n<p style=\"text-align: center;\">\u20ac275<\/p>\r\n<\/td>\r\n<td width=\"120\">\r\n<p style=\"text-align: center;\">\u20ac 175<\/p>\r\n<\/td>\r\n<td width=\"120\">\r\n<p style=\"text-align: center;\">\u20ac 225<\/p>\r\n<\/td>\r\n<\/tr>\r\n<tr>\r\n<td width=\"120\">\r\n<p style=\"text-align: center;\">April<\/p>\r\n<\/td>\r\n<td width=\"120\">\r\n<p style=\"text-align: center;\">\u20ac 275<\/p>\r\n<\/td>\r\n<td width=\"120\">\r\n<p style=\"text-align: center;\">\u20ac 325<\/p>\r\n<\/td>\r\n<td width=\"120\">\r\n<p style=\"text-align: center;\">\u20ac 225<\/p>\r\n<\/td>\r\n<td width=\"120\">\r\n<p style=\"text-align: center;\">\u20ac 275<\/p>\r\n<\/td>\r\n<\/tr>\r\n<tr>\r\n<td width=\"120\">\r\n<p style=\"text-align: center;\">Mei<\/p>\r\n<\/td>\r\n<td width=\"120\">\r\n<p style=\"text-align: center;\">\u20ac 375<\/p>\r\n<\/td>\r\n<td width=\"120\">\r\n<p style=\"text-align: center;\">\u20ac 400<\/p>\r\n<\/td>\r\n<td width=\"120\">\r\n<p style=\"text-align: center;\">\u20ac 275<\/p>\r\n<\/td>\r\n<td width=\"120\">\r\n<p style=\"text-align: center;\">\u20ac 325<\/p>\r\n<\/td>\r\n<\/tr>\r\n<tr>\r\n<td width=\"120\">\r\n<p style=\"text-align: center;\">Juni<\/p>\r\n<\/td>\r\n<td width=\"120\">\r\n<p style=\"text-align: center;\">\u20ac 475<\/p>\r\n<\/td>\r\n<td width=\"120\">\r\n<p style=\"text-align: center;\">\u20ac 500<\/p>\r\n<\/td>\r\n<td width=\"120\">\r\n<p style=\"text-align: center;\">\u20ac 375<\/p>\r\n<\/td>\r\n<td width=\"120\">\r\n<p style=\"text-align: center;\">\u20ac 425<\/p>\r\n<\/td>\r\n<\/tr>\r\n<tr>\r\n<td width=\"120\">\r\n<p style=\"text-align: center;\">Juli<\/p>\r\n<\/td>\r\n<td width=\"120\">\r\n<p style=\"text-align: center;\">\u20ac 550<\/p>\r\n<\/td>\r\n<td width=\"120\">\r\n<p style=\"text-align: center;\">\u20ac 575<\/p>\r\n<\/td>\r\n<td width=\"120\">\r\n<p style=\"text-align: center;\">\u20ac 475<\/p>\r\n<\/td>\r\n<td width=\"120\">\r\n<p style=\"text-align: center;\">\u20ac 500<\/p>\r\n<\/td>\r\n<\/tr>\r\n<tr>\r\n<td width=\"120\">\r\n<p style=\"text-align: center;\">Augustus<\/p>\r\n<\/td>\r\n<td width=\"120\">\r\n<p style=\"text-align: center;\">\u20ac 600<\/p>\r\n<\/td>\r\n<td width=\"120\">\r\n<p style=\"text-align: center;\">\u20ac 625<\/p>\r\n<\/td>\r\n<td width=\"120\">\r\n<p style=\"text-align: center;\">\u20ac 525<\/p>\r\n<\/td>\r\n<td width=\"120\">\r\n<p style=\"text-align: center;\">\u20ac 550<\/p>\r\n<\/td>\r\n<\/tr>\r\n<tr>\r\n<td width=\"120\">\r\n<p style=\"text-align: center;\">September<\/p>\r\n<\/td>\r\n<td width=\"120\">\r\n<p style=\"text-align: center;\">\u20ac 425<\/p>\r\n<\/td>\r\n<td width=\"120\">\r\n<p style=\"text-align: center;\">\u20ac 475<\/p>\r\n<\/td>\r\n<td width=\"120\">\r\n<p style=\"text-align: center;\">\u20ac 325<\/p>\r\n<\/td>\r\n<td width=\"120\">\r\n<p style=\"text-align: center;\">\u20ac 400<\/p>\r\n<\/td>\r\n<\/tr>\r\n<tr>\r\n<td width=\"120\">\r\n<p style=\"text-align: center;\">Oktober<\/p>\r\n<\/td>\r\n<td width=\"120\">\r\n<p style=\"text-align: center;\">\u20ac 325<\/p>\r\n<\/td>\r\n<td width=\"120\">\r\n<p style=\"text-align: center;\">\u20ac 375<\/p>\r\n<\/td>\r\n<td width=\"120\">\r\n<p style=\"text-align: center;\">\u20ac 250<\/p>\r\n<\/td>\r\n<td width=\"120\">\r\n<p style=\"text-align: center;\">\u20ac 325<\/p>\r\n<\/td>\r\n<\/tr>\r\n<tr>\r\n<td width=\"120\">\r\n<p style=\"text-align: center;\">November<\/p>\r\n<\/td>\r\n<td width=\"120\">\r\n<p style=\"text-align: center;\">\u20ac 150<\/p>\r\n<\/td>\r\n<td width=\"120\">\r\n<p style=\"text-align: center;\">\u20ac 225<\/p>\r\n<\/td>\r\n<td width=\"120\">\r\n<p style=\"text-align: center;\">\u20ac 125<\/p>\r\n<\/td>\r\n<td width=\"120\">\r\n<p style=\"text-align: center;\">\u20ac 175<\/p>\r\n<\/td>\r\n<\/tr>\r\n<tr>\r\n<td width=\"120\">\r\n<p style=\"text-align: center;\">December<\/p>\r\n<\/td>\r\n<td width=\"120\">\r\n<p style=\"text-align: center;\">\u20ac 150<\/p>\r\n<\/td>\r\n<td width=\"120\">\r\n<p style=\"text-align: center;\">\u20ac 225<\/p>\r\n<\/td>\r\n<td width=\"120\">\r\n<p style=\"text-align: center;\">\u20ac 125<\/p>\r\n<\/td>\r\n<td width=\"120\">\r\n<p style=\"text-align: center;\">\u20ac 175<\/p>\r\n<\/td>\r\n<\/tr>\r\n<\/tbody>\r\n<\/table>\r\n<\/figure>\r\n<figure><\/figure>\r\n<figure class=\"wp-block-table\">Alle prijzen zijn inclusief:<\/figure>\r\n<ul>\r\n<li style=\"list-style-type: none;\">\r\n<ul>\r\n<li>Airco, water en elektra<\/li>\r\n<li>Bedlinnen<\/li>\r\n<li>Douchehanddoeken<\/li>\r\n<li>WIFI<\/li>\r\n<li>Parkeren<\/li>\r\n<li>Belasting<\/li>\r\n<li>Babybedje<\/li>\r\n<\/ul>\r\n<\/li>\r\n<li style=\"list-style-type: none;\">\u00a0<\/li>\r\n<li style=\"list-style-type: none;\">De prijzen zijn exclusief:<\/li>\r\n<li style=\"list-style-type: none;\">\u00a0\r\n<ul>\r\n<li>Eindschoonmaak; \u20ac250 voor de gehele villa, \u20ac200 voor 3 slaapkamers in plaats van 6.<\/li>\r\n<\/ul>\r\n<\/li>\r\n<\/ul>\r\n<p>&nbsp;<\/p>\r\n<p>Voor meer informatie of vragen vul onderstaand formulier in en wij nemen contact met u op.  <div role=\"form\" class=\"wpcf7\" id=\"wpcf7-f6493-o1\" lang=\"en-US\" dir=\"ltr\">\n<div class=\"screen-reader-response\"><p role=\"status\" aria-live=\"polite\" aria-atomic=\"true\"><\/p> <ul><\/ul><\/div>\n<form action=\"\/nl\/wp-json\/wp\/v2\/pages\/6424#wpcf7-f6493-o1\" method=\"post\" class=\"wpcf7-form init\" novalidate=\"novalidate\" data-status=\"init\">\n<div style=\"display: none;\">\n<input type=\"hidden\" name=\"_wpcf7\" value=\"6493\" \/>\n<input type=\"hidden\" name=\"_wpcf7_version\" value=\"5.5.6.1\" \/>\n<input type=\"hidden\" name=\"_wpcf7_locale\" value=\"en_US\" \/>\n<input type=\"hidden\" name=\"_wpcf7_unit_tag\" value=\"wpcf7-f6493-o1\" \/>\n<input type=\"hidden\" name=\"_wpcf7_container_post\" value=\"0\" \/>\n<input type=\"hidden\" name=\"_wpcf7_posted_data_hash\" value=\"\" \/>\n<input type=\"hidden\" name=\"_wpcf7_recaptcha_response\" value=\"\" \/>\n<\/div>\n<p><label>Naam<br \/>\n   <span class=\"wpcf7-form-control-wrap name-002\"><input type=\"text\" name=\"name-002\" value=\"\" size=\"40\" class=\"wpcf7-form-control wpcf7-text wpcf7-validates-as-required\" id=\"name-002\" aria-required=\"true\" aria-invalid=\"false\" \/><\/span><\/label><\/p>\n<p><label>Telefoon<br \/>\n  <span class=\"wpcf7-form-control-wrap tel-002\"><input type=\"tel\" name=\"tel-002\" value=\"\" size=\"40\" class=\"wpcf7-form-control wpcf7-text wpcf7-tel wpcf7-validates-as-required wpcf7-validates-as-tel\" id=\"tel-001\" aria-required=\"true\" aria-invalid=\"false\" \/><\/span><\/label><\/p>\n<p><label> Email<br \/>\n  <span class=\"wpcf7-form-control-wrap email-002\"><input type=\"email\" name=\"email-002\" value=\"\" size=\"40\" class=\"wpcf7-form-control wpcf7-text wpcf7-email wpcf7-validates-as-required wpcf7-validates-as-email\" aria-required=\"true\" aria-invalid=\"false\" \/><\/span> <\/label><\/p>\n<p><label> Aantal personen<br \/>\n  <span class=\"wpcf7-form-control-wrap number-001\"><input type=\"number\" name=\"number-001\" value=\"\" class=\"wpcf7-form-control wpcf7-number wpcf7-validates-as-required wpcf7-validates-as-number\" aria-required=\"true\" aria-invalid=\"false\" \/><\/span><\/label><\/p>\n<p><label> Gewenste aankomst datum<br \/>\n  <span class=\"wpcf7-form-control-wrap date-001\"><input type=\"date\" name=\"date-001\" value=\"\" class=\"wpcf7-form-control wpcf7-date wpcf7-validates-as-required wpcf7-validates-as-date\" aria-required=\"true\" aria-invalid=\"false\" \/><\/span><\/label><\/p>\n<p><label> gewenste vertrek datum<br \/>\n  <span class=\"wpcf7-form-control-wrap date-002\"><input type=\"date\" name=\"date-002\" value=\"\" class=\"wpcf7-form-control wpcf7-date wpcf7-validates-as-required wpcf7-validates-as-date\" aria-required=\"true\" aria-invalid=\"false\" \/><\/span><\/label><\/p>\n<p><label> Bericht<br \/>\nBijvoorbeeld: Welke informatie willen jullie ontvangen, welke vragen willen jullie beantwoord hebben. Als jullie ons meer vertellen over de samenstelling van jullie groep (zoals vrienden, familie, kinderen, baby's) of wat de reden is van het verblijf (zoals een feest of jubileum) kunnen we jullie meer specifieke informatie geven.<br \/>\n  <span class=\"wpcf7-form-control-wrap message-002\"><textarea name=\"message-002\" cols=\"40\" rows=\"10\" class=\"wpcf7-form-control wpcf7-textarea wpcf7-validates-as-required\" id=\"message-002\" aria-required=\"true\" aria-invalid=\"false\"><\/textarea><\/span> <\/label><\/p>\n<p><label> Los de volgende som op om te laten zien dat U geen robot bent<br \/>\n   <span class=\"wpcf7-form-control-wrap random-math-quiz\"><label><span class=\"wpcf7-quiz-label\">2+8=?<\/span> <input type=\"text\" name=\"random-math-quiz\" size=\"40\" class=\"wpcf7-form-control wpcf7-quiz\" autocomplete=\"off\" aria-required=\"true\" aria-invalid=\"false\" \/><\/label><input type=\"hidden\" name=\"_wpcf7_quiz_answer_random-math-quiz\" value=\"ab680eeb28a71f2768ffb4a25d5ba986\" \/><\/span><\/label><\/p>\n<p>  <input type=\"submit\" value=\"Verstuur\" class=\"wpcf7-form-control has-spinner wpcf7-submit\" id=\"send\" \/><\/p>\n<div class=\"wpcf7-response-output\" aria-hidden=\"true\"><\/div><\/form><\/div><\/p>\r\n<p><!-- \/wp:heading --><\/p>\r\n<p><!-- wp:paragraph --><\/p>\r\n<p>&nbsp;<\/p>\r\n<p><!-- wp:paragraph --><\/p>\r\n<div  class=\"lgc-column lgc-grid-parent lgc-grid-60 lgc-tablet-grid-60 lgc-mobile-grid-100 lgc-equal-heights \"><div  class=\"inside-grid-column\"><\/div><\/div>\r\n<p><!-- \/wp:paragraph --><\/p>\r\n<div style=\"font-size: 16px;\">\u00a0 \u00a0 \u00a0 \u00a0Beschikbaarheid villa Almazara<\/div>\r\n<div>\u00a0<\/div>\r\n<div><iframe loading=\"lazy\" src=\"https:\/\/sunseasleep.com\/mystuff\/sss-calendar.php?alias=Almazara\" width=\"350\" height=\"350\" frameborder=\"0\"><\/iframe>\u00a0<!-- wp:paragraph --><\/div>\r\n<div  class=\"lgc-column lgc-grid-parent lgc-grid-40 lgc-tablet-grid-40 lgc-mobile-grid-100 lgc-equal-heights \"><div  class=\"inside-grid-column\"><\/div><\/div><div class=\"lgc-clear\"><\/div>\r\n<!--\r\n<div class=\"wp-block-columns\">\r\n<div class=\"wp-block-column\" style=\"flex-basis: 66.66%;\">[lgc_column grid=\"60\" tablet_grid=\"60\" mobile_grid=\"100\" last=\"false\"][ape-gallery 1254][\/lgc_column]<\/div>\r\n<\/div>\r\n-->","protected":false},"excerpt":{"rendered":"<p>Villa Almazara Welkom bij villa Almazara Een luxe villa met een adembenemend uitzicht over de vallei.Met in totaal 6 slaapkamers biedt deze villa ruimte voor maximaal 13 personen.De villa is stijlvol ingericht en ideaal voor families en vrienden om heerlijk samen te zijn. Bij de villa is het makkelijk ontspannen, relaxen aan het zwembad, gezellig [&hellip;]<\/p>\n","protected":false},"author":1,"featured_media":0,"parent":0,"menu_order":0,"comment_status":"closed","ping_status":"closed","template":"","meta":{"_monsterinsights_skip_tracking":false,"_monsterinsights_sitenote_active":false,"_monsterinsights_sitenote_note":"","_monsterinsights_sitenote_category":0,"footnotes":""},"class_list":["post-6424","page","type-page","status-publish","hentry"],"yoast_head":"<!-- This site is optimized with the Yoast SEO plugin v16.1.1 - https:\/\/yoast.com\/wordpress\/plugins\/seo\/ -->\n<title>Villa Almazara - Sun Sea Sleep<\/title>\n<link rel=\"canonical\" href=\"https:\/\/sunseasleep.com\/villa-almazara\/\" \/>\n<meta property=\"og:locale\" content=\"nl_NL\" \/>\n<meta property=\"og:type\" content=\"article\" \/>\n<meta property=\"og:title\" content=\"Villa Almazara - Sun Sea Sleep\" \/>\n<meta property=\"og:description\" content=\"Villa Almazara Welkom bij villa Almazara Een luxe villa met een adembenemend uitzicht over de vallei.Met in totaal 6 slaapkamers biedt deze villa ruimte voor maximaal 13 personen.De villa is stijlvol ingericht en ideaal voor families en vrienden om heerlijk samen te zijn. Bij de villa is het makkelijk ontspannen, relaxen aan het zwembad, gezellig [&hellip;]\" \/>\n<meta property=\"og:url\" content=\"https:\/\/sunseasleep.com\/villa-almazara\/\" \/>\n<meta property=\"og:site_name\" content=\"Sun Sea Sleep\" \/>\n<meta property=\"article:modified_time\" content=\"2026-01-04T19:23:35+00:00\" \/>\n<meta name=\"twitter:card\" content=\"summary_large_image\" \/>\n<meta name=\"twitter:label1\" content=\"Geschatte leestijd\">\n\t<meta name=\"twitter:data1\" content=\"12 minuten\">\n<script type=\"application\/ld+json\" class=\"yoast-schema-graph\">{\"@context\":\"https:\/\/schema.org\",\"@graph\":[{\"@type\":\"WebSite\",\"@id\":\"https:\/\/sunseasleep.com\/nl\/#website\",\"url\":\"https:\/\/sunseasleep.com\/nl\/\",\"name\":\"Sun Sea Sleep\",\"description\":\"Sun Sea Sleep\",\"potentialAction\":[{\"@type\":\"SearchAction\",\"target\":\"https:\/\/sunseasleep.com\/nl\/?s={search_term_string}\",\"query-input\":\"required name=search_term_string\"}],\"inLanguage\":\"nl-NL\"},{\"@type\":\"WebPage\",\"@id\":\"https:\/\/sunseasleep.com\/villa-almazara\/#webpage\",\"url\":\"https:\/\/sunseasleep.com\/villa-almazara\/\",\"name\":\"Villa Almazara - Sun Sea Sleep\",\"isPartOf\":{\"@id\":\"https:\/\/sunseasleep.com\/nl\/#website\"},\"datePublished\":\"2025-05-30T05:40:33+00:00\",\"dateModified\":\"2026-01-04T19:23:35+00:00\",\"breadcrumb\":{\"@id\":\"https:\/\/sunseasleep.com\/villa-almazara\/#breadcrumb\"},\"inLanguage\":\"nl-NL\",\"potentialAction\":[{\"@type\":\"ReadAction\",\"target\":[\"https:\/\/sunseasleep.com\/villa-almazara\/\"]}]},{\"@type\":\"BreadcrumbList\",\"@id\":\"https:\/\/sunseasleep.com\/villa-almazara\/#breadcrumb\",\"itemListElement\":[{\"@type\":\"ListItem\",\"position\":1,\"item\":{\"@type\":\"WebPage\",\"@id\":\"https:\/\/sunseasleep.com\/villa-almazara\/\",\"url\":\"https:\/\/sunseasleep.com\/villa-almazara\/\",\"name\":\"Villa Almazara\"}}]}]}<\/script>\n<!-- \/ Yoast SEO plugin. -->","_links":{"self":[{"href":"https:\/\/sunseasleep.com\/nl\/wp-json\/wp\/v2\/pages\/6424","targetHints":{"allow":["GET"]}}],"collection":[{"href":"https:\/\/sunseasleep.com\/nl\/wp-json\/wp\/v2\/pages"}],"about":[{"href":"https:\/\/sunseasleep.com\/nl\/wp-json\/wp\/v2\/types\/page"}],"author":[{"embeddable":true,"href":"https:\/\/sunseasleep.com\/nl\/wp-json\/wp\/v2\/users\/1"}],"replies":[{"embeddable":true,"href":"https:\/\/sunseasleep.com\/nl\/wp-json\/wp\/v2\/comments?post=6424"}],"version-history":[{"count":32,"href":"https:\/\/sunseasleep.com\/nl\/wp-json\/wp\/v2\/pages\/6424\/revisions"}],"predecessor-version":[{"id":8453,"href":"https:\/\/sunseasleep.com\/nl\/wp-json\/wp\/v2\/pages\/6424\/revisions\/8453"}],"wp:attachment":[{"href":"https:\/\/sunseasleep.com\/nl\/wp-json\/wp\/v2\/media?parent=6424"}],"curies":[{"name":"wp","href":"https:\/\/api.w.org\/{rel}","templated":true}]}}