{"id":7792,"date":"2026-04-14T00:00:01","date_gmt":"2026-04-13T22:00:01","guid":{"rendered":"https:\/\/sunseasleep.com\/?page_id=7792"},"modified":"2026-04-18T14:40:23","modified_gmt":"2026-04-18T12:40:23","slug":"home","status":"publish","type":"page","link":"https:\/\/sunseasleep.com\/es\/","title":{"rendered":"Home"},"content":{"rendered":"<h4 style=\"text-align: center;\"><\/p>\n<h4 style=\"text-align: center;\">Bienvenido a Sun Sea Sleep.<\/h4>\n<p style=\"text-align: center;\">Aqu\u00ed encontrar\u00e1 fant\u00e1sticos alojamientos para disfrutar juntos, relajarse, y mant\u00e9ngase de una estancia c\u00f3moda en un entorno hermoso.<\/p>\n<p style=\"text-align: center;\">Sun Sea Sleep offrece una variedad de alojamientos, desde enorme villas para hasta 28 personas hasta casas de vacaciones para 4 personas. Desde lujosas villas con piscina privada hasta un acogador Bed &amp; Breakfast. Todos nuestros alojamientos son \u00fanicos, ofrecen vistas impresionantes y est\u00e1n completamente equipados con atenci\u00f3n al detalle y alta calidad.<\/p>\n<p style=\"text-align: center;\">Aqu\u00ed tiene una descripci\u00f3n general de los alojamientos<\/p>\n<div><!-- Villa block --><\/p>\n<div class=\"miCasa\">\n<div>\n<table id=\"casaTable\" class=\"casaTable\">\n<tbody>\n<tr>\n<td colspan=\"5\">\n<figure class=\"wp-block-image size-large\"><a href=\"https:\/\/sunseasleep.com\/villa-sun-sea-sleep\/\"><img loading=\"lazy\" decoding=\"async\" class=\"image-rounded alignnone\" src=\"https:\/\/sunseasleep.com\/wp-content\/uploads\/2022\/11\/Voorkant-visitekaartje-300x225.jpeg\" alt=\"\" width=\"300\" height=\"225\" \/><\/a><\/figure>\n<\/td>\n<\/tr>\n<tr>\n<td colspan=\"5\">\n<p class=\"villaName\"><a href=\"https:\/\/sunseasleep.com\/villa-sun-sea-sleep\/\">Villa Sun Sea Sleep<\/a><\/p>\n<\/td>\n<\/tr>\n<tr>\n<td colspan=\"5\"><i class=\"fas fa-location-pin\"><\/i>Benissa<\/td>\n<\/tr>\n<tr>\n<td><i class=\"fas fa-users\"><\/i> 8-25<\/td>\n<td><i class=\"fas fa-bed\"><\/i> 9<\/td>\n<td><i class=\"fas fa-bath\"><\/i> 7<\/td>\n<\/tr>\n<tr>\n<td class=\"villaConditions\" colspan=\"4\">Fin de semana temporada baja<\/td>\n<td><span class=\"villaConditions smaller\">desde\u00a0<\/span><span class=\"price\"> \u20ac900<\/span><\/td>\n<\/tr>\n<tr>\n<td class=\"villaConditions\" colspan=\"4\">7 noches temporada alta<\/td>\n<td><span class=\"villaConditions smaller\">desde <\/span><span class=\"price\"> \u20ac5550<\/span><\/td>\n<\/tr>\n<tr>\n<td colspan=\"5\">Ideal para familias<\/td>\n<\/tr>\n<\/tbody>\n<\/table>\n<\/div>\n<\/div>\n<p><!-- Villa block --><\/p>\n<div class=\"miCasa\">\n<div>\n<table id=\"casaTable\" class=\"casaTable\">\n<tbody>\n<tr>\n<td colspan=\"5\">\n<figure class=\"wp-block-image size-large\"><a href=\"http:\/\/www.sunseasleep.com\/villa-almazara\"><img loading=\"lazy\" decoding=\"async\" class=\"image-rounded alignnone\" src=\"https:\/\/sunseasleep.com\/wp-content\/uploads\/2025\/06\/1-Pool-1.jpg\" alt=\"\" width=\"300\" height=\"225\" \/> <\/a><\/figure>\n<\/td>\n<\/tr>\n<tr>\n<td colspan=\"5\">\n<p class=\"villaName\"><a href=\"https:\/\/sunseasleep.com\/villa-almazara\/\">Villa Almazara<\/a><\/p>\n<\/td>\n<\/tr>\n<tr>\n<td colspan=\"5\"><i class=\"fas fa-location-pin\"><\/i> Jalon<\/td>\n<\/tr>\n<tr>\n<td><i class=\"fas fa-users\"><\/i> 5-13<\/td>\n<td><i class=\"fas fa-bed\"><\/i> 6<\/td>\n<td><i class=\"fas fa-bath\"><\/i> 3<\/td>\n<\/tr>\n<tr>\n<td class=\"villaConditions\" colspan=\"4\">Fin de semana temporada baja<\/td>\n<td><span class=\"villaConditions smaller\">desde <\/span><span class=\"price\">\u20ac550<\/span><\/td>\n<\/tr>\n<tr>\n<td class=\"villaConditions\" colspan=\"4\">7 noches temporada alta<\/td>\n<td><span class=\"villaConditions smaller\">desde <\/span><span class=\"price\">\u20ac4500<\/span><\/td>\n<\/tr>\n<tr>\n<td colspan=\"5\">Vista panor\u00e1mica<\/td>\n<\/tr>\n<\/tbody>\n<\/table>\n<\/div>\n<\/div>\n<p><!-- Villa block --><\/p>\n<div class=\"miCasa\">\n<div>\n<table id=\"casaTable\" class=\"casaTable\">\n<tbody>\n<tr>\n<td colspan=\"5\" height=\"225\">\n<figure class=\"wp-block-image size-large\"><a href=\"http:\/\/www.sunseasleep.com\/casa-natalia\"> <img loading=\"lazy\" decoding=\"async\" class=\"image-rounded alignnone\" src=\"https:\/\/sunseasleep.com\/wp-content\/uploads\/2025\/06\/IMG_9160.jpg\" alt=\"\" width=\"300\" height=\"225\" \/> <\/a><\/figure>\n<\/td>\n<\/tr>\n<tr>\n<td colspan=\"5\">\n<p class=\"villaName\"><a href=\"https:\/\/sunseasleep.com\/casa-natalia\/\">Casa Natalia<\/a><\/p>\n<\/td>\n<\/tr>\n<tr>\n<td colspan=\"5\"><i class=\"fas fa-location-pin\"><\/i> Benissa<\/td>\n<\/tr>\n<tr>\n<td><i class=\"fas fa-users\"><\/i> 10-28<\/td>\n<td><i class=\"fas fa-bed\"><\/i> 8<\/td>\n<td><i class=\"fas fa-bath\"><\/i> 4<\/td>\n<\/tr>\n<tr>\n<td class=\"villaConditions\" colspan=\"4\">3 noches de junio<\/td>\n<td><span class=\"villaConditions smaller\">desde <\/span><span class=\"price\">\u20ac2525<\/span><\/td>\n<\/tr>\n<tr>\n<td class=\"villaConditions\" colspan=\"4\">7 noches de julio<\/td>\n<td><span class=\"villaConditions smaller\">desde <\/span><span class=\"price\">\u20ac5845<\/span><\/td>\n<\/tr>\n<tr>\n<td colspan=\"5\">Excelente para grupos grande<\/td>\n<\/tr>\n<\/tbody>\n<\/table>\n<\/div>\n<\/div>\n<p><!-- Villa block --><\/p>\n<div class=\"miCasa\">\n<div>\n<table id=\"casaTable\" class=\"casaTable\">\n<tbody>\n<tr>\n<td colspan=\"5\">\n<figure class=\"wp-block-image size-large\"><a href=\"https:\/\/sunseasleep.com\/vall-del-paraiso\"> <img loading=\"lazy\" decoding=\"async\" class=\"image-rounded alignnone\" src=\"https:\/\/sunseasleep.com\/wp-content\/uploads\/2025\/08\/Dining-table-with-amazing-views.jpg\" alt=\"\" width=\"300\" height=\"225\" \/> <\/a><\/figure>\n<\/td>\n<\/tr>\n<tr>\n<td colspan=\"5\">\n<p class=\"villaName\"><a href=\"https:\/\/sunseasleep.com\/vall-del-paraiso\/\">Casa Vall del Para\u00efso<\/a><\/p>\n<\/td>\n<\/tr>\n<tr>\n<td colspan=\"5\"><i class=\"fas fa-location-pin\"><\/i> Jalon<\/td>\n<\/tr>\n<tr>\n<td><i class=\"fas fa-users\"><\/i> 1-4<\/td>\n<td><i class=\"fas fa-bed\"><\/i> 2<\/td>\n<td><i class=\"fas fa-bath\"><\/i> 2<\/td>\n<\/tr>\n<tr>\n<td class=\"villaConditions\" colspan=\"4\">1 semana temporada baja<\/td>\n<td><span class=\"villaConditions smaller\">desde <\/span><span class=\"price\">\u20ac620<\/span><\/td>\n<\/tr>\n<tr>\n<td class=\"villaConditions\" colspan=\"4\">1 semana temporada alta<\/td>\n<td><span class=\"villaConditions smaller\">desde <\/span><span class=\"price\">\u20ac1020<\/span><\/td>\n<\/tr>\n<tr>\n<td colspan=\"5\">Perfecto para desconectar<\/td>\n<\/tr>\n<\/tbody>\n<\/table>\n<\/div>\n<\/div>\n<p><!-- Villa block --><\/p>\n<div class=\"miCasa\">\n<div>\n<table id=\"casaTable\" class=\"casaTable\">\n<tbody>\n<tr>\n<td colspan=\"5\">\n<figure class=\"wp-block-image size-large\"><a href=\"https:\/\/sunseasleep.com\/casa-orba\"> <img loading=\"lazy\" decoding=\"async\" class=\"image-rounded alignnone\" src=\"https:\/\/sunseasleep.com\/wp-content\/uploads\/2025\/10\/IMG-20250911-WA0046.jpg\" alt=\"\" width=\"300\" height=\"225\" \/> <\/a><\/figure>\n<\/td>\n<\/tr>\n<tr>\n<td colspan=\"5\">\n<p class=\"villaName\"><a href=\"https:\/\/sunseasleep.com\/casa-orba\/\">Casa Orba<\/a><\/p>\n<\/td>\n<\/tr>\n<tr>\n<td colspan=\"5\"><i class=\"fas fa-location-pin\"><\/i> Orba<\/td>\n<\/tr>\n<tr>\n<td><i class=\"fas fa-users\"><\/i> 3-8<\/td>\n<td><i class=\"fas fa-bed\"><\/i> 4<\/td>\n<td><i class=\"fas fa-bath\"><\/i> 2<\/td>\n<\/tr>\n<tr>\n<td class=\"villaConditions\" colspan=\"4\">4 noches temporada baja<\/td>\n<td><span class=\"villaConditions smaller\">desde <\/span><span class=\"price\">\u20ac965<\/span><\/td>\n<\/tr>\n<tr>\n<td class=\"villaConditions\" colspan=\"4\">7 noches temporada alta<\/td>\n<td><span class=\"villaConditions smaller\">desde <\/span><span class=\"price\">\u20ac2465<\/span><\/td>\n<\/tr>\n<tr>\n<td colspan=\"5\">Relajarse en el lujo<\/td>\n<\/tr>\n<\/tbody>\n<\/table>\n<\/div>\n<\/div>\n<p><!-- Villa block --><\/p>\n<div class=\"miCasa\">\n<div>\n<table id=\"casaTable\" class=\"casaTable\">\n<tbody>\n<tr>\n<td colspan=\"5\">\n<figure class=\"wp-block-image size-large\"><a href=\"http:\/\/www.sunseasleep.com\/apartment\"> <img loading=\"lazy\" decoding=\"async\" class=\"image-rounded alignnone\" src=\"https:\/\/sunseasleep.com\/wp-content\/uploads\/2021\/05\/app-9.jpg\" alt=\"\" width=\"300\" height=\"225\" \/> <\/a><\/figure>\n<\/td>\n<\/tr>\n<tr>\n<td colspan=\"5\">\n<p class=\"villaName\"><a href=\"https:\/\/sunseasleep.com\/apartment\/\">Apartments Sun Sea Sleep<\/a><\/p>\n<\/td>\n<\/tr>\n<tr>\n<td colspan=\"5\"><i class=\"fas fa-location-pin\"><\/i> Benissa<\/td>\n<\/tr>\n<tr>\n<td><i class=\"fas fa-users\"><\/i> 1-6<\/td>\n<td><i class=\"fas fa-bed\"><\/i> 2<\/td>\n<td><i class=\"fas fa-bath\"><\/i> 2<\/td>\n<\/tr>\n<tr>\n<td class=\"villaConditions\" colspan=\"4\">4 noches temporada baja<\/td>\n<td><span class=\"villaConditions smaller\">desde <\/span><span class=\"price\">\u20ac580<\/span><\/td>\n<\/tr>\n<tr>\n<td class=\"villaConditions\" colspan=\"4\">4 noches en mayo<\/td>\n<td><span class=\"villaConditions smaller\">desde <\/span><span class=\"price\">\u20ac700<\/span><\/td>\n<\/tr>\n<tr>\n<td colspan=\"5\">Disfrutar<\/td>\n<\/tr>\n<\/tbody>\n<\/table>\n<\/div>\n<\/div>\n<p><!-- Villa block --><\/p>\n<div class=\"miCasa\">\n<div>\n<table id=\"casaTable\" class=\"casaTable\">\n<tbody>\n<tr>\n<td colspan=\"5\">\n<figure class=\"wp-block-image size-large\"><a href=\"http:\/\/www.sunseasleep.com\/bb\"> <img loading=\"lazy\" decoding=\"async\" class=\"image-rounded alignnone\" src=\"https:\/\/sunseasleep.com\/wp-content\/uploads\/2021\/11\/IMG_3462-2048x1536.jpeg\" alt=\"\" width=\"300\" height=\"225\" \/> <\/a><\/figure>\n<\/td>\n<\/tr>\n<tr>\n<td colspan=\"5\">\n<p class=\"villaName\"><a href=\"https:\/\/sunseasleep.com\/bb\/\">Bed &amp; Breakfast Sun Sea Sleep<\/a><\/p>\n<\/td>\n<\/tr>\n<tr>\n<td colspan=\"5\"><i class=\"fas fa-location-pin\"><\/i> Benissa<\/td>\n<\/tr>\n<tr>\n<td><i class=\"fas fa-users\"><\/i> 1-9<\/td>\n<td><i class=\"fas fa-bed\"><\/i> 5<\/td>\n<td><i class=\"fas fa-bath\"><\/i> 4<\/td>\n<\/tr>\n<tr>\n<td class=\"villaConditions\" colspan=\"4\">Entre semana temporada baja<\/td>\n<td><span class=\"villaConditions smaller\">desde <\/span><span class=\"price\">\u20ac345<\/span><\/td>\n<\/tr>\n<tr>\n<td class=\"villaConditions\" colspan=\"4\">Entre semana Septiembre<\/td>\n<td><span class=\"villaConditions smaller\">desde <\/span><span class=\"price\">\u20ac465<\/span><\/td>\n<\/tr>\n<tr>\n<td colspan=\"5\">Incluyendo desayuno<\/td>\n<\/tr>\n<\/tbody>\n<\/table>\n<\/div>\n<\/div>\n<p><!-- Villa block --><\/p>\n<div class=\"miCasa\">\n<div>\n<table id=\"casaTable\" class=\"casaTable\">\n<tbody>\n<tr>\n<td colspan=\"5\"><a href=\"https:\/\/sunseasleep.com\/bb-benichembla\/\"><img loading=\"lazy\" decoding=\"async\" class=\"image-rounded alignnone image-homepage\" src=\"http:\/\/sunseasleep.com\/wp-content\/uploads\/2026\/01\/Villa-Foia-Vella-pool-with-a-view-00best-ps-300x200.jpg\" alt=\"\" width=\"300\" height=\"225\" \/><\/a>\n<\/td>\n<\/tr>\n<tr>\n<td colspan=\"5\">\n<p class=\"villaName\"><a href=\"https:\/\/sunseasleep.com\/bb-benichembla\/\">Villa Foia Vella<\/a><\/p>\n<\/td>\n<\/tr>\n<tr>\n<td colspan=\"5\"><i class=\"fas fa-location-pin\"><\/i> Benigembla<\/td>\n<\/tr>\n<tr>\n<td><i class=\"fas fa-users\"><\/i> 1-4<\/td>\n<td><i class=\"fas fa-bed\"><\/i> 4<\/td>\n<td><i class=\"fas fa-bath\"><\/i> 4<\/td>\n<\/tr>\n<tr>\n<td class=\"villaConditions\" colspan=\"4\">3 noches temporada baja<\/td>\n<td><span class=\"villaConditions smaller\">desde <\/span><span class=\"price\">\u20ac255<\/span><\/td>\n<\/tr>\n<tr>\n<td class=\"villaConditions\" colspan=\"4\">4 noches temporada alta<\/td>\n<td><span class=\"villaConditions smaller\">desde <\/span><span class=\"price\">\u20ac420<\/span><\/td>\n<\/tr>\n<tr>\n<td colspan=\"5\">Relajante en la naturaleza<\/td>\n<\/tr>\n<\/tbody>\n<\/table>\n<p><span style=\"position:relative;top:-250px;left:80px;color:red;font-size:300%;font-weight:bold;\">nuevo<\/span>\n<\/div>\n<\/div>\n<p><!-- Villa block --><\/p>\n<div class=\"miCasa\">\n<div>\n<table id=\"casaTable\" class=\"casaTable\">\n<tbody>\n<tr>\n<td colspan=\"5\"><a href=\"https:\/\/sunseasleep.com\/specials\/\"><img loading=\"lazy\" decoding=\"async\" class=\"image-rounded alignnone\" src=\"http:\/\/sunseasleep.com\/wp-content\/uploads\/2021\/05\/orange-sunset-300x225.jpg\" alt=\"\" width=\"300\" height=\"225\" \/><\/a><\/td>\n<\/tr>\n<tr>\n<td colspan=\"5\">\n<p class=\"villaName\"><a href=\"https:\/\/sunseasleep.com\/specials\/\">Ofertas especiales<\/a><\/p>\n<\/td>\n<\/tr>\n<tr>\n<td colspan=\"5\"><i class=\"fas fa-location-pin\"><\/i> Valle de Pop<\/td>\n<\/tr>\n<tr>\n<td><i class=\"fas fa-users\"><\/i> 2-28<\/td>\n<td><i class=\"fas fa-bed\"><\/i> 2-10<\/td>\n<td><i class=\"fas fa-bath\"><\/i> 2-7<\/td>\n<\/tr>\n<tr>\n<td class=\"villaConditions\" colspan=\"5\">Ofertas a \u00faltima hora y de reserva anticipada<\/td>\n<\/tr>\n<tr>\n<td class=\"villaConditions\" colspan=\"5\">Paquetes y pernoctaciones gratuitas<\/td>\n<\/tr>\n<tr>\n<td colspan=\"5\">Ofertas exclusivas<\/td>\n<\/tr>\n<\/tbody>\n<\/table>\n<\/div>\n<\/div>\n<p><!-- Villa block --><\/p>\n<div class=\"miCasa\">\n<div>\n<table id=\"casaTable\" class=\"casaTable\">\n<tbody>\n<tr>\n<td colspan=\"5\"><a href=\"https:\/\/sunseasleep.com\/coming-soon\/\"><img loading=\"lazy\" decoding=\"async\" class=\"image-rounded alignnone\" src=\"http:\/\/sunseasleep.com\/wp-content\/uploads\/2021\/11\/IMG_3531-300x225.jpg\" alt=\"\" width=\"300\" height=\"225\" \/><\/a><\/td>\n<\/tr>\n<tr>\n<td colspan=\"5\">\n<p class=\"villaName\"><a href=\"https:\/\/sunseasleep.com\/coming-soon\/\">Disponible pronto<\/a><\/p>\n<\/td>\n<\/tr>\n<tr>\n<td colspan=\"5\"><i class=\"fas fa-location-pin\"><\/i> Murla<\/td>\n<\/tr>\n<tr>\n<td><i class=\"fas fa-users\"><\/i> 6-20<\/td>\n<td><i class=\"fas fa-bed\"><\/i> 10<\/td>\n<td><i class=\"fas fa-bath\"><\/i> 6<\/td>\n<\/tr>\n<tr>\n<td class=\"villaConditions\" colspan=\"4\">1 semana temporada alta<\/td>\n<td><span class=\"villaConditions smaller\">desde <\/span><span class=\"price\">\u20ac4500<\/span><\/td>\n<\/tr>\n<tr>\n<td class=\"villaConditions\" colspan=\"4\">Primeras 3 reservas<\/td>\n<td><span class=\"price\"> 20%<\/span><span class=\"villaConditions\"> descuento<\/span><\/td>\n<\/tr>\n<tr>\n<td colspan=\"5\">Villa cl\u00e1ssica Espanola<\/td>\n<\/tr>\n<\/tbody>\n<\/table>\n<\/div>\n<\/div>\n<\/div>\n<p><\/p>","protected":false},"excerpt":{"rendered":"<p>Bienvenido a Sun Sea Sleep. Aqu\u00ed encontrar\u00e1 fant\u00e1sticos alojamientos para disfrutar juntos, relajarse, y mant\u00e9ngase de una estancia c\u00f3moda en un entorno hermoso. Sun Sea Sleep offrece una variedad de alojamientos, desde enorme villas para hasta 28 personas hasta casas de vacaciones para 4 personas. Desde lujosas villas con piscina privada hasta un acogador Bed [&hellip;]<\/p>\n","protected":false},"author":1,"featured_media":0,"parent":0,"menu_order":0,"comment_status":"closed","ping_status":"closed","template":"","meta":{"_monsterinsights_skip_tracking":false,"_monsterinsights_sitenote_active":false,"_monsterinsights_sitenote_note":"","_monsterinsights_sitenote_category":0,"footnotes":""},"class_list":["post-7792","page","type-page","status-publish","hentry"],"yoast_head":"<!-- This site is optimized with the Yoast SEO plugin v16.1.1 - https:\/\/yoast.com\/wordpress\/plugins\/seo\/ -->\n<title>Home - Sun Sea Sleep<\/title>\n<link rel=\"canonical\" href=\"https:\/\/sunseasleep.com\/\" \/>\n<meta property=\"og:locale\" content=\"es_ES\" \/>\n<meta property=\"og:type\" content=\"article\" \/>\n<meta property=\"og:title\" content=\"Home - Sun Sea Sleep\" \/>\n<meta property=\"og:description\" content=\"Bienvenido a Sun Sea Sleep. Aqu\u00ed encontrar\u00e1 fant\u00e1sticos alojamientos para disfrutar juntos, relajarse, y mant\u00e9ngase de una estancia c\u00f3moda en un entorno hermoso. Sun Sea Sleep offrece una variedad de alojamientos, desde enorme villas para hasta 28 personas hasta casas de vacaciones para 4 personas. Desde lujosas villas con piscina privada hasta un acogador Bed [&hellip;]\" \/>\n<meta property=\"og:url\" content=\"https:\/\/sunseasleep.com\/\" \/>\n<meta property=\"og:site_name\" content=\"Sun Sea Sleep\" \/>\n<meta property=\"article:modified_time\" content=\"2026-04-18T12:40:23+00:00\" \/>\n<meta property=\"og:image\" content=\"https:\/\/sunseasleep.com\/wp-content\/uploads\/2022\/11\/Voorkant-visitekaartje-300x225.jpeg\" \/>\n<meta name=\"twitter:card\" content=\"summary_large_image\" \/>\n<meta name=\"twitter:label1\" content=\"Tiempo de lectura\">\n\t<meta name=\"twitter:data1\" content=\"6 minutos\">\n<script type=\"application\/ld+json\" class=\"yoast-schema-graph\">{\"@context\":\"https:\/\/schema.org\",\"@graph\":[{\"@type\":\"WebSite\",\"@id\":\"https:\/\/sunseasleep.com\/nl\/#website\",\"url\":\"https:\/\/sunseasleep.com\/nl\/\",\"name\":\"Sun Sea Sleep\",\"description\":\"Sun Sea Sleep\",\"potentialAction\":[{\"@type\":\"SearchAction\",\"target\":\"https:\/\/sunseasleep.com\/nl\/?s={search_term_string}\",\"query-input\":\"required name=search_term_string\"}],\"inLanguage\":\"es\"},{\"@type\":\"ImageObject\",\"@id\":\"https:\/\/sunseasleep.com\/#primaryimage\",\"inLanguage\":\"es\",\"url\":\"https:\/\/sunseasleep.com\/wp-content\/uploads\/2022\/11\/Voorkant-visitekaartje-300x225.jpeg\",\"contentUrl\":\"https:\/\/sunseasleep.com\/wp-content\/uploads\/2022\/11\/Voorkant-visitekaartje-300x225.jpeg\"},{\"@type\":\"WebPage\",\"@id\":\"https:\/\/sunseasleep.com\/#webpage\",\"url\":\"https:\/\/sunseasleep.com\/\",\"name\":\"Home - Sun Sea Sleep\",\"isPartOf\":{\"@id\":\"https:\/\/sunseasleep.com\/nl\/#website\"},\"primaryImageOfPage\":{\"@id\":\"https:\/\/sunseasleep.com\/#primaryimage\"},\"datePublished\":\"2026-04-13T22:00:01+00:00\",\"dateModified\":\"2026-04-18T12:40:23+00:00\",\"breadcrumb\":{\"@id\":\"https:\/\/sunseasleep.com\/#breadcrumb\"},\"inLanguage\":\"es\",\"potentialAction\":[{\"@type\":\"ReadAction\",\"target\":[\"https:\/\/sunseasleep.com\/\"]}]},{\"@type\":\"BreadcrumbList\",\"@id\":\"https:\/\/sunseasleep.com\/#breadcrumb\",\"itemListElement\":[{\"@type\":\"ListItem\",\"position\":1,\"item\":{\"@type\":\"WebPage\",\"@id\":\"https:\/\/sunseasleep.com\/\",\"url\":\"https:\/\/sunseasleep.com\/\",\"name\":\"Home\"}}]}]}<\/script>\n<!-- \/ Yoast SEO plugin. -->","_links":{"self":[{"href":"https:\/\/sunseasleep.com\/es\/wp-json\/wp\/v2\/pages\/7792","targetHints":{"allow":["GET"]}}],"collection":[{"href":"https:\/\/sunseasleep.com\/es\/wp-json\/wp\/v2\/pages"}],"about":[{"href":"https:\/\/sunseasleep.com\/es\/wp-json\/wp\/v2\/types\/page"}],"author":[{"embeddable":true,"href":"https:\/\/sunseasleep.com\/es\/wp-json\/wp\/v2\/users\/1"}],"replies":[{"embeddable":true,"href":"https:\/\/sunseasleep.com\/es\/wp-json\/wp\/v2\/comments?post=7792"}],"version-history":[{"count":395,"href":"https:\/\/sunseasleep.com\/es\/wp-json\/wp\/v2\/pages\/7792\/revisions"}],"predecessor-version":[{"id":9052,"href":"https:\/\/sunseasleep.com\/es\/wp-json\/wp\/v2\/pages\/7792\/revisions\/9052"}],"wp:attachment":[{"href":"https:\/\/sunseasleep.com\/es\/wp-json\/wp\/v2\/media?parent=7792"}],"curies":[{"name":"wp","href":"https:\/\/api.w.org\/{rel}","templated":true}]}}