{"id":7482,"date":"2025-10-05T11:57:31","date_gmt":"2025-10-05T09:57:31","guid":{"rendered":"https:\/\/sunseasleep.com\/?page_id=7482"},"modified":"2025-12-02T11:09:37","modified_gmt":"2025-12-02T10:09:37","slug":"casa-orba","status":"publish","type":"page","link":"https:\/\/sunseasleep.com\/es\/casa-orba\/","title":{"rendered":"Casa Orba"},"content":{"rendered":"<h3><span style=\"color: #333a56;\">Casa Orba<\/span><\/h3>\r\n<p><div id=\"Block_wpape_gallery_69e7a89f6e464\" style=\"width:100%; display: none;\"><div id=\"wpape_gallery_69e7a89f6e464\" data-options=\"wpape_gallery_69e7a89f6e464\" style=\"width:100%;\" class=\"wpape_gallery\"><div class=\"wpape-img category7485\" ><div class=\"wpape-img-image \"  ><div data-thumbnail=\"https:\/\/sunseasleep.com\/wp-content\/uploads\/2025\/10\/IMG-20250911-WA0037-300x225.jpg\" title=\"IMG-20250911-WA0037\" data-width=\"300\" data-height=\"225\" ><\/div><div data-popup=\"https:\/\/sunseasleep.com\/wp-content\/uploads\/2025\/10\/IMG-20250911-WA0037.jpg\"  title=\"IMG-20250911-WA0037\"><\/div><\/div><\/div><div class=\"wpape-img category7485\" ><div class=\"wpape-img-image \"  ><div data-thumbnail=\"https:\/\/sunseasleep.com\/wp-content\/uploads\/2025\/10\/IMG-20250911-WA0046-300x225.jpg\" title=\"IMG-20250911-WA0046\" data-width=\"300\" data-height=\"225\" ><\/div><div data-popup=\"https:\/\/sunseasleep.com\/wp-content\/uploads\/2025\/10\/IMG-20250911-WA0046.jpg\"  title=\"IMG-20250911-WA0046\"><\/div><\/div><\/div><div class=\"wpape-img category7485\" ><div class=\"wpape-img-image \"  ><div data-thumbnail=\"https:\/\/sunseasleep.com\/wp-content\/uploads\/2025\/10\/IMG-20250911-WA0019-300x225.jpg\" title=\"IMG-20250911-WA0019\" data-width=\"300\" data-height=\"225\" ><\/div><div data-popup=\"https:\/\/sunseasleep.com\/wp-content\/uploads\/2025\/10\/IMG-20250911-WA0019.jpg\"  title=\"IMG-20250911-WA0019\"><\/div><\/div><\/div><div class=\"wpape-img category7485\" ><div class=\"wpape-img-image \"  ><div data-thumbnail=\"https:\/\/sunseasleep.com\/wp-content\/uploads\/2025\/10\/IMG-20250911-WA0043-300x225.jpg\" title=\"IMG-20250911-WA0043\" data-width=\"300\" data-height=\"225\" ><\/div><div data-popup=\"https:\/\/sunseasleep.com\/wp-content\/uploads\/2025\/10\/IMG-20250911-WA0043.jpg\"  title=\"IMG-20250911-WA0043\"><\/div><\/div><\/div><div class=\"wpape-img category7485\" ><div class=\"wpape-img-image \"  ><div data-thumbnail=\"https:\/\/sunseasleep.com\/wp-content\/uploads\/2025\/10\/IMG-20250911-WA0035-300x225.jpg\" title=\"IMG-20250911-WA0035\" data-width=\"300\" data-height=\"225\" ><\/div><div data-popup=\"https:\/\/sunseasleep.com\/wp-content\/uploads\/2025\/10\/IMG-20250911-WA0035.jpg\"  title=\"IMG-20250911-WA0035\"><\/div><\/div><\/div><div class=\"wpape-img category7485\" ><div class=\"wpape-img-image \"  ><div data-thumbnail=\"https:\/\/sunseasleep.com\/wp-content\/uploads\/2025\/10\/IMG-20250911-WA0027-300x225.jpg\" title=\"IMG-20250911-WA0027\" data-width=\"300\" data-height=\"225\" ><\/div><div data-popup=\"https:\/\/sunseasleep.com\/wp-content\/uploads\/2025\/10\/IMG-20250911-WA0027.jpg\"  title=\"IMG-20250911-WA0027\"><\/div><\/div><\/div><div class=\"wpape-img category7485\" ><div class=\"wpape-img-image \"  ><div data-thumbnail=\"https:\/\/sunseasleep.com\/wp-content\/uploads\/2025\/10\/IMG-20250911-WA0054-300x225.jpg\" title=\"IMG-20250911-WA0054\" data-width=\"300\" data-height=\"225\" ><\/div><div data-popup=\"https:\/\/sunseasleep.com\/wp-content\/uploads\/2025\/10\/IMG-20250911-WA0054.jpg\"  title=\"IMG-20250911-WA0054\"><\/div><\/div><\/div><div class=\"wpape-img category7485\" ><div class=\"wpape-img-image \"  ><div data-thumbnail=\"https:\/\/sunseasleep.com\/wp-content\/uploads\/2025\/10\/IMG-20250911-WA0041-300x225.jpg\" title=\"IMG-20250911-WA0041\" data-width=\"300\" data-height=\"225\" ><\/div><div data-popup=\"https:\/\/sunseasleep.com\/wp-content\/uploads\/2025\/10\/IMG-20250911-WA0041.jpg\"  title=\"IMG-20250911-WA0041\"><\/div><\/div><\/div><\/div><\/div><script>var wpape_gallery_69e7a89f6e464 = {\"filterContainer\": \"#wpape_gallery_69e7a89f6e464filter\", \"touch\": 1, \"columns\": 4, \"columnWidth\": \"auto\", \"resolutions\": [ ,  , ], \"overlayEffect\": \"direction-aware-fade\", \"boxesToLoadStart\": \"12\", \"boxesToLoad\": \"8\", \"lazyLoad\": true, \"LoadingWord\": \"Gallery images loading\", \"loadMoreWord\": \"More images\", \"noMoreEntriesWord\": \"No images\", \"loadMoreClass\": \" apebtn apebtn-flat apebtn-primary \", \"horizontalSpaceBetweenBoxes\": 15, \"verticalSpaceBetweenBoxes\": 15}, wpape_gallery_69e7a89f6e464_css = \"body .mfp-ready.mfp-bg{background-color: rgba(11, 11, 11, 0.8);}.mfp-container .mfp-arrow{display:none;}#wpape_gallery_69e7a89f6e464 .wpape-img-container{ -webkit-border-radius: 5px;-moz-border-radius: 5px;border-radius: 5px;}#wpape_gallery_69e7a89f6e464 .wpapeTitle{ font-size:12px; line-height:101%; color:#ffffff;}#wpape_gallery_69e7a89f6e464 .wpapeTitle:hover{color:#ffffff;}#wpape_gallery_69e7a89f6e464 .wpapeDesc{ font-size:24px; line-height:101%; color:#000000;}#wpape_gallery_69e7a89f6e464 .wpapeDesc:hover{color:#000000;}#wpape_gallery_69e7a89f6e464 .thumbnail-overlay{background:rgba(7, 7, 7, 0.5);}#wpape_gallery_69e7a89f6e464 .wpapeLinkIcon{ font-size:22px; line-height:88%; color:#ffffff;background:rgba(0,0,0,0);}#wpape_gallery_69e7a89f6e464 .wpapeLinkIcon:hover{color:#ffffff;background:rgba(0,0,0,0);}#wpape_gallery_69e7a89f6e464 .wpapeZoomIcon{ font-size:22px; line-height:88%; color:#ffffff;background:rgba(0,0,0,0);}#wpape_gallery_69e7a89f6e464 .wpapeZoomIcon:hover{color:#ffffff;background:rgba(0,0,0,0);}#wpape_gallery_69e7a89f6e464 .image-with-dimensions{background-color: rgba(255,255,255,1);}body .mfp-title, body .mfp-counter{color: #f3f3f3;}\",apeGalleryDelay = 0; head = document.head || document.getElementsByTagName(\"head\")[0], style = document.createElement(\"style\"); style.type = \"text\/css\"; if (style.styleSheet) style.styleSheet.cssText = wpape_gallery_69e7a89f6e464_css; \telse  style.appendChild(document.createTextNode(wpape_gallery_69e7a89f6e464_css)); head.appendChild(style);<\/script><\/p>\r\n<h4 class=\"tw-data-text tw-text-large tw-ta\" dir=\"ltr\" data-placeholder=\"Translation\"><span class=\"Y2IQFc\" lang=\"nl\">Bienvenido a la casa Orba<\/span><\/h4>\r\n<p><span class=\"Y2IQFc\" lang=\"en\">A luxury accommodation with spectacular views over the village of Orba and the valley.<\/span><\/p>\r\n<p><span class=\"Y2IQFc\" lang=\"es\">Un alojamiento de lujo con espectaculares vistas al pueblo de Orba y al valle.<br \/>Con 4 dormitorios distribuidos en 2 plantas, esta villa tiene capacidad para 8 personas.<br \/>Recientemente renovada por completo, esta villa, que conserva su estilo original, es muy espaciosa y est\u00e1 lujosamente amueblada.<\/span><\/p>\r\n<p><span class=\"Y2IQFc\" lang=\"es\">En casa Orba, podr\u00e1 relajarse y disfrutar plenamente de este lugar especial.<br \/>Est\u00e1 completamente amueblada y cuenta con todo lo necesario para una estancia confortable.<\/span><\/p>\r\n<p><span class=\"Y2IQFc\" lang=\"es\">Dispone de 4 dormitorios, 2 ba\u00f1os, cocina, sal\u00f3n, comedor, patio, terrazas y piscina.<br \/>Debido a las escaleras, este precioso alojamiento no es apto para ni\u00f1os peque\u00f1os ni personas con movilidad reducida.<\/span><\/p>\r\n<p><span class=\"Y2IQFc\" lang=\"es\">Esta lujosa villa est\u00e1 construida en una ladera y se encuentra a poca distancia a pie del centro de Orba.<br \/>Hay supermercados y restaurantes cerca, y las playas m\u00e1s populares est\u00e1n a entre 15 y 20 minutos en coche.<\/span><\/p>\r\n<p><span class=\"Y2IQFc\" lang=\"es\">A continuaci\u00f3n se muestran todos nuestros precios para 2026.<br \/>El precio depende de la temporada y la estancia m\u00ednima var\u00eda de 4 noches en temporada baja a 7 noches en temporada alta.<\/span><\/p>\r\n<p><span class=\"Y2IQFc\" lang=\"es\">Para ver m\u00e1s fotos de Casa Orba, haga clic <span class=\"Y2IQFc\" lang=\"en\"><a href=\"https:\/\/sunseasleep.com\/gallery-orba\/\">aqu\u00ed<\/a><\/span>.<br \/>El calendario de disponibilidad se encuentra al final de esta p\u00e1gina.<\/span><\/p>\r\n<h5><span style=\"color: #333a56;\">Precios:<\/span><\/h5>\r\n<figure class=\"wp-block-table\">\r\n<table style=\"height: 830px;\" width=\"386\">\r\n<tbody>\r\n<tr>\r\n<td width=\"95\">\r\n<p style=\"text-align: center;\">2026<\/p>\r\n<\/td>\r\n<td width=\"93\">\r\n<p style=\"text-align: center;\">Min. estancia<\/p>\r\n<\/td>\r\n<td width=\"142\">\r\n<p style=\"text-align: center;\">Precio por noche<\/p>\r\n<\/td>\r\n<\/tr>\r\n<tr>\r\n<td width=\"95\">\r\n<p style=\"text-align: center;\">Enero<\/p>\r\n<\/td>\r\n<td width=\"93\">\r\n<p style=\"text-align: center;\">4<\/p>\r\n<\/td>\r\n<td width=\"142\">\r\n<p style=\"text-align: center;\">\u20ac 175<\/p>\r\n<\/td>\r\n<\/tr>\r\n<tr>\r\n<td width=\"95\">\r\n<p style=\"text-align: center;\">Febrero<\/p>\r\n<\/td>\r\n<td width=\"93\">\r\n<p style=\"text-align: center;\">4<\/p>\r\n<\/td>\r\n<td width=\"142\">\r\n<p style=\"text-align: center;\">\u20ac 175<\/p>\r\n<\/td>\r\n<\/tr>\r\n<tr>\r\n<td width=\"95\">\r\n<p style=\"text-align: center;\">Marzo<\/p>\r\n<\/td>\r\n<td width=\"93\">\r\n<p style=\"text-align: center;\">4<\/p>\r\n<\/td>\r\n<td width=\"142\">\r\n<p style=\"text-align: center;\">\u20ac 200<\/p>\r\n<\/td>\r\n<\/tr>\r\n<tr>\r\n<td width=\"95\">\r\n<p style=\"text-align: center;\">Abril<\/p>\r\n<\/td>\r\n<td width=\"93\">\r\n<p style=\"text-align: center;\">4<\/p>\r\n<\/td>\r\n<td width=\"142\">\r\n<p style=\"text-align: center;\">\u20ac 250<\/p>\r\n<\/td>\r\n<\/tr>\r\n<tr>\r\n<td width=\"95\">\r\n<p style=\"text-align: center;\">Mayo<\/p>\r\n<\/td>\r\n<td width=\"93\">\r\n<p style=\"text-align: center;\">4<\/p>\r\n<\/td>\r\n<td width=\"142\">\r\n<p style=\"text-align: center;\">\u20ac 250<\/p>\r\n<\/td>\r\n<\/tr>\r\n<tr>\r\n<td width=\"95\">\r\n<p style=\"text-align: center;\">Junio<\/p>\r\n<\/td>\r\n<td width=\"93\">\r\n<p style=\"text-align: center;\">5<\/p>\r\n<\/td>\r\n<td width=\"142\">\r\n<p style=\"text-align: center;\">\u20ac 250<\/p>\r\n<\/td>\r\n<\/tr>\r\n<tr>\r\n<td width=\"95\">\r\n<p style=\"text-align: center;\">Julio<\/p>\r\n<\/td>\r\n<td width=\"93\">\r\n<p style=\"text-align: center;\">7<\/p>\r\n<\/td>\r\n<td width=\"142\">\r\n<p style=\"text-align: center;\">\u20ac 310<\/p>\r\n<\/td>\r\n<\/tr>\r\n<tr>\r\n<td width=\"95\">\r\n<p style=\"text-align: center;\">Agosto<\/p>\r\n<\/td>\r\n<td width=\"93\">\r\n<p style=\"text-align: center;\">7<\/p>\r\n<\/td>\r\n<td width=\"142\">\r\n<p style=\"text-align: center;\">\u20ac 310<\/p>\r\n<\/td>\r\n<\/tr>\r\n<tr>\r\n<td width=\"95\">\r\n<p style=\"text-align: center;\">Septiembre<\/p>\r\n<\/td>\r\n<td width=\"93\">\r\n<p style=\"text-align: center;\">5<\/p>\r\n<\/td>\r\n<td width=\"142\">\r\n<p style=\"text-align: center;\">\u20ac 250<\/p>\r\n<\/td>\r\n<\/tr>\r\n<tr>\r\n<td width=\"95\">\r\n<p style=\"text-align: center;\">Octubre<\/p>\r\n<\/td>\r\n<td width=\"93\">\r\n<p style=\"text-align: center;\">4<\/p>\r\n<\/td>\r\n<td width=\"142\">\r\n<p style=\"text-align: center;\">\u20ac 250<\/p>\r\n<\/td>\r\n<\/tr>\r\n<tr>\r\n<td width=\"95\">\r\n<p style=\"text-align: center;\">Noviembre<\/p>\r\n<\/td>\r\n<td width=\"93\">\r\n<p style=\"text-align: center;\">4<\/p>\r\n<\/td>\r\n<td width=\"142\">\r\n<p style=\"text-align: center;\">\u20ac 175<\/p>\r\n<\/td>\r\n<\/tr>\r\n<tr>\r\n<td width=\"95\">\r\n<p style=\"text-align: center;\">Diciember<\/p>\r\n<\/td>\r\n<td width=\"93\">\r\n<p style=\"text-align: center;\">4<\/p>\r\n<\/td>\r\n<td width=\"142\">\r\n<p style=\"text-align: center;\">\u20ac 175<\/p>\r\n<\/td>\r\n<\/tr>\r\n<\/tbody>\r\n<\/table>\r\n<br \/>\r\n<figure><\/figure>\r\n<\/figure>\r\n<figure class=\"wp-block-table\">Los precios incluyen:<\/figure>\r\n<ul>\r\n<li style=\"list-style-type: none;\">\r\n<ul>\r\n<li>Ropa de cama<\/li>\r\n<li>Toallas de ducha<\/li>\r\n<li>WIFI<\/li>\r\n<li>Parking<\/li>\r\n<li>Impuesto<\/li>\r\n<li>Agua<\/li>\r\n<li>Cuna<\/li>\r\n<\/ul>\r\n<\/li>\r\n<\/ul>\r\n<figure class=\"wp-block-table\">Los precios excluyen:<\/figure>\r\n<ul>\r\n<li style=\"list-style-type: none;\">\r\n<ul>\r\n<li>Limpieza final ; tarifa \u00fanica \u20ac225<\/li>\r\n<li>Electricidad ; \u20ac10 por dia<\/li>\r\n<\/ul>\r\n<\/li>\r\n<\/ul>\r\n<ul>\r\n<li style=\"list-style-type: none;\">\u00a0<\/li>\r\n<\/ul>\r\n<p>Condiciones adicionales:<\/p>\r\n<ul>\r\n<li style=\"list-style-type: none;\">\r\n<ul>\r\n<li>No apto para fiestas, celebraciones ni eventos.<\/li>\r\n<li>No se admiten mascotas.<\/li>\r\n<\/ul>\r\n<\/li>\r\n<\/ul>\r\n<p><span class=\"Y2IQFc\" lang=\"es\">Para m\u00e1s informaci\u00f3n o preguntas, rellene el formulario a continuaci\u00f3n y nos pondremos en contacto con usted.<\/span><\/p>\r\n<p>\u00a0  <div role=\"form\" class=\"wpcf7\" id=\"wpcf7-f7547-o1\" lang=\"en-US\" dir=\"ltr\">\n<div class=\"screen-reader-response\"><p role=\"status\" aria-live=\"polite\" aria-atomic=\"true\"><\/p> <ul><\/ul><\/div>\n<form action=\"\/es\/wp-json\/wp\/v2\/pages\/7482#wpcf7-f7547-o1\" method=\"post\" class=\"wpcf7-form init\" novalidate=\"novalidate\" data-status=\"init\">\n<div style=\"display: none;\">\n<input type=\"hidden\" name=\"_wpcf7\" value=\"7547\" \/>\n<input type=\"hidden\" name=\"_wpcf7_version\" value=\"5.5.6.1\" \/>\n<input type=\"hidden\" name=\"_wpcf7_locale\" value=\"en_US\" \/>\n<input type=\"hidden\" name=\"_wpcf7_unit_tag\" value=\"wpcf7-f7547-o1\" \/>\n<input type=\"hidden\" name=\"_wpcf7_container_post\" value=\"0\" \/>\n<input type=\"hidden\" name=\"_wpcf7_posted_data_hash\" value=\"\" \/>\n<input type=\"hidden\" name=\"_wpcf7_recaptcha_response\" value=\"\" \/>\n<\/div>\n<p><label>Nombre<br \/>\n   <span class=\"wpcf7-form-control-wrap name-002\"><input type=\"text\" name=\"name-002\" value=\"\" size=\"40\" class=\"wpcf7-form-control wpcf7-text wpcf7-validates-as-required\" id=\"name-002\" aria-required=\"true\" aria-invalid=\"false\" \/><\/span><\/label><\/p>\n<p><label>Tel\u00e9fono<br \/>\n  <span class=\"wpcf7-form-control-wrap tel-002\"><input type=\"tel\" name=\"tel-002\" value=\"\" size=\"40\" class=\"wpcf7-form-control wpcf7-text wpcf7-tel wpcf7-validates-as-required wpcf7-validates-as-tel\" id=\"tel-001\" aria-required=\"true\" aria-invalid=\"false\" \/><\/span><\/label><\/p>\n<p><label> Email<br \/>\n  <span class=\"wpcf7-form-control-wrap email-002\"><input type=\"email\" name=\"email-002\" value=\"\" size=\"40\" class=\"wpcf7-form-control wpcf7-text wpcf7-email wpcf7-validates-as-required wpcf7-validates-as-email\" aria-required=\"true\" aria-invalid=\"false\" \/><\/span> <\/label><\/p>\n<p><label> N\u00famero de personas<br \/>\n  <span class=\"wpcf7-form-control-wrap number-001\"><input type=\"number\" name=\"number-001\" value=\"\" class=\"wpcf7-form-control wpcf7-number wpcf7-validates-as-required wpcf7-validates-as-number\" aria-required=\"true\" aria-invalid=\"false\" \/><\/span><\/label><\/p>\n<p><label> Fecha de llegada deseada<br \/>\n  <span class=\"wpcf7-form-control-wrap date-001\"><input type=\"date\" name=\"date-001\" value=\"\" class=\"wpcf7-form-control wpcf7-date wpcf7-validates-as-required wpcf7-validates-as-date\" aria-required=\"true\" aria-invalid=\"false\" \/><\/span><\/label><\/p>\n<p><label> Fecha de salida deseada<br \/>\n  <span class=\"wpcf7-form-control-wrap date-002\"><input type=\"date\" name=\"date-002\" value=\"\" class=\"wpcf7-form-control wpcf7-date wpcf7-validates-as-required wpcf7-validates-as-date\" aria-required=\"true\" aria-invalid=\"false\" \/><\/span><\/label><\/p>\n<p><label> Mensaje<br \/>\nPor ejemplo: \u00bfQu\u00e9 informaci\u00f3n le gustar\u00eda recibir? \u00bfQu\u00e9 preguntas le gustar\u00eda que le respondieran? Si nos cuenta m\u00e1s sobre la composici\u00f3n de su grupo (como amigos, familiares, ni\u00f1os, beb\u00e9s) o el motivo de su estancia (como una fiesta o aniversario) podremos brindarle informaci\u00f3n m\u00e1s espec\u00edfica.<\/p>\n<p>  <span class=\"wpcf7-form-control-wrap message-002\"><textarea name=\"message-002\" cols=\"40\" rows=\"10\" class=\"wpcf7-form-control wpcf7-textarea wpcf7-validates-as-required\" id=\"message-002\" aria-required=\"true\" aria-invalid=\"false\"><\/textarea><\/span> <\/label><\/p>\n<p><label> Resuelve el siguiente problema para demostrar que no eres un robot<br \/>\n   <span class=\"wpcf7-form-control-wrap random-math-quiz\"><label><span class=\"wpcf7-quiz-label\">3x3=?<\/span> <input type=\"text\" name=\"random-math-quiz\" size=\"40\" class=\"wpcf7-form-control wpcf7-quiz\" autocomplete=\"off\" aria-required=\"true\" aria-invalid=\"false\" \/><\/label><input type=\"hidden\" name=\"_wpcf7_quiz_answer_random-math-quiz\" value=\"feaa1a83010e41d8ce40661735d4896f\" \/><\/span><\/label><\/p>\n<p>  <input type=\"submit\" value=\"Enviar\" class=\"wpcf7-form-control has-spinner wpcf7-submit\" id=\"send\" \/><\/p>\n<div class=\"wpcf7-response-output\" aria-hidden=\"true\"><\/div><\/form><\/div>\u00a0<\/p>\r\n<p><!-- \/wp:heading --><\/p>\r\n<p><!-- wp:paragraph --><\/p>\r\n<p><!-- wp:paragraph --><\/p>\r\n<div  class=\"lgc-column lgc-grid-parent lgc-grid-60 lgc-tablet-grid-60 lgc-mobile-grid-100 lgc-equal-heights \"><div  class=\"inside-grid-column\">\r\n<p><!-- \/wp:paragraph --><\/p>\r\n<div style=\"font-size: 16px;\">\u00a0 \u00a0 \u00a0 \u00a0Disponibilidad casa Orba<\/div>\r\n<div>\u00a0<\/div>\r\n<div>\r\n<div style=\"font-size: 16px;\">\u00a0<\/div>\r\n<p><iframe loading=\"lazy\" src=\"https:\/\/sunseasleep.com\/mystuff\/sss-calendar.php?alias=Orba\" width=\"350\" height=\"350\" frameborder=\"0\"><\/iframe> <\/p><\/div><\/div><\/div>\r\n<\/div>\r\n<div>\u00a0<!-- wp:paragraph --><div  class=\"lgc-column lgc-grid-parent lgc-grid-40 lgc-tablet-grid-40 lgc-mobile-grid-100 lgc-equal-heights \"><div  class=\"inside-grid-column\"><\/div><\/div><div class=\"lgc-clear\"><\/div><\/div>\r\n<!--\r\n<div class=\"wp-block-columns\">\r\n<div class=\"wp-block-column\" style=\"flex-basis: 66.66%;\">[lgc_column grid=\"60\" tablet_grid=\"60\" mobile_grid=\"100\" last=\"false\"][ape-gallery 1254][\/lgc_column]<\/div>\r\n<\/div>\r\n-->","protected":false},"excerpt":{"rendered":"<p>Casa Orba Bienvenido a la casa Orba A luxury accommodation with spectacular views over the village of Orba and the valley. Un alojamiento de lujo con espectaculares vistas al pueblo de Orba y al valle.Con 4 dormitorios distribuidos en 2 plantas, esta villa tiene capacidad para 8 personas.Recientemente renovada por completo, esta villa, que conserva [&hellip;]<\/p>\n","protected":false},"author":1,"featured_media":0,"parent":0,"menu_order":0,"comment_status":"closed","ping_status":"closed","template":"","meta":{"_monsterinsights_skip_tracking":false,"_monsterinsights_sitenote_active":false,"_monsterinsights_sitenote_note":"","_monsterinsights_sitenote_category":0,"footnotes":""},"class_list":["post-7482","page","type-page","status-publish","hentry"],"yoast_head":"<!-- This site is optimized with the Yoast SEO plugin v16.1.1 - https:\/\/yoast.com\/wordpress\/plugins\/seo\/ -->\n<title>Casa Orba - Sun Sea Sleep<\/title>\n<link rel=\"canonical\" href=\"https:\/\/sunseasleep.com\/casa-orba\/\" \/>\n<meta property=\"og:locale\" content=\"es_ES\" \/>\n<meta property=\"og:type\" content=\"article\" \/>\n<meta property=\"og:title\" content=\"Casa Orba - Sun Sea Sleep\" \/>\n<meta property=\"og:description\" content=\"Casa Orba Bienvenido a la casa Orba A luxury accommodation with spectacular views over the village of Orba and the valley. Un alojamiento de lujo con espectaculares vistas al pueblo de Orba y al valle.Con 4 dormitorios distribuidos en 2 plantas, esta villa tiene capacidad para 8 personas.Recientemente renovada por completo, esta villa, que conserva [&hellip;]\" \/>\n<meta property=\"og:url\" content=\"https:\/\/sunseasleep.com\/casa-orba\/\" \/>\n<meta property=\"og:site_name\" content=\"Sun Sea Sleep\" \/>\n<meta property=\"article:modified_time\" content=\"2025-12-02T10:09:37+00:00\" \/>\n<meta name=\"twitter:card\" content=\"summary_large_image\" \/>\n<meta name=\"twitter:label1\" content=\"Tiempo de lectura\">\n\t<meta name=\"twitter:data1\" content=\"12 minutos\">\n<script type=\"application\/ld+json\" class=\"yoast-schema-graph\">{\"@context\":\"https:\/\/schema.org\",\"@graph\":[{\"@type\":\"WebSite\",\"@id\":\"https:\/\/sunseasleep.com\/nl\/#website\",\"url\":\"https:\/\/sunseasleep.com\/nl\/\",\"name\":\"Sun Sea Sleep\",\"description\":\"Sun Sea Sleep\",\"potentialAction\":[{\"@type\":\"SearchAction\",\"target\":\"https:\/\/sunseasleep.com\/nl\/?s={search_term_string}\",\"query-input\":\"required name=search_term_string\"}],\"inLanguage\":\"es\"},{\"@type\":\"WebPage\",\"@id\":\"https:\/\/sunseasleep.com\/casa-orba\/#webpage\",\"url\":\"https:\/\/sunseasleep.com\/casa-orba\/\",\"name\":\"Casa Orba - Sun Sea Sleep\",\"isPartOf\":{\"@id\":\"https:\/\/sunseasleep.com\/nl\/#website\"},\"datePublished\":\"2025-10-05T09:57:31+00:00\",\"dateModified\":\"2025-12-02T10:09:37+00:00\",\"breadcrumb\":{\"@id\":\"https:\/\/sunseasleep.com\/casa-orba\/#breadcrumb\"},\"inLanguage\":\"es\",\"potentialAction\":[{\"@type\":\"ReadAction\",\"target\":[\"https:\/\/sunseasleep.com\/casa-orba\/\"]}]},{\"@type\":\"BreadcrumbList\",\"@id\":\"https:\/\/sunseasleep.com\/casa-orba\/#breadcrumb\",\"itemListElement\":[{\"@type\":\"ListItem\",\"position\":1,\"item\":{\"@type\":\"WebPage\",\"@id\":\"https:\/\/sunseasleep.com\/casa-orba\/\",\"url\":\"https:\/\/sunseasleep.com\/casa-orba\/\",\"name\":\"Casa Orba\"}}]}]}<\/script>\n<!-- \/ Yoast SEO plugin. -->","_links":{"self":[{"href":"https:\/\/sunseasleep.com\/es\/wp-json\/wp\/v2\/pages\/7482","targetHints":{"allow":["GET"]}}],"collection":[{"href":"https:\/\/sunseasleep.com\/es\/wp-json\/wp\/v2\/pages"}],"about":[{"href":"https:\/\/sunseasleep.com\/es\/wp-json\/wp\/v2\/types\/page"}],"author":[{"embeddable":true,"href":"https:\/\/sunseasleep.com\/es\/wp-json\/wp\/v2\/users\/1"}],"replies":[{"embeddable":true,"href":"https:\/\/sunseasleep.com\/es\/wp-json\/wp\/v2\/comments?post=7482"}],"version-history":[{"count":13,"href":"https:\/\/sunseasleep.com\/es\/wp-json\/wp\/v2\/pages\/7482\/revisions"}],"predecessor-version":[{"id":8046,"href":"https:\/\/sunseasleep.com\/es\/wp-json\/wp\/v2\/pages\/7482\/revisions\/8046"}],"wp:attachment":[{"href":"https:\/\/sunseasleep.com\/es\/wp-json\/wp\/v2\/media?parent=7482"}],"curies":[{"name":"wp","href":"https:\/\/api.w.org\/{rel}","templated":true}]}}