{"id":6591,"date":"2025-06-03T10:42:47","date_gmt":"2025-06-03T08:42:47","guid":{"rendered":"https:\/\/sunseasleep.com\/?page_id=6591"},"modified":"2025-12-02T11:05:42","modified_gmt":"2025-12-02T10:05:42","slug":"casa-natalia","status":"publish","type":"page","link":"https:\/\/sunseasleep.com\/es\/casa-natalia\/","title":{"rendered":"Casa Natalia"},"content":{"rendered":"<h3><span style=\"color: #333a56;\">Casa Natalia<\/span><\/h3>\r\n<p><div id=\"Block_wpape_gallery_69f436075187e\" style=\"width:100%; display: none;\"><div id=\"wpape_gallery_69f436075187e\" data-options=\"wpape_gallery_69f436075187e\" style=\"width:100%;\" class=\"wpape_gallery\"><div class=\"wpape-img category6593\" ><div class=\"wpape-img-image \"  ><div data-thumbnail=\"https:\/\/sunseasleep.com\/wp-content\/uploads\/2025\/06\/IMG_9157-300x225.jpg\" title=\"IMG_9157\" data-width=\"300\" data-height=\"225\" ><\/div><div data-popup=\"https:\/\/sunseasleep.com\/wp-content\/uploads\/2025\/06\/IMG_9157-scaled.jpg\"  title=\"IMG_9157\"><\/div><\/div><\/div><div class=\"wpape-img category6593\" ><div class=\"wpape-img-image \"  ><div data-thumbnail=\"https:\/\/sunseasleep.com\/wp-content\/uploads\/2025\/06\/IMG_9193-300x225.jpg\" title=\"IMG_9193\" data-width=\"300\" data-height=\"225\" ><\/div><div data-popup=\"https:\/\/sunseasleep.com\/wp-content\/uploads\/2025\/06\/IMG_9193-scaled.jpg\"  title=\"IMG_9193\"><\/div><\/div><\/div><div class=\"wpape-img category6593\" ><div class=\"wpape-img-image \"  ><div data-thumbnail=\"https:\/\/sunseasleep.com\/wp-content\/uploads\/2025\/06\/IMG_9208-300x225.jpg\" title=\"IMG_9208\" data-width=\"300\" data-height=\"225\" ><\/div><div data-popup=\"https:\/\/sunseasleep.com\/wp-content\/uploads\/2025\/06\/IMG_9208-scaled.jpg\"  title=\"IMG_9208\"><\/div><\/div><\/div><div class=\"wpape-img category6593\" ><div class=\"wpape-img-image \"  ><div data-thumbnail=\"https:\/\/sunseasleep.com\/wp-content\/uploads\/2025\/06\/IMG_9175-300x225.jpg\" title=\"IMG_9175\" data-width=\"300\" data-height=\"225\" ><\/div><div data-popup=\"https:\/\/sunseasleep.com\/wp-content\/uploads\/2025\/06\/IMG_9175-scaled.jpg\"  title=\"IMG_9175\"><\/div><\/div><\/div><div class=\"wpape-img category6593\" ><div class=\"wpape-img-image \"  ><div data-thumbnail=\"https:\/\/sunseasleep.com\/wp-content\/uploads\/2025\/06\/IMG_9270-300x225.jpg\" title=\"IMG_9270\" data-width=\"300\" data-height=\"225\" ><\/div><div data-popup=\"https:\/\/sunseasleep.com\/wp-content\/uploads\/2025\/06\/IMG_9270-scaled.jpg\"  title=\"IMG_9270\"><\/div><\/div><\/div><div class=\"wpape-img category6593\" ><div class=\"wpape-img-image \"  ><div data-thumbnail=\"https:\/\/sunseasleep.com\/wp-content\/uploads\/2025\/06\/IMG_9216-300x225.jpg\" title=\"IMG_9216\" data-width=\"300\" data-height=\"225\" ><\/div><div data-popup=\"https:\/\/sunseasleep.com\/wp-content\/uploads\/2025\/06\/IMG_9216-scaled.jpg\"  title=\"IMG_9216\"><\/div><\/div><\/div><div class=\"wpape-img category6593\" ><div class=\"wpape-img-image \"  ><div data-thumbnail=\"https:\/\/sunseasleep.com\/wp-content\/uploads\/2025\/06\/IMG_9165-300x225.jpg\" title=\"IMG_9165\" data-width=\"300\" data-height=\"225\" ><\/div><div data-popup=\"https:\/\/sunseasleep.com\/wp-content\/uploads\/2025\/06\/IMG_9165-scaled.jpg\"  title=\"IMG_9165\"><\/div><\/div><\/div><div class=\"wpape-img category6593\" ><div class=\"wpape-img-image \"  ><div data-thumbnail=\"https:\/\/sunseasleep.com\/wp-content\/uploads\/2025\/06\/IMG_9231-300x225.jpg\" title=\"IMG_9231\" data-width=\"300\" data-height=\"225\" ><\/div><div data-popup=\"https:\/\/sunseasleep.com\/wp-content\/uploads\/2025\/06\/IMG_9231-scaled.jpg\"  title=\"IMG_9231\"><\/div><\/div><\/div><\/div><\/div><script>var wpape_gallery_69f436075187e = {\"filterContainer\": \"#wpape_gallery_69f436075187efilter\", \"touch\": 1, \"columns\": 4, \"columnWidth\": \"auto\", \"resolutions\": [ ,  , ], \"overlayEffect\": \"direction-aware-fade\", \"boxesToLoadStart\": \"12\", \"boxesToLoad\": \"8\", \"lazyLoad\": true, \"LoadingWord\": \"Gallery images loading\", \"loadMoreWord\": \"More images\", \"noMoreEntriesWord\": \"No images\", \"loadMoreClass\": \" apebtn apebtn-flat apebtn-primary \", \"horizontalSpaceBetweenBoxes\": 15, \"verticalSpaceBetweenBoxes\": 15}, wpape_gallery_69f436075187e_css = \"body .mfp-ready.mfp-bg{background-color: rgba(11, 11, 11, 0.8);}.mfp-container .mfp-arrow{display:none;}#wpape_gallery_69f436075187e .wpape-img-container{ -webkit-border-radius: 5px;-moz-border-radius: 5px;border-radius: 5px;}#wpape_gallery_69f436075187e .wpapeTitle{ font-size:12px; line-height:101%; color:#ffffff;}#wpape_gallery_69f436075187e .wpapeTitle:hover{color:#ffffff;}#wpape_gallery_69f436075187e .wpapeDesc{ font-size:24px; line-height:101%; color:#000000;}#wpape_gallery_69f436075187e .wpapeDesc:hover{color:#000000;}#wpape_gallery_69f436075187e .thumbnail-overlay{background:rgba(7, 7, 7, 0.5);}#wpape_gallery_69f436075187e .wpapeLinkIcon{ font-size:22px; line-height:88%; color:#ffffff;background:rgba(0,0,0,0);}#wpape_gallery_69f436075187e .wpapeLinkIcon:hover{color:#ffffff;background:rgba(0,0,0,0);}#wpape_gallery_69f436075187e .wpapeZoomIcon{ font-size:22px; line-height:88%; color:#ffffff;background:rgba(0,0,0,0);}#wpape_gallery_69f436075187e .wpapeZoomIcon:hover{color:#ffffff;background:rgba(0,0,0,0);}#wpape_gallery_69f436075187e .image-with-dimensions{background-color: rgba(255,255,255,1);}body .mfp-title, body .mfp-counter{color: #f3f3f3;}\",apeGalleryDelay = 0; head = document.head || document.getElementsByTagName(\"head\")[0], style = document.createElement(\"style\"); style.type = \"text\/css\"; if (style.styleSheet) style.styleSheet.cssText = wpape_gallery_69f436075187e_css; \telse  style.appendChild(document.createTextNode(wpape_gallery_69f436075187e_css)); head.appendChild(style);<\/script><\/p>\r\n<h4 dir=\"ltr\" data-placeholder=\"Translation\">Bienvenido a la casa Natalia<\/h4>\r\n<p dir=\"ltr\" data-placeholder=\"Translation\"><span class=\"Y2IQFc\" lang=\"es\">Una espaciosa casa rural ideal para grupos grandes.<br \/><\/span><span class=\"Y2IQFc\" lang=\"es\">Con un total de 8 dormitorios, esta villa ofrece espacio para hasta 28 personas.<br \/><\/span><span class=\"Y2IQFc\" lang=\"es\">Este alojamiento es ideal para familias y amigos.<\/span><\/p>\r\n<p dir=\"ltr\" data-placeholder=\"Translation\"><span class=\"Y2IQFc\" lang=\"es\">En Casa Natalia podr\u00e1 relajarse por completo y desconectar de la rutina.<br \/><\/span><span class=\"Y2IQFc\" lang=\"es\">Est\u00e1 completamente amueblada y equipada con todo lo necesario para que grupos grandes disfruten de forma \u00f3ptima y c\u00f3moda.<\/span><\/p>\r\n<p dir=\"ltr\" data-placeholder=\"Translation\"><span class=\"Y2IQFc\" lang=\"es\">Dispone de 8 dormitorios, 4 ba\u00f1os, cocina, sal\u00f3n, comedor, patio, terraza, cocina exterior y piscina.<br \/><\/span><span class=\"Y2IQFc\" lang=\"es\">El mobiliario, las instalaciones y las medidas de seguridad hacen que la estancia con ni\u00f1os (y beb\u00e9s) sea muy agradable.<\/span><\/p>\r\n<p dir=\"ltr\" data-placeholder=\"Translation\"><span class=\"Y2IQFc\" lang=\"es\">Esta amplia propiedad se encuentra en Benimarco, Benissa, entre el centro de Benissa y la costa.<br \/>Esto significa que todo est\u00e1 cerca (playas, supermercados, restaurantes, etc.).<\/span><\/p>\r\n<p dir=\"ltr\" data-placeholder=\"Translation\"><span class=\"Y2IQFc\" lang=\"es\">A continuaci\u00f3n, se muestran todos nuestros precios para 2025 y 2026.<br \/><\/span><span class=\"Y2IQFc\" lang=\"es\">El precio depende de la duraci\u00f3n de la estancia y del tama\u00f1o del grupo.<br \/><\/span><span class=\"Y2IQFc\" lang=\"es\">La estancia m\u00ednima var\u00eda de 2 noches en temporada baja a 7 noches en temporada alta (puede aplicarse una estancia diferente en vacaciones).<\/span><\/p>\r\n<p dir=\"ltr\" data-placeholder=\"Translation\"><span class=\"Y2IQFc\" lang=\"es\">Para ver m\u00e1s fotos de casa Natalia haga clic <a href=\"https:\/\/sunseasleep.com\/gallery-natalia\/\">aqu\u00ed<\/a>.<br \/>El calendario de disponibilidad al final de esta p\u00e1gina.<\/span><\/p>\r\n<h5><span style=\"color: #333a56;\">Precios:<\/span><\/h5>\r\n<figure class=\"wp-block-table\">\r\n<figure class=\"wp-block-table\">\r\n<table style=\"height: 437px;\" width=\"543\">\r\n<tbody>\r\n<tr>\r\n<td style=\"text-align: center;\" width=\"91\">Periodico<\/td>\r\n<td style=\"text-align: center;\" width=\"89\">Estancia minima<\/td>\r\n<td style=\"text-align: center;\" width=\"137\">Precio por noche hasta 22 personas<\/td>\r\n<td style=\"text-align: center;\" width=\"147\">Precio por noach para personas adicionales<\/td>\r\n<\/tr>\r\n<tr>\r\n<td width=\"91\">Enero<\/td>\r\n<td style=\"text-align: center;\" width=\"89\">2<\/td>\r\n<td style=\"text-align: center;\" width=\"137\">\u20ac 675<\/td>\r\n<td style=\"text-align: center;\" width=\"147\">\u20ac 25<\/td>\r\n<\/tr>\r\n<tr>\r\n<td width=\"91\">Febrero<\/td>\r\n<td style=\"text-align: center;\" width=\"89\">2<\/td>\r\n<td style=\"text-align: center;\" width=\"137\">\u20ac 675<\/td>\r\n<td style=\"text-align: center;\" width=\"147\">\u20ac 25<\/td>\r\n<\/tr>\r\n<tr>\r\n<td width=\"91\">Marzo<\/td>\r\n<td style=\"text-align: center;\" width=\"89\">2<\/td>\r\n<td style=\"text-align: center;\" width=\"137\">\u20ac 735<\/td>\r\n<td style=\"text-align: center;\" width=\"147\">\u20ac 25<\/td>\r\n<\/tr>\r\n<tr>\r\n<td width=\"91\">Abril<\/td>\r\n<td style=\"text-align: center;\" width=\"89\">2<\/td>\r\n<td style=\"text-align: center;\" width=\"137\">\u20ac 795<\/td>\r\n<td style=\"text-align: center;\" width=\"147\">\u20ac 25<\/td>\r\n<\/tr>\r\n<tr>\r\n<td width=\"91\">Mayo<\/td>\r\n<td style=\"text-align: center;\" width=\"89\">2<\/td>\r\n<td style=\"text-align: center;\" width=\"137\">\u20ac 850<\/td>\r\n<td style=\"text-align: center;\" width=\"147\">\u20ac 30<\/td>\r\n<\/tr>\r\n<tr>\r\n<td width=\"91\">Junio<\/td>\r\n<td style=\"text-align: center;\" width=\"89\">3<\/td>\r\n<td style=\"text-align: center;\" width=\"137\">\u20ac 725<\/td>\r\n<td style=\"text-align: center;\" width=\"147\">\u20ac 30<\/td>\r\n<\/tr>\r\n<tr>\r\n<td width=\"91\">Julio<\/td>\r\n<td style=\"text-align: center;\" width=\"89\">7<\/td>\r\n<td style=\"text-align: center;\" width=\"137\">\u20ac 785<\/td>\r\n<td style=\"text-align: center;\" width=\"147\">\u20ac 35<\/td>\r\n<\/tr>\r\n<tr>\r\n<td width=\"91\">Agosto<\/td>\r\n<td style=\"text-align: center;\" width=\"89\">7<\/td>\r\n<td style=\"text-align: center;\" width=\"137\">\u20ac 785<\/td>\r\n<td style=\"text-align: center;\" width=\"147\">\u20ac 35<\/td>\r\n<\/tr>\r\n<tr>\r\n<td width=\"91\">Septiembre<\/td>\r\n<td style=\"text-align: center;\" width=\"89\">3<\/td>\r\n<td style=\"text-align: center;\" width=\"137\">\u20ac 690<\/td>\r\n<td style=\"text-align: center;\" width=\"147\">\u20ac 30<\/td>\r\n<\/tr>\r\n<tr>\r\n<td width=\"91\">Octubre<\/td>\r\n<td style=\"text-align: center;\" width=\"89\">2<\/td>\r\n<td style=\"text-align: center;\" width=\"137\">\u20ac 735<\/td>\r\n<td style=\"text-align: center;\" width=\"147\">\u20ac 30<\/td>\r\n<\/tr>\r\n<tr>\r\n<td width=\"91\">Noviembre<\/td>\r\n<td style=\"text-align: center;\" width=\"89\">2<\/td>\r\n<td style=\"text-align: center;\" width=\"137\">\u20ac 675<\/td>\r\n<td style=\"text-align: center;\" width=\"147\">\u20ac 25<\/td>\r\n<\/tr>\r\n<tr>\r\n<td width=\"91\">Diciembre<\/td>\r\n<td style=\"text-align: center;\" width=\"89\">2<\/td>\r\n<td style=\"text-align: center;\" width=\"137\">\u20ac 675<\/td>\r\n<td style=\"text-align: center;\" width=\"147\">\u20ac 25<\/td>\r\n<\/tr>\r\n<\/tbody>\r\n<\/table>\r\n<\/figure>\r\n<\/figure>\r\n<figure class=\"wp-block-table\">\r\n<figure class=\"wp-block-table\">\r\n<figure><\/figure>\r\n<\/figure>\r\n<figure>Todos los precios incluyen<\/figure>\r\n<\/figure>\r\n<ul>\r\n<li><span class=\"Y2IQFc\" lang=\"es\">Aire acondicionado, agua y luz<\/span><\/li>\r\n<li>Lecho<\/li>\r\n<li><span class=\"Y2IQFc\" lang=\"es\">Toallas de ducha<\/span><\/li>\r\n<li><span class=\"Y2IQFc\" lang=\"es\">WIFI<\/span><\/li>\r\n<li><span class=\"Y2IQFc\" lang=\"es\">Estacionamiento<\/span><\/li>\r\n<li><span class=\"Y2IQFc\" lang=\"es\">Impuesto<\/span><\/li>\r\n<li><span class=\"Y2IQFc\" lang=\"es\">Cunas<\/span><\/li>\r\n<\/ul>\r\n<p><span class=\"Y2IQFc\" lang=\"es\">Los precios excluyen:<\/span><\/p>\r\n<ul>\r\n<li><span class=\"Y2IQFc\" lang=\"es\">Limpieza final ; \u00fanico \u20ac350<\/span><\/li>\r\n<\/ul>\r\n<p><span class=\"Y2IQFc\" lang=\"es\">Condici\u00f3n adicional:<\/span><\/p>\r\n<ul>\r\n<li><span class=\"Y2IQFc\" lang=\"es\">No apto para fiestas, eventos, ni celebraciones<\/span><\/li>\r\n<\/ul>\r\n<p dir=\"ltr\" data-placeholder=\"Vertaling\">Para obtener m\u00e1s informaci\u00f3n o preguntas, complete el siguiente formulario y estaremos encantados de contactarlo.<\/p>\r\n<p>\u00a0  <div role=\"form\" class=\"wpcf7\" id=\"wpcf7-f6613-o1\" lang=\"en-US\" dir=\"ltr\">\n<div class=\"screen-reader-response\"><p role=\"status\" aria-live=\"polite\" aria-atomic=\"true\"><\/p> <ul><\/ul><\/div>\n<form action=\"\/es\/wp-json\/wp\/v2\/pages\/6591#wpcf7-f6613-o1\" method=\"post\" class=\"wpcf7-form init\" novalidate=\"novalidate\" data-status=\"init\">\n<div style=\"display: none;\">\n<input type=\"hidden\" name=\"_wpcf7\" value=\"6613\" \/>\n<input type=\"hidden\" name=\"_wpcf7_version\" value=\"5.5.6.1\" \/>\n<input type=\"hidden\" name=\"_wpcf7_locale\" value=\"en_US\" \/>\n<input type=\"hidden\" name=\"_wpcf7_unit_tag\" value=\"wpcf7-f6613-o1\" \/>\n<input type=\"hidden\" name=\"_wpcf7_container_post\" value=\"0\" \/>\n<input type=\"hidden\" name=\"_wpcf7_posted_data_hash\" value=\"\" \/>\n<input type=\"hidden\" name=\"_wpcf7_recaptcha_response\" value=\"\" \/>\n<\/div>\n<p><label>Nombre<br \/>\n   <span class=\"wpcf7-form-control-wrap name-002\"><input type=\"text\" name=\"name-002\" value=\"\" size=\"40\" class=\"wpcf7-form-control wpcf7-text wpcf7-validates-as-required\" id=\"name-002\" aria-required=\"true\" aria-invalid=\"false\" \/><\/span><\/label><\/p>\n<p><label>Tel\u00e9fono<br \/>\n  <span class=\"wpcf7-form-control-wrap tel-002\"><input type=\"tel\" name=\"tel-002\" value=\"\" size=\"40\" class=\"wpcf7-form-control wpcf7-text wpcf7-tel wpcf7-validates-as-required wpcf7-validates-as-tel\" id=\"tel-001\" aria-required=\"true\" aria-invalid=\"false\" \/><\/span><\/label><\/p>\n<p><label> Email<br \/>\n  <span class=\"wpcf7-form-control-wrap email-002\"><input type=\"email\" name=\"email-002\" value=\"\" size=\"40\" class=\"wpcf7-form-control wpcf7-text wpcf7-email wpcf7-validates-as-required wpcf7-validates-as-email\" aria-required=\"true\" aria-invalid=\"false\" \/><\/span> <\/label><\/p>\n<p><label> N\u00famero de personas<br \/>\n  <span class=\"wpcf7-form-control-wrap number-001\"><input type=\"number\" name=\"number-001\" value=\"\" class=\"wpcf7-form-control wpcf7-number wpcf7-validates-as-required wpcf7-validates-as-number\" aria-required=\"true\" aria-invalid=\"false\" \/><\/span><\/label><\/p>\n<p><label> Fecha de llegada deseada<br \/>\n  <span class=\"wpcf7-form-control-wrap date-001\"><input type=\"date\" name=\"date-001\" value=\"\" class=\"wpcf7-form-control wpcf7-date wpcf7-validates-as-required wpcf7-validates-as-date\" aria-required=\"true\" aria-invalid=\"false\" \/><\/span><\/label><\/p>\n<p><label> Fecha de salida deseada<br \/>\n  <span class=\"wpcf7-form-control-wrap date-002\"><input type=\"date\" name=\"date-002\" value=\"\" class=\"wpcf7-form-control wpcf7-date wpcf7-validates-as-required wpcf7-validates-as-date\" aria-required=\"true\" aria-invalid=\"false\" \/><\/span><\/label><\/p>\n<p><label> Mensaje<br \/>\nPor ejemplo: \u00bfQu\u00e9 informaci\u00f3n le gustar\u00eda recibir? \u00bfQu\u00e9 preguntas le gustar\u00eda que le respondieran? Si nos cuenta m\u00e1s sobre la composici\u00f3n de su grupo (como amigos, familiares, ni\u00f1os, beb\u00e9s) o el motivo de su estancia (como una fiesta o aniversario) podremos brindarle informaci\u00f3n m\u00e1s espec\u00edfica.<\/p>\n<p>  <span class=\"wpcf7-form-control-wrap message-002\"><textarea name=\"message-002\" cols=\"40\" rows=\"10\" class=\"wpcf7-form-control wpcf7-textarea wpcf7-validates-as-required\" id=\"message-002\" aria-required=\"true\" aria-invalid=\"false\"><\/textarea><\/span> <\/label><\/p>\n<p><label> Resuelve el siguiente problema para demostrar que no eres un robot<br \/>\n   <span class=\"wpcf7-form-control-wrap random-math-quiz\"><label><span class=\"wpcf7-quiz-label\">3x2=?<\/span> <input type=\"text\" name=\"random-math-quiz\" size=\"40\" class=\"wpcf7-form-control wpcf7-quiz\" autocomplete=\"off\" aria-required=\"true\" aria-invalid=\"false\" \/><\/label><input type=\"hidden\" name=\"_wpcf7_quiz_answer_random-math-quiz\" value=\"c2fcbe4180fc14ae8d89d9d913537f58\" \/><\/span><\/label><\/p>\n<p>  <input type=\"submit\" value=\"Enviar\" class=\"wpcf7-form-control has-spinner wpcf7-submit\" id=\"send\" \/><\/p>\n<div class=\"wpcf7-response-output\" aria-hidden=\"true\"><\/div><\/form><\/div>\u00a0<\/p>\r\n<p><!-- \/wp:heading --><\/p>\r\n<p><!-- wp:paragraph --><\/p>\r\n<p><!-- wp:paragraph --><\/p>\r\n<div  class=\"lgc-column lgc-grid-parent lgc-grid-60 lgc-tablet-grid-60 lgc-mobile-grid-100 lgc-equal-heights \"><div  class=\"inside-grid-column\"><\/div><\/div>\r\n<p><!-- \/wp:paragraph --><\/p>\r\n<div style=\"font-size: 16px;\">\u00a0 \u00a0 \u00a0 \u00a0Disponibilidad casa Natalia<\/div>\r\n<div>\u00a0<\/div>\r\n<div><iframe loading=\"lazy\" src=\"https:\/\/sunseasleep.com\/mystuff\/sss-calendar.php?alias=Natalia\" width=\"350\" height=\"350\" frameborder=\"0\" data-mce-fragment=\"1\"><\/iframe><\/div>\r\n<div>\u00a0<!-- wp:paragraph --><div  class=\"lgc-column lgc-grid-parent lgc-grid-40 lgc-tablet-grid-40 lgc-mobile-grid-100 lgc-equal-heights \"><div  class=\"inside-grid-column\"><\/div><\/div><div class=\"lgc-clear\"><\/div><\/div>\r\n<!--\r\n<div class=\"wp-block-columns\">\r\n<div class=\"wp-block-column\" style=\"flex-basis: 66.66%;\">[lgc_column grid=\"60\" tablet_grid=\"60\" mobile_grid=\"100\" last=\"false\"][ape-gallery 1254][\/lgc_column]<\/div>\r\n<\/div>\r\n-->","protected":false},"excerpt":{"rendered":"<p>Casa Natalia Bienvenido a la casa Natalia Una espaciosa casa rural ideal para grupos grandes.Con un total de 8 dormitorios, esta villa ofrece espacio para hasta 28 personas.Este alojamiento es ideal para familias y amigos. En Casa Natalia podr\u00e1 relajarse por completo y desconectar de la rutina.Est\u00e1 completamente amueblada y equipada con todo lo necesario [&hellip;]<\/p>\n","protected":false},"author":1,"featured_media":0,"parent":0,"menu_order":0,"comment_status":"closed","ping_status":"closed","template":"","meta":{"_monsterinsights_skip_tracking":false,"_monsterinsights_sitenote_active":false,"_monsterinsights_sitenote_note":"","_monsterinsights_sitenote_category":0,"footnotes":""},"class_list":["post-6591","page","type-page","status-publish","hentry"],"yoast_head":"<!-- This site is optimized with the Yoast SEO plugin v16.1.1 - https:\/\/yoast.com\/wordpress\/plugins\/seo\/ -->\n<title>Casa Natalia - Sun Sea Sleep<\/title>\n<link rel=\"canonical\" href=\"https:\/\/sunseasleep.com\/casa-natalia\/\" \/>\n<meta property=\"og:locale\" content=\"es_ES\" \/>\n<meta property=\"og:type\" content=\"article\" \/>\n<meta property=\"og:title\" content=\"Casa Natalia - Sun Sea Sleep\" \/>\n<meta property=\"og:description\" content=\"Casa Natalia Bienvenido a la casa Natalia Una espaciosa casa rural ideal para grupos grandes.Con un total de 8 dormitorios, esta villa ofrece espacio para hasta 28 personas.Este alojamiento es ideal para familias y amigos. En Casa Natalia podr\u00e1 relajarse por completo y desconectar de la rutina.Est\u00e1 completamente amueblada y equipada con todo lo necesario [&hellip;]\" \/>\n<meta property=\"og:url\" content=\"https:\/\/sunseasleep.com\/casa-natalia\/\" \/>\n<meta property=\"og:site_name\" content=\"Sun Sea Sleep\" \/>\n<meta property=\"article:modified_time\" content=\"2025-12-02T10:05:42+00:00\" \/>\n<meta name=\"twitter:card\" content=\"summary_large_image\" \/>\n<meta name=\"twitter:label1\" content=\"Tiempo de lectura\">\n\t<meta name=\"twitter:data1\" content=\"12 minutos\">\n<script type=\"application\/ld+json\" class=\"yoast-schema-graph\">{\"@context\":\"https:\/\/schema.org\",\"@graph\":[{\"@type\":\"WebSite\",\"@id\":\"https:\/\/sunseasleep.com\/nl\/#website\",\"url\":\"https:\/\/sunseasleep.com\/nl\/\",\"name\":\"Sun Sea Sleep\",\"description\":\"Sun Sea Sleep\",\"potentialAction\":[{\"@type\":\"SearchAction\",\"target\":\"https:\/\/sunseasleep.com\/nl\/?s={search_term_string}\",\"query-input\":\"required name=search_term_string\"}],\"inLanguage\":\"es\"},{\"@type\":\"WebPage\",\"@id\":\"https:\/\/sunseasleep.com\/casa-natalia\/#webpage\",\"url\":\"https:\/\/sunseasleep.com\/casa-natalia\/\",\"name\":\"Casa Natalia - Sun Sea Sleep\",\"isPartOf\":{\"@id\":\"https:\/\/sunseasleep.com\/nl\/#website\"},\"datePublished\":\"2025-06-03T08:42:47+00:00\",\"dateModified\":\"2025-12-02T10:05:42+00:00\",\"breadcrumb\":{\"@id\":\"https:\/\/sunseasleep.com\/casa-natalia\/#breadcrumb\"},\"inLanguage\":\"es\",\"potentialAction\":[{\"@type\":\"ReadAction\",\"target\":[\"https:\/\/sunseasleep.com\/casa-natalia\/\"]}]},{\"@type\":\"BreadcrumbList\",\"@id\":\"https:\/\/sunseasleep.com\/casa-natalia\/#breadcrumb\",\"itemListElement\":[{\"@type\":\"ListItem\",\"position\":1,\"item\":{\"@type\":\"WebPage\",\"@id\":\"https:\/\/sunseasleep.com\/casa-natalia\/\",\"url\":\"https:\/\/sunseasleep.com\/casa-natalia\/\",\"name\":\"Casa Natalia\"}}]}]}<\/script>\n<!-- \/ Yoast SEO plugin. -->","_links":{"self":[{"href":"https:\/\/sunseasleep.com\/es\/wp-json\/wp\/v2\/pages\/6591","targetHints":{"allow":["GET"]}}],"collection":[{"href":"https:\/\/sunseasleep.com\/es\/wp-json\/wp\/v2\/pages"}],"about":[{"href":"https:\/\/sunseasleep.com\/es\/wp-json\/wp\/v2\/types\/page"}],"author":[{"embeddable":true,"href":"https:\/\/sunseasleep.com\/es\/wp-json\/wp\/v2\/users\/1"}],"replies":[{"embeddable":true,"href":"https:\/\/sunseasleep.com\/es\/wp-json\/wp\/v2\/comments?post=6591"}],"version-history":[{"count":21,"href":"https:\/\/sunseasleep.com\/es\/wp-json\/wp\/v2\/pages\/6591\/revisions"}],"predecessor-version":[{"id":8044,"href":"https:\/\/sunseasleep.com\/es\/wp-json\/wp\/v2\/pages\/6591\/revisions\/8044"}],"wp:attachment":[{"href":"https:\/\/sunseasleep.com\/es\/wp-json\/wp\/v2\/media?parent=6591"}],"curies":[{"name":"wp","href":"https:\/\/api.w.org\/{rel}","templated":true}]}}