{"id":6424,"date":"2025-05-30T07:40:33","date_gmt":"2025-05-30T05:40:33","guid":{"rendered":"https:\/\/sunseasleep.com\/?page_id=6424"},"modified":"2026-01-04T20:23:35","modified_gmt":"2026-01-04T19:23:35","slug":"villa-almazara","status":"publish","type":"page","link":"https:\/\/sunseasleep.com\/es\/villa-almazara\/","title":{"rendered":"Villa Almazara"},"content":{"rendered":"<h3><span style=\"color: #333a56;\">Villa Almazara<\/span><\/h3>\r\n<p><div id=\"Block_wpape_gallery_69f4291e62e24\" style=\"width:100%; display: none;\"><div id=\"wpape_gallery_69f4291e62e24\" data-options=\"wpape_gallery_69f4291e62e24\" style=\"width:100%;\" class=\"wpape_gallery\"><div class=\"wpape-img category6474\" ><div class=\"wpape-img-image \"  ><div data-thumbnail=\"https:\/\/sunseasleep.com\/wp-content\/uploads\/2025\/06\/1-Pool-1-300x225.jpg\" title=\"1 Pool 1\" data-width=\"300\" data-height=\"225\" ><\/div><div data-popup=\"https:\/\/sunseasleep.com\/wp-content\/uploads\/2025\/06\/1-Pool-1.jpg\"  title=\"1 Pool 1\"><\/div><\/div><\/div><div class=\"wpape-img category6474\" ><div class=\"wpape-img-image \"  ><div data-thumbnail=\"https:\/\/sunseasleep.com\/wp-content\/uploads\/2025\/06\/1-Bedroom-1-300x225.jpeg\" title=\"1 Bedroom 1\" data-width=\"300\" data-height=\"225\" ><\/div><div data-popup=\"https:\/\/sunseasleep.com\/wp-content\/uploads\/2025\/06\/1-Bedroom-1-scaled.jpeg\"  title=\"1 Bedroom 1\"><\/div><\/div><\/div><div class=\"wpape-img category6474\" ><div class=\"wpape-img-image \"  ><div data-thumbnail=\"https:\/\/sunseasleep.com\/wp-content\/uploads\/2025\/06\/1-Exterior-1-300x225.jpg\" title=\"1 Exterior 1\" data-width=\"300\" data-height=\"225\" ><\/div><div data-popup=\"https:\/\/sunseasleep.com\/wp-content\/uploads\/2025\/06\/1-Exterior-1-scaled.jpg\"  title=\"1 Exterior 1\"><\/div><\/div><\/div><div class=\"wpape-img category6474\" ><div class=\"wpape-img-image \"  ><div data-thumbnail=\"https:\/\/sunseasleep.com\/wp-content\/uploads\/2025\/06\/1-Terrace-1-300x225.jpg\" title=\"1 Terrace 1\" data-width=\"300\" data-height=\"225\" ><\/div><div data-popup=\"https:\/\/sunseasleep.com\/wp-content\/uploads\/2025\/06\/1-Terrace-1-scaled.jpg\"  title=\"1 Terrace 1\"><\/div><\/div><\/div><div class=\"wpape-img category6474\" ><div class=\"wpape-img-image \"  ><div data-thumbnail=\"https:\/\/sunseasleep.com\/wp-content\/uploads\/2025\/06\/1-Living-1-300x225.jpeg\" title=\"1 Living 1\" data-width=\"300\" data-height=\"225\" ><\/div><div data-popup=\"https:\/\/sunseasleep.com\/wp-content\/uploads\/2025\/06\/1-Living-1-scaled.jpeg\"  title=\"1 Living 1\"><\/div><\/div><\/div><div class=\"wpape-img category6474\" ><div class=\"wpape-img-image \"  ><div data-thumbnail=\"https:\/\/sunseasleep.com\/wp-content\/uploads\/2025\/06\/1-Pool-2-300x225.jpg\" title=\"1 Pool 2\" data-width=\"300\" data-height=\"225\" ><\/div><div data-popup=\"https:\/\/sunseasleep.com\/wp-content\/uploads\/2025\/06\/1-Pool-2.jpg\"  title=\"1 Pool 2\"><\/div><\/div><\/div><div class=\"wpape-img category6474\" ><div class=\"wpape-img-image \"  ><div data-thumbnail=\"https:\/\/sunseasleep.com\/wp-content\/uploads\/2025\/06\/2-Terrace-1-300x169.jpg\" title=\"2 Terrace 1\" data-width=\"300\" data-height=\"169\" ><\/div><div data-popup=\"https:\/\/sunseasleep.com\/wp-content\/uploads\/2025\/06\/2-Terrace-1.jpg\"  title=\"2 Terrace 1\"><\/div><\/div><\/div><div class=\"wpape-img category6474\" ><div class=\"wpape-img-image \"  ><div data-thumbnail=\"https:\/\/sunseasleep.com\/wp-content\/uploads\/2025\/06\/1-Dining-2-300x225.jpeg\" title=\"1 Dining 2\" data-width=\"300\" data-height=\"225\" ><\/div><div data-popup=\"https:\/\/sunseasleep.com\/wp-content\/uploads\/2025\/06\/1-Dining-2-scaled.jpeg\"  title=\"1 Dining 2\"><\/div><\/div><\/div><\/div><\/div><script>var wpape_gallery_69f4291e62e24 = {\"filterContainer\": \"#wpape_gallery_69f4291e62e24filter\", \"touch\": 1, \"columns\": 4, \"columnWidth\": \"auto\", \"resolutions\": [ ,  , ], \"overlayEffect\": \"direction-aware-fade\", \"boxesToLoadStart\": \"12\", \"boxesToLoad\": \"8\", \"lazyLoad\": true, \"LoadingWord\": \"Gallery images loading\", \"loadMoreWord\": \"More images\", \"noMoreEntriesWord\": \"No images\", \"loadMoreClass\": \" apebtn apebtn-flat apebtn-primary \", \"horizontalSpaceBetweenBoxes\": 15, \"verticalSpaceBetweenBoxes\": 15}, wpape_gallery_69f4291e62e24_css = \"body .mfp-ready.mfp-bg{background-color: rgba(11, 11, 11, 0.8);}.mfp-container .mfp-arrow{display:none;}#wpape_gallery_69f4291e62e24 .wpape-img-container{ -webkit-border-radius: 5px;-moz-border-radius: 5px;border-radius: 5px;}#wpape_gallery_69f4291e62e24 .wpapeTitle{ font-size:12px; line-height:101%; color:#ffffff;}#wpape_gallery_69f4291e62e24 .wpapeTitle:hover{color:#ffffff;}#wpape_gallery_69f4291e62e24 .wpapeDesc{ font-size:24px; line-height:101%; color:#000000;}#wpape_gallery_69f4291e62e24 .wpapeDesc:hover{color:#000000;}#wpape_gallery_69f4291e62e24 .thumbnail-overlay{background:rgba(7, 7, 7, 0.5);}#wpape_gallery_69f4291e62e24 .wpapeLinkIcon{ font-size:22px; line-height:88%; color:#ffffff;background:rgba(0,0,0,0);}#wpape_gallery_69f4291e62e24 .wpapeLinkIcon:hover{color:#ffffff;background:rgba(0,0,0,0);}#wpape_gallery_69f4291e62e24 .wpapeZoomIcon{ font-size:22px; line-height:88%; color:#ffffff;background:rgba(0,0,0,0);}#wpape_gallery_69f4291e62e24 .wpapeZoomIcon:hover{color:#ffffff;background:rgba(0,0,0,0);}#wpape_gallery_69f4291e62e24 .image-with-dimensions{background-color: rgba(255,255,255,1);}body .mfp-title, body .mfp-counter{color: #f3f3f3;}\",apeGalleryDelay = 0; head = document.head || document.getElementsByTagName(\"head\")[0], style = document.createElement(\"style\"); style.type = \"text\/css\"; if (style.styleSheet) style.styleSheet.cssText = wpape_gallery_69f4291e62e24_css; \telse  style.appendChild(document.createTextNode(wpape_gallery_69f4291e62e24_css)); head.appendChild(style);<\/script><\/p>\r\n<h4 dir=\"ltr\" data-placeholder=\"Translation\">Bienvenido a la villa Almazara<\/h4>\r\n<p dir=\"ltr\" data-placeholder=\"Translation\"><br \/><span class=\"Y2IQFc\" lang=\"es\">Una villa de lujo con impresionantes vistas al valle.<br \/><\/span><span class=\"Y2IQFc\" lang=\"es\">Con un total de 6 dormitorios, esta villa puede alojar hasta 13 personas.<br \/><\/span><span class=\"Y2IQFc\" lang=\"es\">La villa est\u00e1 elegantemente amueblada y es ideal para que familias y amigos disfruten del tiempo juntos.<\/span><\/p>\r\n<p dir=\"ltr\" data-placeholder=\"Translation\"><span class=\"Y2IQFc\" lang=\"es\">En la villa es f\u00e1cil relajarse, descansar en la piscina, tomar una copa en la terraza o disfrutar de una barbacoa en el patio.<br \/><\/span><span class=\"Y2IQFc\" lang=\"es\">All\u00ed se est\u00e1 tranquilo, sin vecinos directos al lado y con mucha privacidad.<br \/><\/span><span class=\"Y2IQFc\" lang=\"es\">La villa est\u00e1 completamente amueblada y equipada con todo lo necesario para disfrutar de forma \u00f3ptima y c\u00f3moda. <\/span><\/p>\r\n<p dir=\"ltr\" data-placeholder=\"Translation\"><span class=\"Y2IQFc\" lang=\"es\">Hay 6 dormitorios, 3 ba\u00f1os, 2 cocinas, sala, comedor, patio, terraza y gran piscina.<br \/><\/span><span class=\"Y2IQFc\" lang=\"es\">Con 4 camas dobles (tama\u00f1o queen), 2 camas individuales, una litera, la opci\u00f3n de una cama individual adicional y cuna(s), esta villa es ideal para familias.<br \/><\/span><span class=\"Y2IQFc\" lang=\"es\">El mobiliario, las instalaciones y las medidas de seguridad hacen que la estancia con ni\u00f1os (y beb\u00e9s) sea muy agradable.<\/span><\/p>\r\n<p dir=\"ltr\" data-placeholder=\"Translation\"><span class=\"Y2IQFc\" lang=\"es\">La vista es realmente fant\u00e1stica.<br \/><\/span><span class=\"Y2IQFc\" lang=\"es\">Desde el balc\u00f3n, la terraza y la hermosa piscina se tiene una amplia vista sobre todo el valle del Pop.<br \/><\/span><span class=\"Y2IQFc\" lang=\"es\">Por su situaci\u00f3n (y altitud) dispone de vistas panor\u00e1micas, mirando directamente hacia la &#8216;Sierra de Bernia&#8217;, el centro de Jal\u00f3n (Xalo) abajo, en medio de las verdes monta\u00f1as que rodean el valle.<\/span><\/p>\r\n<p dir=\"ltr\" data-placeholder=\"Translation\"><span class=\"Y2IQFc\" lang=\"es\">Para grupos grandes la villa se puede alquilar completa (con 6 dormitorios y 3 ba\u00f1os).<br \/><\/span><span class=\"Y2IQFc\" lang=\"es\">Para grupos de hasta 7 personas, tambi\u00e9n se puede alquilar 1 de las 2 plantas de la villa (con 3 dormitorios y 2 ba\u00f1os), por lo que todas las instalaciones siguen siendo exclusivamente para usted (por lo que no tiene que compartir nada).<\/span><\/p>\r\n<p dir=\"ltr\" data-placeholder=\"Translation\"><span class=\"Y2IQFc\" lang=\"es\">A continuaci\u00f3n se muestran todos nuestros precios para 2025 y 2026.<br \/><\/span><span class=\"Y2IQFc\" lang=\"es\">El precio depende del periodo de estancia y del tama\u00f1o del grupo (se alquila toda la villa con 6 habitaciones o s\u00f3lo la parte con 3 habitaciones).<br \/><\/span><span class=\"Y2IQFc\" lang=\"es\">La estancia m\u00ednima var\u00eda de 2 noches en temporada baja a 5 noches en temporada alta (en d\u00edas festivos pueden aplicarse estancias diferentes).<\/span><\/p>\r\n<p dir=\"ltr\" data-placeholder=\"Translation\"><span class=\"Y2IQFc\" lang=\"es\">Para ver m\u00e1s fotos de villa Almazara haga click <a href=\"https:\/\/sunseasleep.com\/gallery-almazara\/\">aqu\u00ed<\/a>.<br \/>El calendario de disponibilidad se pueden encontrar al final de esta p\u00e1gina.<\/span><br \/><br \/><span style=\"color: #333a56;\">Precios:<\/span><\/p>\r\n<figure class=\"wp-block-table\">\r\n<figure><\/figure>\r\n<figure><\/figure>\r\n<figure><\/figure>\r\n<figure>\r\n<table style=\"height: 869px;\" width=\"655\">\r\n<tbody>\r\n<tr>\r\n<td width=\"120\">\r\n<p style=\"text-align: center;\">2026<\/p>\r\n<\/td>\r\n<td colspan=\"2\" width=\"240\">\r\n<p style=\"text-align: center;\">Precios por noche hasta 13 personas<\/p>\r\n<\/td>\r\n<td colspan=\"2\" width=\"240\">\r\n<p style=\"text-align: center;\">Precios por noche hasta 7 personas<\/p>\r\n<\/td>\r\n<\/tr>\r\n<tr>\r\n<td width=\"120\">\r\n<p style=\"text-align: center;\">Peri\u00f3dico<\/p>\r\n<\/td>\r\n<td width=\"120\">\r\n<p style=\"text-align: center;\">Entre semana (Do-Vi)<\/p>\r\n<\/td>\r\n<td width=\"120\">\r\n<p style=\"text-align: center;\">Fines semana (Vi-Do)<\/p>\r\n<\/td>\r\n<td width=\"120\">\r\n<p style=\"text-align: center;\">Entre semana (Do-Vi)<\/p>\r\n<\/td>\r\n<td width=\"120\">\r\n<p style=\"text-align: center;\">Fines semana (Vi-Do)<\/p>\r\n<\/td>\r\n<\/tr>\r\n<tr>\r\n<td width=\"120\">\r\n<p style=\"text-align: center;\">Enero<\/p>\r\n<\/td>\r\n<td width=\"120\">\r\n<p style=\"text-align: center;\">\u20ac 150<\/p>\r\n<\/td>\r\n<td width=\"120\">\r\n<p style=\"text-align: center;\">\u20ac 225<\/p>\r\n<\/td>\r\n<td width=\"120\">\r\n<p style=\"text-align: center;\">\u20ac 100<\/p>\r\n<\/td>\r\n<td width=\"120\">\r\n<p style=\"text-align: center;\">\u20ac 175<\/p>\r\n<\/td>\r\n<\/tr>\r\n<tr>\r\n<td width=\"120\">\r\n<p style=\"text-align: center;\">Febrero<\/p>\r\n<\/td>\r\n<td width=\"120\">\r\n<p style=\"text-align: center;\">\u20ac 150<\/p>\r\n<\/td>\r\n<td width=\"120\">\r\n<p style=\"text-align: center;\">\u20ac 225<\/p>\r\n<\/td>\r\n<td width=\"120\">\r\n<p style=\"text-align: center;\">\u20ac 100<\/p>\r\n<\/td>\r\n<td width=\"120\">\r\n<p style=\"text-align: center;\">\u20ac 175<\/p>\r\n<\/td>\r\n<\/tr>\r\n<tr>\r\n<td style=\"text-align: center;\" width=\"120\">Marzo<\/td>\r\n<td width=\"120\">\r\n<p style=\"text-align: center;\">\u20ac 200<\/p>\r\n<\/td>\r\n<td width=\"120\">\r\n<p style=\"text-align: center;\">\u20ac275<\/p>\r\n<\/td>\r\n<td width=\"120\">\r\n<p style=\"text-align: center;\">\u20ac 175<\/p>\r\n<\/td>\r\n<td width=\"120\">\r\n<p style=\"text-align: center;\">\u20ac 225<\/p>\r\n<\/td>\r\n<\/tr>\r\n<tr>\r\n<td width=\"120\">\r\n<p style=\"text-align: center;\">Abril<\/p>\r\n<\/td>\r\n<td width=\"120\">\r\n<p style=\"text-align: center;\">\u20ac 275<\/p>\r\n<\/td>\r\n<td width=\"120\">\r\n<p style=\"text-align: center;\">\u20ac 325<\/p>\r\n<\/td>\r\n<td width=\"120\">\r\n<p style=\"text-align: center;\">\u20ac 225<\/p>\r\n<\/td>\r\n<td width=\"120\">\r\n<p style=\"text-align: center;\">\u20ac 275<\/p>\r\n<\/td>\r\n<\/tr>\r\n<tr>\r\n<td width=\"120\">\r\n<p style=\"text-align: center;\">Mayo<\/p>\r\n<\/td>\r\n<td width=\"120\">\r\n<p style=\"text-align: center;\">\u20ac 375<\/p>\r\n<\/td>\r\n<td width=\"120\">\r\n<p style=\"text-align: center;\">\u20ac 400<\/p>\r\n<\/td>\r\n<td width=\"120\">\r\n<p style=\"text-align: center;\">\u20ac 275<\/p>\r\n<\/td>\r\n<td width=\"120\">\r\n<p style=\"text-align: center;\">\u20ac 325<\/p>\r\n<\/td>\r\n<\/tr>\r\n<tr>\r\n<td width=\"120\">\r\n<p style=\"text-align: center;\">Junio<\/p>\r\n<\/td>\r\n<td width=\"120\">\r\n<p style=\"text-align: center;\">\u20ac 475<\/p>\r\n<\/td>\r\n<td width=\"120\">\r\n<p style=\"text-align: center;\">\u20ac 500<\/p>\r\n<\/td>\r\n<td width=\"120\">\r\n<p style=\"text-align: center;\">\u20ac 375<\/p>\r\n<\/td>\r\n<td width=\"120\">\r\n<p style=\"text-align: center;\">\u20ac 425<\/p>\r\n<\/td>\r\n<\/tr>\r\n<tr>\r\n<td width=\"120\">\r\n<p style=\"text-align: center;\">Julio<\/p>\r\n<\/td>\r\n<td width=\"120\">\r\n<p style=\"text-align: center;\">\u20ac 550<\/p>\r\n<\/td>\r\n<td width=\"120\">\r\n<p style=\"text-align: center;\">\u20ac 575<\/p>\r\n<\/td>\r\n<td width=\"120\">\r\n<p style=\"text-align: center;\">\u20ac 475<\/p>\r\n<\/td>\r\n<td width=\"120\">\r\n<p style=\"text-align: center;\">\u20ac 500<\/p>\r\n<\/td>\r\n<\/tr>\r\n<tr>\r\n<td width=\"120\">\r\n<p style=\"text-align: center;\">Agosto<\/p>\r\n<\/td>\r\n<td width=\"120\">\r\n<p style=\"text-align: center;\">\u20ac 600<\/p>\r\n<\/td>\r\n<td width=\"120\">\r\n<p style=\"text-align: center;\">\u20ac 625<\/p>\r\n<\/td>\r\n<td width=\"120\">\r\n<p style=\"text-align: center;\">\u20ac 525<\/p>\r\n<\/td>\r\n<td width=\"120\">\r\n<p style=\"text-align: center;\">\u20ac 550<\/p>\r\n<\/td>\r\n<\/tr>\r\n<tr>\r\n<td width=\"120\">\r\n<p style=\"text-align: center;\">Septiembre<\/p>\r\n<\/td>\r\n<td width=\"120\">\r\n<p style=\"text-align: center;\">\u20ac 425<\/p>\r\n<\/td>\r\n<td width=\"120\">\r\n<p style=\"text-align: center;\">\u20ac 475<\/p>\r\n<\/td>\r\n<td width=\"120\">\r\n<p style=\"text-align: center;\">\u20ac 325<\/p>\r\n<\/td>\r\n<td width=\"120\">\r\n<p style=\"text-align: center;\">\u20ac 400<\/p>\r\n<\/td>\r\n<\/tr>\r\n<tr>\r\n<td width=\"120\">\r\n<p style=\"text-align: center;\">Octubre<\/p>\r\n<\/td>\r\n<td width=\"120\">\r\n<p style=\"text-align: center;\">\u20ac 325<\/p>\r\n<\/td>\r\n<td width=\"120\">\r\n<p style=\"text-align: center;\">\u20ac 375<\/p>\r\n<\/td>\r\n<td width=\"120\">\r\n<p style=\"text-align: center;\">\u20ac 250<\/p>\r\n<\/td>\r\n<td width=\"120\">\r\n<p style=\"text-align: center;\">\u20ac 325<\/p>\r\n<\/td>\r\n<\/tr>\r\n<tr>\r\n<td width=\"120\">\r\n<p style=\"text-align: center;\">Noviembre<\/p>\r\n<\/td>\r\n<td width=\"120\">\r\n<p style=\"text-align: center;\">\u20ac 150<\/p>\r\n<\/td>\r\n<td width=\"120\">\r\n<p style=\"text-align: center;\">\u20ac 225<\/p>\r\n<\/td>\r\n<td width=\"120\">\r\n<p style=\"text-align: center;\">\u20ac 125<\/p>\r\n<\/td>\r\n<td width=\"120\">\r\n<p style=\"text-align: center;\">\u20ac 175<\/p>\r\n<\/td>\r\n<\/tr>\r\n<tr>\r\n<td width=\"120\">\r\n<p style=\"text-align: center;\">Diciembre<\/p>\r\n<\/td>\r\n<td width=\"120\">\r\n<p style=\"text-align: center;\">\u20ac 150<\/p>\r\n<\/td>\r\n<td width=\"120\">\r\n<p style=\"text-align: center;\">\u20ac 225<\/p>\r\n<\/td>\r\n<td width=\"120\">\r\n<p style=\"text-align: center;\">\u20ac 125<\/p>\r\n<\/td>\r\n<td width=\"120\">\r\n<p style=\"text-align: center;\">\u20ac 175<\/p>\r\n<\/td>\r\n<\/tr>\r\n<\/tbody>\r\n<\/table>\r\n<\/figure>\r\n<figure><\/figure>\r\n<\/figure>\r\n<figure><\/figure>\r\n<figure class=\"wp-block-table\">Todos los precios son por noche e incluyen:<\/figure>\r\n<ul>\r\n<li><span class=\"Y2IQFc\" lang=\"es\">Aire acondicionado, agua y luz<\/span><\/li>\r\n<li>Lecho<\/li>\r\n<li><span class=\"Y2IQFc\" lang=\"es\">Toallas de ducha<\/span><\/li>\r\n<li><span class=\"Y2IQFc\" lang=\"es\">WIFI<\/span><\/li>\r\n<li><span class=\"Y2IQFc\" lang=\"es\">Estacionamiento<\/span><\/li>\r\n<li><span class=\"Y2IQFc\" lang=\"es\">Impuesto<\/span><\/li>\r\n<li><span class=\"Y2IQFc\" lang=\"es\">Cuna<\/span><\/li>\r\n<\/ul>\r\n<p><span class=\"Y2IQFc\" lang=\"es\">Los precios excluyen:<\/span><\/p>\r\n<ul>\r\n<li><span class=\"Y2IQFc\" lang=\"es\">Limpieza final; \u20ac250 por toda la villa, \u20ac200 por 3 habitaciones en lugar de 6<\/span><\/li>\r\n<\/ul>\r\n<p id=\"tw-target-text\" class=\"tw-data-text tw-text-large tw-ta\" dir=\"ltr\" data-placeholder=\"Vertaling\">\u00a0<\/p>\r\n<p dir=\"ltr\" data-placeholder=\"Vertaling\">Para obtener m\u00e1s informaci\u00f3n o preguntas, complete el siguiente formulario y estaremos encantados de contactarlo.<\/p>\r\n<p dir=\"ltr\" data-placeholder=\"Vertaling\">\u00a0<\/p>\r\n<p>\u00a0  <div role=\"form\" class=\"wpcf7\" id=\"wpcf7-f6493-o1\" lang=\"en-US\" dir=\"ltr\">\n<div class=\"screen-reader-response\"><p role=\"status\" aria-live=\"polite\" aria-atomic=\"true\"><\/p> <ul><\/ul><\/div>\n<form action=\"\/es\/wp-json\/wp\/v2\/pages\/6424#wpcf7-f6493-o1\" method=\"post\" class=\"wpcf7-form init\" novalidate=\"novalidate\" data-status=\"init\">\n<div style=\"display: none;\">\n<input type=\"hidden\" name=\"_wpcf7\" value=\"6493\" \/>\n<input type=\"hidden\" name=\"_wpcf7_version\" value=\"5.5.6.1\" \/>\n<input type=\"hidden\" name=\"_wpcf7_locale\" value=\"en_US\" \/>\n<input type=\"hidden\" name=\"_wpcf7_unit_tag\" value=\"wpcf7-f6493-o1\" \/>\n<input type=\"hidden\" name=\"_wpcf7_container_post\" value=\"0\" \/>\n<input type=\"hidden\" name=\"_wpcf7_posted_data_hash\" value=\"\" \/>\n<input type=\"hidden\" name=\"_wpcf7_recaptcha_response\" value=\"\" \/>\n<\/div>\n<p><label>Nombre<br \/>\n   <span class=\"wpcf7-form-control-wrap name-002\"><input type=\"text\" name=\"name-002\" value=\"\" size=\"40\" class=\"wpcf7-form-control wpcf7-text wpcf7-validates-as-required\" id=\"name-002\" aria-required=\"true\" aria-invalid=\"false\" \/><\/span><\/label><\/p>\n<p><label>Tel\u00e9fono<br \/>\n  <span class=\"wpcf7-form-control-wrap tel-002\"><input type=\"tel\" name=\"tel-002\" value=\"\" size=\"40\" class=\"wpcf7-form-control wpcf7-text wpcf7-tel wpcf7-validates-as-required wpcf7-validates-as-tel\" id=\"tel-001\" aria-required=\"true\" aria-invalid=\"false\" \/><\/span><\/label><\/p>\n<p><label> Email<br \/>\n  <span class=\"wpcf7-form-control-wrap email-002\"><input type=\"email\" name=\"email-002\" value=\"\" size=\"40\" class=\"wpcf7-form-control wpcf7-text wpcf7-email wpcf7-validates-as-required wpcf7-validates-as-email\" aria-required=\"true\" aria-invalid=\"false\" \/><\/span> <\/label><\/p>\n<p><label> N\u00famero de personas<br \/>\n  <span class=\"wpcf7-form-control-wrap number-001\"><input type=\"number\" name=\"number-001\" value=\"\" class=\"wpcf7-form-control wpcf7-number wpcf7-validates-as-required wpcf7-validates-as-number\" aria-required=\"true\" aria-invalid=\"false\" \/><\/span><\/label><\/p>\n<p><label> Fecha de llegada deseada<br \/>\n  <span class=\"wpcf7-form-control-wrap date-001\"><input type=\"date\" name=\"date-001\" value=\"\" class=\"wpcf7-form-control wpcf7-date wpcf7-validates-as-required wpcf7-validates-as-date\" aria-required=\"true\" aria-invalid=\"false\" \/><\/span><\/label><\/p>\n<p><label> Fecha de salida deseada<br \/>\n  <span class=\"wpcf7-form-control-wrap date-002\"><input type=\"date\" name=\"date-002\" value=\"\" class=\"wpcf7-form-control wpcf7-date wpcf7-validates-as-required wpcf7-validates-as-date\" aria-required=\"true\" aria-invalid=\"false\" \/><\/span><\/label><\/p>\n<p><label> Mensaje<br \/>\nPor ejemplo: \u00bfQu\u00e9 informaci\u00f3n le gustar\u00eda recibir? \u00bfQu\u00e9 preguntas le gustar\u00eda que le respondieran? Si nos cuenta m\u00e1s sobre la composici\u00f3n de su grupo (como amigos, familiares, ni\u00f1os, beb\u00e9s) o el motivo de su estancia (como una fiesta o aniversario) podremos brindarle informaci\u00f3n m\u00e1s espec\u00edfica.<\/p>\n<p>  <span class=\"wpcf7-form-control-wrap message-002\"><textarea name=\"message-002\" cols=\"40\" rows=\"10\" class=\"wpcf7-form-control wpcf7-textarea wpcf7-validates-as-required\" id=\"message-002\" aria-required=\"true\" aria-invalid=\"false\"><\/textarea><\/span> <\/label><\/p>\n<p><label> Resuelve el siguiente problema para demostrar que no eres un robot<br \/>\n   <span class=\"wpcf7-form-control-wrap random-math-quiz\"><label><span class=\"wpcf7-quiz-label\">2+8=?<\/span> <input type=\"text\" name=\"random-math-quiz\" size=\"40\" class=\"wpcf7-form-control wpcf7-quiz\" autocomplete=\"off\" aria-required=\"true\" aria-invalid=\"false\" \/><\/label><input type=\"hidden\" name=\"_wpcf7_quiz_answer_random-math-quiz\" value=\"ab680eeb28a71f2768ffb4a25d5ba986\" \/><\/span><\/label><\/p>\n<p>  <input type=\"submit\" value=\"Enviar\" class=\"wpcf7-form-control has-spinner wpcf7-submit\" id=\"send\" \/><\/p>\n<div class=\"wpcf7-response-output\" aria-hidden=\"true\"><\/div><\/form><\/div><\/p>\r\n<p><!-- \/wp:heading --><\/p>\r\n<p><!-- wp:paragraph --><\/p>\r\n<p>&nbsp;<\/p>\r\n<p><!-- wp:paragraph --><\/p>\r\n<div  class=\"lgc-column lgc-grid-parent lgc-grid-60 lgc-tablet-grid-60 lgc-mobile-grid-100 lgc-equal-heights \"><div  class=\"inside-grid-column\"><\/div><\/div>\r\n<p><!-- \/wp:paragraph --><\/p>\r\n<div style=\"font-size: 16px;\">\u00a0 \u00a0 \u00a0 \u00a0Disponibilidad villa Almazara<\/div>\r\n<div>\u00a0<\/div>\r\n<div><iframe loading=\"lazy\" src=\"https:\/\/sunseasleep.com\/mystuff\/sss-calendar.php?alias=Almazara\" width=\"350\" height=\"350\" frameborder=\"0\"><\/iframe>\u00a0<!-- wp:paragraph --><\/div>\r\n<div  class=\"lgc-column lgc-grid-parent lgc-grid-40 lgc-tablet-grid-40 lgc-mobile-grid-100 lgc-equal-heights \"><div  class=\"inside-grid-column\"><\/div><\/div><div class=\"lgc-clear\"><\/div>\r\n<!--\r\n<div class=\"wp-block-columns\">\r\n<div class=\"wp-block-column\" style=\"flex-basis: 66.66%;\">[lgc_column grid=\"60\" tablet_grid=\"60\" mobile_grid=\"100\" last=\"false\"][ape-gallery 1254][\/lgc_column]<\/div>\r\n<\/div>\r\n-->","protected":false},"excerpt":{"rendered":"<p>Villa Almazara Bienvenido a la villa Almazara Una villa de lujo con impresionantes vistas al valle.Con un total de 6 dormitorios, esta villa puede alojar hasta 13 personas.La villa est\u00e1 elegantemente amueblada y es ideal para que familias y amigos disfruten del tiempo juntos. En la villa es f\u00e1cil relajarse, descansar en la piscina, tomar [&hellip;]<\/p>\n","protected":false},"author":1,"featured_media":0,"parent":0,"menu_order":0,"comment_status":"closed","ping_status":"closed","template":"","meta":{"_monsterinsights_skip_tracking":false,"_monsterinsights_sitenote_active":false,"_monsterinsights_sitenote_note":"","_monsterinsights_sitenote_category":0,"footnotes":""},"class_list":["post-6424","page","type-page","status-publish","hentry"],"yoast_head":"<!-- This site is optimized with the Yoast SEO plugin v16.1.1 - https:\/\/yoast.com\/wordpress\/plugins\/seo\/ -->\n<title>Villa Almazara - Sun Sea Sleep<\/title>\n<link rel=\"canonical\" href=\"https:\/\/sunseasleep.com\/villa-almazara\/\" \/>\n<meta property=\"og:locale\" content=\"es_ES\" \/>\n<meta property=\"og:type\" content=\"article\" \/>\n<meta property=\"og:title\" content=\"Villa Almazara - Sun Sea Sleep\" \/>\n<meta property=\"og:description\" content=\"Villa Almazara Bienvenido a la villa Almazara Una villa de lujo con impresionantes vistas al valle.Con un total de 6 dormitorios, esta villa puede alojar hasta 13 personas.La villa est\u00e1 elegantemente amueblada y es ideal para que familias y amigos disfruten del tiempo juntos. En la villa es f\u00e1cil relajarse, descansar en la piscina, tomar [&hellip;]\" \/>\n<meta property=\"og:url\" content=\"https:\/\/sunseasleep.com\/villa-almazara\/\" \/>\n<meta property=\"og:site_name\" content=\"Sun Sea Sleep\" \/>\n<meta property=\"article:modified_time\" content=\"2026-01-04T19:23:35+00:00\" \/>\n<meta name=\"twitter:card\" content=\"summary_large_image\" \/>\n<meta name=\"twitter:label1\" content=\"Tiempo de lectura\">\n\t<meta name=\"twitter:data1\" content=\"12 minutos\">\n<script type=\"application\/ld+json\" class=\"yoast-schema-graph\">{\"@context\":\"https:\/\/schema.org\",\"@graph\":[{\"@type\":\"WebSite\",\"@id\":\"https:\/\/sunseasleep.com\/nl\/#website\",\"url\":\"https:\/\/sunseasleep.com\/nl\/\",\"name\":\"Sun Sea Sleep\",\"description\":\"Sun Sea Sleep\",\"potentialAction\":[{\"@type\":\"SearchAction\",\"target\":\"https:\/\/sunseasleep.com\/nl\/?s={search_term_string}\",\"query-input\":\"required name=search_term_string\"}],\"inLanguage\":\"es\"},{\"@type\":\"WebPage\",\"@id\":\"https:\/\/sunseasleep.com\/villa-almazara\/#webpage\",\"url\":\"https:\/\/sunseasleep.com\/villa-almazara\/\",\"name\":\"Villa Almazara - Sun Sea Sleep\",\"isPartOf\":{\"@id\":\"https:\/\/sunseasleep.com\/nl\/#website\"},\"datePublished\":\"2025-05-30T05:40:33+00:00\",\"dateModified\":\"2026-01-04T19:23:35+00:00\",\"breadcrumb\":{\"@id\":\"https:\/\/sunseasleep.com\/villa-almazara\/#breadcrumb\"},\"inLanguage\":\"es\",\"potentialAction\":[{\"@type\":\"ReadAction\",\"target\":[\"https:\/\/sunseasleep.com\/villa-almazara\/\"]}]},{\"@type\":\"BreadcrumbList\",\"@id\":\"https:\/\/sunseasleep.com\/villa-almazara\/#breadcrumb\",\"itemListElement\":[{\"@type\":\"ListItem\",\"position\":1,\"item\":{\"@type\":\"WebPage\",\"@id\":\"https:\/\/sunseasleep.com\/villa-almazara\/\",\"url\":\"https:\/\/sunseasleep.com\/villa-almazara\/\",\"name\":\"Villa Almazara\"}}]}]}<\/script>\n<!-- \/ Yoast SEO plugin. -->","_links":{"self":[{"href":"https:\/\/sunseasleep.com\/es\/wp-json\/wp\/v2\/pages\/6424","targetHints":{"allow":["GET"]}}],"collection":[{"href":"https:\/\/sunseasleep.com\/es\/wp-json\/wp\/v2\/pages"}],"about":[{"href":"https:\/\/sunseasleep.com\/es\/wp-json\/wp\/v2\/types\/page"}],"author":[{"embeddable":true,"href":"https:\/\/sunseasleep.com\/es\/wp-json\/wp\/v2\/users\/1"}],"replies":[{"embeddable":true,"href":"https:\/\/sunseasleep.com\/es\/wp-json\/wp\/v2\/comments?post=6424"}],"version-history":[{"count":32,"href":"https:\/\/sunseasleep.com\/es\/wp-json\/wp\/v2\/pages\/6424\/revisions"}],"predecessor-version":[{"id":8453,"href":"https:\/\/sunseasleep.com\/es\/wp-json\/wp\/v2\/pages\/6424\/revisions\/8453"}],"wp:attachment":[{"href":"https:\/\/sunseasleep.com\/es\/wp-json\/wp\/v2\/media?parent=6424"}],"curies":[{"name":"wp","href":"https:\/\/api.w.org\/{rel}","templated":true}]}}