{"id":296,"date":"2021-04-16T02:18:41","date_gmt":"2021-04-16T00:18:41","guid":{"rendered":"http:\/\/sunseasleep.com\/?page_id=296"},"modified":"2021-12-17T09:54:07","modified_gmt":"2021-12-17T08:54:07","slug":"activities","status":"publish","type":"page","link":"https:\/\/sunseasleep.com\/es\/activities\/","title":{"rendered":"Actividades"},"content":{"rendered":"<p><\/p>\r\n<h2><span style=\"color: #333a56;\">Actividades<\/span><\/h2>\r\n<p>Benissa, la vall de Pop y la Costa Blanca son muy vers\u00e1tiles y hay mucho que hacer.<br \/><br \/><\/p>\r\n<h5><span style=\"color: #333a56;\">Ciclismo &#8211; Bicicleta de monta<span class=\"Y2IQFc\" lang=\"es\">\u00f1<\/span>a<\/span><\/h5>\r\n<p id=\"tw-target-text\" class=\"tw-data-text tw-text-large tw-ta\" dir=\"ltr\" data-placeholder=\"Vertaling\"><span class=\"Y2IQFc\" lang=\"es\"> Una de las actividades m\u00e1s populares en esta regi\u00f3n es el ciclismo, ya sea que sea un ciclista o un entusiasta del ciclismo de monta\u00f1a, \u00a1este es el lugar para estar!<br \/>El paisaje de monta\u00f1a es ideal para los amantes del deporte y ofrece desaf\u00edos para todos los niveles.<br \/>Para muchos ciclistas, la &#8216;Sierra Bernia&#8217; es un punto culminante fant\u00e1stico y tambi\u00e9n hay mucha variaci\u00f3n con las otras monta\u00f1as alrededor de la Vall de Pop. Gran esfuerzo con ascensos desafiantes, vistas impresionantes despu\u00e9s de varias curvas cerradas, aqu\u00ed en el Valle del Pop est\u00e1s rodeado de naturaleza y parece que las monta\u00f1as est\u00e1n hechas para andar en bicicleta. Cada a\u00f1o, muchos atletas de \u00e9lite vienen aqu\u00ed para el campo de entrenamiento y en preparaci\u00f3n para la temporada de ciclismo.<br \/>Lo mismo ocurre con el ciclismo de monta\u00f1a, este es el lugar adecuado para dejarse llevar.<br \/>De hecho, debido a que Sun Sea Sleep se encuentra en la cima de una monta\u00f1a, aqu\u00ed pasan varios senderos para bicicletas de monta\u00f1a. Qu\u00e9 lindo es terminar aqu\u00ed en tu propio alojamiento despu\u00e9s de un gran desaf\u00edo y darte un merecido chapuz\u00f3n en la piscina.<br \/>Tambi\u00e9n es posible disfrutar aqu\u00ed de un desayuno en bicicleta adaptado, en el que adaptamos el desayuno a las actividades a realizar en consulta.<br \/>Si est\u00e1 interesado en el ciclismo aqu\u00ed, consulte nuestro <a href=\"https:\/\/sunseasleep.com\/cycling\/\">paquete especial de bicicletas<\/a>.<\/span><\/p>\r\n<p>&nbsp;<\/p>\r\n<h5><span style=\"color: #333a56;\">Andar<\/span><\/h5>\r\n<p id=\"tw-target-text\" class=\"tw-data-text tw-text-large tw-ta\" dir=\"ltr\" data-placeholder=\"Vertaling\"><span class=\"Y2IQFc\" lang=\"es\">Con una abundancia de naturaleza verde, no es de extra\u00f1ar que tambi\u00e9n sea el m\u00e1ximo disfrute para los excursionistas. Hay varias rutas de senderismo que var\u00edan en longitud y altura, y existe una ruta adecuada para quien quiera relajarse. Hay incre\u00edbles vistas desde los picos de las monta\u00f1as, espectaculares formaciones rocosas, sorprendentes terrazas monta\u00f1osas y senderos hist\u00f3ricos a lo largo de los r\u00edos. Lo que lo hace a\u00fan m\u00e1s interesante son las numerosas rutas tem\u00e1ticas. Por ejemplo, est\u00e1 la &#8216;ruta de los castillos&#8217; que pasa por castillos, iglesias y capillas que no solo se encuentran en los t\u00edpicos pueblos de monta\u00f1a espa\u00f1oles, sino tambi\u00e9n realmente en medio de la naturaleza. La &#8216;ruta del vino&#8217; a lo largo de almendros, vi\u00f1edos y aut\u00e9nticas bodegas \/ fincas y bodegas tambi\u00e9n es ideal para combinar otros aspectos. Si te interesa m\u00e1s la naturaleza junto al mar, existe la &#8216;ruta ecol\u00f3gica de la costa&#8217; que te ofrece unas fant\u00e1sticas vistas a lo largo de la costa entre Calp y Benissa. Esta ruta tiene un sendero natural que muestra informaci\u00f3n cultural y geol\u00f3gica a lo largo del camino.<br \/>Tambi\u00e9n hay rutas por cascadas, ruinas, cuevas, monumentos y parques nacionales.<br \/>Durante una estancia en Sun Sleep, estaremos encantados de ofrecerle consejos e informaci\u00f3n sobre rutas de senderismo espec\u00edficas.<\/span><\/p>\r\n<p>&nbsp;<\/p>\r\n<h5><span style=\"color: #333a56;\">Deportes aqu\u00e1ticos<\/span><\/h5>\r\n<p id=\"tw-target-text\" class=\"tw-data-text tw-text-large tw-ta\" dir=\"ltr\" data-placeholder=\"Vertaling\"><span class=\"Y2IQFc\" lang=\"es\">Desde Sun Sea Sleep est\u00e1 a 10 minutos en coche del mar Mediterr\u00e1neo, donde hay docenas de opciones para practicar deportes acu\u00e1ticos. Hay varios centros de deportes acu\u00e1ticos que estar\u00e1n encantados de organizar actividades acu\u00e1ticas para usted. Debido a que hay tantas actividades en, dentro y bajo el agua, nombramos las m\u00e1s populares aqu\u00ed: surf, windsurf, jet ski, pirag\u00fcismo, kayak, supping (remo de pie), buceo, snorkel, pesca en alta mar, vela, catamar\u00e1n y paseos en barco.<br \/>Para amplia informaci\u00f3n y organizaciones especializadas cons\u00faltanos personalmente durante tu estancia en Sun Sea Sleep.<\/span><\/p>\r\n<p>&nbsp;<\/p>\r\n<h5><span style=\"color: #333a56;\">Muchas otras actividades<\/span><\/h5>\r\n<p id=\"tw-target-text\" class=\"tw-data-text tw-text-large tw-ta\" dir=\"ltr\" data-placeholder=\"Vertaling\"><span class=\"Y2IQFc\" lang=\"es\">En las cercan\u00edas de Sun Sea Sleep hay muchas otras cosas que hacer, ver y experimentar adem\u00e1s de las actividades mencionadas anteriormente. A continuaci\u00f3n se muestra una lista de otras actividades y lugares de inter\u00e9s que definitivamente merecen una visita:<\/span><\/p>\r\n<ul>\r\n<li class=\"tw-data-text tw-text-large tw-ta\" dir=\"ltr\" data-placeholder=\"Vertaling\"><span class=\"Y2IQFc\" lang=\"es\">Mercados y Brocantes<\/span><\/li>\r\n<li class=\"tw-data-text tw-text-large tw-ta\" dir=\"ltr\" data-placeholder=\"Vertaling\"><span class=\"Y2IQFc\" lang=\"es\">Muchas hermosas playas y calas<\/span><\/li>\r\n<li class=\"tw-data-text tw-text-large tw-ta\" dir=\"ltr\" data-placeholder=\"Vertaling\"><span class=\"Y2IQFc\" lang=\"es\">Golf<\/span><\/li>\r\n<li class=\"tw-data-text tw-text-large tw-ta\" dir=\"ltr\" data-placeholder=\"Vertaling\"><span class=\"Y2IQFc\" lang=\"es\">Equitaci\u00f3n<\/span><\/li>\r\n<li class=\"tw-data-text tw-text-large tw-ta\" dir=\"ltr\" data-placeholder=\"Vertaling\"><span class=\"Y2IQFc\" lang=\"es\">Parques de atracciones y parques acu\u00e1ticos<\/span><\/li>\r\n<li class=\"tw-data-text tw-text-large tw-ta\" dir=\"ltr\" data-placeholder=\"Vertaling\"><span class=\"Y2IQFc\" lang=\"es\">Las cascadas del Algar<\/span><\/li>\r\n<li class=\"tw-data-text tw-text-large tw-ta\" dir=\"ltr\" data-placeholder=\"Vertaling\"><span class=\"Y2IQFc\" lang=\"es\">Tenis<\/span><\/li>\r\n<\/ul>\r\n<p>&nbsp;<\/p>\r\n<p><\/p>\r\n<p><img loading=\"lazy\" decoding=\"async\" class=\"alignnone wp-image-1180 size-large\" src=\"http:\/\/sunseasleep.com\/wp-content\/uploads\/2021\/05\/activities-1024x1024.jpg\" alt=\"\" width=\"1024\" height=\"1024\" srcset=\"https:\/\/sunseasleep.com\/wp-content\/uploads\/2021\/05\/activities-1024x1024.jpg 1024w, https:\/\/sunseasleep.com\/wp-content\/uploads\/2021\/05\/activities-300x300.jpg 300w, https:\/\/sunseasleep.com\/wp-content\/uploads\/2021\/05\/activities-150x150.jpg 150w, https:\/\/sunseasleep.com\/wp-content\/uploads\/2021\/05\/activities-768x768.jpg 768w, https:\/\/sunseasleep.com\/wp-content\/uploads\/2021\/05\/activities-1536x1536.jpg 1536w, https:\/\/sunseasleep.com\/wp-content\/uploads\/2021\/05\/activities-2048x2048.jpg 2048w, https:\/\/sunseasleep.com\/wp-content\/uploads\/2021\/05\/activities-700x700.jpg 700w, https:\/\/sunseasleep.com\/wp-content\/uploads\/2021\/05\/activities-410x410.jpg 410w, https:\/\/sunseasleep.com\/wp-content\/uploads\/2021\/05\/activities-100x100.jpg 100w, https:\/\/sunseasleep.com\/wp-content\/uploads\/2021\/05\/activities-275x275.jpg 275w\" sizes=\"auto, (max-width: 1024px) 100vw, 1024px\" \/><\/p>\r\n<p>&nbsp;<\/p>\r\n<div data-post-id='550' class='insert-page insert-page-550 '><h2 class=\"has-text-align-center\" style=\"text-align: left;\"><span class=\"has-inline-color has-luminous-vivid-amber-color\"><\/span><span class=\"Y2IQFc\" lang=\"es\">Cont\u00e1ctenos<\/span><span class=\"has-inline-color has-luminous-vivid-amber-color\"><\/span><\/h2>\r\n<div role=\"form\" class=\"wpcf7\" id=\"wpcf7-f526-p550-o1\" lang=\"en-US\" dir=\"ltr\">\n<div class=\"screen-reader-response\"><p role=\"status\" aria-live=\"polite\" aria-atomic=\"true\"><\/p> <ul><\/ul><\/div>\n<form action=\"\/es\/wp-json\/wp\/v2\/pages\/296#wpcf7-f526-p550-o1\" method=\"post\" class=\"wpcf7-form init\" novalidate=\"novalidate\" data-status=\"init\">\n<div style=\"display: none;\">\n<input type=\"hidden\" name=\"_wpcf7\" value=\"526\" \/>\n<input type=\"hidden\" name=\"_wpcf7_version\" value=\"5.5.6.1\" \/>\n<input type=\"hidden\" name=\"_wpcf7_locale\" value=\"en_US\" \/>\n<input type=\"hidden\" name=\"_wpcf7_unit_tag\" value=\"wpcf7-f526-p550-o1\" \/>\n<input type=\"hidden\" name=\"_wpcf7_container_post\" value=\"550\" \/>\n<input type=\"hidden\" name=\"_wpcf7_posted_data_hash\" value=\"\" \/>\n<input type=\"hidden\" name=\"_wpcf7_recaptcha_response\" value=\"\" \/>\n<\/div>\n<p><label>Nombre<br \/>\n   <span class=\"wpcf7-form-control-wrap name-002\"><input type=\"text\" name=\"name-002\" value=\"\" size=\"40\" class=\"wpcf7-form-control wpcf7-text wpcf7-validates-as-required\" id=\"name-002\" aria-required=\"true\" aria-invalid=\"false\" \/><\/span><\/label><\/p>\n<p><label>Tel\u00e9fono<br \/>\n  <span class=\"wpcf7-form-control-wrap tel-002\"><input type=\"tel\" name=\"tel-002\" value=\"\" size=\"40\" class=\"wpcf7-form-control wpcf7-text wpcf7-tel wpcf7-validates-as-required wpcf7-validates-as-tel\" id=\"tel-001\" aria-required=\"true\" aria-invalid=\"false\" \/><\/span><\/label><\/p>\n<p><label> Email<br \/>\n  <span class=\"wpcf7-form-control-wrap email-002\"><input type=\"email\" name=\"email-002\" value=\"\" size=\"40\" class=\"wpcf7-form-control wpcf7-text wpcf7-email wpcf7-validates-as-required wpcf7-validates-as-email\" aria-required=\"true\" aria-invalid=\"false\" \/><\/span> <\/label><\/p>\n<p><label> Mensaje<br \/>\n  <span class=\"wpcf7-form-control-wrap message-002\"><textarea name=\"message-002\" cols=\"40\" rows=\"10\" class=\"wpcf7-form-control wpcf7-textarea wpcf7-validates-as-required\" id=\"message-002\" aria-required=\"true\" aria-invalid=\"false\"><\/textarea><\/span> <\/label><\/p>\n<p><label> Resuelve el siguiente problema para demostrar que no eres un robot<br \/>\n   <span class=\"wpcf7-form-control-wrap random-math-quiz\"><label><span class=\"wpcf7-quiz-label\">4x4=?<\/span> <input type=\"text\" name=\"random-math-quiz\" size=\"40\" class=\"wpcf7-form-control wpcf7-quiz\" autocomplete=\"off\" aria-required=\"true\" aria-invalid=\"false\" \/><\/label><input type=\"hidden\" name=\"_wpcf7_quiz_answer_random-math-quiz\" value=\"c8242730d587ea4f028cf6735bf8c356\" \/><\/span><\/label><\/p>\n<p>  <input type=\"submit\" value=\"Enviar\" class=\"wpcf7-form-control has-spinner wpcf7-submit\" id=\"send\" \/><\/p>\n<div class=\"wpcf7-response-output\" aria-hidden=\"true\"><\/div><\/form><\/div><\/div>","protected":false},"excerpt":{"rendered":"<p>Actividades Benissa, la vall de Pop y la Costa Blanca son muy vers\u00e1tiles y hay mucho que hacer. Ciclismo &#8211; Bicicleta de monta\u00f1a Una de las actividades m\u00e1s populares en esta regi\u00f3n es el ciclismo, ya sea que sea un ciclista o un entusiasta del ciclismo de monta\u00f1a, \u00a1este es el lugar para estar!El paisaje [&hellip;]<\/p>\n","protected":false},"author":1,"featured_media":0,"parent":0,"menu_order":0,"comment_status":"closed","ping_status":"closed","template":"page-templates\/page_fullwidth.php","meta":{"_monsterinsights_skip_tracking":false,"_monsterinsights_sitenote_active":false,"_monsterinsights_sitenote_note":"","_monsterinsights_sitenote_category":0,"footnotes":""},"class_list":["post-296","page","type-page","status-publish","hentry"],"yoast_head":"<!-- This site is optimized with the Yoast SEO plugin v16.1.1 - https:\/\/yoast.com\/wordpress\/plugins\/seo\/ -->\n<title>Actividades - Sun Sea Sleep<\/title>\n<link rel=\"canonical\" href=\"https:\/\/sunseasleep.com\/activities\/\" \/>\n<meta property=\"og:locale\" content=\"es_ES\" \/>\n<meta property=\"og:type\" content=\"article\" \/>\n<meta property=\"og:title\" content=\"Actividades - Sun Sea Sleep\" \/>\n<meta property=\"og:description\" content=\"Actividades Benissa, la vall de Pop y la Costa Blanca son muy vers\u00e1tiles y hay mucho que hacer. Ciclismo &#8211; Bicicleta de monta\u00f1a Una de las actividades m\u00e1s populares en esta regi\u00f3n es el ciclismo, ya sea que sea un ciclista o un entusiasta del ciclismo de monta\u00f1a, \u00a1este es el lugar para estar!El paisaje [&hellip;]\" \/>\n<meta property=\"og:url\" content=\"https:\/\/sunseasleep.com\/activities\/\" \/>\n<meta property=\"og:site_name\" content=\"Sun Sea Sleep\" \/>\n<meta property=\"article:modified_time\" content=\"2021-12-17T08:54:07+00:00\" \/>\n<meta property=\"og:image\" content=\"http:\/\/sunseasleep.com\/wp-content\/uploads\/2021\/05\/activities-1024x1024.jpg\" \/>\n<meta name=\"twitter:card\" content=\"summary_large_image\" \/>\n<meta name=\"twitter:label1\" content=\"Tiempo de lectura\">\n\t<meta name=\"twitter:data1\" content=\"11 minutos\">\n<script type=\"application\/ld+json\" class=\"yoast-schema-graph\">{\"@context\":\"https:\/\/schema.org\",\"@graph\":[{\"@type\":\"WebSite\",\"@id\":\"https:\/\/sunseasleep.com\/nl\/#website\",\"url\":\"https:\/\/sunseasleep.com\/nl\/\",\"name\":\"Sun Sea Sleep\",\"description\":\"Sun Sea Sleep\",\"potentialAction\":[{\"@type\":\"SearchAction\",\"target\":\"https:\/\/sunseasleep.com\/nl\/?s={search_term_string}\",\"query-input\":\"required name=search_term_string\"}],\"inLanguage\":\"es\"},{\"@type\":\"ImageObject\",\"@id\":\"https:\/\/sunseasleep.com\/activities\/#primaryimage\",\"inLanguage\":\"es\",\"url\":\"http:\/\/sunseasleep.com\/wp-content\/uploads\/2021\/05\/activities-1024x1024.jpg\",\"contentUrl\":\"http:\/\/sunseasleep.com\/wp-content\/uploads\/2021\/05\/activities-1024x1024.jpg\"},{\"@type\":\"WebPage\",\"@id\":\"https:\/\/sunseasleep.com\/activities\/#webpage\",\"url\":\"https:\/\/sunseasleep.com\/activities\/\",\"name\":\"[:nl]Activiteiten[:en]Activities[:de]Aktivit\\u00e4ten[:es]Actividades[:] - Sun Sea Sleep\",\"isPartOf\":{\"@id\":\"https:\/\/sunseasleep.com\/nl\/#website\"},\"primaryImageOfPage\":{\"@id\":\"https:\/\/sunseasleep.com\/activities\/#primaryimage\"},\"datePublished\":\"2021-04-16T00:18:41+00:00\",\"dateModified\":\"2021-12-17T08:54:07+00:00\",\"breadcrumb\":{\"@id\":\"https:\/\/sunseasleep.com\/activities\/#breadcrumb\"},\"inLanguage\":\"es\",\"potentialAction\":[{\"@type\":\"ReadAction\",\"target\":[\"https:\/\/sunseasleep.com\/activities\/\"]}]},{\"@type\":\"BreadcrumbList\",\"@id\":\"https:\/\/sunseasleep.com\/activities\/#breadcrumb\",\"itemListElement\":[{\"@type\":\"ListItem\",\"position\":1,\"item\":{\"@type\":\"WebPage\",\"@id\":\"https:\/\/sunseasleep.com\/activities\/\",\"url\":\"https:\/\/sunseasleep.com\/activities\/\",\"name\":\"Activiteiten\"}}]}]}<\/script>\n<!-- \/ Yoast SEO plugin. -->","_links":{"self":[{"href":"https:\/\/sunseasleep.com\/es\/wp-json\/wp\/v2\/pages\/296","targetHints":{"allow":["GET"]}}],"collection":[{"href":"https:\/\/sunseasleep.com\/es\/wp-json\/wp\/v2\/pages"}],"about":[{"href":"https:\/\/sunseasleep.com\/es\/wp-json\/wp\/v2\/types\/page"}],"author":[{"embeddable":true,"href":"https:\/\/sunseasleep.com\/es\/wp-json\/wp\/v2\/users\/1"}],"replies":[{"embeddable":true,"href":"https:\/\/sunseasleep.com\/es\/wp-json\/wp\/v2\/comments?post=296"}],"version-history":[{"count":7,"href":"https:\/\/sunseasleep.com\/es\/wp-json\/wp\/v2\/pages\/296\/revisions"}],"predecessor-version":[{"id":1795,"href":"https:\/\/sunseasleep.com\/es\/wp-json\/wp\/v2\/pages\/296\/revisions\/1795"}],"wp:attachment":[{"href":"https:\/\/sunseasleep.com\/es\/wp-json\/wp\/v2\/media?parent=296"}],"curies":[{"name":"wp","href":"https:\/\/api.w.org\/{rel}","templated":true}]}}