{"id":1365,"date":"2021-07-04T16:58:04","date_gmt":"2021-07-04T14:58:04","guid":{"rendered":"https:\/\/sunseasleep.com\/?page_id=1365"},"modified":"2025-11-12T17:07:08","modified_gmt":"2025-11-12T16:07:08","slug":"apartment","status":"publish","type":"page","link":"https:\/\/sunseasleep.com\/es\/apartment\/","title":{"rendered":"Apartamentos"},"content":{"rendered":"<p><\/p>\r\n<h3><span style=\"color: #333a56;\">Apartamentos<\/span><\/h3>\r\n<p dir=\"ltr\" data-placeholder=\"Vertaling\"><span class=\"Y2IQFc\" lang=\"es\">Sun Sea Sleep ofrece (adem\u00e1s del B&amp;B) dos apartamentos, ambos ubicados en la planta baja.<br \/>La estancia en uno de los apartamentos incluye el uso de todas las instalaciones de Sun Sea Sleep (como la gran piscina, el bar exterior y la zona de barbacoa, el parque infantil, el patio, todas las terrazas, etc.).<br \/>Es posible que haya m\u00e1s hu\u00e9spedes alojados en la propiedad, por lo que las instalaciones mencionadas podr\u00edan compartirse.<\/span><\/p>\r\n<p dir=\"ltr\" data-placeholder=\"Vertaling\">\u00a0<\/p>\r\n<h4 dir=\"ltr\" data-placeholder=\"Vertaling\">Apartamento A<\/h4>\r\n<p dir=\"ltr\" data-placeholder=\"Vertaling\"><span class=\"Y2IQFc\" lang=\"es\">Este es un espacioso apartamento de 2 dormitorios con 2 ba\u00f1os (1 en suite), una gran sala de estar con cocina abierta y su propia terraza privada con vistas espectaculares de las monta\u00f1as de la vall de Pop.<br \/><\/span><span class=\"Y2IQFc\" lang=\"es\">El dormitorio principal tiene una cama doble (queen size) y el otro dormitorio tiene 2 camas individuales (que tambi\u00e9n se pueden preparar como cama doble).<\/span><\/p>\r\n<p dir=\"ltr\" data-placeholder=\"Vertaling\"><span class=\"Y2IQFc\" lang=\"es\">Ambos dormitorios y el sal\u00f3n tienen aire acondicionado.<\/span><\/p>\r\n<p dir=\"ltr\" data-placeholder=\"Vertaling\"><span class=\"Y2IQFc\" lang=\"es\">La cocina est\u00e1 totalmente equipada, incluyendo lavavajillas, placa de inducci\u00f3n, cafetera Nespresso, horno, magnitron, nevera grande, congelador y todo lo necesario que debe tener una amplia cocina.<\/span><\/p>\r\n<p dir=\"ltr\" data-placeholder=\"Vertaling\"><span class=\"Y2IQFc\" lang=\"es\">Este apartamento es ideal para 4 personas, pero utilizando el sof\u00e1 cama del sal\u00f3n, tambi\u00e9n pueden alojarse c\u00f3modamente 6 personas.<\/span><\/p>\r\n<p dir=\"ltr\" data-placeholder=\"Vertaling\"><span class=\"Y2IQFc\" lang=\"es\">En ocasiones, es posible utilizar los servicios del B&amp;B del mismo alojamiento, como por ejemplo el abundante desayuno.<\/span><\/p>\r\n<p dir=\"ltr\" data-placeholder=\"Vertaling\">\u00a0<\/p>\r\n<h4 dir=\"ltr\" data-placeholder=\"Vertaling\">Apartamento B<\/h4>\r\n<p id=\"tw-target-text\" class=\"tw-data-text tw-text-large tw-ta\" dir=\"ltr\" data-placeholder=\"Vertaling\">Se trata de un apartamento de 2 dormitorios con 1 ba\u00f1o, un gran sal\u00f3n con cocina abierta y su propia terraza privada.<br \/>1 dormitorio tiene una cama doble (queen size) y el otro dormitorio tiene una litera m\u00e1s una cama individual.<\/p>\r\n<p class=\"tw-data-text tw-text-large tw-ta\" dir=\"ltr\" data-placeholder=\"Vertaling\">El departamento est\u00e1 equipado con 2 unidades de aire acondicionado (1 en la sala y 1 en el pasillo hacia los dormitorios).<\/p>\r\n<p class=\"tw-data-text tw-text-large tw-ta\" dir=\"ltr\" data-placeholder=\"Vertaling\">La cocina est\u00e1 totalmente equipada, incluyendo lavavajillas, placa de inducci\u00f3n, cafetera Nespresso, horno, microondas, frigor\u00edfico grande, congelador y todo lo necesario que debe tener una cocina extensa.<\/p>\r\n<p dir=\"ltr\" data-placeholder=\"Vertaling\"><span class=\"Y2IQFc\" lang=\"es\">Este apartamento es ideal para 5 personas, pero utilizando el sof\u00e1 cama del sal\u00f3n, tambi\u00e9n pueden alojarse c\u00f3modamente 6 personas.<\/span><\/p>\r\n<p dir=\"ltr\" data-placeholder=\"Vertaling\"><span class=\"Y2IQFc\" lang=\"es\">En ocasiones, es posible utilizar los servicios del B&amp;B del mismo alojamiento, como por ejemplo el abundante desayuno.<\/span><\/p>\r\n<p>&nbsp;<\/p>\r\n<h5><span style=\"color: #333a56;\">Precios:<\/span><\/h5>\r\n<p>A continuaci\u00f3n se muestran todos nuestros precios para 2026.<br \/>El precio depende del tama\u00f1o del grupo y (por supuesto) del per\u00edodo de estancia.<\/p>\r\n<p><span class=\"Y2IQFc\" lang=\"es\">La estancia m\u00ednima var\u00eda de 4 noches en temporada baja a 5 noches en temporada media.<br \/>(En temporada alta, los apartamentos no est\u00e1n disponibles).<\/span><\/p>\r\n<p><span class=\"Y2IQFc\" lang=\"es\">Los precios que figuran a continuaci\u00f3n son por noche y se aplican al Apartamento A hasta 4 personas y al Apartamento B hasta 5 personas.<br \/>Para hu\u00e9spedes adicionales, se cobrar\u00e1 un suplemento de 25 \u20ac por persona y noche.<\/span><\/p>\r\n<table style=\"height: 833px;\" width=\"299\">\r\n<tbody>\r\n<tr>\r\n<td width=\"83\">\r\n<p style=\"text-align: center;\"><strong>2026<\/strong><\/p>\r\n<\/td>\r\n<td width=\"87\">\r\n<p style=\"text-align: center;\">Min. estancia<\/p>\r\n<\/td>\r\n<td width=\"79\">\r\n<p style=\"text-align: center;\">Precio<\/p>\r\n<\/td>\r\n<\/tr>\r\n<tr>\r\n<td width=\"83\">\r\n<p style=\"text-align: center;\">Enero<\/p>\r\n<\/td>\r\n<td width=\"87\">\r\n<p style=\"text-align: center;\">4<\/p>\r\n<\/td>\r\n<td width=\"79\">\r\n<p style=\"text-align: center;\">\u20ac 120<\/p>\r\n<\/td>\r\n<\/tr>\r\n<tr>\r\n<td width=\"83\">\r\n<p style=\"text-align: center;\">Febrero<\/p>\r\n<\/td>\r\n<td width=\"87\">\r\n<p style=\"text-align: center;\">4<\/p>\r\n<\/td>\r\n<td width=\"79\">\r\n<p style=\"text-align: center;\">\u20ac 120<\/p>\r\n<\/td>\r\n<\/tr>\r\n<tr>\r\n<td width=\"83\">\r\n<p style=\"text-align: center;\">Marzo<\/p>\r\n<\/td>\r\n<td width=\"87\">\r\n<p style=\"text-align: center;\">4<\/p>\r\n<\/td>\r\n<td width=\"79\">\r\n<p style=\"text-align: center;\">\u20ac 140<\/p>\r\n<\/td>\r\n<\/tr>\r\n<tr>\r\n<td width=\"83\">\r\n<p style=\"text-align: center;\">Abril<\/p>\r\n<\/td>\r\n<td width=\"87\">\r\n<p style=\"text-align: center;\">4<\/p>\r\n<\/td>\r\n<td width=\"79\">\r\n<p style=\"text-align: center;\">\u20ac 140<\/p>\r\n<\/td>\r\n<\/tr>\r\n<tr>\r\n<td width=\"83\">\r\n<p style=\"text-align: center;\">Mayo<\/p>\r\n<\/td>\r\n<td width=\"87\">\r\n<p style=\"text-align: center;\">4<\/p>\r\n<\/td>\r\n<td width=\"79\">\r\n<p style=\"text-align: center;\">\u20ac 150<\/p>\r\n<\/td>\r\n<\/tr>\r\n<tr>\r\n<td width=\"83\">\r\n<p style=\"text-align: center;\">Junio<\/p>\r\n<\/td>\r\n<td width=\"87\">\r\n<p style=\"text-align: center;\">5<\/p>\r\n<\/td>\r\n<td width=\"79\">\r\n<p style=\"text-align: center;\">\u20ac 160<\/p>\r\n<\/td>\r\n<\/tr>\r\n<tr>\r\n<td width=\"83\">\r\n<p style=\"text-align: center;\">Julio<\/p>\r\n<\/td>\r\n<td width=\"87\">\r\n<p style=\"text-align: center;\">\u00a0<\/p>\r\n<\/td>\r\n<td width=\"79\">\r\n<p style=\"text-align: center;\">n.a.<\/p>\r\n<\/td>\r\n<\/tr>\r\n<tr>\r\n<td width=\"83\">\r\n<p style=\"text-align: center;\">Agosto<\/p>\r\n<\/td>\r\n<td width=\"87\">\r\n<p style=\"text-align: center;\">\u00a0<\/p>\r\n<\/td>\r\n<td width=\"79\">\r\n<p style=\"text-align: center;\">n.a.<\/p>\r\n<\/td>\r\n<\/tr>\r\n<tr>\r\n<td width=\"83\">\r\n<p style=\"text-align: center;\">Septiembre<\/p>\r\n<\/td>\r\n<td width=\"87\">\r\n<p style=\"text-align: center;\">5<\/p>\r\n<\/td>\r\n<td width=\"79\">\r\n<p style=\"text-align: center;\">\u20ac 160<\/p>\r\n<\/td>\r\n<\/tr>\r\n<tr>\r\n<td width=\"83\">\r\n<p style=\"text-align: center;\">Octubre<\/p>\r\n<\/td>\r\n<td width=\"87\">\r\n<p style=\"text-align: center;\">4<\/p>\r\n<\/td>\r\n<td width=\"79\">\r\n<p style=\"text-align: center;\">\u20ac 150<\/p>\r\n<\/td>\r\n<\/tr>\r\n<tr>\r\n<td width=\"83\">\r\n<p style=\"text-align: center;\">Noviembre<\/p>\r\n<\/td>\r\n<td width=\"87\">\r\n<p style=\"text-align: center;\">4<\/p>\r\n<\/td>\r\n<td width=\"79\">\r\n<p style=\"text-align: center;\">\u20ac 120<\/p>\r\n<\/td>\r\n<\/tr>\r\n<tr>\r\n<td width=\"83\">\r\n<p style=\"text-align: center;\">Diciembre<\/p>\r\n<\/td>\r\n<td width=\"87\">\r\n<p style=\"text-align: center;\">4<\/p>\r\n<\/td>\r\n<td width=\"79\">\r\n<p style=\"text-align: center;\">\u20ac 120<\/p>\r\n<\/td>\r\n<\/tr>\r\n<\/tbody>\r\n<\/table>\r\n<p class=\"tw-data-text tw-text-large tw-ta\" dir=\"ltr\" data-placeholder=\"Vertaling\"><span class=\"Y2IQFc\" lang=\"es\">Todos los precios incluyen:<\/span><\/p>\r\n<ul>\r\n<li><span class=\"Y2IQFc\" lang=\"es\">Aire acondicionado, agua y luz<\/span><\/li>\r\n<li>Ropa de cama<\/li>\r\n<li><span class=\"Y2IQFc\" lang=\"es\">Toallas de ducha<\/span><\/li>\r\n<li><span class=\"Y2IQFc\" lang=\"es\">Limpieza intermedia (para estancias de m\u00e1s de 7 noches)<\/span><\/li>\r\n<li><span class=\"Y2IQFc\" lang=\"es\">WIFI<\/span><\/li>\r\n<li><span class=\"Y2IQFc\" lang=\"es\">Parking<\/span><\/li>\r\n<li><span class=\"Y2IQFc\" lang=\"es\">Impuesto<\/span><\/li>\r\n<li><span class=\"Y2IQFc\" lang=\"es\">Cuna<\/span><\/li>\r\n<\/ul>\r\n<p dir=\"ltr\" data-placeholder=\"Vertaling\">Los precios no incluyen:<\/p>\r\n<ul>\r\n<li><span class=\"Y2IQFc\" lang=\"es\">Limpieza finall; tarifa unica \u20ac100.<\/span><\/li>\r\n<\/ul>\r\n<p id=\"tw-target-text\" class=\"tw-data-text tw-text-large tw-ta\" dir=\"ltr\" data-placeholder=\"Vertaling\"><span class=\"Y2IQFc\" lang=\"es\"><br \/>Para m\u00e1s informaci\u00f3n cont\u00e1ctenos y para hacer una reserva haga <a href=\"https:\/\/sunseasleep.com\/reserveren-2\/\">clic aqu\u00ed.<\/a><\/span><\/p>\r\n<p dir=\"ltr\" data-placeholder=\"Vertaling\">\u00a0<\/p>\r\n<p><a class=\"wp-block-button__link has-vivid-green-cyan-color has-text-color\" style=\"color: #ffffff; background-color: #333a56;\" href=\"http:\/\/sunseasleep.com\/?page_id=835\" target=\"_blank\" rel=\"noreferrer noopener\">Reservar<\/a> \u00a0<\/p>\r\n<p>&nbsp;<\/p>\r\n<p> <div  class=\"lgc-column lgc-grid-parent lgc-grid-60 lgc-tablet-grid-60 lgc-mobile-grid-100 lgc-equal-heights \"><div  class=\"inside-grid-column\"><div id=\"Block_wpape_gallery_69e7af65f3684\" style=\"width:100%;margin: 0 auto;padding-left:5px;padding-top:5px;padding-right:5px;padding-bottom:5px; display: none;\"><div id=\"wpape_gallery_69e7af65f3684\" data-options=\"wpape_gallery_69e7af65f3684\" style=\"width:100%;\" class=\"wpape_gallery\"><div class=\"wpape-img category1101\"><div class=\"wpape-img-image  wpape-lightbox\"><div data-thumbnail=\"https:\/\/sunseasleep.com\/wp-content\/uploads\/2021\/05\/app-9-300x225.jpg\" title=\"Apartment entrance\" data-width=\"300\" data-height=\"225\"><\/div><div data-popup=\"https:\/\/sunseasleep.com\/wp-content\/uploads\/2021\/05\/app-9-scaled.jpg\"  title=\"Apartment entrance\"><\/div><div class=\"thumbnail-overlay\"><div class=\"wpapeTitle \">Apartment entrance<\/div><div class=\"wpapeIcons\"><i class=\"fa fa-search wpapeZoomIcon \"><\/i><\/div><\/div><\/div><\/div><div class=\"wpape-img category1101\"><div class=\"wpape-img-image  wpape-lightbox\"><div data-thumbnail=\"https:\/\/sunseasleep.com\/wp-content\/uploads\/2021\/05\/Welcome-at-the-apartment-300x225.jpg\" title=\"Terrace at the apartment\" data-width=\"300\" data-height=\"225\"><\/div><div data-popup=\"https:\/\/sunseasleep.com\/wp-content\/uploads\/2021\/05\/Welcome-at-the-apartment-scaled.jpg\"  title=\"Terrace at the apartment\"><\/div><div class=\"thumbnail-overlay\"><div class=\"wpapeTitle \">Terrace at the apartment<\/div><div class=\"wpapeIcons\"><i class=\"fa fa-search wpapeZoomIcon \"><\/i><\/div><\/div><\/div><\/div><div class=\"wpape-img category1101\"><div class=\"wpape-img-image  wpape-lightbox\"><div data-thumbnail=\"https:\/\/sunseasleep.com\/wp-content\/uploads\/2021\/05\/Private-terrace-with-mountain-view-300x225.jpg\" title=\"Private terrace with mountain view\" data-width=\"300\" data-height=\"225\"><\/div><div data-popup=\"https:\/\/sunseasleep.com\/wp-content\/uploads\/2021\/05\/Private-terrace-with-mountain-view-scaled.jpg\"  title=\"Private terrace with mountain view\"><\/div><div class=\"thumbnail-overlay\"><div class=\"wpapeTitle \">Private terrace with mountain view<\/div><div class=\"wpapeIcons\"><i class=\"fa fa-search wpapeZoomIcon \"><\/i><\/div><\/div><\/div><\/div><div class=\"wpape-img category1101\"><div class=\"wpape-img-image  wpape-lightbox\"><div data-thumbnail=\"https:\/\/sunseasleep.com\/wp-content\/uploads\/2021\/05\/app-11-300x225.jpg\" title=\"Living room\" data-width=\"300\" data-height=\"225\"><\/div><div data-popup=\"https:\/\/sunseasleep.com\/wp-content\/uploads\/2021\/05\/app-11-scaled.jpg\"  title=\"Living room\"><\/div><div class=\"thumbnail-overlay\"><div class=\"wpapeTitle \">Living room<\/div><div class=\"wpapeIcons\"><i class=\"fa fa-search wpapeZoomIcon \"><\/i><\/div><\/div><\/div><\/div><div class=\"wpape-img category1101\"><div class=\"wpape-img-image  wpape-lightbox\"><div data-thumbnail=\"https:\/\/sunseasleep.com\/wp-content\/uploads\/2021\/05\/app-2-300x225.jpg\" title=\"The view from bedroom 2\" data-width=\"300\" data-height=\"225\"><\/div><div data-popup=\"https:\/\/sunseasleep.com\/wp-content\/uploads\/2021\/05\/app-2-scaled.jpg\"  title=\"The view from bedroom 2\"><\/div><div class=\"thumbnail-overlay\"><div class=\"wpapeTitle \">The view from bedroom 2<\/div><div class=\"wpapeIcons\"><i class=\"fa fa-search wpapeZoomIcon \"><\/i><\/div><\/div><\/div><\/div><div class=\"wpape-img category1101\"><div class=\"wpape-img-image  wpape-lightbox\"><div data-thumbnail=\"https:\/\/sunseasleep.com\/wp-content\/uploads\/2021\/05\/app-4-300x225.jpg\" title=\"Bedroom 1\" data-width=\"300\" data-height=\"225\"><\/div><div data-popup=\"https:\/\/sunseasleep.com\/wp-content\/uploads\/2021\/05\/app-4-scaled.jpg\"  title=\"Bedroom 1\"><\/div><div class=\"thumbnail-overlay\"><div class=\"wpapeTitle \">Bedroom 1<\/div><div class=\"wpapeIcons\"><i class=\"fa fa-search wpapeZoomIcon \"><\/i><\/div><\/div><\/div><\/div><div class=\"wpape-img category1101\"><div class=\"wpape-img-image  wpape-lightbox\"><div data-thumbnail=\"https:\/\/sunseasleep.com\/wp-content\/uploads\/2021\/05\/app-3-300x225.jpg\" title=\"Bedroom 2\" data-width=\"300\" data-height=\"225\"><\/div><div data-popup=\"https:\/\/sunseasleep.com\/wp-content\/uploads\/2021\/05\/app-3-scaled.jpg\"  title=\"Bedroom 2\"><\/div><div class=\"thumbnail-overlay\"><div class=\"wpapeTitle \">Bedroom 2<\/div><div class=\"wpapeIcons\"><i class=\"fa fa-search wpapeZoomIcon \"><\/i><\/div><\/div><\/div><\/div><div class=\"wpape-img category1101\"><div class=\"wpape-img-image  wpape-lightbox\"><div data-thumbnail=\"https:\/\/sunseasleep.com\/wp-content\/uploads\/2021\/05\/app-6-300x225.jpg\" title=\"Bathroom 1\" data-width=\"300\" data-height=\"225\"><\/div><div data-popup=\"https:\/\/sunseasleep.com\/wp-content\/uploads\/2021\/05\/app-6-scaled.jpg\"  title=\"Bathroom 1\"><\/div><div class=\"thumbnail-overlay\"><div class=\"wpapeTitle \">Bathroom 1<\/div><div class=\"wpapeIcons\"><i class=\"fa fa-search wpapeZoomIcon \"><\/i><\/div><\/div><\/div><\/div><div class=\"wpape-img category1101\"><div class=\"wpape-img-image  wpape-lightbox\"><div data-thumbnail=\"https:\/\/sunseasleep.com\/wp-content\/uploads\/2021\/05\/app-1-300x225.jpg\" title=\"Would you prefer 2 single beds or 1 double?\" data-width=\"300\" data-height=\"225\"><\/div><div data-popup=\"https:\/\/sunseasleep.com\/wp-content\/uploads\/2021\/05\/app-1-scaled.jpg\"  title=\"Would you prefer 2 single beds or 1 double?\"><\/div><div class=\"thumbnail-overlay\"><div class=\"wpapeTitle \">Would you prefer 2 single beds or 1 double?<\/div><div class=\"wpapeIcons\"><i class=\"fa fa-search wpapeZoomIcon \"><\/i><\/div><\/div><\/div><\/div><div class=\"wpape-img category1101\"><div class=\"wpape-img-image  wpape-lightbox\"><div data-thumbnail=\"https:\/\/sunseasleep.com\/wp-content\/uploads\/2021\/05\/app-7-300x225.jpg\" title=\"Bathroom 2\" data-width=\"300\" data-height=\"225\"><\/div><div data-popup=\"https:\/\/sunseasleep.com\/wp-content\/uploads\/2021\/05\/app-7-scaled.jpg\"  title=\"Bathroom 2\"><\/div><div class=\"thumbnail-overlay\"><div class=\"wpapeTitle \">Bathroom 2<\/div><div class=\"wpapeIcons\"><i class=\"fa fa-search wpapeZoomIcon \"><\/i><\/div><\/div><\/div><\/div><div class=\"wpape-img category1101\"><div class=\"wpape-img-image  wpape-lightbox\"><div data-thumbnail=\"https:\/\/sunseasleep.com\/wp-content\/uploads\/2021\/05\/app-5-300x225.jpg\" title=\"Kingsize bed\" data-width=\"300\" data-height=\"225\"><\/div><div data-popup=\"https:\/\/sunseasleep.com\/wp-content\/uploads\/2021\/05\/app-5-scaled.jpg\"  title=\"Kingsize bed\"><\/div><div class=\"thumbnail-overlay\"><div class=\"wpapeTitle \">Kingsize bed<\/div><div class=\"wpapeIcons\"><i class=\"fa fa-search wpapeZoomIcon \"><\/i><\/div><\/div><\/div><\/div><div class=\"wpape-img category1101\"><div class=\"wpape-img-image  wpape-lightbox\"><div data-thumbnail=\"https:\/\/sunseasleep.com\/wp-content\/uploads\/2021\/05\/app-10-300x225.jpg\" title=\"Lounging sofa bed\" data-width=\"300\" data-height=\"225\"><\/div><div data-popup=\"https:\/\/sunseasleep.com\/wp-content\/uploads\/2021\/05\/app-10-scaled.jpg\"  title=\"Lounging sofa bed\"><\/div><div class=\"thumbnail-overlay\"><div class=\"wpapeTitle \">Lounging sofa bed<\/div><div class=\"wpapeIcons\"><i class=\"fa fa-search wpapeZoomIcon \"><\/i><\/div><\/div><\/div><\/div><div class=\"wpape-img category1101\"><div class=\"wpape-img-image  wpape-lightbox\"><div data-thumbnail=\"https:\/\/sunseasleep.com\/wp-content\/uploads\/2021\/05\/app-8-300x225.jpg\" title=\"Kitchen\" data-width=\"300\" data-height=\"225\"><\/div><div data-popup=\"https:\/\/sunseasleep.com\/wp-content\/uploads\/2021\/05\/app-8-scaled.jpg\"  title=\"Kitchen\"><\/div><div class=\"thumbnail-overlay\"><div class=\"wpapeTitle \">Kitchen<\/div><div class=\"wpapeIcons\"><i class=\"fa fa-search wpapeZoomIcon \"><\/i><\/div><\/div><\/div><\/div><div class=\"wpape-img category1101\"><div class=\"wpape-img-image  wpape-lightbox\"><div data-thumbnail=\"https:\/\/sunseasleep.com\/wp-content\/uploads\/2021\/05\/app-13-300x225.jpg\" title=\"Apartment terrace\" data-width=\"300\" data-height=\"225\"><\/div><div data-popup=\"https:\/\/sunseasleep.com\/wp-content\/uploads\/2021\/05\/app-13-scaled.jpg\"  title=\"Apartment terrace\"><\/div><div class=\"thumbnail-overlay\"><div class=\"wpapeTitle \">Apartment terrace<\/div><div class=\"wpapeIcons\"><i class=\"fa fa-search wpapeZoomIcon \"><\/i><\/div><\/div><\/div><\/div><\/div><\/div><script>var wpape_gallery_69e7af65f3684 = {\"filterContainer\": \"#wpape_gallery_69e7af65f3684filter\", \"touch\": 1, \"columns\": 3, \"columnWidth\": \"auto\", \"resolutions\": [ ,  , ], \"overlayEffect\": \"direction-aware-fade\", \"boxesToLoadStart\": \"3\", \"boxesToLoad\": \"6\", \"lazyLoad\": true, \"LoadingWord\": \"Gallery images loading\", \"loadMoreWord\": \"More images\", \"noMoreEntriesWord\": \"No images\", \"loadMoreClass\": \" apebtn apebtn-flat apebtn-primary \", \"horizontalSpaceBetweenBoxes\": 10, \"verticalSpaceBetweenBoxes\": 10}, wpape_gallery_69e7af65f3684_css = \"body .mfp-ready.mfp-bg{background-color: rgba(11,11,11,0.8);}.mfp-container .mfp-arrow{display:none;}#wpape_gallery_69e7af65f3684 .wpape-img-container{ -webkit-border-radius: 5px;-moz-border-radius: 5px;border-radius: 5px;}#wpape_gallery_69e7af65f3684 .wpapeTitle{ font-size:12px; line-height:88%; color:#ffffff;}#wpape_gallery_69e7af65f3684 .wpapeTitle:hover{color:#ffffff;}#wpape_gallery_69e7af65f3684 .thumbnail-overlay{background:rgba(7,7,7,0.5);}#wpape_gallery_69e7af65f3684 .wpapeZoomIcon{ font-size:22px; line-height:100%; color:#ffffff;background:rgba(0,0,0,0);}#wpape_gallery_69e7af65f3684 .wpapeZoomIcon:hover{color:#ffffff;background:rgba(0,0,0,0);}#wpape_gallery_69e7af65f3684 .image-with-dimensions{background-color: rgba(255,255,255,1);}body .mfp-title, body .mfp-counter{color: rgb(243,243,243);}\",apeGalleryDelay = 0; head = document.head || document.getElementsByTagName(\"head\")[0], style = document.createElement(\"style\"); style.type = \"text\/css\"; if (style.styleSheet) style.styleSheet.cssText = wpape_gallery_69e7af65f3684_css; \telse  style.appendChild(document.createTextNode(wpape_gallery_69e7af65f3684_css)); head.appendChild(style);<\/script><\/div><\/div>\r\n<p>&nbsp;<\/p>\r\n<p>&nbsp;<\/p>\r\n<p>&nbsp;<\/p>\r\n<p>&nbsp;<\/p>\r\n<div  class=\"lgc-column lgc-grid-parent lgc-grid-40 lgc-tablet-grid-40 lgc-mobile-grid-100 lgc-equal-heights \"><div  class=\"inside-grid-column\"><\/div><\/div><div class=\"lgc-clear\"><\/div>\r\n<p>&nbsp;<\/p>","protected":false},"excerpt":{"rendered":"<p>Apartamentos Sun Sea Sleep ofrece (adem\u00e1s del B&amp;B) dos apartamentos, ambos ubicados en la planta baja.La estancia en uno de los apartamentos incluye el uso de todas las instalaciones de Sun Sea Sleep (como la gran piscina, el bar exterior y la zona de barbacoa, el parque infantil, el patio, todas las terrazas, etc.).Es posible [&hellip;]<\/p>\n","protected":false},"author":1,"featured_media":0,"parent":0,"menu_order":0,"comment_status":"closed","ping_status":"closed","template":"page-templates\/page_fullwidth.php","meta":{"_monsterinsights_skip_tracking":false,"_monsterinsights_sitenote_active":false,"_monsterinsights_sitenote_note":"","_monsterinsights_sitenote_category":0,"footnotes":""},"class_list":["post-1365","page","type-page","status-publish","hentry"],"yoast_head":"<!-- This site is optimized with the Yoast SEO plugin v16.1.1 - https:\/\/yoast.com\/wordpress\/plugins\/seo\/ -->\n<title>Apartamentos - Sun Sea Sleep<\/title>\n<link rel=\"canonical\" href=\"https:\/\/sunseasleep.com\/apartment\/\" \/>\n<meta property=\"og:locale\" content=\"es_ES\" \/>\n<meta property=\"og:type\" content=\"article\" \/>\n<meta property=\"og:title\" content=\"Apartamentos - Sun Sea Sleep\" \/>\n<meta property=\"og:description\" content=\"Apartamentos Sun Sea Sleep ofrece (adem\u00e1s del B&amp;B) dos apartamentos, ambos ubicados en la planta baja.La estancia en uno de los apartamentos incluye el uso de todas las instalaciones de Sun Sea Sleep (como la gran piscina, el bar exterior y la zona de barbacoa, el parque infantil, el patio, todas las terrazas, etc.).Es posible [&hellip;]\" \/>\n<meta property=\"og:url\" content=\"https:\/\/sunseasleep.com\/apartment\/\" \/>\n<meta property=\"og:site_name\" content=\"Sun Sea Sleep\" \/>\n<meta property=\"article:modified_time\" content=\"2025-11-12T16:07:08+00:00\" \/>\n<meta name=\"twitter:card\" content=\"summary_large_image\" \/>\n<meta name=\"twitter:label1\" content=\"Tiempo de lectura\">\n\t<meta name=\"twitter:data1\" content=\"11 minutos\">\n<script type=\"application\/ld+json\" class=\"yoast-schema-graph\">{\"@context\":\"https:\/\/schema.org\",\"@graph\":[{\"@type\":\"WebSite\",\"@id\":\"https:\/\/sunseasleep.com\/nl\/#website\",\"url\":\"https:\/\/sunseasleep.com\/nl\/\",\"name\":\"Sun Sea Sleep\",\"description\":\"Sun Sea Sleep\",\"potentialAction\":[{\"@type\":\"SearchAction\",\"target\":\"https:\/\/sunseasleep.com\/nl\/?s={search_term_string}\",\"query-input\":\"required name=search_term_string\"}],\"inLanguage\":\"es\"},{\"@type\":\"WebPage\",\"@id\":\"https:\/\/sunseasleep.com\/apartment\/#webpage\",\"url\":\"https:\/\/sunseasleep.com\/apartment\/\",\"name\":\"[:nl]Appartementen[:en]Apartments[:de]Wohnungen[:es]Apartamentos[:] - Sun Sea Sleep\",\"isPartOf\":{\"@id\":\"https:\/\/sunseasleep.com\/nl\/#website\"},\"datePublished\":\"2021-07-04T14:58:04+00:00\",\"dateModified\":\"2025-11-12T16:07:08+00:00\",\"breadcrumb\":{\"@id\":\"https:\/\/sunseasleep.com\/apartment\/#breadcrumb\"},\"inLanguage\":\"es\",\"potentialAction\":[{\"@type\":\"ReadAction\",\"target\":[\"https:\/\/sunseasleep.com\/apartment\/\"]}]},{\"@type\":\"BreadcrumbList\",\"@id\":\"https:\/\/sunseasleep.com\/apartment\/#breadcrumb\",\"itemListElement\":[{\"@type\":\"ListItem\",\"position\":1,\"item\":{\"@type\":\"WebPage\",\"@id\":\"https:\/\/sunseasleep.com\/apartment\/\",\"url\":\"https:\/\/sunseasleep.com\/apartment\/\",\"name\":\"Appartementen\"}}]}]}<\/script>\n<!-- \/ Yoast SEO plugin. -->","_links":{"self":[{"href":"https:\/\/sunseasleep.com\/es\/wp-json\/wp\/v2\/pages\/1365","targetHints":{"allow":["GET"]}}],"collection":[{"href":"https:\/\/sunseasleep.com\/es\/wp-json\/wp\/v2\/pages"}],"about":[{"href":"https:\/\/sunseasleep.com\/es\/wp-json\/wp\/v2\/types\/page"}],"author":[{"embeddable":true,"href":"https:\/\/sunseasleep.com\/es\/wp-json\/wp\/v2\/users\/1"}],"replies":[{"embeddable":true,"href":"https:\/\/sunseasleep.com\/es\/wp-json\/wp\/v2\/comments?post=1365"}],"version-history":[{"count":39,"href":"https:\/\/sunseasleep.com\/es\/wp-json\/wp\/v2\/pages\/1365\/revisions"}],"predecessor-version":[{"id":7739,"href":"https:\/\/sunseasleep.com\/es\/wp-json\/wp\/v2\/pages\/1365\/revisions\/7739"}],"wp:attachment":[{"href":"https:\/\/sunseasleep.com\/es\/wp-json\/wp\/v2\/media?parent=1365"}],"curies":[{"name":"wp","href":"https:\/\/api.w.org\/{rel}","templated":true}]}}