{"id":1005,"date":"2021-05-12T02:19:00","date_gmt":"2021-05-12T00:19:00","guid":{"rendered":"http:\/\/sunseasleep.com\/?page_id=1005"},"modified":"2025-10-11T20:29:02","modified_gmt":"2025-10-11T18:29:02","slug":"about-us","status":"publish","type":"page","link":"https:\/\/sunseasleep.com\/es\/about-us\/","title":{"rendered":"Sobre nosotros"},"content":{"rendered":"<p><img loading=\"lazy\" decoding=\"async\" class=\"alignnone size-medium wp-image-1133\" src=\"http:\/\/sunseasleep.com\/wp-content\/uploads\/2021\/05\/over-ons-300x225.jpg\" alt=\"\" width=\"300\" height=\"225\" srcset=\"https:\/\/sunseasleep.com\/wp-content\/uploads\/2021\/05\/over-ons-300x225.jpg 300w, https:\/\/sunseasleep.com\/wp-content\/uploads\/2021\/05\/over-ons-1024x769.jpg 1024w, https:\/\/sunseasleep.com\/wp-content\/uploads\/2021\/05\/over-ons-768x577.jpg 768w, https:\/\/sunseasleep.com\/wp-content\/uploads\/2021\/05\/over-ons-1536x1154.jpg 1536w, https:\/\/sunseasleep.com\/wp-content\/uploads\/2021\/05\/over-ons-2048x1539.jpg 2048w, https:\/\/sunseasleep.com\/wp-content\/uploads\/2021\/05\/over-ons-700x526.jpg 700w, https:\/\/sunseasleep.com\/wp-content\/uploads\/2021\/05\/over-ons-410x308.jpg 410w, https:\/\/sunseasleep.com\/wp-content\/uploads\/2021\/05\/over-ons-100x75.jpg 100w, https:\/\/sunseasleep.com\/wp-content\/uploads\/2021\/05\/over-ons-275x207.jpg 275w\" sizes=\"auto, (max-width: 300px) 100vw, 300px\" \/><br \/><\/p>\r\n<p>Hola, somos Ester &amp; Bram, una pareja holandesa espont\u00e1nea con 3 hijos.<br \/>Somos los orgullosos propietarios de Sun Sea Sleep y esta es nuestra historia (en resumen).<\/p>\r\n<p>Sun Sea Sleep se fund\u00f3 en 2015 en la isla caribe\u00f1a de Curazao.<br \/>En 2017 nos hicimos cargo del negocio y lo convertimos en un exitoso alojamiento de lujo.<\/p>\r\n<p>La crisis del covid acab\u00f3 con nuestra vida isle\u00f1a en 2020 y nos vimos obligados a regresar a Europa.<br \/>Por suerte pudimos continuar nuestro sue\u00f1o en la Costa Blanca, a casi 7.500 km de donde empezamos originalmente.<\/p>\r\n<p><span class=\"Y2IQFc\" lang=\"es\">Tras encontrar esta preciosa villa, supimos que ser\u00eda nuestro pr\u00f3ximo gran comienzo: \u00a1que un para\u00edso!<br \/>La hemos transformado en un lugar c\u00f3modo y acogedor, ideal para estancias cortas.<\/span><\/p>\r\n<p><span class=\"Y2IQFc\" lang=\"es\">Ahora gestionamos Sun Sea Sleep como un alojamiento multifuncional y estamos encantados.<br \/>Cada d\u00eda es diferente, y seguimos haciendo lo que m\u00e1s nos gusta: garantizar que nuestros hu\u00e9spedes tengan una estancia fant\u00e1stica y disfruten plenamente de nuestros alojamientos.<\/span><\/p>\r\n<p><span class=\"Y2IQFc\" lang=\"es\">Desde 2022, hemos ido ampliando poco a poco nuestra oferta y ahora ofrecemos varios alojamientos fant\u00e1sticos en los alrededores.<br \/>Elegimos espec\u00edficamente esta zona (La Vall de Pop y sus alrededores) y seleccionamos nuestros alojamientos en funci\u00f3n de la variedad, la calidad, la ubicaci\u00f3n y las vistas, lo que nos permite ofrecer a nuestros hu\u00e9spedes lo mejor.<\/span><\/p>\r\n<p><span class=\"Y2IQFc\" lang=\"es\">Estamos encantados de compartir nuestro para\u00edso con vosotros y garantizar que disfrute de una experiencia perfecta en uno de nuestros alojamientos.<br \/>Tanto si buscas disfrutar con un grupo grande en una lujosa villa privada como si te interesa un peque\u00f1o Bed &amp; Breakfast en plena naturaleza, todos sois bienvenidos y te encantar\u00e1n nuestros alojamientos especialmente seleccionados.<br \/>\u00a1Esperamos vernos pronto!<\/span><\/p>\r\n<p><\/p>\r\n<p><\/p>\r\n<p><\/p>\r\n<p> <div data-post-id='550' class='insert-page insert-page-550 '><h2 class=\"has-text-align-center\" style=\"text-align: left;\"><span class=\"has-inline-color has-luminous-vivid-amber-color\"><\/span><span class=\"Y2IQFc\" lang=\"es\">Cont\u00e1ctenos<\/span><span class=\"has-inline-color has-luminous-vivid-amber-color\"><\/span><\/h2>\r\n<div role=\"form\" class=\"wpcf7\" id=\"wpcf7-f526-p550-o1\" lang=\"en-US\" dir=\"ltr\">\n<div class=\"screen-reader-response\"><p role=\"status\" aria-live=\"polite\" aria-atomic=\"true\"><\/p> <ul><\/ul><\/div>\n<form action=\"\/es\/wp-json\/wp\/v2\/pages\/1005#wpcf7-f526-p550-o1\" method=\"post\" class=\"wpcf7-form init\" novalidate=\"novalidate\" data-status=\"init\">\n<div style=\"display: none;\">\n<input type=\"hidden\" name=\"_wpcf7\" value=\"526\" \/>\n<input type=\"hidden\" name=\"_wpcf7_version\" value=\"5.5.6.1\" \/>\n<input type=\"hidden\" name=\"_wpcf7_locale\" value=\"en_US\" \/>\n<input type=\"hidden\" name=\"_wpcf7_unit_tag\" value=\"wpcf7-f526-p550-o1\" \/>\n<input type=\"hidden\" name=\"_wpcf7_container_post\" value=\"550\" \/>\n<input type=\"hidden\" name=\"_wpcf7_posted_data_hash\" value=\"\" \/>\n<input type=\"hidden\" name=\"_wpcf7_recaptcha_response\" value=\"\" \/>\n<\/div>\n<p><label>Nombre<br \/>\n   <span class=\"wpcf7-form-control-wrap name-002\"><input type=\"text\" name=\"name-002\" value=\"\" size=\"40\" class=\"wpcf7-form-control wpcf7-text wpcf7-validates-as-required\" id=\"name-002\" aria-required=\"true\" aria-invalid=\"false\" \/><\/span><\/label><\/p>\n<p><label>Tel\u00e9fono<br \/>\n  <span class=\"wpcf7-form-control-wrap tel-002\"><input type=\"tel\" name=\"tel-002\" value=\"\" size=\"40\" class=\"wpcf7-form-control wpcf7-text wpcf7-tel wpcf7-validates-as-required wpcf7-validates-as-tel\" id=\"tel-001\" aria-required=\"true\" aria-invalid=\"false\" \/><\/span><\/label><\/p>\n<p><label> Email<br \/>\n  <span class=\"wpcf7-form-control-wrap email-002\"><input type=\"email\" name=\"email-002\" value=\"\" size=\"40\" class=\"wpcf7-form-control wpcf7-text wpcf7-email wpcf7-validates-as-required wpcf7-validates-as-email\" aria-required=\"true\" aria-invalid=\"false\" \/><\/span> <\/label><\/p>\n<p><label> Mensaje<br \/>\n  <span class=\"wpcf7-form-control-wrap message-002\"><textarea name=\"message-002\" cols=\"40\" rows=\"10\" class=\"wpcf7-form-control wpcf7-textarea wpcf7-validates-as-required\" id=\"message-002\" aria-required=\"true\" aria-invalid=\"false\"><\/textarea><\/span> <\/label><\/p>\n<p><label> Resuelve el siguiente problema para demostrar que no eres un robot<br \/>\n   <span class=\"wpcf7-form-control-wrap random-math-quiz\"><label><span class=\"wpcf7-quiz-label\">4+2=?<\/span> <input type=\"text\" name=\"random-math-quiz\" size=\"40\" class=\"wpcf7-form-control wpcf7-quiz\" autocomplete=\"off\" aria-required=\"true\" aria-invalid=\"false\" \/><\/label><input type=\"hidden\" name=\"_wpcf7_quiz_answer_random-math-quiz\" value=\"c2fcbe4180fc14ae8d89d9d913537f58\" \/><\/span><\/label><\/p>\n<p>  <input type=\"submit\" value=\"Enviar\" class=\"wpcf7-form-control has-spinner wpcf7-submit\" id=\"send\" \/><\/p>\n<div class=\"wpcf7-response-output\" aria-hidden=\"true\"><\/div><\/form><\/div><\/div><\/p>","protected":false},"excerpt":{"rendered":"<p>Hola, somos Ester &amp; Bram, una pareja holandesa espont\u00e1nea con 3 hijos.Somos los orgullosos propietarios de Sun Sea Sleep y esta es nuestra historia (en resumen). Sun Sea Sleep se fund\u00f3 en 2015 en la isla caribe\u00f1a de Curazao.En 2017 nos hicimos cargo del negocio y lo convertimos en un exitoso alojamiento de lujo. La [&hellip;]<\/p>\n","protected":false},"author":1,"featured_media":0,"parent":0,"menu_order":0,"comment_status":"closed","ping_status":"closed","template":"page-templates\/page_fullwidth.php","meta":{"_monsterinsights_skip_tracking":false,"_monsterinsights_sitenote_active":false,"_monsterinsights_sitenote_note":"","_monsterinsights_sitenote_category":0,"footnotes":""},"class_list":["post-1005","page","type-page","status-publish","hentry"],"yoast_head":"<!-- This site is optimized with the Yoast SEO plugin v16.1.1 - https:\/\/yoast.com\/wordpress\/plugins\/seo\/ -->\n<title>Sobre nosotros - Sun Sea Sleep<\/title>\n<link rel=\"canonical\" href=\"https:\/\/sunseasleep.com\/about-us\/\" \/>\n<meta property=\"og:locale\" content=\"es_ES\" \/>\n<meta property=\"og:type\" content=\"article\" \/>\n<meta property=\"og:title\" content=\"Sobre nosotros - Sun Sea Sleep\" \/>\n<meta property=\"og:description\" content=\"Hola, somos Ester &amp; Bram, una pareja holandesa espont\u00e1nea con 3 hijos.Somos los orgullosos propietarios de Sun Sea Sleep y esta es nuestra historia (en resumen). Sun Sea Sleep se fund\u00f3 en 2015 en la isla caribe\u00f1a de Curazao.En 2017 nos hicimos cargo del negocio y lo convertimos en un exitoso alojamiento de lujo. La [&hellip;]\" \/>\n<meta property=\"og:url\" content=\"https:\/\/sunseasleep.com\/about-us\/\" \/>\n<meta property=\"og:site_name\" content=\"Sun Sea Sleep\" \/>\n<meta property=\"article:modified_time\" content=\"2025-10-11T18:29:02+00:00\" \/>\n<meta property=\"og:image\" content=\"http:\/\/sunseasleep.com\/wp-content\/uploads\/2021\/05\/over-ons-300x225.jpg\" \/>\n<meta name=\"twitter:card\" content=\"summary_large_image\" \/>\n<meta name=\"twitter:label1\" content=\"Tiempo de lectura\">\n\t<meta name=\"twitter:data1\" content=\"7 minutos\">\n<script type=\"application\/ld+json\" class=\"yoast-schema-graph\">{\"@context\":\"https:\/\/schema.org\",\"@graph\":[{\"@type\":\"WebSite\",\"@id\":\"https:\/\/sunseasleep.com\/nl\/#website\",\"url\":\"https:\/\/sunseasleep.com\/nl\/\",\"name\":\"Sun Sea Sleep\",\"description\":\"Sun Sea Sleep\",\"potentialAction\":[{\"@type\":\"SearchAction\",\"target\":\"https:\/\/sunseasleep.com\/nl\/?s={search_term_string}\",\"query-input\":\"required name=search_term_string\"}],\"inLanguage\":\"es\"},{\"@type\":\"ImageObject\",\"@id\":\"https:\/\/sunseasleep.com\/about-us\/#primaryimage\",\"inLanguage\":\"es\",\"url\":\"http:\/\/sunseasleep.com\/wp-content\/uploads\/2021\/05\/over-ons-300x225.jpg\",\"contentUrl\":\"http:\/\/sunseasleep.com\/wp-content\/uploads\/2021\/05\/over-ons-300x225.jpg\"},{\"@type\":\"WebPage\",\"@id\":\"https:\/\/sunseasleep.com\/about-us\/#webpage\",\"url\":\"https:\/\/sunseasleep.com\/about-us\/\",\"name\":\"[:nl]Over ons[:en]About us[:de]\\u00dcber uns[:es]Sobre nosotros[:] - Sun Sea Sleep\",\"isPartOf\":{\"@id\":\"https:\/\/sunseasleep.com\/nl\/#website\"},\"primaryImageOfPage\":{\"@id\":\"https:\/\/sunseasleep.com\/about-us\/#primaryimage\"},\"datePublished\":\"2021-05-12T00:19:00+00:00\",\"dateModified\":\"2025-10-11T18:29:02+00:00\",\"breadcrumb\":{\"@id\":\"https:\/\/sunseasleep.com\/about-us\/#breadcrumb\"},\"inLanguage\":\"es\",\"potentialAction\":[{\"@type\":\"ReadAction\",\"target\":[\"https:\/\/sunseasleep.com\/about-us\/\"]}]},{\"@type\":\"BreadcrumbList\",\"@id\":\"https:\/\/sunseasleep.com\/about-us\/#breadcrumb\",\"itemListElement\":[{\"@type\":\"ListItem\",\"position\":1,\"item\":{\"@type\":\"WebPage\",\"@id\":\"https:\/\/sunseasleep.com\/about-us\/\",\"url\":\"https:\/\/sunseasleep.com\/about-us\/\",\"name\":\"Over ons\"}}]}]}<\/script>\n<!-- \/ Yoast SEO plugin. -->","_links":{"self":[{"href":"https:\/\/sunseasleep.com\/es\/wp-json\/wp\/v2\/pages\/1005","targetHints":{"allow":["GET"]}}],"collection":[{"href":"https:\/\/sunseasleep.com\/es\/wp-json\/wp\/v2\/pages"}],"about":[{"href":"https:\/\/sunseasleep.com\/es\/wp-json\/wp\/v2\/types\/page"}],"author":[{"embeddable":true,"href":"https:\/\/sunseasleep.com\/es\/wp-json\/wp\/v2\/users\/1"}],"replies":[{"embeddable":true,"href":"https:\/\/sunseasleep.com\/es\/wp-json\/wp\/v2\/comments?post=1005"}],"version-history":[{"count":15,"href":"https:\/\/sunseasleep.com\/es\/wp-json\/wp\/v2\/pages\/1005\/revisions"}],"predecessor-version":[{"id":7569,"href":"https:\/\/sunseasleep.com\/es\/wp-json\/wp\/v2\/pages\/1005\/revisions\/7569"}],"wp:attachment":[{"href":"https:\/\/sunseasleep.com\/es\/wp-json\/wp\/v2\/media?parent=1005"}],"curies":[{"name":"wp","href":"https:\/\/api.w.org\/{rel}","templated":true}]}}