{"id":9080,"date":"2026-04-22T15:46:51","date_gmt":"2026-04-22T13:46:51","guid":{"rendered":"https:\/\/sunseasleep.com\/?page_id=9080"},"modified":"2026-04-22T16:02:21","modified_gmt":"2026-04-22T14:02:21","slug":"z-homepage","status":"publish","type":"page","link":"https:\/\/sunseasleep.com\/de\/","title":{"rendered":"Z Homepage"},"content":{"rendered":"<div data-post-id='9082' class='insert-page insert-page-9082 '><h4 style=\"text-align: center;\">\n<h4 style=\"text-align: center;\">Willkommen bei Sun Sea Sleep.<\/h4>\n<p style=\"text-align: center;\">Hier finden Sie traumhafte Unterk\u00fcnfte in denen Sie gemeinsam entspannen und einen komfortablen Aufenthalt in wundersch\u00f6ner Umgebung geniesen k\u00f6nnen.<\/p>\n<p style=\"text-align: center;\">Sun Sea Sleep bietet eine Vielzahl an Unterk\u00fcnften, von riesigen Villen f\u00fcr 28 Personen, bis hin zu gem\u00fctlichen Ferienh\u00e4usern f\u00fcr 4 Personen. Von luxuri\u00f6sen Villen mit privatem Pool bis hin zu einem behaglichen Bed &amp; Breakfast. Alle unsere Unterk\u00fcnfte sind einzigartig, bieten einen atemberaubenden Ausblick und sind mit viel Liebe zum Detail und in hoher Qualit\u00e4t ausgestattet.<\/p>\n<p style=\"text-align: center;\">Hier finden Sie eine \u00dcbersicht der Unterk\u00fcnfte.<\/p>\n<\/div>\n<div data-post-id='9088' class='insert-page insert-page-9088 '><p><!-- Villa block --><\/p>\n<div class=\"miCasa\">\n<div>\n<table id=\"casaTable\" class=\"casaTable\">\n<tbody>\n<tr>\n<td colspan=\"5\">\n<figure class=\"wp-block-image size-large\"><a href=\"https:\/\/sunseasleep.com\/villa-sun-sea-sleep\/\"><img loading=\"lazy\" decoding=\"async\" class=\"image-rounded alignnone\" src=\"https:\/\/sunseasleep.com\/wp-content\/uploads\/2022\/11\/Voorkant-visitekaartje-300x225.jpeg\" alt=\"\" width=\"300\" height=\"225\" \/><\/a><\/figure>\n<\/td>\n<\/tr>\n<tr>\n<td colspan=\"5\">\n<p class=\"villaName\"><a href=\"https:\/\/sunseasleep.com\/villa-sun-sea-sleep\/\">Villa Sun Sea Sleep<\/a><\/p>\n<\/td>\n<\/tr>\n<tr>\n<td colspan=\"5\"><i class=\"fas fa-location-pin\"><\/i>Benissa<\/td>\n<\/tr>\n<tr>\n<td><i class=\"fas fa-users\"><\/i> 8-25<\/td>\n<td><i class=\"fas fa-bed\"><\/i> 9<\/td>\n<td><i class=\"fas fa-bath\"><\/i> 7<\/td>\n<\/tr>\n<tr>\n<td class=\"villaConditions\" colspan=\"4\">Wochenende Nebensaison<\/td>\n<td><span class=\"villaConditions smaller\">von\u00a0<\/span><span class=\"price\"> \u20ac900<\/span><\/td>\n<\/tr>\n<tr>\n<td class=\"villaConditions\" colspan=\"4\">7 N\u00e4chte in der Hochsaison<\/td>\n<td><span class=\"villaConditions smaller\">von <\/span><span class=\"price\"> \u20ac5550<\/span><\/td>\n<\/tr>\n<tr>\n<td colspan=\"5\">Ideal f\u00fcr Familien<\/td>\n<\/tr>\n<\/tbody>\n<\/table>\n<\/div>\n<\/div>\n<\/div>\n<div data-post-id='9084' class='insert-page insert-page-9084 '><p><!-- Villa block --><\/p>\n<div class=\"miCasa\">\n<div>\n<table id=\"casaTable\" class=\"casaTable\">\n<tbody>\n<tr>\n<td colspan=\"5\">\n<figure class=\"wp-block-image size-large\"><a href=\"http:\/\/www.sunseasleep.com\/villa-almazara\"><img loading=\"lazy\" decoding=\"async\" class=\"image-rounded alignnone\" src=\"https:\/\/sunseasleep.com\/wp-content\/uploads\/2025\/06\/1-Pool-1.jpg\" alt=\"\" width=\"300\" height=\"225\" \/> <\/a><\/figure>\n<\/td>\n<\/tr>\n<tr>\n<td colspan=\"5\">\n<p class=\"villaName\"><a href=\"https:\/\/sunseasleep.com\/villa-almazara\/\">Villa Almazara<\/a><\/p>\n<\/td>\n<\/tr>\n<tr>\n<td colspan=\"5\"><i class=\"fas fa-location-pin\"><\/i> Jalon<\/td>\n<\/tr>\n<tr>\n<td><i class=\"fas fa-users\"><\/i> 5-13<\/td>\n<td><i class=\"fas fa-bed\"><\/i> 6<\/td>\n<td><i class=\"fas fa-bath\"><\/i> 3<\/td>\n<\/tr>\n<tr>\n<td class=\"villaConditions\" colspan=\"4\">Wochenende Nebensaison<\/td>\n<td><span class=\"villaConditions smaller\">von <\/span><span class=\"price\">\u20ac550<\/span><\/td>\n<\/tr>\n<tr>\n<td class=\"villaConditions\" colspan=\"4\">7 N\u00e4chte in der Hochsaison<\/td>\n<td><span class=\"villaConditions smaller\">von <\/span><span class=\"price\">\u20ac4500<\/span><\/td>\n<\/tr>\n<tr>\n<td colspan=\"5\">Panoramablick<\/td>\n<\/tr>\n<\/tbody>\n<\/table>\n<\/div>\n<\/div>\n<\/div>\n<div data-post-id='9072' class='insert-page insert-page-9072 '><p><!-- Villa block --><\/p>\n<div class=\"miCasa\">\n<div>\n<table id=\"casaTable\" class=\"casaTable\">\n<tbody>\n<tr>\n<td colspan=\"5\" height=\"225\">\n<figure class=\"wp-block-image size-large\"><a href=\"http:\/\/www.sunseasleep.com\/casa-natalia\"> <img loading=\"lazy\" decoding=\"async\" class=\"image-rounded alignnone\" src=\"https:\/\/sunseasleep.com\/wp-content\/uploads\/2025\/06\/IMG_9160.jpg\" alt=\"\" width=\"300\" height=\"225\" \/> <\/a><\/figure>\n<\/td>\n<\/tr>\n<tr>\n<td colspan=\"5\">\n<p class=\"villaName\"><a href=\"https:\/\/sunseasleep.com\/casa-natalia\/\">Casa Natalia<\/a><\/p>\n<\/td>\n<\/tr>\n<tr>\n<td colspan=\"5\"><i class=\"fas fa-location-pin\"><\/i> Benissa<\/td>\n<\/tr>\n<tr>\n<td><i class=\"fas fa-users\"><\/i> 10-28<\/td>\n<td><i class=\"fas fa-bed\"><\/i> 8<\/td>\n<td><i class=\"fas fa-bath\"><\/i> 4<\/td>\n<\/tr>\n<tr>\n<td class=\"villaConditions\" colspan=\"4\">3 N\u00e4chte im Juni<\/td>\n<td><span class=\"villaConditions smaller\">von <\/span><span class=\"price\">\u20ac2525<\/span><\/td>\n<\/tr>\n<tr>\n<td class=\"villaConditions\" colspan=\"4\">7 N\u00e4chte im Juli<\/td>\n<td><span class=\"villaConditions smaller\">von <\/span><span class=\"price\">\u20ac5845<\/span><\/td>\n<\/tr>\n<tr>\n<td colspan=\"5\">Hervorragend geeignet f\u00fcr grose Gruppen<\/td>\n<\/tr>\n<\/tbody>\n<\/table>\n<\/div>\n<\/div>\n<\/div>\n<div data-post-id='9078' class='insert-page insert-page-9078 '><p><!-- Villa block --><\/p>\n<div class=\"miCasa\">\n<div>\n<table id=\"casaTable\" class=\"casaTable\">\n<tbody>\n<tr>\n<td colspan=\"5\">\n<figure class=\"wp-block-image size-large\"><a href=\"https:\/\/sunseasleep.com\/vall-del-paraiso\"> <img loading=\"lazy\" decoding=\"async\" class=\"image-rounded alignnone\" src=\"https:\/\/sunseasleep.com\/wp-content\/uploads\/2025\/08\/Dining-table-with-amazing-views.jpg\" alt=\"\" width=\"300\" height=\"225\" \/> <\/a><\/figure>\n<\/td>\n<\/tr>\n<tr>\n<td colspan=\"5\">\n<p class=\"villaName\"><a href=\"https:\/\/sunseasleep.com\/vall-del-paraiso\/\">Casa Vall del Para\u00efso<\/a><\/p>\n<\/td>\n<\/tr>\n<tr>\n<td colspan=\"5\"><i class=\"fas fa-location-pin\"><\/i> Jalon<\/td>\n<\/tr>\n<tr>\n<td><i class=\"fas fa-users\"><\/i> 1-4<\/td>\n<td><i class=\"fas fa-bed\"><\/i> 2<\/td>\n<td><i class=\"fas fa-bath\"><\/i> 2<\/td>\n<\/tr>\n<tr>\n<td class=\"villaConditions\" colspan=\"4\">1 Woche Nebensaison<\/td>\n<td><span class=\"villaConditions smaller\">von <\/span><span class=\"price\">\u20ac620<\/span><\/td>\n<\/tr>\n<tr>\n<td class=\"villaConditions\" colspan=\"4\">1 Woche Hochsaison<\/td>\n<td><span class=\"villaConditions smaller\">von <\/span><span class=\"price\">\u20ac1020<\/span><\/td>\n<\/tr>\n<tr>\n<td colspan=\"5\">Perfekt zum Abschalten<\/td>\n<\/tr>\n<\/tbody>\n<\/table>\n<\/div>\n<\/div>\n<\/div>\n<div data-post-id='9076' class='insert-page insert-page-9076 '><p><!-- Villa block --><\/p>\n<div class=\"miCasa\">\n<div>\n<table id=\"casaTable\" class=\"casaTable\">\n<tbody>\n<tr>\n<td colspan=\"5\">\n<figure class=\"wp-block-image size-large\"><a href=\"https:\/\/sunseasleep.com\/casa-orba\"> <img loading=\"lazy\" decoding=\"async\" class=\"image-rounded alignnone\" src=\"https:\/\/sunseasleep.com\/wp-content\/uploads\/2025\/10\/IMG-20250911-WA0046.jpg\" alt=\"\" width=\"300\" height=\"225\" \/> <\/a><\/figure>\n<\/td>\n<\/tr>\n<tr>\n<td colspan=\"5\">\n<p class=\"villaName\"><a href=\"https:\/\/sunseasleep.com\/casa-orba\/\">Casa Orba<\/a><\/p>\n<\/td>\n<\/tr>\n<tr>\n<td colspan=\"5\"><i class=\"fas fa-location-pin\"><\/i> Orba<\/td>\n<\/tr>\n<tr>\n<td><i class=\"fas fa-users\"><\/i> 3-8<\/td>\n<td><i class=\"fas fa-bed\"><\/i> 4<\/td>\n<td><i class=\"fas fa-bath\"><\/i> 2<\/td>\n<\/tr>\n<tr>\n<td class=\"villaConditions\" colspan=\"4\">4 N\u00e4chte in der Nebensaison<\/td>\n<td><span class=\"villaConditions smaller\">von <\/span><span class=\"price\">\u20ac965<\/span><\/td>\n<\/tr>\n<tr>\n<td class=\"villaConditions\" colspan=\"4\">7 N\u00e4chte in der Hochsaison<\/td>\n<td><span class=\"villaConditions smaller\">von <\/span><span class=\"price\">\u20ac2465<\/span><\/td>\n<\/tr>\n<tr>\n<td colspan=\"5\">Entspannen Sie sich im luxus<\/td>\n<\/tr>\n<\/tbody>\n<\/table>\n<\/div>\n<\/div>\n<\/div>\n<div data-post-id='9068' class='insert-page insert-page-9068 '><p><!-- Villa block --><\/p>\n<div class=\"miCasa\">\n<div>\n<table id=\"casaTable\" class=\"casaTable\">\n<tbody>\n<tr>\n<td colspan=\"5\">\n<figure class=\"wp-block-image size-large\"><a href=\"http:\/\/www.sunseasleep.com\/apartment\"> <img loading=\"lazy\" decoding=\"async\" class=\"image-rounded alignnone\" src=\"https:\/\/sunseasleep.com\/wp-content\/uploads\/2021\/05\/app-9.jpg\" alt=\"\" width=\"300\" height=\"225\" \/> <\/a><\/figure>\n<\/td>\n<\/tr>\n<tr>\n<td colspan=\"5\">\n<p class=\"villaName\"><a href=\"https:\/\/sunseasleep.com\/apartment\/\">Apartments Sun Sea Sleep<\/a><\/p>\n<\/td>\n<\/tr>\n<tr>\n<td colspan=\"5\"><i class=\"fas fa-location-pin\"><\/i> Benissa<\/td>\n<\/tr>\n<tr>\n<td><i class=\"fas fa-users\"><\/i> 1-6<\/td>\n<td><i class=\"fas fa-bed\"><\/i> 2<\/td>\n<td><i class=\"fas fa-bath\"><\/i> 2<\/td>\n<\/tr>\n<tr>\n<td class=\"villaConditions\" colspan=\"4\">4 N\u00e4chte in der Nebensaison<\/td>\n<td><span class=\"villaConditions smaller\">von <\/span><span class=\"price\">\u20ac580<\/span><\/td>\n<\/tr>\n<tr>\n<td class=\"villaConditions\" colspan=\"4\">4 N\u00e4chte im Mai<\/td>\n<td><span class=\"villaConditions smaller\">von <\/span><span class=\"price\">\u20ac700<\/span><\/td>\n<\/tr>\n<tr>\n<td colspan=\"5\">Geniesen<\/td>\n<\/tr>\n<\/tbody>\n<\/table>\n<\/div>\n<\/div>\n<\/div>\n<div data-post-id='9070' class='insert-page insert-page-9070 '><p><!-- Villa block --><\/p>\n<div class=\"miCasa\">\n<div>\n<table id=\"casaTable\" class=\"casaTable\">\n<tbody>\n<tr>\n<td colspan=\"5\">\n<figure class=\"wp-block-image size-large\"><a href=\"http:\/\/www.sunseasleep.com\/bb\"> <img loading=\"lazy\" decoding=\"async\" class=\"image-rounded alignnone\" src=\"https:\/\/sunseasleep.com\/wp-content\/uploads\/2021\/11\/IMG_3462-2048x1536.jpeg\" alt=\"\" width=\"300\" height=\"225\" \/> <\/a><\/figure>\n<\/td>\n<\/tr>\n<tr>\n<td colspan=\"5\">\n<p class=\"villaName\"><a href=\"https:\/\/sunseasleep.com\/bb\/\">Bed &amp; Breakfast Sun Sea Sleep<\/a><\/p>\n<\/td>\n<\/tr>\n<tr>\n<td colspan=\"5\"><i class=\"fas fa-location-pin\"><\/i> Benissa<\/td>\n<\/tr>\n<tr>\n<td><i class=\"fas fa-users\"><\/i> 1-9<\/td>\n<td><i class=\"fas fa-bed\"><\/i> 5<\/td>\n<td><i class=\"fas fa-bath\"><\/i> 4<\/td>\n<\/tr>\n<tr>\n<td class=\"villaConditions\" colspan=\"4\">Unter der Woche Nebensaison<\/td>\n<td><span class=\"villaConditions smaller\">von <\/span><span class=\"price\">\u20ac345<\/span><\/td>\n<\/tr>\n<tr>\n<td class=\"villaConditions\" colspan=\"4\">Unter der Woche Septembre<\/td>\n<td><span class=\"villaConditions smaller\">von <\/span><span class=\"price\">\u20ac465<\/span><\/td>\n<\/tr>\n<tr>\n<td colspan=\"5\">Inklusive Fr\u00fchst\u00fcck<\/td>\n<\/tr>\n<\/tbody>\n<\/table>\n<\/div>\n<\/div>\n<\/div>\n<div data-post-id='9086' class='insert-page insert-page-9086 '><p><!-- Villa block --><\/p>\n<div class=\"miCasa\">\n<div>\n<table id=\"casaTable\" class=\"casaTable\">\n<tbody>\n<tr>\n<td colspan=\"5\"><a href=\"https:\/\/sunseasleep.com\/bb-benichembla\/\"><img loading=\"lazy\" decoding=\"async\" class=\"image-rounded alignnone image-homepage\" src=\"http:\/\/sunseasleep.com\/wp-content\/uploads\/2026\/01\/Villa-Foia-Vella-pool-with-a-view-00best-ps-300x200.jpg\" alt=\"\" width=\"300\" height=\"225\" \/><\/a><\/td>\n<\/tr>\n<tr>\n<td colspan=\"5\">\n<p class=\"villaName\"><a href=\"https:\/\/sunseasleep.com\/bb-benichembla\/\">Villa Foia Vella<\/a><\/p>\n<\/td>\n<\/tr>\n<tr>\n<td colspan=\"5\"><i class=\"fas fa-location-pin\"><\/i> Benigembla<\/td>\n<\/tr>\n<tr>\n<td><i class=\"fas fa-users\"><\/i> 1-4<\/td>\n<td><i class=\"fas fa-bed\"><\/i> 4<\/td>\n<td><i class=\"fas fa-bath\"><\/i> 4<\/td>\n<\/tr>\n<tr>\n<td class=\"villaConditions\" colspan=\"4\">3 N\u00e4chte in der Nebensaison<\/td>\n<td><span class=\"villaConditions smaller\">von <\/span><span class=\"price\">\u20ac255<\/span><\/td>\n<\/tr>\n<tr>\n<td class=\"villaConditions\" colspan=\"4\">4 N\u00e4chte in der Hochsaison<\/td>\n<td><span class=\"villaConditions smaller\">von <\/span><span class=\"price\">\u20ac420<\/span><\/td>\n<\/tr>\n<tr>\n<td colspan=\"5\">Entspannen in der Natur<\/td>\n<\/tr>\n<\/tbody>\n<\/table>\n<p><span style=\"position: relative; top: -250px; left: 80px; color: red; font-size: 300%; font-weight: bold;\">neu<\/span><\/p>\n<\/div>\n<\/div>\n<\/div>\n<div data-post-id='9066' class='insert-page insert-page-9066 '><p><!-- Villa block --><\/p>\n<div class=\"miCasa\">\n<div>\n<table id=\"casaTable\" class=\"casaTable\">\n<tbody>\n<tr>\n<td colspan=\"5\"><a href=\"https:\/\/sunseasleep.com\/specials\/\"><img loading=\"lazy\" decoding=\"async\" class=\"image-rounded alignnone\" src=\"http:\/\/sunseasleep.com\/wp-content\/uploads\/2021\/05\/orange-sunset-300x225.jpg\" alt=\"\" width=\"300\" height=\"225\" \/><\/a><\/td>\n<\/tr>\n<tr>\n<td colspan=\"5\">\n<p class=\"villaName\"><a href=\"https:\/\/sunseasleep.com\/specials\/\">Sonderangebote<\/a><\/p>\n<\/td>\n<\/tr>\n<tr>\n<td colspan=\"5\"><i class=\"fas fa-location-pin\"><\/i> Pop Valley<\/td>\n<\/tr>\n<tr>\n<td><i class=\"fas fa-users\"><\/i> 2-28<\/td>\n<td><i class=\"fas fa-bed\"><\/i> 2-10<\/td>\n<td><i class=\"fas fa-bath\"><\/i> 2-7<\/td>\n<\/tr>\n<tr>\n<td class=\"villaConditions\" colspan=\"5\">Last-Minute-Angebote und Fr\u00fchbucherrabatte<\/td>\n<\/tr>\n<tr>\n<td class=\"villaConditions\" colspan=\"5\">Pauschalangebote und kostenlose \u00dcbernachtungen<\/td>\n<\/tr>\n<tr>\n<td colspan=\"5\">Exklusive Angebote<\/td>\n<\/tr>\n<\/tbody>\n<\/table>\n<\/div>\n<\/div>\n<\/div>\n<div data-post-id='9064' class='insert-page insert-page-9064 '><p><!-- Villa block --><\/p>\n<div class=\"miCasa\">\n<div>\n<table id=\"casaTable\" class=\"casaTable\">\n<tbody>\n<tr>\n<td colspan=\"5\"><a href=\"https:\/\/sunseasleep.com\/coming-soon\/\"><img loading=\"lazy\" decoding=\"async\" class=\"image-rounded alignnone\" src=\"http:\/\/sunseasleep.com\/wp-content\/uploads\/2021\/11\/IMG_3531-300x225.jpg\" alt=\"\" width=\"300\" height=\"225\" \/><\/a><\/td>\n<\/tr>\n<tr>\n<td colspan=\"5\">\n<p class=\"villaName\"><a href=\"https:\/\/sunseasleep.com\/coming-soon\/\">Bald verf\u00fcgbar<\/a><\/p>\n<\/td>\n<\/tr>\n<tr>\n<td colspan=\"5\"><i class=\"fas fa-location-pin\"><\/i> Murla<\/td>\n<\/tr>\n<tr>\n<td><i class=\"fas fa-users\"><\/i> 6-20<\/td>\n<td><i class=\"fas fa-bed\"><\/i> 10<\/td>\n<td><i class=\"fas fa-bath\"><\/i> 6<\/td>\n<\/tr>\n<tr>\n<td class=\"villaConditions\" colspan=\"4\">1 Woche Hochsaison<\/td>\n<td><span class=\"villaConditions smaller\">von <\/span><span class=\"price\">\u20ac4500<\/span><\/td>\n<\/tr>\n<tr>\n<td class=\"villaConditions\" colspan=\"4\">Ersten 3 Buchungen<\/td>\n<td><span class=\"price\"> 20%<\/span><span class=\"villaConditions\"> Rabatt<\/span><\/td>\n<\/tr>\n<tr>\n<td colspan=\"5\">Klassische spanische Villa<\/td>\n<\/tr>\n<\/tbody>\n<\/table>\n<\/div>\n<\/div>\n<\/div>\n","protected":false},"excerpt":{"rendered":"","protected":false},"author":1,"featured_media":0,"parent":0,"menu_order":0,"comment_status":"closed","ping_status":"closed","template":"","meta":{"_monsterinsights_skip_tracking":false,"_monsterinsights_sitenote_active":false,"_monsterinsights_sitenote_note":"","_monsterinsights_sitenote_category":0,"footnotes":""},"class_list":["post-9080","page","type-page","status-publish","hentry"],"yoast_head":"<!-- This site is optimized with the Yoast SEO plugin v16.1.1 - https:\/\/yoast.com\/wordpress\/plugins\/seo\/ -->\n<title>Z Homepage - Sun Sea Sleep<\/title>\n<link rel=\"canonical\" href=\"https:\/\/sunseasleep.com\/\" \/>\n<meta property=\"og:locale\" content=\"de_DE\" \/>\n<meta property=\"og:type\" content=\"article\" \/>\n<meta property=\"og:title\" content=\"Z Homepage - Sun Sea Sleep\" \/>\n<meta property=\"og:url\" content=\"https:\/\/sunseasleep.com\/\" \/>\n<meta property=\"og:site_name\" content=\"Sun Sea Sleep\" \/>\n<meta property=\"article:modified_time\" content=\"2026-04-22T14:02:21+00:00\" \/>\n<meta name=\"twitter:card\" content=\"summary_large_image\" \/>\n<script type=\"application\/ld+json\" class=\"yoast-schema-graph\">{\"@context\":\"https:\/\/schema.org\",\"@graph\":[{\"@type\":\"WebSite\",\"@id\":\"https:\/\/sunseasleep.com\/nl\/#website\",\"url\":\"https:\/\/sunseasleep.com\/nl\/\",\"name\":\"Sun Sea Sleep\",\"description\":\"Sun Sea Sleep\",\"potentialAction\":[{\"@type\":\"SearchAction\",\"target\":\"https:\/\/sunseasleep.com\/nl\/?s={search_term_string}\",\"query-input\":\"required name=search_term_string\"}],\"inLanguage\":\"de\"},{\"@type\":\"WebPage\",\"@id\":\"https:\/\/sunseasleep.com\/#webpage\",\"url\":\"https:\/\/sunseasleep.com\/\",\"name\":\"Z Homepage - Sun Sea Sleep\",\"isPartOf\":{\"@id\":\"https:\/\/sunseasleep.com\/nl\/#website\"},\"datePublished\":\"2026-04-22T13:46:51+00:00\",\"dateModified\":\"2026-04-22T14:02:21+00:00\",\"breadcrumb\":{\"@id\":\"https:\/\/sunseasleep.com\/#breadcrumb\"},\"inLanguage\":\"de\",\"potentialAction\":[{\"@type\":\"ReadAction\",\"target\":[\"https:\/\/sunseasleep.com\/\"]}]},{\"@type\":\"BreadcrumbList\",\"@id\":\"https:\/\/sunseasleep.com\/#breadcrumb\",\"itemListElement\":[{\"@type\":\"ListItem\",\"position\":1,\"item\":{\"@type\":\"WebPage\",\"@id\":\"https:\/\/sunseasleep.com\/\",\"url\":\"https:\/\/sunseasleep.com\/\",\"name\":\"Z Homepage\"}}]}]}<\/script>\n<!-- \/ Yoast SEO plugin. -->","_links":{"self":[{"href":"https:\/\/sunseasleep.com\/de\/wp-json\/wp\/v2\/pages\/9080","targetHints":{"allow":["GET"]}}],"collection":[{"href":"https:\/\/sunseasleep.com\/de\/wp-json\/wp\/v2\/pages"}],"about":[{"href":"https:\/\/sunseasleep.com\/de\/wp-json\/wp\/v2\/types\/page"}],"author":[{"embeddable":true,"href":"https:\/\/sunseasleep.com\/de\/wp-json\/wp\/v2\/users\/1"}],"replies":[{"embeddable":true,"href":"https:\/\/sunseasleep.com\/de\/wp-json\/wp\/v2\/comments?post=9080"}],"version-history":[{"count":2,"href":"https:\/\/sunseasleep.com\/de\/wp-json\/wp\/v2\/pages\/9080\/revisions"}],"predecessor-version":[{"id":9098,"href":"https:\/\/sunseasleep.com\/de\/wp-json\/wp\/v2\/pages\/9080\/revisions\/9098"}],"wp:attachment":[{"href":"https:\/\/sunseasleep.com\/de\/wp-json\/wp\/v2\/media?parent=9080"}],"curies":[{"name":"wp","href":"https:\/\/api.w.org\/{rel}","templated":true}]}}