{"id":8468,"date":"2026-01-08T09:17:24","date_gmt":"2026-01-08T08:17:24","guid":{"rendered":"https:\/\/sunseasleep.com\/?page_id=8468"},"modified":"2026-01-20T06:50:21","modified_gmt":"2026-01-20T05:50:21","slug":"bb-benichembla","status":"publish","type":"page","link":"https:\/\/sunseasleep.com\/de\/bb-benichembla\/","title":{"rendered":"Bed &#038; Breakfast Benichembla"},"content":{"rendered":"<h3><span style=\"color: #333a56;\">Bed &amp; Breakfast Benichembla<\/span><\/h3>\r\n<p><div id=\"Block_wpape_gallery_69d835e5aae20\" style=\"width:100%; display: none;\"><div id=\"wpape_gallery_69d835e5aae20\" data-options=\"wpape_gallery_69d835e5aae20\" style=\"width:100%;\" class=\"wpape_gallery\"><div class=\"wpape-img category8484\" ><div class=\"wpape-img-image \"  ><div data-thumbnail=\"https:\/\/sunseasleep.com\/wp-content\/uploads\/2026\/01\/Villa-Foia-Vella-pool-with-a-view-00best-ps-300x200.jpg\" title=\"Villa-Foia-Vella-pool-with-a-view-00best-ps\" data-width=\"300\" data-height=\"200\" ><\/div><div data-popup=\"https:\/\/sunseasleep.com\/wp-content\/uploads\/2026\/01\/Villa-Foia-Vella-pool-with-a-view-00best-ps.jpg\"  title=\"Villa-Foia-Vella-pool-with-a-view-00best-ps\"><\/div><\/div><\/div><div class=\"wpape-img category8484\" ><div class=\"wpape-img-image \"  ><div data-thumbnail=\"https:\/\/sunseasleep.com\/wp-content\/uploads\/2026\/01\/VillaFoiaVella-33-kl-300x169.jpg\" title=\"VillaFoiaVella-33 kl\" data-width=\"300\" data-height=\"169\" ><\/div><div data-popup=\"https:\/\/sunseasleep.com\/wp-content\/uploads\/2026\/01\/VillaFoiaVella-33-kl.jpg\"  title=\"VillaFoiaVella-33 kl\"><\/div><\/div><\/div><div class=\"wpape-img category8484\" ><div class=\"wpape-img-image \"  ><div data-thumbnail=\"https:\/\/sunseasleep.com\/wp-content\/uploads\/2026\/01\/Ze-pool-300x169.jpg\" title=\"Ze pool\" data-width=\"300\" data-height=\"169\" ><\/div><div data-popup=\"https:\/\/sunseasleep.com\/wp-content\/uploads\/2026\/01\/Ze-pool-scaled.jpg\"  title=\"Ze pool\"><\/div><\/div><\/div><div class=\"wpape-img category8484\" ><div class=\"wpape-img-image \"  ><div data-thumbnail=\"https:\/\/sunseasleep.com\/wp-content\/uploads\/2026\/01\/Oliva-7D2_8998-kl-m-300x200.jpg\" title=\"Oliva-7D2_8998-kl-m\" data-width=\"300\" data-height=\"200\" ><\/div><div data-popup=\"https:\/\/sunseasleep.com\/wp-content\/uploads\/2026\/01\/Oliva-7D2_8998-kl-m.jpg\"  title=\"Oliva-7D2_8998-kl-m\"><\/div><\/div><\/div><div class=\"wpape-img category8484\" ><div class=\"wpape-img-image \"  ><div data-thumbnail=\"https:\/\/sunseasleep.com\/wp-content\/uploads\/2026\/01\/Villa-Foia-Vella-naya-05-ps-300x200.jpg\" title=\"Villa-Foia-Vella--naya-05-ps\" data-width=\"300\" data-height=\"200\" ><\/div><div data-popup=\"https:\/\/sunseasleep.com\/wp-content\/uploads\/2026\/01\/Villa-Foia-Vella-naya-05-ps.jpg\"  title=\"Villa-Foia-Vella--naya-05-ps\"><\/div><\/div><\/div><div class=\"wpape-img category8484\" ><div class=\"wpape-img-image \"  ><div data-thumbnail=\"https:\/\/sunseasleep.com\/wp-content\/uploads\/2026\/01\/WhatsApp-Image-2022-06-26-at-3.22.02-PM-300x191.jpeg\" title=\"WhatsApp Image 2022-06-26 at 3.22.02 PM\" data-width=\"300\" data-height=\"191\" ><\/div><div data-popup=\"https:\/\/sunseasleep.com\/wp-content\/uploads\/2026\/01\/WhatsApp-Image-2022-06-26-at-3.22.02-PM.jpeg\"  title=\"WhatsApp Image 2022-06-26 at 3.22.02 PM\"><\/div><\/div><\/div><div class=\"wpape-img category8484\" ><div class=\"wpape-img-image \"  ><div data-thumbnail=\"https:\/\/sunseasleep.com\/wp-content\/uploads\/2026\/01\/Villa-Foia-Vella-front-04-ps-300x200.jpg\" title=\"Villa-Foia-Vella-front-04-ps\" data-width=\"300\" data-height=\"200\" ><\/div><div data-popup=\"https:\/\/sunseasleep.com\/wp-content\/uploads\/2026\/01\/Villa-Foia-Vella-front-04-ps.jpg\"  title=\"Villa-Foia-Vella-front-04-ps\"><\/div><\/div><\/div><div class=\"wpape-img category8484\" ><div class=\"wpape-img-image \"  ><div data-thumbnail=\"https:\/\/sunseasleep.com\/wp-content\/uploads\/2026\/01\/Villa-Foia-Vella-birdseye-view-03-ps-kl-300x200.jpg\" title=\"Villa-Foia-Vella-birdseye-view-03-ps-kl\" data-width=\"300\" data-height=\"200\" ><\/div><div data-popup=\"https:\/\/sunseasleep.com\/wp-content\/uploads\/2026\/01\/Villa-Foia-Vella-birdseye-view-03-ps-kl.jpg\"  title=\"Villa-Foia-Vella-birdseye-view-03-ps-kl\"><\/div><\/div><\/div><\/div><\/div><script>var wpape_gallery_69d835e5aae20 = {\"filterContainer\": \"#wpape_gallery_69d835e5aae20filter\", \"touch\": 1, \"columns\": 4, \"columnWidth\": \"auto\", \"resolutions\": [ ,  , ], \"overlayEffect\": \"direction-aware-fade\", \"boxesToLoadStart\": \"12\", \"boxesToLoad\": \"8\", \"lazyLoad\": true, \"LoadingWord\": \"Gallery images loading\", \"loadMoreWord\": \"More images\", \"noMoreEntriesWord\": \"No images\", \"loadMoreClass\": \" apebtn apebtn-flat apebtn-primary \", \"horizontalSpaceBetweenBoxes\": 15, \"verticalSpaceBetweenBoxes\": 15}, wpape_gallery_69d835e5aae20_css = \"body .mfp-ready.mfp-bg{background-color: rgba(11, 11, 11, 0.8);}.mfp-container .mfp-arrow{display:none;}#wpape_gallery_69d835e5aae20 .wpape-img-container{ -webkit-border-radius: 5px;-moz-border-radius: 5px;border-radius: 5px;}#wpape_gallery_69d835e5aae20 .wpapeTitle{ font-size:12px; line-height:101%; color:#ffffff;}#wpape_gallery_69d835e5aae20 .wpapeTitle:hover{color:#ffffff;}#wpape_gallery_69d835e5aae20 .wpapeDesc{ font-size:24px; line-height:101%; color:#000000;}#wpape_gallery_69d835e5aae20 .wpapeDesc:hover{color:#000000;}#wpape_gallery_69d835e5aae20 .thumbnail-overlay{background:rgba(7, 7, 7, 0.5);}#wpape_gallery_69d835e5aae20 .wpapeLinkIcon{ font-size:22px; line-height:88%; color:#ffffff;background:rgba(0,0,0,0);}#wpape_gallery_69d835e5aae20 .wpapeLinkIcon:hover{color:#ffffff;background:rgba(0,0,0,0);}#wpape_gallery_69d835e5aae20 .wpapeZoomIcon{ font-size:22px; line-height:88%; color:#ffffff;background:rgba(0,0,0,0);}#wpape_gallery_69d835e5aae20 .wpapeZoomIcon:hover{color:#ffffff;background:rgba(0,0,0,0);}#wpape_gallery_69d835e5aae20 .image-with-dimensions{background-color: rgba(255,255,255,1);}body .mfp-title, body .mfp-counter{color: #f3f3f3;}\",apeGalleryDelay = 0; head = document.head || document.getElementsByTagName(\"head\")[0], style = document.createElement(\"style\"); style.type = \"text\/css\"; if (style.styleSheet) style.styleSheet.cssText = wpape_gallery_69d835e5aae20_css; \telse  style.appendChild(document.createTextNode(wpape_gallery_69d835e5aae20_css)); head.appendChild(style);<\/script><\/p>\r\n<h4 class=\"tw-data-text tw-text-large tw-ta\" dir=\"ltr\" data-placeholder=\"Translation\"><span class=\"Y2IQFc\" lang=\"nl\">Willkommen im B&amp;B Villa Foia Vella<\/span><\/h4>\r\n<p>Ein Ort der Ruhe, Entspannung und unbeschwerten Genusses.<br \/>Eine kleine idyllische Unterkunft inmitten der Natur.<br \/>Mit einem salzwasser &#8218;infinity Pool&#8216; ist sie perfekt zum Entspannen im gr\u00fcnen Paradies.<\/p>\r\n<p>Dieses B&amp;B nur f\u00fcr Erwachsene ferv\u00fcgt \u00fcber 3 Deluxe Zimmer und eine Suite mit Wohnzimmer und privater Terrasse.<br \/>Die Zimmer sind komplett ausgestattet und bieten einen spektakul\u00e4ren Blick auf das Tal und die gr\u00fcnen Berge.<\/p>\r\n<p>Ein k\u00f6stliches Fr\u00fchst\u00fcck ist im Preis der Deluxe Zimmer inbegriffen.<br \/>Yoga- und Massageangebote stehen ebenfalls zur Verf\u00fcgung.<\/p>\r\n<p>Unten finden Sie unsere Preise f\u00fcr 2026.<br \/>Der Preis richtet sich nach dem Aufenthalts.<br \/>Die Mindestaufenthaltsdauer variiert zwischen 2 N\u00e4chten in der Nebensaison und 3 N\u00e4chten in der Hauptsaison.<\/p>\r\n<p>Die Verf\u00fcgbarkeit k\u00f6nnen Sie dem Kalender am Ende dieser Seite entnehmen.\u00a0 \u00a0<\/p>\r\n<h5><span style=\"color: #333a56;\">Preise:<\/span><\/h5>\r\n<figure class=\"wp-block-table\">\r\n<table style=\"height: 453px;\" width=\"553\">\r\n<tbody>\r\n<tr>\r\n<td width=\"95\">\r\n<p style=\"text-align: center;\"><strong>Deluxe zimmer<\/strong><\/p>\r\n<\/td>\r\n<td width=\"93\">\r\n<p style=\"text-align: center;\">Preise pro Nacht<br \/>f\u00fcr 1 Person<\/p>\r\n<\/td>\r\n<td width=\"142\">\r\n<p style=\"text-align: center;\">Preise pro Nacht<br \/>f\u00fcr 2 Personen<\/p>\r\n<\/td>\r\n<\/tr>\r\n<tr>\r\n<td width=\"95\">\r\n<p style=\"text-align: center;\">1 November &#8211; 30 April<\/p>\r\n<\/td>\r\n<td width=\"93\">\r\n<p style=\"text-align: center;\">\u20ac 85<\/p>\r\n<\/td>\r\n<td width=\"142\">\r\n<p style=\"text-align: center;\">\u20ac 105<\/p>\r\n<\/td>\r\n<\/tr>\r\n<tr>\r\n<td width=\"95\">\r\n<p style=\"text-align: center;\">1 Mai &#8211; 31 Oktober<\/p>\r\n<\/td>\r\n<td width=\"93\">\r\n<p style=\"text-align: center;\">\u20ac 105<\/p>\r\n<\/td>\r\n<td width=\"142\">\r\n<p style=\"text-align: center;\">\u20ac 125<\/p>\r\n<\/td>\r\n<\/tr>\r\n<tr>\r\n<td width=\"95\">\r\n<p style=\"text-align: center;\">\u00a0<\/p>\r\n<\/td>\r\n<td width=\"93\">\r\n<p style=\"text-align: center;\">\u00a0<\/p>\r\n<\/td>\r\n<td width=\"142\">\r\n<p style=\"text-align: center;\">\u00a0<\/p>\r\n<\/td>\r\n<\/tr>\r\n<tr>\r\n<td width=\"95\">\r\n<p style=\"text-align: center;\"><strong>Suite<\/strong><\/p>\r\n<\/td>\r\n<td width=\"93\">\r\n<p style=\"text-align: center;\">Preise pro Nacht<br \/>f\u00fcr 1 Person<\/p>\r\n<\/td>\r\n<td width=\"142\">\r\n<p style=\"text-align: center;\">Preise pro Nacht<br \/>f\u00fcr 2 Personen<\/p>\r\n<\/td>\r\n<\/tr>\r\n<tr>\r\n<td width=\"95\">\r\n<p style=\"text-align: center;\">1 November &#8211; 30 April<\/p>\r\n<\/td>\r\n<td width=\"93\">\r\n<p style=\"text-align: center;\">\u20ac 115<\/p>\r\n<\/td>\r\n<td width=\"142\">\r\n<p style=\"text-align: center;\">\u20ac 135<\/p>\r\n<\/td>\r\n<\/tr>\r\n<tr>\r\n<td width=\"95\">\r\n<p style=\"text-align: center;\">1 Mai &#8211; 31 Oktober<\/p>\r\n<\/td>\r\n<td width=\"93\">\r\n<p style=\"text-align: center;\">\u20ac 135<\/p>\r\n<\/td>\r\n<td width=\"142\">\r\n<p style=\"text-align: center;\">\u20ac 155<\/p>\r\n<\/td>\r\n<\/tr>\r\n<\/tbody>\r\n<\/table>\r\n<br \/>\r\n<figure><\/figure>\r\n<\/figure>\r\n<figure class=\"wp-block-table\">Die Preise verstehen sich inklusive:<\/figure>\r\n<ul>\r\n<li style=\"list-style-type: none;\">\r\n<ul>\r\n<li>Bettw\u00e4sche<\/li>\r\n<li>Duscht\u00fccher<\/li>\r\n<li>W-LAN<\/li>\r\n<li>Parken<\/li>\r\n<li>MwSt<\/li>\r\n<li>Wasser &amp; Strom<\/li>\r\n<li>Kaffee &amp; Tee<\/li>\r\n<li>Endreinigung<\/li>\r\n<li>Mountainbikes<\/li>\r\n<li>Fr\u00fchst\u00fcckt (bei einem Aufenthalt in den Deluxe Zimmern)<\/li>\r\n<\/ul>\r\n<\/li>\r\n<\/ul>\r\n<figure class=\"wp-block-table\"><br \/>Die Preise verstehen sich exklusive:<\/figure>\r\n<ul>\r\n<li style=\"list-style-type: none;\">\r\n<ul>\r\n<li>Fr\u00fchst\u00fcck (bei einemn Aufenthalt in der Suite)<\/li>\r\n<\/ul>\r\n<\/li>\r\n<\/ul>\r\n<figure class=\"wp-block-table\"><br \/>Zus\u00e4tzliche Bedingungen<\/figure>\r\n<ul>\r\n<li style=\"list-style-type: none;\">\r\n<ul>\r\n<li>Nicht geeignet f\u00fcr Partys, Veranstaltungen, und Feiern<\/li>\r\n<li>Haustiere sind nicht erlaubt<\/li>\r\n<li>Adults only &#8211; Alle G\u00e4ste m\u00fcssen mindestens 18 Jahre alt sein.<\/li>\r\n<\/ul>\r\n<\/li>\r\n<\/ul>\r\n<p>F\u00fcr weitere Informationen oder Fragen f\u00fcllen Sie bitte das unterstehende Formular aus und wir werden uns gerne mit Ihnen in Verbindung setzen. <div role=\"form\" class=\"wpcf7\" id=\"wpcf7-f8550-o1\" lang=\"en-US\" dir=\"ltr\">\n<div class=\"screen-reader-response\"><p role=\"status\" aria-live=\"polite\" aria-atomic=\"true\"><\/p> <ul><\/ul><\/div>\n<form action=\"\/de\/wp-json\/wp\/v2\/pages\/8468#wpcf7-f8550-o1\" method=\"post\" class=\"wpcf7-form init\" novalidate=\"novalidate\" data-status=\"init\">\n<div style=\"display: none;\">\n<input type=\"hidden\" name=\"_wpcf7\" value=\"8550\" \/>\n<input type=\"hidden\" name=\"_wpcf7_version\" value=\"5.5.6.1\" \/>\n<input type=\"hidden\" name=\"_wpcf7_locale\" value=\"en_US\" \/>\n<input type=\"hidden\" name=\"_wpcf7_unit_tag\" value=\"wpcf7-f8550-o1\" \/>\n<input type=\"hidden\" name=\"_wpcf7_container_post\" value=\"0\" \/>\n<input type=\"hidden\" name=\"_wpcf7_posted_data_hash\" value=\"\" \/>\n<input type=\"hidden\" name=\"_wpcf7_recaptcha_response\" value=\"\" \/>\n<\/div>\n<p><label>Name<br \/>\n   <span class=\"wpcf7-form-control-wrap name-002\"><input type=\"text\" name=\"name-002\" value=\"\" size=\"40\" class=\"wpcf7-form-control wpcf7-text wpcf7-validates-as-required\" id=\"name-002\" aria-required=\"true\" aria-invalid=\"false\" \/><\/span><\/label><\/p>\n<p><label>Telefon<br \/>\n  <span class=\"wpcf7-form-control-wrap tel-002\"><input type=\"tel\" name=\"tel-002\" value=\"\" size=\"40\" class=\"wpcf7-form-control wpcf7-text wpcf7-tel wpcf7-validates-as-required wpcf7-validates-as-tel\" id=\"tel-001\" aria-required=\"true\" aria-invalid=\"false\" \/><\/span><\/label><\/p>\n<p><label> Email<br \/>\n  <span class=\"wpcf7-form-control-wrap email-002\"><input type=\"email\" name=\"email-002\" value=\"\" size=\"40\" class=\"wpcf7-form-control wpcf7-text wpcf7-email wpcf7-validates-as-required wpcf7-validates-as-email\" aria-required=\"true\" aria-invalid=\"false\" \/><\/span> <\/label><\/p>\n<p><label> Personenzahl<br \/>\n  <span class=\"wpcf7-form-control-wrap number-001\"><input type=\"number\" name=\"number-001\" value=\"\" class=\"wpcf7-form-control wpcf7-number wpcf7-validates-as-required wpcf7-validates-as-number\" aria-required=\"true\" aria-invalid=\"false\" \/><\/span><\/label><\/p>\n<p><label> Gew\u00fcnschtes Anreisedatum<br \/>\n  <span class=\"wpcf7-form-control-wrap date-001\"><input type=\"date\" name=\"date-001\" value=\"\" class=\"wpcf7-form-control wpcf7-date wpcf7-validates-as-required wpcf7-validates-as-date\" aria-required=\"true\" aria-invalid=\"false\" \/><\/span><\/label><\/p>\n<p><label> Gew\u00fcnschtes abreisedatum<br \/>\n  <span class=\"wpcf7-form-control-wrap date-002\"><input type=\"date\" name=\"date-002\" value=\"\" class=\"wpcf7-form-control wpcf7-date wpcf7-validates-as-required wpcf7-validates-as-date\" aria-required=\"true\" aria-invalid=\"false\" \/><\/span><\/label><\/p>\n<p><label> Botschaft<br \/>\n  <span class=\"wpcf7-form-control-wrap message-002\"><textarea name=\"message-002\" cols=\"40\" rows=\"10\" class=\"wpcf7-form-control wpcf7-textarea wpcf7-validates-as-required\" id=\"message-002\" aria-required=\"true\" aria-invalid=\"false\"><\/textarea><\/span> <\/label><\/p>\n<p><label> L\u00f6sen Sie die folgende Summe auf, um zu beweisen, dass Sie kein Roboter sind<br \/>\n   <span class=\"wpcf7-form-control-wrap random-math-quiz\"><label><span class=\"wpcf7-quiz-label\">3x3=?<\/span> <input type=\"text\" name=\"random-math-quiz\" size=\"40\" class=\"wpcf7-form-control wpcf7-quiz\" autocomplete=\"off\" aria-required=\"true\" aria-invalid=\"false\" \/><\/label><input type=\"hidden\" name=\"_wpcf7_quiz_answer_random-math-quiz\" value=\"feaa1a83010e41d8ce40661735d4896f\" \/><\/span><\/label><\/p>\n<p>  <input type=\"submit\" value=\"Senden\" class=\"wpcf7-form-control has-spinner wpcf7-submit\" id=\"send\" \/><\/p>\n<div class=\"wpcf7-response-output\" aria-hidden=\"true\"><\/div><\/form><\/div>\u00a0<\/p>\r\n<p><!-- \/wp:heading --><\/p>\r\n<p><!-- wp:paragraph --><\/p>\r\n<p><!-- wp:paragraph --><\/p>\r\n<p><div  class=\"lgc-column lgc-grid-parent lgc-grid-60 lgc-tablet-grid-60 lgc-mobile-grid-100 lgc-equal-heights \"><div  class=\"inside-grid-column\">\r\n<p><!-- \/wp:paragraph --><\/p>\r\n<div style=\"font-size: 16px;\">\u00a0 \u00a0 \u00a0 \u00a0Verf\u00fcgbarkeit bed &amp; breakfast Benichembla<\/div>\r\n<div>\u00a0<\/div>\r\n<div>\r\n<div style=\"font-size: 16px;\">\u00a0<\/div>\r\n<p><iframe loading=\"lazy\" src=\"https:\/\/sunseasleep.com\/mystuff\/sss-calendar.php?alias=Benichembla\" width=\"350\" height=\"350\" frameborder=\"0\"><\/iframe> <\/p><\/div><\/div><\/div>\r\n<\/div>\r\n<div>\u00a0<!-- wp:paragraph --><div  class=\"lgc-column lgc-grid-parent lgc-grid-40 lgc-tablet-grid-40 lgc-mobile-grid-100 lgc-equal-heights \"><div  class=\"inside-grid-column\"><\/div><\/div><div class=\"lgc-clear\"><\/div><\/div>\r\n<!--\r\n<div class=\"wp-block-columns\">\r\n<div class=\"wp-block-column\" style=\"flex-basis: 66.66%;\">[lgc_column grid=\"60\" tablet_grid=\"60\" mobile_grid=\"100\" last=\"false\"][ape-gallery 1254][\/lgc_column]<\/div>\r\n<\/div>\r\n-->","protected":false},"excerpt":{"rendered":"<p>Bed &amp; Breakfast Benichembla Willkommen im B&amp;B Villa Foia Vella Ein Ort der Ruhe, Entspannung und unbeschwerten Genusses.Eine kleine idyllische Unterkunft inmitten der Natur.Mit einem salzwasser &#8218;infinity Pool&#8216; ist sie perfekt zum Entspannen im gr\u00fcnen Paradies. Dieses B&amp;B nur f\u00fcr Erwachsene ferv\u00fcgt \u00fcber 3 Deluxe Zimmer und eine Suite mit Wohnzimmer und privater Terrasse.Die Zimmer [&hellip;]<\/p>\n","protected":false},"author":1,"featured_media":0,"parent":0,"menu_order":0,"comment_status":"closed","ping_status":"closed","template":"","meta":{"_monsterinsights_skip_tracking":false,"_monsterinsights_sitenote_active":false,"_monsterinsights_sitenote_note":"","_monsterinsights_sitenote_category":0,"footnotes":""},"class_list":["post-8468","page","type-page","status-publish","hentry"],"yoast_head":"<!-- This site is optimized with the Yoast SEO plugin v16.1.1 - https:\/\/yoast.com\/wordpress\/plugins\/seo\/ -->\n<title>Bed &amp; Breakfast Benichembla - Sun Sea Sleep<\/title>\n<link rel=\"canonical\" href=\"https:\/\/sunseasleep.com\/bb-benichembla\/\" \/>\n<meta property=\"og:locale\" content=\"de_DE\" \/>\n<meta property=\"og:type\" content=\"article\" \/>\n<meta property=\"og:title\" content=\"Bed &amp; Breakfast Benichembla - Sun Sea Sleep\" \/>\n<meta property=\"og:description\" content=\"Bed &amp; Breakfast Benichembla Willkommen im B&amp;B Villa Foia Vella Ein Ort der Ruhe, Entspannung und unbeschwerten Genusses.Eine kleine idyllische Unterkunft inmitten der Natur.Mit einem salzwasser &#8218;infinity Pool&#8216; ist sie perfekt zum Entspannen im gr\u00fcnen Paradies. Dieses B&amp;B nur f\u00fcr Erwachsene ferv\u00fcgt \u00fcber 3 Deluxe Zimmer und eine Suite mit Wohnzimmer und privater Terrasse.Die Zimmer [&hellip;]\" \/>\n<meta property=\"og:url\" content=\"https:\/\/sunseasleep.com\/bb-benichembla\/\" \/>\n<meta property=\"og:site_name\" content=\"Sun Sea Sleep\" \/>\n<meta property=\"article:modified_time\" content=\"2026-01-20T05:50:21+00:00\" \/>\n<meta name=\"twitter:card\" content=\"summary_large_image\" \/>\n<meta name=\"twitter:label1\" content=\"Gesch\u00e4tzte Lesezeit\">\n\t<meta name=\"twitter:data1\" content=\"12\u00a0Minuten\">\n<script type=\"application\/ld+json\" class=\"yoast-schema-graph\">{\"@context\":\"https:\/\/schema.org\",\"@graph\":[{\"@type\":\"WebSite\",\"@id\":\"https:\/\/sunseasleep.com\/nl\/#website\",\"url\":\"https:\/\/sunseasleep.com\/nl\/\",\"name\":\"Sun Sea Sleep\",\"description\":\"Sun Sea Sleep\",\"potentialAction\":[{\"@type\":\"SearchAction\",\"target\":\"https:\/\/sunseasleep.com\/nl\/?s={search_term_string}\",\"query-input\":\"required name=search_term_string\"}],\"inLanguage\":\"de\"},{\"@type\":\"WebPage\",\"@id\":\"https:\/\/sunseasleep.com\/bb-benichembla\/#webpage\",\"url\":\"https:\/\/sunseasleep.com\/bb-benichembla\/\",\"name\":\"Bed & Breakfast Benichembla - Sun Sea Sleep\",\"isPartOf\":{\"@id\":\"https:\/\/sunseasleep.com\/nl\/#website\"},\"datePublished\":\"2026-01-08T08:17:24+00:00\",\"dateModified\":\"2026-01-20T05:50:21+00:00\",\"breadcrumb\":{\"@id\":\"https:\/\/sunseasleep.com\/bb-benichembla\/#breadcrumb\"},\"inLanguage\":\"de\",\"potentialAction\":[{\"@type\":\"ReadAction\",\"target\":[\"https:\/\/sunseasleep.com\/bb-benichembla\/\"]}]},{\"@type\":\"BreadcrumbList\",\"@id\":\"https:\/\/sunseasleep.com\/bb-benichembla\/#breadcrumb\",\"itemListElement\":[{\"@type\":\"ListItem\",\"position\":1,\"item\":{\"@type\":\"WebPage\",\"@id\":\"https:\/\/sunseasleep.com\/bb-benichembla\/\",\"url\":\"https:\/\/sunseasleep.com\/bb-benichembla\/\",\"name\":\"Bed &#038; Breakfast Benichembla\"}}]}]}<\/script>\n<!-- \/ Yoast SEO plugin. -->","_links":{"self":[{"href":"https:\/\/sunseasleep.com\/de\/wp-json\/wp\/v2\/pages\/8468","targetHints":{"allow":["GET"]}}],"collection":[{"href":"https:\/\/sunseasleep.com\/de\/wp-json\/wp\/v2\/pages"}],"about":[{"href":"https:\/\/sunseasleep.com\/de\/wp-json\/wp\/v2\/types\/page"}],"author":[{"embeddable":true,"href":"https:\/\/sunseasleep.com\/de\/wp-json\/wp\/v2\/users\/1"}],"replies":[{"embeddable":true,"href":"https:\/\/sunseasleep.com\/de\/wp-json\/wp\/v2\/comments?post=8468"}],"version-history":[{"count":18,"href":"https:\/\/sunseasleep.com\/de\/wp-json\/wp\/v2\/pages\/8468\/revisions"}],"predecessor-version":[{"id":8551,"href":"https:\/\/sunseasleep.com\/de\/wp-json\/wp\/v2\/pages\/8468\/revisions\/8551"}],"wp:attachment":[{"href":"https:\/\/sunseasleep.com\/de\/wp-json\/wp\/v2\/media?parent=8468"}],"curies":[{"name":"wp","href":"https:\/\/api.w.org\/{rel}","templated":true}]}}