{"id":7482,"date":"2025-10-05T11:57:31","date_gmt":"2025-10-05T09:57:31","guid":{"rendered":"https:\/\/sunseasleep.com\/?page_id=7482"},"modified":"2025-12-02T11:09:37","modified_gmt":"2025-12-02T10:09:37","slug":"casa-orba","status":"publish","type":"page","link":"https:\/\/sunseasleep.com\/de\/casa-orba\/","title":{"rendered":"Casa Orba"},"content":{"rendered":"<h3><span style=\"color: #333a56;\">Casa Orba<\/span><\/h3>\r\n<p><div id=\"Block_wpape_gallery_69e7a862975f9\" style=\"width:100%; display: none;\"><div id=\"wpape_gallery_69e7a862975f9\" data-options=\"wpape_gallery_69e7a862975f9\" style=\"width:100%;\" class=\"wpape_gallery\"><div class=\"wpape-img category7485\" ><div class=\"wpape-img-image \"  ><div data-thumbnail=\"https:\/\/sunseasleep.com\/wp-content\/uploads\/2025\/10\/IMG-20250911-WA0037-300x225.jpg\" title=\"IMG-20250911-WA0037\" data-width=\"300\" data-height=\"225\" ><\/div><div data-popup=\"https:\/\/sunseasleep.com\/wp-content\/uploads\/2025\/10\/IMG-20250911-WA0037.jpg\"  title=\"IMG-20250911-WA0037\"><\/div><\/div><\/div><div class=\"wpape-img category7485\" ><div class=\"wpape-img-image \"  ><div data-thumbnail=\"https:\/\/sunseasleep.com\/wp-content\/uploads\/2025\/10\/IMG-20250911-WA0046-300x225.jpg\" title=\"IMG-20250911-WA0046\" data-width=\"300\" data-height=\"225\" ><\/div><div data-popup=\"https:\/\/sunseasleep.com\/wp-content\/uploads\/2025\/10\/IMG-20250911-WA0046.jpg\"  title=\"IMG-20250911-WA0046\"><\/div><\/div><\/div><div class=\"wpape-img category7485\" ><div class=\"wpape-img-image \"  ><div data-thumbnail=\"https:\/\/sunseasleep.com\/wp-content\/uploads\/2025\/10\/IMG-20250911-WA0019-300x225.jpg\" title=\"IMG-20250911-WA0019\" data-width=\"300\" data-height=\"225\" ><\/div><div data-popup=\"https:\/\/sunseasleep.com\/wp-content\/uploads\/2025\/10\/IMG-20250911-WA0019.jpg\"  title=\"IMG-20250911-WA0019\"><\/div><\/div><\/div><div class=\"wpape-img category7485\" ><div class=\"wpape-img-image \"  ><div data-thumbnail=\"https:\/\/sunseasleep.com\/wp-content\/uploads\/2025\/10\/IMG-20250911-WA0043-300x225.jpg\" title=\"IMG-20250911-WA0043\" data-width=\"300\" data-height=\"225\" ><\/div><div data-popup=\"https:\/\/sunseasleep.com\/wp-content\/uploads\/2025\/10\/IMG-20250911-WA0043.jpg\"  title=\"IMG-20250911-WA0043\"><\/div><\/div><\/div><div class=\"wpape-img category7485\" ><div class=\"wpape-img-image \"  ><div data-thumbnail=\"https:\/\/sunseasleep.com\/wp-content\/uploads\/2025\/10\/IMG-20250911-WA0035-300x225.jpg\" title=\"IMG-20250911-WA0035\" data-width=\"300\" data-height=\"225\" ><\/div><div data-popup=\"https:\/\/sunseasleep.com\/wp-content\/uploads\/2025\/10\/IMG-20250911-WA0035.jpg\"  title=\"IMG-20250911-WA0035\"><\/div><\/div><\/div><div class=\"wpape-img category7485\" ><div class=\"wpape-img-image \"  ><div data-thumbnail=\"https:\/\/sunseasleep.com\/wp-content\/uploads\/2025\/10\/IMG-20250911-WA0027-300x225.jpg\" title=\"IMG-20250911-WA0027\" data-width=\"300\" data-height=\"225\" ><\/div><div data-popup=\"https:\/\/sunseasleep.com\/wp-content\/uploads\/2025\/10\/IMG-20250911-WA0027.jpg\"  title=\"IMG-20250911-WA0027\"><\/div><\/div><\/div><div class=\"wpape-img category7485\" ><div class=\"wpape-img-image \"  ><div data-thumbnail=\"https:\/\/sunseasleep.com\/wp-content\/uploads\/2025\/10\/IMG-20250911-WA0054-300x225.jpg\" title=\"IMG-20250911-WA0054\" data-width=\"300\" data-height=\"225\" ><\/div><div data-popup=\"https:\/\/sunseasleep.com\/wp-content\/uploads\/2025\/10\/IMG-20250911-WA0054.jpg\"  title=\"IMG-20250911-WA0054\"><\/div><\/div><\/div><div class=\"wpape-img category7485\" ><div class=\"wpape-img-image \"  ><div data-thumbnail=\"https:\/\/sunseasleep.com\/wp-content\/uploads\/2025\/10\/IMG-20250911-WA0041-300x225.jpg\" title=\"IMG-20250911-WA0041\" data-width=\"300\" data-height=\"225\" ><\/div><div data-popup=\"https:\/\/sunseasleep.com\/wp-content\/uploads\/2025\/10\/IMG-20250911-WA0041.jpg\"  title=\"IMG-20250911-WA0041\"><\/div><\/div><\/div><\/div><\/div><script>var wpape_gallery_69e7a862975f9 = {\"filterContainer\": \"#wpape_gallery_69e7a862975f9filter\", \"touch\": 1, \"columns\": 4, \"columnWidth\": \"auto\", \"resolutions\": [ ,  , ], \"overlayEffect\": \"direction-aware-fade\", \"boxesToLoadStart\": \"12\", \"boxesToLoad\": \"8\", \"lazyLoad\": true, \"LoadingWord\": \"Gallery images loading\", \"loadMoreWord\": \"More images\", \"noMoreEntriesWord\": \"No images\", \"loadMoreClass\": \" apebtn apebtn-flat apebtn-primary \", \"horizontalSpaceBetweenBoxes\": 15, \"verticalSpaceBetweenBoxes\": 15}, wpape_gallery_69e7a862975f9_css = \"body .mfp-ready.mfp-bg{background-color: rgba(11, 11, 11, 0.8);}.mfp-container .mfp-arrow{display:none;}#wpape_gallery_69e7a862975f9 .wpape-img-container{ -webkit-border-radius: 5px;-moz-border-radius: 5px;border-radius: 5px;}#wpape_gallery_69e7a862975f9 .wpapeTitle{ font-size:12px; line-height:101%; color:#ffffff;}#wpape_gallery_69e7a862975f9 .wpapeTitle:hover{color:#ffffff;}#wpape_gallery_69e7a862975f9 .wpapeDesc{ font-size:24px; line-height:101%; color:#000000;}#wpape_gallery_69e7a862975f9 .wpapeDesc:hover{color:#000000;}#wpape_gallery_69e7a862975f9 .thumbnail-overlay{background:rgba(7, 7, 7, 0.5);}#wpape_gallery_69e7a862975f9 .wpapeLinkIcon{ font-size:22px; line-height:88%; color:#ffffff;background:rgba(0,0,0,0);}#wpape_gallery_69e7a862975f9 .wpapeLinkIcon:hover{color:#ffffff;background:rgba(0,0,0,0);}#wpape_gallery_69e7a862975f9 .wpapeZoomIcon{ font-size:22px; line-height:88%; color:#ffffff;background:rgba(0,0,0,0);}#wpape_gallery_69e7a862975f9 .wpapeZoomIcon:hover{color:#ffffff;background:rgba(0,0,0,0);}#wpape_gallery_69e7a862975f9 .image-with-dimensions{background-color: rgba(255,255,255,1);}body .mfp-title, body .mfp-counter{color: #f3f3f3;}\",apeGalleryDelay = 0; head = document.head || document.getElementsByTagName(\"head\")[0], style = document.createElement(\"style\"); style.type = \"text\/css\"; if (style.styleSheet) style.styleSheet.cssText = wpape_gallery_69e7a862975f9_css; \telse  style.appendChild(document.createTextNode(wpape_gallery_69e7a862975f9_css)); head.appendChild(style);<\/script><\/p>\r\n<h4 class=\"tw-data-text tw-text-large tw-ta\" dir=\"ltr\" data-placeholder=\"Translation\"><span class=\"Y2IQFc\" lang=\"nl\">Wilkommen in der Casa Orba<\/span><\/h4>\r\n<p><span class=\"Y2IQFc\" lang=\"de\">Eine luxuri\u00f6se Unterkunft mit spektakul\u00e4rem Blick \u00fcber das Dorf Orba und das Tal.<br \/>Mit 4 Schlafzimmern auf 2 Etagen bietet diese Villa Platz f\u00fcr bis zu 8 Personen.<br \/><\/span><span class=\"Y2IQFc\" lang=\"de\">Die Villa wurde k\u00fcrzlich komplett renoviert und ist trotz ihres urspr\u00fcnglichen Stils sehr ger\u00e4umig und luxuri\u00f6s eingerichtet.<\/span><\/p>\r\n<p><span class=\"Y2IQFc\" lang=\"de\">In der Casa Orba k\u00f6nnen Sie sich wirklich entspannen und diesen besonderen Ort genie\u00dfen.<br \/><\/span><span class=\"Y2IQFc\" lang=\"de\">Es ist komplett m\u00f6bliert und bietet alles, was Sie f\u00fcr einen komfortablen Aufenthalt ben\u00f6tigen.<\/span><\/p>\r\n<p><span class=\"Y2IQFc\" lang=\"de\">Es gibt 4 Schlafzimmer, 2 Badezimmer, eine K\u00fcche, ein Wohnzimmer, ein Esszimmer, einen Innenhof, mehrere Terrassen und einen Swimmingpool.<br \/><\/span><span class=\"Y2IQFc\" lang=\"de\">Aufgrund der Treppen ist diese sch\u00f6ne Unterkunft nicht f\u00fcr Kleinkinder oder Personen mit eingeschr\u00e4nkter Mobilit\u00e4t geeignet.<\/span><\/p>\r\n<p><span class=\"Y2IQFc\" lang=\"de\">Diese luxuri\u00f6se Villa liegt an einem Hang und ist nur wenige Gehminuten vom Zentrum von Orba entfernt.<br \/>Superm\u00e4rkte und Restaurants befinden sich in der N\u00e4he, und beliebte Str\u00e4nde sind 15 bis 20 Autominuten entfernt.<\/span><\/p>\r\n<p><span class=\"Y2IQFc\" lang=\"de\">Nachfolgend finden Sie alle unsere Preise f\u00fcr 2026.<br \/>Der Preis h\u00e4ngt von der Aufenthaltsdauer ab.<br \/>Die Mindestaufenthaltsdauer variiert zwischen 4 N\u00e4chten in der Nebensaison und 7 N\u00e4chten in der Hochsaison.<\/span><\/p>\r\n<p><span class=\"Y2IQFc\" lang=\"de\">Weitere Fotos von Casa Orba finden Sie <span class=\"Y2IQFc\" lang=\"en\"><a href=\"https:\/\/sunseasleep.com\/gallery-orba\/\">here<\/a>.<\/span><br \/>Den Verf\u00fcgbarkeitskalender finden Sie unten auf dieser Seite.<\/span><\/p>\r\n<h5><span style=\"color: #333a56;\">Preise:<\/span><\/h5>\r\n<figure class=\"wp-block-table\">\r\n<table width=\"337\">\r\n<tbody>\r\n<tr>\r\n<td width=\"95\">\r\n<p style=\"text-align: center;\">2026<\/p>\r\n<\/td>\r\n<td width=\"93\">\r\n<p style=\"text-align: center;\">Min. Aufenthalt<\/p>\r\n<\/td>\r\n<td width=\"142\">\r\n<p style=\"text-align: center;\">Preis pro Nacht<\/p>\r\n<\/td>\r\n<\/tr>\r\n<tr>\r\n<td width=\"95\">\r\n<p style=\"text-align: center;\">Januar<\/p>\r\n<\/td>\r\n<td width=\"93\">\r\n<p style=\"text-align: center;\">4<\/p>\r\n<\/td>\r\n<td width=\"142\">\r\n<p style=\"text-align: center;\">\u20ac 175<\/p>\r\n<\/td>\r\n<\/tr>\r\n<tr>\r\n<td width=\"95\">\r\n<p style=\"text-align: center;\">Februar<\/p>\r\n<\/td>\r\n<td width=\"93\">\r\n<p style=\"text-align: center;\">4<\/p>\r\n<\/td>\r\n<td width=\"142\">\r\n<p style=\"text-align: center;\">\u20ac 175<\/p>\r\n<\/td>\r\n<\/tr>\r\n<tr>\r\n<td width=\"95\">\r\n<p style=\"text-align: center;\">M\u00e4rz<\/p>\r\n<\/td>\r\n<td width=\"93\">\r\n<p style=\"text-align: center;\">4<\/p>\r\n<\/td>\r\n<td width=\"142\">\r\n<p style=\"text-align: center;\">\u20ac 200<\/p>\r\n<\/td>\r\n<\/tr>\r\n<tr>\r\n<td width=\"95\">\r\n<p style=\"text-align: center;\">April<\/p>\r\n<\/td>\r\n<td width=\"93\">\r\n<p style=\"text-align: center;\">4<\/p>\r\n<\/td>\r\n<td width=\"142\">\r\n<p style=\"text-align: center;\">\u20ac 250<\/p>\r\n<\/td>\r\n<\/tr>\r\n<tr>\r\n<td width=\"95\">\r\n<p style=\"text-align: center;\">Mai<\/p>\r\n<\/td>\r\n<td width=\"93\">\r\n<p style=\"text-align: center;\">4<\/p>\r\n<\/td>\r\n<td width=\"142\">\r\n<p style=\"text-align: center;\">\u20ac 250<\/p>\r\n<\/td>\r\n<\/tr>\r\n<tr>\r\n<td width=\"95\">\r\n<p style=\"text-align: center;\">Juni<\/p>\r\n<\/td>\r\n<td width=\"93\">\r\n<p style=\"text-align: center;\">5<\/p>\r\n<\/td>\r\n<td width=\"142\">\r\n<p style=\"text-align: center;\">\u20ac 250<\/p>\r\n<\/td>\r\n<\/tr>\r\n<tr>\r\n<td width=\"95\">\r\n<p style=\"text-align: center;\">Juli<\/p>\r\n<\/td>\r\n<td width=\"93\">\r\n<p style=\"text-align: center;\">7<\/p>\r\n<\/td>\r\n<td width=\"142\">\r\n<p style=\"text-align: center;\">\u20ac 310<\/p>\r\n<\/td>\r\n<\/tr>\r\n<tr>\r\n<td width=\"95\">\r\n<p style=\"text-align: center;\">August<\/p>\r\n<\/td>\r\n<td width=\"93\">\r\n<p style=\"text-align: center;\">7<\/p>\r\n<\/td>\r\n<td width=\"142\">\r\n<p style=\"text-align: center;\">\u20ac 310<\/p>\r\n<\/td>\r\n<\/tr>\r\n<tr>\r\n<td width=\"95\">\r\n<p style=\"text-align: center;\">September<\/p>\r\n<\/td>\r\n<td width=\"93\">\r\n<p style=\"text-align: center;\">5<\/p>\r\n<\/td>\r\n<td width=\"142\">\r\n<p style=\"text-align: center;\">\u20ac 250<\/p>\r\n<\/td>\r\n<\/tr>\r\n<tr>\r\n<td width=\"95\">\r\n<p style=\"text-align: center;\">Oktober<\/p>\r\n<\/td>\r\n<td width=\"93\">\r\n<p style=\"text-align: center;\">4<\/p>\r\n<\/td>\r\n<td width=\"142\">\r\n<p style=\"text-align: center;\">\u20ac 250<\/p>\r\n<\/td>\r\n<\/tr>\r\n<tr>\r\n<td width=\"95\">\r\n<p style=\"text-align: center;\">November<\/p>\r\n<\/td>\r\n<td width=\"93\">\r\n<p style=\"text-align: center;\">4<\/p>\r\n<\/td>\r\n<td width=\"142\">\r\n<p style=\"text-align: center;\">\u20ac 175<\/p>\r\n<\/td>\r\n<\/tr>\r\n<tr>\r\n<td width=\"95\">\r\n<p style=\"text-align: center;\">Dezember<\/p>\r\n<\/td>\r\n<td width=\"93\">\r\n<p style=\"text-align: center;\">4<\/p>\r\n<\/td>\r\n<td width=\"142\">\r\n<p style=\"text-align: center;\">\u20ac 175<\/p>\r\n<\/td>\r\n<\/tr>\r\n<\/tbody>\r\n<\/table>\r\n<br \/>\r\n<figure><\/figure>\r\n<\/figure>\r\n<figure class=\"wp-block-table\">Die Preise beinhalten:<\/figure>\r\n<ul>\r\n<li style=\"list-style-type: none;\">\r\n<ul>\r\n<li>Bettw\u00e4sche<\/li>\r\n<li>Duscht\u00fccher<\/li>\r\n<li>W-LAN<\/li>\r\n<li>Parken<\/li>\r\n<li>MwST<\/li>\r\n<li>Wasser<\/li>\r\n<li>Babybett<\/li>\r\n<\/ul>\r\n<\/li>\r\n<\/ul>\r\n<figure class=\"wp-block-table\">Die Preise verstehen sich exklusive:<\/figure>\r\n<ul>\r\n<li style=\"list-style-type: none;\">\r\n<ul>\r\n<li>Entreinigung ; einmal \u20ac225<\/li>\r\n<li>Strom ; \u20ac10 pro tag<\/li>\r\n<\/ul>\r\n<\/li>\r\n<\/ul>\r\n<ul>\r\n<li style=\"list-style-type: none;\">\u00a0<\/li>\r\n<\/ul>\r\n<p>Zus\u00e4tzliche Bedingungen:<\/p>\r\n<ul>\r\n<li style=\"list-style-type: none;\">\r\n<ul>\r\n<li>Nicht geeignet f\u00fcr Partys, Feiern und Veranstaltungen.<\/li>\r\n<li>Haustiere sind nicht erlaubt.<\/li>\r\n<\/ul>\r\n<\/li>\r\n<\/ul>\r\n<p><span class=\"Y2IQFc\" lang=\"de\">F\u00fcr weitere Informationen oder Fragen f\u00fcllen Sie einfach das untenstehende Formular aus und wir werden uns mit Ihnen in Verbindung setzen.<\/span><span class=\"Y2IQFc\" lang=\"en\">\u00a0<\/span> <div role=\"form\" class=\"wpcf7\" id=\"wpcf7-f7547-o1\" lang=\"en-US\" dir=\"ltr\">\n<div class=\"screen-reader-response\"><p role=\"status\" aria-live=\"polite\" aria-atomic=\"true\"><\/p> <ul><\/ul><\/div>\n<form action=\"\/de\/wp-json\/wp\/v2\/pages\/7482#wpcf7-f7547-o1\" method=\"post\" class=\"wpcf7-form init\" novalidate=\"novalidate\" data-status=\"init\">\n<div style=\"display: none;\">\n<input type=\"hidden\" name=\"_wpcf7\" value=\"7547\" \/>\n<input type=\"hidden\" name=\"_wpcf7_version\" value=\"5.5.6.1\" \/>\n<input type=\"hidden\" name=\"_wpcf7_locale\" value=\"en_US\" \/>\n<input type=\"hidden\" name=\"_wpcf7_unit_tag\" value=\"wpcf7-f7547-o1\" \/>\n<input type=\"hidden\" name=\"_wpcf7_container_post\" value=\"0\" \/>\n<input type=\"hidden\" name=\"_wpcf7_posted_data_hash\" value=\"\" \/>\n<input type=\"hidden\" name=\"_wpcf7_recaptcha_response\" value=\"\" \/>\n<\/div>\n<p><label>Name<br \/>\n   <span class=\"wpcf7-form-control-wrap name-002\"><input type=\"text\" name=\"name-002\" value=\"\" size=\"40\" class=\"wpcf7-form-control wpcf7-text wpcf7-validates-as-required\" id=\"name-002\" aria-required=\"true\" aria-invalid=\"false\" \/><\/span><\/label><\/p>\n<p><label>Telefon<br \/>\n  <span class=\"wpcf7-form-control-wrap tel-002\"><input type=\"tel\" name=\"tel-002\" value=\"\" size=\"40\" class=\"wpcf7-form-control wpcf7-text wpcf7-tel wpcf7-validates-as-required wpcf7-validates-as-tel\" id=\"tel-001\" aria-required=\"true\" aria-invalid=\"false\" \/><\/span><\/label><\/p>\n<p><label> Email<br \/>\n  <span class=\"wpcf7-form-control-wrap email-002\"><input type=\"email\" name=\"email-002\" value=\"\" size=\"40\" class=\"wpcf7-form-control wpcf7-text wpcf7-email wpcf7-validates-as-required wpcf7-validates-as-email\" aria-required=\"true\" aria-invalid=\"false\" \/><\/span> <\/label><\/p>\n<p><label> Personenzahl<br \/>\n  <span class=\"wpcf7-form-control-wrap number-001\"><input type=\"number\" name=\"number-001\" value=\"\" class=\"wpcf7-form-control wpcf7-number wpcf7-validates-as-required wpcf7-validates-as-number\" aria-required=\"true\" aria-invalid=\"false\" \/><\/span><\/label><\/p>\n<p><label> Gew\u00fcnschtes Anreisedatum<br \/>\n  <span class=\"wpcf7-form-control-wrap date-001\"><input type=\"date\" name=\"date-001\" value=\"\" class=\"wpcf7-form-control wpcf7-date wpcf7-validates-as-required wpcf7-validates-as-date\" aria-required=\"true\" aria-invalid=\"false\" \/><\/span><\/label><\/p>\n<p><label> Gew\u00fcnschtes abreisedatum<br \/>\n  <span class=\"wpcf7-form-control-wrap date-002\"><input type=\"date\" name=\"date-002\" value=\"\" class=\"wpcf7-form-control wpcf7-date wpcf7-validates-as-required wpcf7-validates-as-date\" aria-required=\"true\" aria-invalid=\"false\" \/><\/span><\/label><\/p>\n<p><label> Botschaft<br \/>\nZum Beispiel: Welche Informationen m\u00f6chten Sie erhalten, welche Fragen m\u00f6chten Sie beantwortet haben? Wenn Sie uns mehr \u00fcber die Zusammensetzung Ihrer Gruppe (z.B. Freunde, Familie, Kinder, Babys) oder den Grund Ihres Aufenthalts (z.B. eine Party oder ein Jubil\u00e4um) erz\u00e4hlen, k\u00f6nnen wir Ihnen spezifischere Informationen geben.<br \/>\n  <span class=\"wpcf7-form-control-wrap message-002\"><textarea name=\"message-002\" cols=\"40\" rows=\"10\" class=\"wpcf7-form-control wpcf7-textarea wpcf7-validates-as-required\" id=\"message-002\" aria-required=\"true\" aria-invalid=\"false\"><\/textarea><\/span> <\/label><\/p>\n<p><label> L\u00f6sen Sie die folgende Summe auf, um zu beweisen, dass Sie kein Roboter sind<br \/>\n   <span class=\"wpcf7-form-control-wrap random-math-quiz\"><label><span class=\"wpcf7-quiz-label\">3x2=?<\/span> <input type=\"text\" name=\"random-math-quiz\" size=\"40\" class=\"wpcf7-form-control wpcf7-quiz\" autocomplete=\"off\" aria-required=\"true\" aria-invalid=\"false\" \/><\/label><input type=\"hidden\" name=\"_wpcf7_quiz_answer_random-math-quiz\" value=\"c2fcbe4180fc14ae8d89d9d913537f58\" \/><\/span><\/label><\/p>\n<p>  <input type=\"submit\" value=\"Senden\" class=\"wpcf7-form-control has-spinner wpcf7-submit\" id=\"send\" \/><\/p>\n<div class=\"wpcf7-response-output\" aria-hidden=\"true\"><\/div><\/form><\/div>\u00a0<\/p>\r\n<p><!-- \/wp:heading --><\/p>\r\n<p><!-- wp:paragraph --><\/p>\r\n<p><!-- wp:paragraph --><\/p>\r\n<div  class=\"lgc-column lgc-grid-parent lgc-grid-60 lgc-tablet-grid-60 lgc-mobile-grid-100 lgc-equal-heights \"><div  class=\"inside-grid-column\">\r\n<p><!-- \/wp:paragraph --><\/p>\r\n<div style=\"font-size: 16px;\">\u00a0 \u00a0 \u00a0 \u00a0Verf\u00fcgbarkeit casa Orba<\/div>\r\n<div>\u00a0<\/div>\r\n<div>\r\n<div style=\"font-size: 16px;\">\u00a0<\/div>\r\n<p><iframe loading=\"lazy\" src=\"https:\/\/sunseasleep.com\/mystuff\/sss-calendar.php?alias=Orba\" width=\"350\" height=\"350\" frameborder=\"0\"><\/iframe> <\/p><\/div><\/div><\/div>\r\n<\/div>\r\n<div>\u00a0<!-- wp:paragraph --><div  class=\"lgc-column lgc-grid-parent lgc-grid-40 lgc-tablet-grid-40 lgc-mobile-grid-100 lgc-equal-heights \"><div  class=\"inside-grid-column\"><\/div><\/div><div class=\"lgc-clear\"><\/div><\/div>\r\n<!--\r\n<div class=\"wp-block-columns\">\r\n<div class=\"wp-block-column\" style=\"flex-basis: 66.66%;\">[lgc_column grid=\"60\" tablet_grid=\"60\" mobile_grid=\"100\" last=\"false\"][ape-gallery 1254][\/lgc_column]<\/div>\r\n<\/div>\r\n-->","protected":false},"excerpt":{"rendered":"<p>Casa Orba Wilkommen in der Casa Orba Eine luxuri\u00f6se Unterkunft mit spektakul\u00e4rem Blick \u00fcber das Dorf Orba und das Tal.Mit 4 Schlafzimmern auf 2 Etagen bietet diese Villa Platz f\u00fcr bis zu 8 Personen.Die Villa wurde k\u00fcrzlich komplett renoviert und ist trotz ihres urspr\u00fcnglichen Stils sehr ger\u00e4umig und luxuri\u00f6s eingerichtet. In der Casa Orba k\u00f6nnen [&hellip;]<\/p>\n","protected":false},"author":1,"featured_media":0,"parent":0,"menu_order":0,"comment_status":"closed","ping_status":"closed","template":"","meta":{"_monsterinsights_skip_tracking":false,"_monsterinsights_sitenote_active":false,"_monsterinsights_sitenote_note":"","_monsterinsights_sitenote_category":0,"footnotes":""},"class_list":["post-7482","page","type-page","status-publish","hentry"],"yoast_head":"<!-- This site is optimized with the Yoast SEO plugin v16.1.1 - https:\/\/yoast.com\/wordpress\/plugins\/seo\/ -->\n<title>Casa Orba - Sun Sea Sleep<\/title>\n<link rel=\"canonical\" href=\"https:\/\/sunseasleep.com\/casa-orba\/\" \/>\n<meta property=\"og:locale\" content=\"de_DE\" \/>\n<meta property=\"og:type\" content=\"article\" \/>\n<meta property=\"og:title\" content=\"Casa Orba - Sun Sea Sleep\" \/>\n<meta property=\"og:description\" content=\"Casa Orba Wilkommen in der Casa Orba Eine luxuri\u00f6se Unterkunft mit spektakul\u00e4rem Blick \u00fcber das Dorf Orba und das Tal.Mit 4 Schlafzimmern auf 2 Etagen bietet diese Villa Platz f\u00fcr bis zu 8 Personen.Die Villa wurde k\u00fcrzlich komplett renoviert und ist trotz ihres urspr\u00fcnglichen Stils sehr ger\u00e4umig und luxuri\u00f6s eingerichtet. In der Casa Orba k\u00f6nnen [&hellip;]\" \/>\n<meta property=\"og:url\" content=\"https:\/\/sunseasleep.com\/casa-orba\/\" \/>\n<meta property=\"og:site_name\" content=\"Sun Sea Sleep\" \/>\n<meta property=\"article:modified_time\" content=\"2025-12-02T10:09:37+00:00\" \/>\n<meta name=\"twitter:card\" content=\"summary_large_image\" \/>\n<meta name=\"twitter:label1\" content=\"Gesch\u00e4tzte Lesezeit\">\n\t<meta name=\"twitter:data1\" content=\"12\u00a0Minuten\">\n<script type=\"application\/ld+json\" class=\"yoast-schema-graph\">{\"@context\":\"https:\/\/schema.org\",\"@graph\":[{\"@type\":\"WebSite\",\"@id\":\"https:\/\/sunseasleep.com\/nl\/#website\",\"url\":\"https:\/\/sunseasleep.com\/nl\/\",\"name\":\"Sun Sea Sleep\",\"description\":\"Sun Sea Sleep\",\"potentialAction\":[{\"@type\":\"SearchAction\",\"target\":\"https:\/\/sunseasleep.com\/nl\/?s={search_term_string}\",\"query-input\":\"required name=search_term_string\"}],\"inLanguage\":\"de\"},{\"@type\":\"WebPage\",\"@id\":\"https:\/\/sunseasleep.com\/casa-orba\/#webpage\",\"url\":\"https:\/\/sunseasleep.com\/casa-orba\/\",\"name\":\"Casa Orba - Sun Sea Sleep\",\"isPartOf\":{\"@id\":\"https:\/\/sunseasleep.com\/nl\/#website\"},\"datePublished\":\"2025-10-05T09:57:31+00:00\",\"dateModified\":\"2025-12-02T10:09:37+00:00\",\"breadcrumb\":{\"@id\":\"https:\/\/sunseasleep.com\/casa-orba\/#breadcrumb\"},\"inLanguage\":\"de\",\"potentialAction\":[{\"@type\":\"ReadAction\",\"target\":[\"https:\/\/sunseasleep.com\/casa-orba\/\"]}]},{\"@type\":\"BreadcrumbList\",\"@id\":\"https:\/\/sunseasleep.com\/casa-orba\/#breadcrumb\",\"itemListElement\":[{\"@type\":\"ListItem\",\"position\":1,\"item\":{\"@type\":\"WebPage\",\"@id\":\"https:\/\/sunseasleep.com\/casa-orba\/\",\"url\":\"https:\/\/sunseasleep.com\/casa-orba\/\",\"name\":\"Casa Orba\"}}]}]}<\/script>\n<!-- \/ Yoast SEO plugin. -->","_links":{"self":[{"href":"https:\/\/sunseasleep.com\/de\/wp-json\/wp\/v2\/pages\/7482","targetHints":{"allow":["GET"]}}],"collection":[{"href":"https:\/\/sunseasleep.com\/de\/wp-json\/wp\/v2\/pages"}],"about":[{"href":"https:\/\/sunseasleep.com\/de\/wp-json\/wp\/v2\/types\/page"}],"author":[{"embeddable":true,"href":"https:\/\/sunseasleep.com\/de\/wp-json\/wp\/v2\/users\/1"}],"replies":[{"embeddable":true,"href":"https:\/\/sunseasleep.com\/de\/wp-json\/wp\/v2\/comments?post=7482"}],"version-history":[{"count":13,"href":"https:\/\/sunseasleep.com\/de\/wp-json\/wp\/v2\/pages\/7482\/revisions"}],"predecessor-version":[{"id":8046,"href":"https:\/\/sunseasleep.com\/de\/wp-json\/wp\/v2\/pages\/7482\/revisions\/8046"}],"wp:attachment":[{"href":"https:\/\/sunseasleep.com\/de\/wp-json\/wp\/v2\/media?parent=7482"}],"curies":[{"name":"wp","href":"https:\/\/api.w.org\/{rel}","templated":true}]}}