{"id":6591,"date":"2025-06-03T10:42:47","date_gmt":"2025-06-03T08:42:47","guid":{"rendered":"https:\/\/sunseasleep.com\/?page_id=6591"},"modified":"2025-12-02T11:05:42","modified_gmt":"2025-12-02T10:05:42","slug":"casa-natalia","status":"publish","type":"page","link":"https:\/\/sunseasleep.com\/de\/casa-natalia\/","title":{"rendered":"Casa Natalia"},"content":{"rendered":"<h3><span style=\"color: #333a56;\">Casa Natalia<\/span><\/h3>\r\n<p><div id=\"Block_wpape_gallery_69f43553b7d49\" style=\"width:100%; display: none;\"><div id=\"wpape_gallery_69f43553b7d49\" data-options=\"wpape_gallery_69f43553b7d49\" style=\"width:100%;\" class=\"wpape_gallery\"><div class=\"wpape-img category6593\" ><div class=\"wpape-img-image \"  ><div data-thumbnail=\"https:\/\/sunseasleep.com\/wp-content\/uploads\/2025\/06\/IMG_9157-300x225.jpg\" title=\"IMG_9157\" data-width=\"300\" data-height=\"225\" ><\/div><div data-popup=\"https:\/\/sunseasleep.com\/wp-content\/uploads\/2025\/06\/IMG_9157-scaled.jpg\"  title=\"IMG_9157\"><\/div><\/div><\/div><div class=\"wpape-img category6593\" ><div class=\"wpape-img-image \"  ><div data-thumbnail=\"https:\/\/sunseasleep.com\/wp-content\/uploads\/2025\/06\/IMG_9193-300x225.jpg\" title=\"IMG_9193\" data-width=\"300\" data-height=\"225\" ><\/div><div data-popup=\"https:\/\/sunseasleep.com\/wp-content\/uploads\/2025\/06\/IMG_9193-scaled.jpg\"  title=\"IMG_9193\"><\/div><\/div><\/div><div class=\"wpape-img category6593\" ><div class=\"wpape-img-image \"  ><div data-thumbnail=\"https:\/\/sunseasleep.com\/wp-content\/uploads\/2025\/06\/IMG_9208-300x225.jpg\" title=\"IMG_9208\" data-width=\"300\" data-height=\"225\" ><\/div><div data-popup=\"https:\/\/sunseasleep.com\/wp-content\/uploads\/2025\/06\/IMG_9208-scaled.jpg\"  title=\"IMG_9208\"><\/div><\/div><\/div><div class=\"wpape-img category6593\" ><div class=\"wpape-img-image \"  ><div data-thumbnail=\"https:\/\/sunseasleep.com\/wp-content\/uploads\/2025\/06\/IMG_9175-300x225.jpg\" title=\"IMG_9175\" data-width=\"300\" data-height=\"225\" ><\/div><div data-popup=\"https:\/\/sunseasleep.com\/wp-content\/uploads\/2025\/06\/IMG_9175-scaled.jpg\"  title=\"IMG_9175\"><\/div><\/div><\/div><div class=\"wpape-img category6593\" ><div class=\"wpape-img-image \"  ><div data-thumbnail=\"https:\/\/sunseasleep.com\/wp-content\/uploads\/2025\/06\/IMG_9270-300x225.jpg\" title=\"IMG_9270\" data-width=\"300\" data-height=\"225\" ><\/div><div data-popup=\"https:\/\/sunseasleep.com\/wp-content\/uploads\/2025\/06\/IMG_9270-scaled.jpg\"  title=\"IMG_9270\"><\/div><\/div><\/div><div class=\"wpape-img category6593\" ><div class=\"wpape-img-image \"  ><div data-thumbnail=\"https:\/\/sunseasleep.com\/wp-content\/uploads\/2025\/06\/IMG_9216-300x225.jpg\" title=\"IMG_9216\" data-width=\"300\" data-height=\"225\" ><\/div><div data-popup=\"https:\/\/sunseasleep.com\/wp-content\/uploads\/2025\/06\/IMG_9216-scaled.jpg\"  title=\"IMG_9216\"><\/div><\/div><\/div><div class=\"wpape-img category6593\" ><div class=\"wpape-img-image \"  ><div data-thumbnail=\"https:\/\/sunseasleep.com\/wp-content\/uploads\/2025\/06\/IMG_9165-300x225.jpg\" title=\"IMG_9165\" data-width=\"300\" data-height=\"225\" ><\/div><div data-popup=\"https:\/\/sunseasleep.com\/wp-content\/uploads\/2025\/06\/IMG_9165-scaled.jpg\"  title=\"IMG_9165\"><\/div><\/div><\/div><div class=\"wpape-img category6593\" ><div class=\"wpape-img-image \"  ><div data-thumbnail=\"https:\/\/sunseasleep.com\/wp-content\/uploads\/2025\/06\/IMG_9231-300x225.jpg\" title=\"IMG_9231\" data-width=\"300\" data-height=\"225\" ><\/div><div data-popup=\"https:\/\/sunseasleep.com\/wp-content\/uploads\/2025\/06\/IMG_9231-scaled.jpg\"  title=\"IMG_9231\"><\/div><\/div><\/div><\/div><\/div><script>var wpape_gallery_69f43553b7d49 = {\"filterContainer\": \"#wpape_gallery_69f43553b7d49filter\", \"touch\": 1, \"columns\": 4, \"columnWidth\": \"auto\", \"resolutions\": [ ,  , ], \"overlayEffect\": \"direction-aware-fade\", \"boxesToLoadStart\": \"12\", \"boxesToLoad\": \"8\", \"lazyLoad\": true, \"LoadingWord\": \"Gallery images loading\", \"loadMoreWord\": \"More images\", \"noMoreEntriesWord\": \"No images\", \"loadMoreClass\": \" apebtn apebtn-flat apebtn-primary \", \"horizontalSpaceBetweenBoxes\": 15, \"verticalSpaceBetweenBoxes\": 15}, wpape_gallery_69f43553b7d49_css = \"body .mfp-ready.mfp-bg{background-color: rgba(11, 11, 11, 0.8);}.mfp-container .mfp-arrow{display:none;}#wpape_gallery_69f43553b7d49 .wpape-img-container{ -webkit-border-radius: 5px;-moz-border-radius: 5px;border-radius: 5px;}#wpape_gallery_69f43553b7d49 .wpapeTitle{ font-size:12px; line-height:101%; color:#ffffff;}#wpape_gallery_69f43553b7d49 .wpapeTitle:hover{color:#ffffff;}#wpape_gallery_69f43553b7d49 .wpapeDesc{ font-size:24px; line-height:101%; color:#000000;}#wpape_gallery_69f43553b7d49 .wpapeDesc:hover{color:#000000;}#wpape_gallery_69f43553b7d49 .thumbnail-overlay{background:rgba(7, 7, 7, 0.5);}#wpape_gallery_69f43553b7d49 .wpapeLinkIcon{ font-size:22px; line-height:88%; color:#ffffff;background:rgba(0,0,0,0);}#wpape_gallery_69f43553b7d49 .wpapeLinkIcon:hover{color:#ffffff;background:rgba(0,0,0,0);}#wpape_gallery_69f43553b7d49 .wpapeZoomIcon{ font-size:22px; line-height:88%; color:#ffffff;background:rgba(0,0,0,0);}#wpape_gallery_69f43553b7d49 .wpapeZoomIcon:hover{color:#ffffff;background:rgba(0,0,0,0);}#wpape_gallery_69f43553b7d49 .image-with-dimensions{background-color: rgba(255,255,255,1);}body .mfp-title, body .mfp-counter{color: #f3f3f3;}\",apeGalleryDelay = 0; head = document.head || document.getElementsByTagName(\"head\")[0], style = document.createElement(\"style\"); style.type = \"text\/css\"; if (style.styleSheet) style.styleSheet.cssText = wpape_gallery_69f43553b7d49_css; \telse  style.appendChild(document.createTextNode(wpape_gallery_69f43553b7d49_css)); head.appendChild(style);<\/script><\/p>\r\n<h4 id=\"tw-target-text\" class=\"tw-data-text tw-text-large tw-ta\" dir=\"ltr\" data-placeholder=\"Translation\">Willkommen in casa Natalia<\/h4>\r\n<p class=\"tw-data-text tw-text-large tw-ta\" dir=\"ltr\" data-placeholder=\"Translation\"><span class=\"Y2IQFc\" lang=\"de\">Eine ger\u00e4umige Casa Rural, speziell f\u00fcr gro\u00dfe Gruppen.<br \/><\/span><span class=\"Y2IQFc\" lang=\"de\">Mit insgesamt 8 Schlafzimmern bietet diese Villa Platz f\u00fcr bis zu 28 Personen.<br \/><\/span><span class=\"Y2IQFc\" lang=\"de\">Diese Unterkunft ist ideal f\u00fcr Familien und Freunde.<\/span><\/p>\r\n<p class=\"tw-data-text tw-text-large tw-ta\" dir=\"ltr\" data-placeholder=\"Translation\"><span class=\"Y2IQFc\" lang=\"de\">In der Casa Natalia k\u00f6nnen Sie vollkommen entspannen und vom Alltag abschalten.<br \/><\/span><span class=\"Y2IQFc\" lang=\"de\">Sie ist komplett m\u00f6bliert und bietet alles, was gro\u00dfe Gruppen f\u00fcr optimalen und komfortablen Urlaub ben\u00f6tigen.<\/span><\/p>\r\n<p class=\"tw-data-text tw-text-large tw-ta\" dir=\"ltr\" data-placeholder=\"Translation\"><span class=\"Y2IQFc\" lang=\"de\">Es gibt 8 Schlafzimmer, 4 Badezimmer, eine K\u00fcche, ein Wohnzimmer, ein Esszimmer, eine Terrasse, eine Au\u00dfenk\u00fcche und einen Swimmingpool.<br \/><\/span><span class=\"Y2IQFc\" lang=\"de\">Die Einrichtung, Ausstattung und Sicherheitsmerkmale machen einen Aufenthalt mit Kindern (und Babys) sehr angenehm.<\/span><\/p>\r\n<p class=\"tw-data-text tw-text-large tw-ta\" dir=\"ltr\" data-placeholder=\"Translation\"><span class=\"Y2IQFc\" lang=\"de\">Dieses gro\u00dfe Anwesen befindet sich in Benimarco, Benissa, zwischen dem Zentrum von Benissa und der K\u00fcste.<br \/>Das bedeutet, dass alle Dinge (wie Strande, Superm\u00e4rkte, Restaurants usw.) in der N\u00e4he sind.<\/span><\/p>\r\n<p class=\"tw-data-text tw-text-large tw-ta\" dir=\"ltr\" data-placeholder=\"Translation\"><span class=\"Y2IQFc\" lang=\"de\">Nachfolgend finden Sie alle unsere Preise f\u00fcr 2025 und 2026.<br \/><\/span><span class=\"Y2IQFc\" lang=\"de\">Der Preis h\u00e4ngt von der Aufenthaltsdauer und der Gruppengr\u00f6\u00dfe ab.<br \/><\/span><span class=\"Y2IQFc\" lang=\"de\">Der Mindestaufenthalt variiert zwischen 2 N\u00e4chten in der Nebensaison und 7 N\u00e4chten in der Hochsaison (an Feiertagen kann ein anderer Aufenthalt gelten).<\/span><\/p>\r\n<p class=\"tw-data-text tw-text-large tw-ta\" dir=\"ltr\" data-placeholder=\"Translation\"><span class=\"Y2IQFc\" lang=\"de\">F\u00fcr weitere Fotos der Casa Natalia klicken Sie <a href=\"https:\/\/sunseasleep.com\/gallery-natalia\/\">hier<\/a>.<br \/><\/span><span class=\"Y2IQFc\" lang=\"de\">Den Verf\u00fcgbarkeitskalender finden Sie unten auf dieser Seite.<\/span><\/p>\r\n<h5><span style=\"color: #333a56;\">Preise:<\/span><\/h5>\r\n<figure class=\"wp-block-table\">\r\n<figure class=\"wp-block-table\">\r\n<table style=\"height: 440px;\" width=\"511\">\r\n<tbody>\r\n<tr>\r\n<td style=\"text-align: center;\" width=\"91\">Zeitraum<\/td>\r\n<td style=\"text-align: center;\" width=\"89\">Mindest- aufenthalt<\/td>\r\n<td style=\"text-align: center;\" width=\"137\">Preise pro Nacht<br \/>bis 22 Personen<\/td>\r\n<td style=\"text-align: center;\" width=\"147\">Preise pro Nacht f\u00fcr\u00a0 zus\u00e4tzliche Personen<\/td>\r\n<\/tr>\r\n<tr>\r\n<td width=\"91\">Januar<\/td>\r\n<td style=\"text-align: center;\" width=\"89\">2<\/td>\r\n<td style=\"text-align: center;\" width=\"137\">\u20ac 675<\/td>\r\n<td style=\"text-align: center;\" width=\"147\">\u20ac 25<\/td>\r\n<\/tr>\r\n<tr>\r\n<td width=\"91\">Februar<\/td>\r\n<td style=\"text-align: center;\" width=\"89\">2<\/td>\r\n<td style=\"text-align: center;\" width=\"137\">\u20ac 675<\/td>\r\n<td style=\"text-align: center;\" width=\"147\">\u20ac 25<\/td>\r\n<\/tr>\r\n<tr>\r\n<td width=\"91\">M\u00e4rz<\/td>\r\n<td style=\"text-align: center;\" width=\"89\">2<\/td>\r\n<td style=\"text-align: center;\" width=\"137\">\u20ac 735<\/td>\r\n<td style=\"text-align: center;\" width=\"147\">\u20ac 25<\/td>\r\n<\/tr>\r\n<tr>\r\n<td width=\"91\">April<\/td>\r\n<td style=\"text-align: center;\" width=\"89\">2<\/td>\r\n<td style=\"text-align: center;\" width=\"137\">\u20ac 795<\/td>\r\n<td style=\"text-align: center;\" width=\"147\">\u20ac 25<\/td>\r\n<\/tr>\r\n<tr>\r\n<td width=\"91\">Mai<\/td>\r\n<td style=\"text-align: center;\" width=\"89\">2<\/td>\r\n<td style=\"text-align: center;\" width=\"137\">\u20ac 850<\/td>\r\n<td style=\"text-align: center;\" width=\"147\">\u20ac 30<\/td>\r\n<\/tr>\r\n<tr>\r\n<td width=\"91\">Juni<\/td>\r\n<td style=\"text-align: center;\" width=\"89\">3<\/td>\r\n<td style=\"text-align: center;\" width=\"137\">\u20ac 725<\/td>\r\n<td style=\"text-align: center;\" width=\"147\">\u20ac 30<\/td>\r\n<\/tr>\r\n<tr>\r\n<td width=\"91\">Juli<\/td>\r\n<td style=\"text-align: center;\" width=\"89\">7<\/td>\r\n<td style=\"text-align: center;\" width=\"137\">\u20ac 785<\/td>\r\n<td style=\"text-align: center;\" width=\"147\">\u20ac 35<\/td>\r\n<\/tr>\r\n<tr>\r\n<td width=\"91\">August<\/td>\r\n<td style=\"text-align: center;\" width=\"89\">7<\/td>\r\n<td style=\"text-align: center;\" width=\"137\">\u20ac 785<\/td>\r\n<td style=\"text-align: center;\" width=\"147\">\u20ac 35<\/td>\r\n<\/tr>\r\n<tr>\r\n<td width=\"91\">September<\/td>\r\n<td style=\"text-align: center;\" width=\"89\">3<\/td>\r\n<td style=\"text-align: center;\" width=\"137\">\u20ac 690<\/td>\r\n<td style=\"text-align: center;\" width=\"147\">\u20ac 30<\/td>\r\n<\/tr>\r\n<tr>\r\n<td width=\"91\">Oktober<\/td>\r\n<td style=\"text-align: center;\" width=\"89\">2<\/td>\r\n<td style=\"text-align: center;\" width=\"137\">\u20ac 735<\/td>\r\n<td style=\"text-align: center;\" width=\"147\">\u20ac 30<\/td>\r\n<\/tr>\r\n<tr>\r\n<td width=\"91\">November<\/td>\r\n<td style=\"text-align: center;\" width=\"89\">2<\/td>\r\n<td style=\"text-align: center;\" width=\"137\">\u20ac 675<\/td>\r\n<td style=\"text-align: center;\" width=\"147\">\u20ac 25<\/td>\r\n<\/tr>\r\n<tr>\r\n<td width=\"91\">Dezember<\/td>\r\n<td style=\"text-align: center;\" width=\"89\">2<\/td>\r\n<td style=\"text-align: center;\" width=\"137\">\u20ac 675<\/td>\r\n<td style=\"text-align: center;\" width=\"147\">\u20ac 25<\/td>\r\n<\/tr>\r\n<\/tbody>\r\n<\/table>\r\n<\/figure>\r\n<\/figure>\r\n<figure class=\"wp-block-table\">\r\n<figure class=\"wp-block-table\">\r\n<figure><\/figure>\r\n<figure class=\"wp-block-table\">Die Preise verstehen sich inklusive:<\/figure>\r\n<ul>\r\n<li style=\"list-style-type: none;\">\r\n<ul>\r\n<li>Klimaanlage, Wasser und Strom<\/li>\r\n<li>Bettw\u00e4sche<\/li>\r\n<li>Duscht\u00fccher<\/li>\r\n<li>W-LAN<\/li>\r\n<li>Parken<\/li>\r\n<li>MwSt<\/li>\r\n<li>Babybetten<\/li>\r\n<\/ul>\r\n<\/li>\r\n<li style=\"list-style-type: none;\">\u00a0<\/li>\r\n<\/ul>\r\n<\/figure>\r\n<\/figure>\r\n<figure class=\"wp-block-table\">\r\n<figure class=\"wp-block-table\">Die Preise verstehen sich exklusive:<\/figure>\r\n<ul>\r\n<li style=\"list-style-type: none;\">\r\n<ul>\r\n<li>Endreinigung; einmalig \u20ac350<\/li>\r\n<\/ul>\r\n<\/li>\r\n<\/ul>\r\n<figure class=\"wp-block-table\">Zus\u00e4tzliche Bedingung:<\/figure>\r\n<ul>\r\n<li style=\"list-style-type: none;\">\r\n<ul>\r\n<li>Nicht geeignet f\u00fcr Partys, Veranstaltungen und Feiern<\/li>\r\n<\/ul>\r\n<\/li>\r\n<\/ul>\r\n<\/figure>\r\n<figure class=\"wp-block-table\"><\/figure>\r\n<p dir=\"ltr\" data-placeholder=\"Vertaling\">F\u00fcr weitere Informationen oder Fragen f\u00fcllen Sie bitte das untenstehende Formular aus und wir werden uns gerne mit Ihnen in Verbindung setzen.<\/p>\r\n<p> <div role=\"form\" class=\"wpcf7\" id=\"wpcf7-f6613-o1\" lang=\"en-US\" dir=\"ltr\">\n<div class=\"screen-reader-response\"><p role=\"status\" aria-live=\"polite\" aria-atomic=\"true\"><\/p> <ul><\/ul><\/div>\n<form action=\"\/de\/wp-json\/wp\/v2\/pages\/6591#wpcf7-f6613-o1\" method=\"post\" class=\"wpcf7-form init\" novalidate=\"novalidate\" data-status=\"init\">\n<div style=\"display: none;\">\n<input type=\"hidden\" name=\"_wpcf7\" value=\"6613\" \/>\n<input type=\"hidden\" name=\"_wpcf7_version\" value=\"5.5.6.1\" \/>\n<input type=\"hidden\" name=\"_wpcf7_locale\" value=\"en_US\" \/>\n<input type=\"hidden\" name=\"_wpcf7_unit_tag\" value=\"wpcf7-f6613-o1\" \/>\n<input type=\"hidden\" name=\"_wpcf7_container_post\" value=\"0\" \/>\n<input type=\"hidden\" name=\"_wpcf7_posted_data_hash\" value=\"\" \/>\n<input type=\"hidden\" name=\"_wpcf7_recaptcha_response\" value=\"\" \/>\n<\/div>\n<p><label>Name<br \/>\n   <span class=\"wpcf7-form-control-wrap name-002\"><input type=\"text\" name=\"name-002\" value=\"\" size=\"40\" class=\"wpcf7-form-control wpcf7-text wpcf7-validates-as-required\" id=\"name-002\" aria-required=\"true\" aria-invalid=\"false\" \/><\/span><\/label><\/p>\n<p><label>Telefon<br \/>\n  <span class=\"wpcf7-form-control-wrap tel-002\"><input type=\"tel\" name=\"tel-002\" value=\"\" size=\"40\" class=\"wpcf7-form-control wpcf7-text wpcf7-tel wpcf7-validates-as-required wpcf7-validates-as-tel\" id=\"tel-001\" aria-required=\"true\" aria-invalid=\"false\" \/><\/span><\/label><\/p>\n<p><label> Email<br \/>\n  <span class=\"wpcf7-form-control-wrap email-002\"><input type=\"email\" name=\"email-002\" value=\"\" size=\"40\" class=\"wpcf7-form-control wpcf7-text wpcf7-email wpcf7-validates-as-required wpcf7-validates-as-email\" aria-required=\"true\" aria-invalid=\"false\" \/><\/span> <\/label><\/p>\n<p><label> Personenzahl<br \/>\n  <span class=\"wpcf7-form-control-wrap number-001\"><input type=\"number\" name=\"number-001\" value=\"\" class=\"wpcf7-form-control wpcf7-number wpcf7-validates-as-required wpcf7-validates-as-number\" aria-required=\"true\" aria-invalid=\"false\" \/><\/span><\/label><\/p>\n<p><label> Gew\u00fcnschtes Anreisedatum<br \/>\n  <span class=\"wpcf7-form-control-wrap date-001\"><input type=\"date\" name=\"date-001\" value=\"\" class=\"wpcf7-form-control wpcf7-date wpcf7-validates-as-required wpcf7-validates-as-date\" aria-required=\"true\" aria-invalid=\"false\" \/><\/span><\/label><\/p>\n<p><label> Gew\u00fcnschtes abreisedatum<br \/>\n  <span class=\"wpcf7-form-control-wrap date-002\"><input type=\"date\" name=\"date-002\" value=\"\" class=\"wpcf7-form-control wpcf7-date wpcf7-validates-as-required wpcf7-validates-as-date\" aria-required=\"true\" aria-invalid=\"false\" \/><\/span><\/label><\/p>\n<p><label> Botschaft<br \/>\nZum Beispiel: Welche Informationen m\u00f6chten Sie erhalten, welche Fragen m\u00f6chten Sie beantwortet haben? Wenn Sie uns mehr \u00fcber die Zusammensetzung Ihrer Gruppe (z.B. Freunde, Familie, Kinder, Babys) oder den Grund Ihres Aufenthalts (z.B. eine Party oder ein Jubil\u00e4um) erz\u00e4hlen, k\u00f6nnen wir Ihnen spezifischere Informationen geben.<br \/>\n  <span class=\"wpcf7-form-control-wrap message-002\"><textarea name=\"message-002\" cols=\"40\" rows=\"10\" class=\"wpcf7-form-control wpcf7-textarea wpcf7-validates-as-required\" id=\"message-002\" aria-required=\"true\" aria-invalid=\"false\"><\/textarea><\/span> <\/label><\/p>\n<p><label> L\u00f6sen Sie die folgende Summe auf, um zu beweisen, dass Sie kein Roboter sind<br \/>\n   <span class=\"wpcf7-form-control-wrap random-math-quiz\"><label><span class=\"wpcf7-quiz-label\">3x3=?<\/span> <input type=\"text\" name=\"random-math-quiz\" size=\"40\" class=\"wpcf7-form-control wpcf7-quiz\" autocomplete=\"off\" aria-required=\"true\" aria-invalid=\"false\" \/><\/label><input type=\"hidden\" name=\"_wpcf7_quiz_answer_random-math-quiz\" value=\"feaa1a83010e41d8ce40661735d4896f\" \/><\/span><\/label><\/p>\n<p>  <input type=\"submit\" value=\"Senden\" class=\"wpcf7-form-control has-spinner wpcf7-submit\" id=\"send\" \/><\/p>\n<div class=\"wpcf7-response-output\" aria-hidden=\"true\"><\/div><\/form><\/div>\u00a0<\/p>\r\n<p><!-- \/wp:heading --><\/p>\r\n<p><!-- wp:paragraph --><\/p>\r\n<p><!-- wp:paragraph --><\/p>\r\n<div  class=\"lgc-column lgc-grid-parent lgc-grid-60 lgc-tablet-grid-60 lgc-mobile-grid-100 lgc-equal-heights \"><div  class=\"inside-grid-column\"><\/div><\/div>\r\n<p><!-- \/wp:paragraph --><\/p>\r\n<div style=\"font-size: 16px;\">\u00a0 \u00a0 \u00a0 \u00a0Verf\u00fcgbarkeit casa Natalia<\/div>\r\n<div>\u00a0<\/div>\r\n<div><iframe loading=\"lazy\" src=\"https:\/\/sunseasleep.com\/mystuff\/sss-calendar.php?alias=Natalia\" width=\"350\" height=\"350\" frameborder=\"0\" data-mce-fragment=\"1\"><\/iframe><\/div>\r\n<div>\u00a0<!-- wp:paragraph --><div  class=\"lgc-column lgc-grid-parent lgc-grid-40 lgc-tablet-grid-40 lgc-mobile-grid-100 lgc-equal-heights \"><div  class=\"inside-grid-column\"><\/div><\/div><div class=\"lgc-clear\"><\/div><\/div>\r\n<!--\r\n<div class=\"wp-block-columns\">\r\n<div class=\"wp-block-column\" style=\"flex-basis: 66.66%;\">[lgc_column grid=\"60\" tablet_grid=\"60\" mobile_grid=\"100\" last=\"false\"][ape-gallery 1254][\/lgc_column]<\/div>\r\n<\/div>\r\n-->","protected":false},"excerpt":{"rendered":"<p>Casa Natalia Willkommen in casa Natalia Eine ger\u00e4umige Casa Rural, speziell f\u00fcr gro\u00dfe Gruppen.Mit insgesamt 8 Schlafzimmern bietet diese Villa Platz f\u00fcr bis zu 28 Personen.Diese Unterkunft ist ideal f\u00fcr Familien und Freunde. In der Casa Natalia k\u00f6nnen Sie vollkommen entspannen und vom Alltag abschalten.Sie ist komplett m\u00f6bliert und bietet alles, was gro\u00dfe Gruppen f\u00fcr [&hellip;]<\/p>\n","protected":false},"author":1,"featured_media":0,"parent":0,"menu_order":0,"comment_status":"closed","ping_status":"closed","template":"","meta":{"_monsterinsights_skip_tracking":false,"_monsterinsights_sitenote_active":false,"_monsterinsights_sitenote_note":"","_monsterinsights_sitenote_category":0,"footnotes":""},"class_list":["post-6591","page","type-page","status-publish","hentry"],"yoast_head":"<!-- This site is optimized with the Yoast SEO plugin v16.1.1 - https:\/\/yoast.com\/wordpress\/plugins\/seo\/ -->\n<title>Casa Natalia - Sun Sea Sleep<\/title>\n<link rel=\"canonical\" href=\"https:\/\/sunseasleep.com\/casa-natalia\/\" \/>\n<meta property=\"og:locale\" content=\"de_DE\" \/>\n<meta property=\"og:type\" content=\"article\" \/>\n<meta property=\"og:title\" content=\"Casa Natalia - Sun Sea Sleep\" \/>\n<meta property=\"og:description\" content=\"Casa Natalia Willkommen in casa Natalia Eine ger\u00e4umige Casa Rural, speziell f\u00fcr gro\u00dfe Gruppen.Mit insgesamt 8 Schlafzimmern bietet diese Villa Platz f\u00fcr bis zu 28 Personen.Diese Unterkunft ist ideal f\u00fcr Familien und Freunde. In der Casa Natalia k\u00f6nnen Sie vollkommen entspannen und vom Alltag abschalten.Sie ist komplett m\u00f6bliert und bietet alles, was gro\u00dfe Gruppen f\u00fcr [&hellip;]\" \/>\n<meta property=\"og:url\" content=\"https:\/\/sunseasleep.com\/casa-natalia\/\" \/>\n<meta property=\"og:site_name\" content=\"Sun Sea Sleep\" \/>\n<meta property=\"article:modified_time\" content=\"2025-12-02T10:05:42+00:00\" \/>\n<meta name=\"twitter:card\" content=\"summary_large_image\" \/>\n<meta name=\"twitter:label1\" content=\"Gesch\u00e4tzte Lesezeit\">\n\t<meta name=\"twitter:data1\" content=\"12\u00a0Minuten\">\n<script type=\"application\/ld+json\" class=\"yoast-schema-graph\">{\"@context\":\"https:\/\/schema.org\",\"@graph\":[{\"@type\":\"WebSite\",\"@id\":\"https:\/\/sunseasleep.com\/nl\/#website\",\"url\":\"https:\/\/sunseasleep.com\/nl\/\",\"name\":\"Sun Sea Sleep\",\"description\":\"Sun Sea Sleep\",\"potentialAction\":[{\"@type\":\"SearchAction\",\"target\":\"https:\/\/sunseasleep.com\/nl\/?s={search_term_string}\",\"query-input\":\"required name=search_term_string\"}],\"inLanguage\":\"de\"},{\"@type\":\"WebPage\",\"@id\":\"https:\/\/sunseasleep.com\/casa-natalia\/#webpage\",\"url\":\"https:\/\/sunseasleep.com\/casa-natalia\/\",\"name\":\"Casa Natalia - Sun Sea Sleep\",\"isPartOf\":{\"@id\":\"https:\/\/sunseasleep.com\/nl\/#website\"},\"datePublished\":\"2025-06-03T08:42:47+00:00\",\"dateModified\":\"2025-12-02T10:05:42+00:00\",\"breadcrumb\":{\"@id\":\"https:\/\/sunseasleep.com\/casa-natalia\/#breadcrumb\"},\"inLanguage\":\"de\",\"potentialAction\":[{\"@type\":\"ReadAction\",\"target\":[\"https:\/\/sunseasleep.com\/casa-natalia\/\"]}]},{\"@type\":\"BreadcrumbList\",\"@id\":\"https:\/\/sunseasleep.com\/casa-natalia\/#breadcrumb\",\"itemListElement\":[{\"@type\":\"ListItem\",\"position\":1,\"item\":{\"@type\":\"WebPage\",\"@id\":\"https:\/\/sunseasleep.com\/casa-natalia\/\",\"url\":\"https:\/\/sunseasleep.com\/casa-natalia\/\",\"name\":\"Casa Natalia\"}}]}]}<\/script>\n<!-- \/ Yoast SEO plugin. -->","_links":{"self":[{"href":"https:\/\/sunseasleep.com\/de\/wp-json\/wp\/v2\/pages\/6591","targetHints":{"allow":["GET"]}}],"collection":[{"href":"https:\/\/sunseasleep.com\/de\/wp-json\/wp\/v2\/pages"}],"about":[{"href":"https:\/\/sunseasleep.com\/de\/wp-json\/wp\/v2\/types\/page"}],"author":[{"embeddable":true,"href":"https:\/\/sunseasleep.com\/de\/wp-json\/wp\/v2\/users\/1"}],"replies":[{"embeddable":true,"href":"https:\/\/sunseasleep.com\/de\/wp-json\/wp\/v2\/comments?post=6591"}],"version-history":[{"count":21,"href":"https:\/\/sunseasleep.com\/de\/wp-json\/wp\/v2\/pages\/6591\/revisions"}],"predecessor-version":[{"id":8044,"href":"https:\/\/sunseasleep.com\/de\/wp-json\/wp\/v2\/pages\/6591\/revisions\/8044"}],"wp:attachment":[{"href":"https:\/\/sunseasleep.com\/de\/wp-json\/wp\/v2\/media?parent=6591"}],"curies":[{"name":"wp","href":"https:\/\/api.w.org\/{rel}","templated":true}]}}