{"id":6424,"date":"2025-05-30T07:40:33","date_gmt":"2025-05-30T05:40:33","guid":{"rendered":"https:\/\/sunseasleep.com\/?page_id=6424"},"modified":"2026-01-04T20:23:35","modified_gmt":"2026-01-04T19:23:35","slug":"villa-almazara","status":"publish","type":"page","link":"https:\/\/sunseasleep.com\/de\/villa-almazara\/","title":{"rendered":"Villa Almazara"},"content":{"rendered":"<h3><span style=\"color: #333a56;\">Villa Almazara<\/span><\/h3>\r\n<p><div id=\"Block_wpape_gallery_69f42919a9b25\" style=\"width:100%; display: none;\"><div id=\"wpape_gallery_69f42919a9b25\" data-options=\"wpape_gallery_69f42919a9b25\" style=\"width:100%;\" class=\"wpape_gallery\"><div class=\"wpape-img category6474\" ><div class=\"wpape-img-image \"  ><div data-thumbnail=\"https:\/\/sunseasleep.com\/wp-content\/uploads\/2025\/06\/1-Pool-1-300x225.jpg\" title=\"1 Pool 1\" data-width=\"300\" data-height=\"225\" ><\/div><div data-popup=\"https:\/\/sunseasleep.com\/wp-content\/uploads\/2025\/06\/1-Pool-1.jpg\"  title=\"1 Pool 1\"><\/div><\/div><\/div><div class=\"wpape-img category6474\" ><div class=\"wpape-img-image \"  ><div data-thumbnail=\"https:\/\/sunseasleep.com\/wp-content\/uploads\/2025\/06\/1-Bedroom-1-300x225.jpeg\" title=\"1 Bedroom 1\" data-width=\"300\" data-height=\"225\" ><\/div><div data-popup=\"https:\/\/sunseasleep.com\/wp-content\/uploads\/2025\/06\/1-Bedroom-1-scaled.jpeg\"  title=\"1 Bedroom 1\"><\/div><\/div><\/div><div class=\"wpape-img category6474\" ><div class=\"wpape-img-image \"  ><div data-thumbnail=\"https:\/\/sunseasleep.com\/wp-content\/uploads\/2025\/06\/1-Exterior-1-300x225.jpg\" title=\"1 Exterior 1\" data-width=\"300\" data-height=\"225\" ><\/div><div data-popup=\"https:\/\/sunseasleep.com\/wp-content\/uploads\/2025\/06\/1-Exterior-1-scaled.jpg\"  title=\"1 Exterior 1\"><\/div><\/div><\/div><div class=\"wpape-img category6474\" ><div class=\"wpape-img-image \"  ><div data-thumbnail=\"https:\/\/sunseasleep.com\/wp-content\/uploads\/2025\/06\/1-Terrace-1-300x225.jpg\" title=\"1 Terrace 1\" data-width=\"300\" data-height=\"225\" ><\/div><div data-popup=\"https:\/\/sunseasleep.com\/wp-content\/uploads\/2025\/06\/1-Terrace-1-scaled.jpg\"  title=\"1 Terrace 1\"><\/div><\/div><\/div><div class=\"wpape-img category6474\" ><div class=\"wpape-img-image \"  ><div data-thumbnail=\"https:\/\/sunseasleep.com\/wp-content\/uploads\/2025\/06\/1-Living-1-300x225.jpeg\" title=\"1 Living 1\" data-width=\"300\" data-height=\"225\" ><\/div><div data-popup=\"https:\/\/sunseasleep.com\/wp-content\/uploads\/2025\/06\/1-Living-1-scaled.jpeg\"  title=\"1 Living 1\"><\/div><\/div><\/div><div class=\"wpape-img category6474\" ><div class=\"wpape-img-image \"  ><div data-thumbnail=\"https:\/\/sunseasleep.com\/wp-content\/uploads\/2025\/06\/1-Pool-2-300x225.jpg\" title=\"1 Pool 2\" data-width=\"300\" data-height=\"225\" ><\/div><div data-popup=\"https:\/\/sunseasleep.com\/wp-content\/uploads\/2025\/06\/1-Pool-2.jpg\"  title=\"1 Pool 2\"><\/div><\/div><\/div><div class=\"wpape-img category6474\" ><div class=\"wpape-img-image \"  ><div data-thumbnail=\"https:\/\/sunseasleep.com\/wp-content\/uploads\/2025\/06\/2-Terrace-1-300x169.jpg\" title=\"2 Terrace 1\" data-width=\"300\" data-height=\"169\" ><\/div><div data-popup=\"https:\/\/sunseasleep.com\/wp-content\/uploads\/2025\/06\/2-Terrace-1.jpg\"  title=\"2 Terrace 1\"><\/div><\/div><\/div><div class=\"wpape-img category6474\" ><div class=\"wpape-img-image \"  ><div data-thumbnail=\"https:\/\/sunseasleep.com\/wp-content\/uploads\/2025\/06\/1-Dining-2-300x225.jpeg\" title=\"1 Dining 2\" data-width=\"300\" data-height=\"225\" ><\/div><div data-popup=\"https:\/\/sunseasleep.com\/wp-content\/uploads\/2025\/06\/1-Dining-2-scaled.jpeg\"  title=\"1 Dining 2\"><\/div><\/div><\/div><\/div><\/div><script>var wpape_gallery_69f42919a9b25 = {\"filterContainer\": \"#wpape_gallery_69f42919a9b25filter\", \"touch\": 1, \"columns\": 4, \"columnWidth\": \"auto\", \"resolutions\": [ ,  , ], \"overlayEffect\": \"direction-aware-fade\", \"boxesToLoadStart\": \"12\", \"boxesToLoad\": \"8\", \"lazyLoad\": true, \"LoadingWord\": \"Gallery images loading\", \"loadMoreWord\": \"More images\", \"noMoreEntriesWord\": \"No images\", \"loadMoreClass\": \" apebtn apebtn-flat apebtn-primary \", \"horizontalSpaceBetweenBoxes\": 15, \"verticalSpaceBetweenBoxes\": 15}, wpape_gallery_69f42919a9b25_css = \"body .mfp-ready.mfp-bg{background-color: rgba(11, 11, 11, 0.8);}.mfp-container .mfp-arrow{display:none;}#wpape_gallery_69f42919a9b25 .wpape-img-container{ -webkit-border-radius: 5px;-moz-border-radius: 5px;border-radius: 5px;}#wpape_gallery_69f42919a9b25 .wpapeTitle{ font-size:12px; line-height:101%; color:#ffffff;}#wpape_gallery_69f42919a9b25 .wpapeTitle:hover{color:#ffffff;}#wpape_gallery_69f42919a9b25 .wpapeDesc{ font-size:24px; line-height:101%; color:#000000;}#wpape_gallery_69f42919a9b25 .wpapeDesc:hover{color:#000000;}#wpape_gallery_69f42919a9b25 .thumbnail-overlay{background:rgba(7, 7, 7, 0.5);}#wpape_gallery_69f42919a9b25 .wpapeLinkIcon{ font-size:22px; line-height:88%; color:#ffffff;background:rgba(0,0,0,0);}#wpape_gallery_69f42919a9b25 .wpapeLinkIcon:hover{color:#ffffff;background:rgba(0,0,0,0);}#wpape_gallery_69f42919a9b25 .wpapeZoomIcon{ font-size:22px; line-height:88%; color:#ffffff;background:rgba(0,0,0,0);}#wpape_gallery_69f42919a9b25 .wpapeZoomIcon:hover{color:#ffffff;background:rgba(0,0,0,0);}#wpape_gallery_69f42919a9b25 .image-with-dimensions{background-color: rgba(255,255,255,1);}body .mfp-title, body .mfp-counter{color: #f3f3f3;}\",apeGalleryDelay = 0; head = document.head || document.getElementsByTagName(\"head\")[0], style = document.createElement(\"style\"); style.type = \"text\/css\"; if (style.styleSheet) style.styleSheet.cssText = wpape_gallery_69f42919a9b25_css; \telse  style.appendChild(document.createTextNode(wpape_gallery_69f42919a9b25_css)); head.appendChild(style);<\/script><\/p>\r\n<h4 id=\"tw-target-text\" class=\"tw-data-text tw-text-large tw-ta\" dir=\"ltr\" data-placeholder=\"Translation\">Willkommen in der villa Almazara<\/h4>\r\n<p class=\"tw-data-text tw-text-large tw-ta\" dir=\"ltr\" data-placeholder=\"Translation\"><span class=\"Y2IQFc\" lang=\"de\">Eine Luxusvilla mit atemberaubender Aussicht \u00fcber das Tal.<br \/><\/span><span class=\"Y2IQFc\" lang=\"de\">Mit insgesamt 6 Schlafzimmern bietet diese Villa Platz f\u00fcr bis zu 13 Personen.<br \/><\/span><span class=\"Y2IQFc\" lang=\"de\">Die Villa ist stilvoll eingerichtet und ideal f\u00fcr Familien und Freunde, um die gemeinsame Zeit zu genie\u00dfen.<\/span><\/p>\r\n<p class=\"tw-data-text tw-text-large tw-ta\" dir=\"ltr\" data-placeholder=\"Translation\"><span class=\"Y2IQFc\" lang=\"de\">In der Villa k\u00f6nnen Sie wunderbar entspannen, am Pool relaxen, auf der Terrasse etwas trinken oder ein BBQ auf der Veranda genie\u00dfen.<br \/><\/span><span class=\"Y2IQFc\" lang=\"de\">Dort ist es ruhig, ohne direkte Nachbarn nebenan und mit viel Privatsph\u00e4re.<br \/><\/span><span class=\"Y2IQFc\" lang=\"de\">Die Villa ist komplett m\u00f6bliert und mit allem ausgestattet, was Sie f\u00fcr einen optimalen und komfortablen Aufenthalt ben\u00f6tigen.<\/span><\/p>\r\n<p class=\"tw-data-text tw-text-large tw-ta\" dir=\"ltr\" data-placeholder=\"Translation\"><span class=\"Y2IQFc\" lang=\"de\">Es gibt 6 Schlafzimmer, 3 Badezimmer, 2 K\u00fcchen, ein Wohnzimmer, ein Esszimmer, einen Innenhof, eine Terrasse und einen gro\u00dfen Swimmingpool.<br \/><\/span><span class=\"Y2IQFc\" lang=\"de\">Mit 4 Doppelbetten (Queensize), 2 Einzelbetten, einem Etagenbett, der Option auf ein zus\u00e4tzliches Einzelbett und Babybett(en) ist diese Villa ideal f\u00fcr Familien.<br \/><\/span><span class=\"Y2IQFc\" lang=\"de\">Die Einrichtung, Ausstattung und Sicherheitsvorkehrungen machen den Aufenthalt mit Kindern (und Babys) sehr angenehm.<\/span><\/p>\r\n<p class=\"tw-data-text tw-text-large tw-ta\" dir=\"ltr\" data-placeholder=\"Translation\"><span class=\"Y2IQFc\" lang=\"de\">Die Aussicht ist wirklich fantastisch.<br \/><\/span><span class=\"Y2IQFc\" lang=\"de\">Vom Balkon, der Terrasse und vom sch\u00f6nen Swimmingpool aus haben Sie einen weiten Blick \u00fcber das gesamte Poptal.<br \/><\/span><span class=\"Y2IQFc\" lang=\"de\">Aufgrund seiner Lage (und H\u00f6he) bietet sich ein Panoramablick, der direkt auf die \u201eSierra de Bernia\u201c hinunterblickt, das Zentrum von Jalon (Xalo), inmitten der gr\u00fcnen Berge, die das Tal umgeben.<\/span><\/p>\r\n<p class=\"tw-data-text tw-text-large tw-ta\" dir=\"ltr\" data-placeholder=\"Translation\"><span class=\"Y2IQFc\" lang=\"de\">F\u00fcr gro\u00dfe Gruppen kann die Villa als Ganzes (mit 6 Schlafzimmern und 3 B\u00e4dern) gemietet werden.<br \/><\/span><span class=\"Y2IQFc\" lang=\"de\">F\u00fcr Gruppen bis zu 7 Personen kann auch 1 der 2 Etagen der Villa (mit 3 Schlafzimmern und 2 B\u00e4dern) gemietet werden, wobei alle Einrichtungen weiterhin exklusiv f\u00fcr Sie zur Verf\u00fcgung stehen (also nichts geteilt werden muss).<\/span><\/p>\r\n<p class=\"tw-data-text tw-text-large tw-ta\" dir=\"ltr\" data-placeholder=\"Translation\"><span class=\"Y2IQFc\" lang=\"de\">Nachfolgend finden Sie alle unsere Preise f\u00fcr 2025 und 2026.<br \/><\/span><span class=\"Y2IQFc\" lang=\"de\">Der Preis richtet sich nach der Aufenthaltsdauer und der Gruppengr\u00f6\u00dfe (mieten Sie die gesamte Villa mit 6 Schlafzimmern oder nur den Teil mit 3 Schlafzimmern).<\/span><\/p>\r\n<p class=\"tw-data-text tw-text-large tw-ta\" dir=\"ltr\" data-placeholder=\"Translation\"><span class=\"Y2IQFc\" lang=\"de\">Der Mindestaufenthalt variiert zwischen 2 N\u00e4chten in der Nebensaison und 5 N\u00e4chten in der Hochsaison (an Feiertagen k\u00f6nnen andere Aufenthalte gelten).<\/span><\/p>\r\n<p class=\"tw-data-text tw-text-large tw-ta\" dir=\"ltr\" data-placeholder=\"Translation\"><span class=\"Y2IQFc\" lang=\"de\">F\u00fcr weitere Fotos der Villa Almazara klicken Sie <a href=\"https:\/\/sunseasleep.com\/gallery-almazara\/\">hier<\/a>.<br \/>Den Verf\u00fcgbarkeitskalender finden Sie unten auf dieser Seite.<\/span><br \/><br \/><span style=\"color: #333a56;\">Preise:<\/span><\/p>\r\n<figure class=\"wp-block-table\">\r\n<figure><\/figure>\r\n<figure><\/figure>\r\n<figure><\/figure>\r\n<figure>\r\n<table style=\"height: 869px;\" width=\"655\">\r\n<tbody>\r\n<tr>\r\n<td width=\"120\">\r\n<p style=\"text-align: center;\">2026<\/p>\r\n<\/td>\r\n<td colspan=\"2\" width=\"240\">\r\n<p style=\"text-align: center;\">Preise pro Nacht bis 13 Personen<\/p>\r\n<\/td>\r\n<td colspan=\"2\" width=\"240\">\r\n<p style=\"text-align: center;\">Preise pro Nacht bis 7 Personen<\/p>\r\n<\/td>\r\n<\/tr>\r\n<tr>\r\n<td width=\"120\">\r\n<p style=\"text-align: center;\">Zeitraum<\/p>\r\n<\/td>\r\n<td width=\"120\">\r\n<p style=\"text-align: center;\">Wochenmitte (So-Fr)<\/p>\r\n<\/td>\r\n<td width=\"120\">\r\n<p style=\"text-align: center;\">Wochenende\u00a0 (Fr-So)<\/p>\r\n<\/td>\r\n<td width=\"120\">\r\n<p style=\"text-align: center;\">Wochenmitte (So-Fr)<\/p>\r\n<\/td>\r\n<td width=\"120\">\r\n<p style=\"text-align: center;\">Wochenende\u00a0 (Fr-So)<\/p>\r\n<\/td>\r\n<\/tr>\r\n<tr>\r\n<td width=\"120\">\r\n<p style=\"text-align: center;\">Januar<\/p>\r\n<\/td>\r\n<td width=\"120\">\r\n<p style=\"text-align: center;\">\u20ac 150<\/p>\r\n<\/td>\r\n<td width=\"120\">\r\n<p style=\"text-align: center;\">\u20ac 225<\/p>\r\n<\/td>\r\n<td width=\"120\">\r\n<p style=\"text-align: center;\">\u20ac 100<\/p>\r\n<\/td>\r\n<td width=\"120\">\r\n<p style=\"text-align: center;\">\u20ac 175<\/p>\r\n<\/td>\r\n<\/tr>\r\n<tr>\r\n<td width=\"120\">\r\n<p style=\"text-align: center;\">Februar<\/p>\r\n<\/td>\r\n<td width=\"120\">\r\n<p style=\"text-align: center;\">\u20ac 150<\/p>\r\n<\/td>\r\n<td width=\"120\">\r\n<p style=\"text-align: center;\">\u20ac 225<\/p>\r\n<\/td>\r\n<td width=\"120\">\r\n<p style=\"text-align: center;\">\u20ac 100<\/p>\r\n<\/td>\r\n<td width=\"120\">\r\n<p style=\"text-align: center;\">\u20ac 175<\/p>\r\n<\/td>\r\n<\/tr>\r\n<tr>\r\n<td style=\"text-align: center;\" width=\"120\">M\u00e4rz<\/td>\r\n<td width=\"120\">\r\n<p style=\"text-align: center;\">\u20ac 200<\/p>\r\n<\/td>\r\n<td width=\"120\">\r\n<p style=\"text-align: center;\">\u20ac275<\/p>\r\n<\/td>\r\n<td width=\"120\">\r\n<p style=\"text-align: center;\">\u20ac 175<\/p>\r\n<\/td>\r\n<td width=\"120\">\r\n<p style=\"text-align: center;\">\u20ac 225<\/p>\r\n<\/td>\r\n<\/tr>\r\n<tr>\r\n<td width=\"120\">\r\n<p style=\"text-align: center;\">April<\/p>\r\n<\/td>\r\n<td width=\"120\">\r\n<p style=\"text-align: center;\">\u20ac 275<\/p>\r\n<\/td>\r\n<td width=\"120\">\r\n<p style=\"text-align: center;\">\u20ac 325<\/p>\r\n<\/td>\r\n<td width=\"120\">\r\n<p style=\"text-align: center;\">\u20ac 225<\/p>\r\n<\/td>\r\n<td width=\"120\">\r\n<p style=\"text-align: center;\">\u20ac 275<\/p>\r\n<\/td>\r\n<\/tr>\r\n<tr>\r\n<td width=\"120\">\r\n<p style=\"text-align: center;\">Mai<\/p>\r\n<\/td>\r\n<td width=\"120\">\r\n<p style=\"text-align: center;\">\u20ac 375<\/p>\r\n<\/td>\r\n<td width=\"120\">\r\n<p style=\"text-align: center;\">\u20ac 400<\/p>\r\n<\/td>\r\n<td width=\"120\">\r\n<p style=\"text-align: center;\">\u20ac 275<\/p>\r\n<\/td>\r\n<td width=\"120\">\r\n<p style=\"text-align: center;\">\u20ac 325<\/p>\r\n<\/td>\r\n<\/tr>\r\n<tr>\r\n<td width=\"120\">\r\n<p style=\"text-align: center;\">Juni<\/p>\r\n<\/td>\r\n<td width=\"120\">\r\n<p style=\"text-align: center;\">\u20ac 475<\/p>\r\n<\/td>\r\n<td width=\"120\">\r\n<p style=\"text-align: center;\">\u20ac 500<\/p>\r\n<\/td>\r\n<td width=\"120\">\r\n<p style=\"text-align: center;\">\u20ac 375<\/p>\r\n<\/td>\r\n<td width=\"120\">\r\n<p style=\"text-align: center;\">\u20ac 425<\/p>\r\n<\/td>\r\n<\/tr>\r\n<tr>\r\n<td width=\"120\">\r\n<p style=\"text-align: center;\">Juli<\/p>\r\n<\/td>\r\n<td width=\"120\">\r\n<p style=\"text-align: center;\">\u20ac 550<\/p>\r\n<\/td>\r\n<td width=\"120\">\r\n<p style=\"text-align: center;\">\u20ac 575<\/p>\r\n<\/td>\r\n<td width=\"120\">\r\n<p style=\"text-align: center;\">\u20ac 475<\/p>\r\n<\/td>\r\n<td width=\"120\">\r\n<p style=\"text-align: center;\">\u20ac 500<\/p>\r\n<\/td>\r\n<\/tr>\r\n<tr>\r\n<td width=\"120\">\r\n<p style=\"text-align: center;\">August<\/p>\r\n<\/td>\r\n<td width=\"120\">\r\n<p style=\"text-align: center;\">\u20ac 600<\/p>\r\n<\/td>\r\n<td width=\"120\">\r\n<p style=\"text-align: center;\">\u20ac 625<\/p>\r\n<\/td>\r\n<td width=\"120\">\r\n<p style=\"text-align: center;\">\u20ac 525<\/p>\r\n<\/td>\r\n<td width=\"120\">\r\n<p style=\"text-align: center;\">\u20ac 550<\/p>\r\n<\/td>\r\n<\/tr>\r\n<tr>\r\n<td width=\"120\">\r\n<p style=\"text-align: center;\">September<\/p>\r\n<\/td>\r\n<td width=\"120\">\r\n<p style=\"text-align: center;\">\u20ac 425<\/p>\r\n<\/td>\r\n<td width=\"120\">\r\n<p style=\"text-align: center;\">\u20ac 475<\/p>\r\n<\/td>\r\n<td width=\"120\">\r\n<p style=\"text-align: center;\">\u20ac 325<\/p>\r\n<\/td>\r\n<td width=\"120\">\r\n<p style=\"text-align: center;\">\u20ac 400<\/p>\r\n<\/td>\r\n<\/tr>\r\n<tr>\r\n<td width=\"120\">\r\n<p style=\"text-align: center;\">Oktober<\/p>\r\n<\/td>\r\n<td width=\"120\">\r\n<p style=\"text-align: center;\">\u20ac 325<\/p>\r\n<\/td>\r\n<td width=\"120\">\r\n<p style=\"text-align: center;\">\u20ac 375<\/p>\r\n<\/td>\r\n<td width=\"120\">\r\n<p style=\"text-align: center;\">\u20ac 250<\/p>\r\n<\/td>\r\n<td width=\"120\">\r\n<p style=\"text-align: center;\">\u20ac 325<\/p>\r\n<\/td>\r\n<\/tr>\r\n<tr>\r\n<td width=\"120\">\r\n<p style=\"text-align: center;\">November<\/p>\r\n<\/td>\r\n<td width=\"120\">\r\n<p style=\"text-align: center;\">\u20ac 150<\/p>\r\n<\/td>\r\n<td width=\"120\">\r\n<p style=\"text-align: center;\">\u20ac 225<\/p>\r\n<\/td>\r\n<td width=\"120\">\r\n<p style=\"text-align: center;\">\u20ac 125<\/p>\r\n<\/td>\r\n<td width=\"120\">\r\n<p style=\"text-align: center;\">\u20ac 175<\/p>\r\n<\/td>\r\n<\/tr>\r\n<tr>\r\n<td width=\"120\">\r\n<p style=\"text-align: center;\">Dezember<\/p>\r\n<\/td>\r\n<td width=\"120\">\r\n<p style=\"text-align: center;\">\u20ac 150<\/p>\r\n<\/td>\r\n<td width=\"120\">\r\n<p style=\"text-align: center;\">\u20ac 225<\/p>\r\n<\/td>\r\n<td width=\"120\">\r\n<p style=\"text-align: center;\">\u20ac 125<\/p>\r\n<\/td>\r\n<td width=\"120\">\r\n<p style=\"text-align: center;\">\u20ac 175<\/p>\r\n<\/td>\r\n<\/tr>\r\n<\/tbody>\r\n<\/table>\r\n<\/figure>\r\n<figure><\/figure>\r\nDie Preise verstehen sich pro Nacht und beinhalten:<\/figure>\r\n<figure><\/figure>\r\n<figure><\/figure>\r\n<figure class=\"wp-block-table\">\r\n<ul>\r\n<li>Klimaanlage, Wasser und Strom<\/li>\r\n<li>Bettw\u00e4sche<\/li>\r\n<li>Duscht\u00fccher<\/li>\r\n<li>W-LAN<\/li>\r\n<li>Parken<\/li>\r\n<li>MwSt<\/li>\r\n<li>Babybett<\/li>\r\n<\/ul>\r\nDie Preise verstehen sich exklusive:<\/figure>\r\n<figure class=\"wp-block-table\">\r\n<ul>\r\n<li>Endreinigung; \u20ac250 f\u00fcr die gesamte Villa, \u20ac200 f\u00fcr 3 statt 6 Schlafzimmer<\/li>\r\n<\/ul>\r\n<\/figure>\r\n<p id=\"tw-target-text\" class=\"tw-data-text tw-text-large tw-ta\" dir=\"ltr\" data-placeholder=\"Vertaling\">\u00a0<\/p>\r\n<p dir=\"ltr\" data-placeholder=\"Vertaling\">F\u00fcr weitere Informationen oder Fragen f\u00fcllen Sie bitte das untenstehende Formular aus und wir werden uns gerne mit Ihnen in Verbindung setzen.<\/p>\r\n<p> <div role=\"form\" class=\"wpcf7\" id=\"wpcf7-f6493-o1\" lang=\"en-US\" dir=\"ltr\">\n<div class=\"screen-reader-response\"><p role=\"status\" aria-live=\"polite\" aria-atomic=\"true\"><\/p> <ul><\/ul><\/div>\n<form action=\"\/de\/wp-json\/wp\/v2\/pages\/6424#wpcf7-f6493-o1\" method=\"post\" class=\"wpcf7-form init\" novalidate=\"novalidate\" data-status=\"init\">\n<div style=\"display: none;\">\n<input type=\"hidden\" name=\"_wpcf7\" value=\"6493\" \/>\n<input type=\"hidden\" name=\"_wpcf7_version\" value=\"5.5.6.1\" \/>\n<input type=\"hidden\" name=\"_wpcf7_locale\" value=\"en_US\" \/>\n<input type=\"hidden\" name=\"_wpcf7_unit_tag\" value=\"wpcf7-f6493-o1\" \/>\n<input type=\"hidden\" name=\"_wpcf7_container_post\" value=\"0\" \/>\n<input type=\"hidden\" name=\"_wpcf7_posted_data_hash\" value=\"\" \/>\n<input type=\"hidden\" name=\"_wpcf7_recaptcha_response\" value=\"\" \/>\n<\/div>\n<p><label>Name<br \/>\n   <span class=\"wpcf7-form-control-wrap name-002\"><input type=\"text\" name=\"name-002\" value=\"\" size=\"40\" class=\"wpcf7-form-control wpcf7-text wpcf7-validates-as-required\" id=\"name-002\" aria-required=\"true\" aria-invalid=\"false\" \/><\/span><\/label><\/p>\n<p><label>Telefon<br \/>\n  <span class=\"wpcf7-form-control-wrap tel-002\"><input type=\"tel\" name=\"tel-002\" value=\"\" size=\"40\" class=\"wpcf7-form-control wpcf7-text wpcf7-tel wpcf7-validates-as-required wpcf7-validates-as-tel\" id=\"tel-001\" aria-required=\"true\" aria-invalid=\"false\" \/><\/span><\/label><\/p>\n<p><label> Email<br \/>\n  <span class=\"wpcf7-form-control-wrap email-002\"><input type=\"email\" name=\"email-002\" value=\"\" size=\"40\" class=\"wpcf7-form-control wpcf7-text wpcf7-email wpcf7-validates-as-required wpcf7-validates-as-email\" aria-required=\"true\" aria-invalid=\"false\" \/><\/span> <\/label><\/p>\n<p><label> Personenzahl<br \/>\n  <span class=\"wpcf7-form-control-wrap number-001\"><input type=\"number\" name=\"number-001\" value=\"\" class=\"wpcf7-form-control wpcf7-number wpcf7-validates-as-required wpcf7-validates-as-number\" aria-required=\"true\" aria-invalid=\"false\" \/><\/span><\/label><\/p>\n<p><label> Gew\u00fcnschtes Anreisedatum<br \/>\n  <span class=\"wpcf7-form-control-wrap date-001\"><input type=\"date\" name=\"date-001\" value=\"\" class=\"wpcf7-form-control wpcf7-date wpcf7-validates-as-required wpcf7-validates-as-date\" aria-required=\"true\" aria-invalid=\"false\" \/><\/span><\/label><\/p>\n<p><label> Gew\u00fcnschtes abreisedatum<br \/>\n  <span class=\"wpcf7-form-control-wrap date-002\"><input type=\"date\" name=\"date-002\" value=\"\" class=\"wpcf7-form-control wpcf7-date wpcf7-validates-as-required wpcf7-validates-as-date\" aria-required=\"true\" aria-invalid=\"false\" \/><\/span><\/label><\/p>\n<p><label> Botschaft<br \/>\nZum Beispiel: Welche Informationen m\u00f6chten Sie erhalten, welche Fragen m\u00f6chten Sie beantwortet haben? Wenn Sie uns mehr \u00fcber die Zusammensetzung Ihrer Gruppe (z.B. Freunde, Familie, Kinder, Babys) oder den Grund Ihres Aufenthalts (z.B. eine Party oder ein Jubil\u00e4um) erz\u00e4hlen, k\u00f6nnen wir Ihnen spezifischere Informationen geben.<br \/>\n  <span class=\"wpcf7-form-control-wrap message-002\"><textarea name=\"message-002\" cols=\"40\" rows=\"10\" class=\"wpcf7-form-control wpcf7-textarea wpcf7-validates-as-required\" id=\"message-002\" aria-required=\"true\" aria-invalid=\"false\"><\/textarea><\/span> <\/label><\/p>\n<p><label> L\u00f6sen Sie die folgende Summe auf, um zu beweisen, dass Sie kein Roboter sind<br \/>\n   <span class=\"wpcf7-form-control-wrap random-math-quiz\"><label><span class=\"wpcf7-quiz-label\">3x2=?<\/span> <input type=\"text\" name=\"random-math-quiz\" size=\"40\" class=\"wpcf7-form-control wpcf7-quiz\" autocomplete=\"off\" aria-required=\"true\" aria-invalid=\"false\" \/><\/label><input type=\"hidden\" name=\"_wpcf7_quiz_answer_random-math-quiz\" value=\"c2fcbe4180fc14ae8d89d9d913537f58\" \/><\/span><\/label><\/p>\n<p>  <input type=\"submit\" value=\"Senden\" class=\"wpcf7-form-control has-spinner wpcf7-submit\" id=\"send\" \/><\/p>\n<div class=\"wpcf7-response-output\" aria-hidden=\"true\"><\/div><\/form><\/div><\/p>\r\n<p><!-- \/wp:heading --><\/p>\r\n<p><!-- wp:paragraph --><\/p>\r\n<p>&nbsp;<\/p>\r\n<p><!-- wp:paragraph --><\/p>\r\n<div  class=\"lgc-column lgc-grid-parent lgc-grid-60 lgc-tablet-grid-60 lgc-mobile-grid-100 lgc-equal-heights \"><div  class=\"inside-grid-column\"><\/div><\/div>\r\n<p><!-- \/wp:paragraph --><\/p>\r\n<div style=\"font-size: 16px;\">\u00a0 \u00a0 \u00a0 \u00a0Verf\u00fcgbarkeit villa Almazara<\/div>\r\n<div>\u00a0<\/div>\r\n<div><iframe loading=\"lazy\" src=\"https:\/\/sunseasleep.com\/mystuff\/sss-calendar.php?alias=Almazara\" width=\"350\" height=\"350\" frameborder=\"0\"><\/iframe>\u00a0<!-- wp:paragraph --><\/div>\r\n<div  class=\"lgc-column lgc-grid-parent lgc-grid-40 lgc-tablet-grid-40 lgc-mobile-grid-100 lgc-equal-heights \"><div  class=\"inside-grid-column\"><\/div><\/div><div class=\"lgc-clear\"><\/div>\r\n<!--\r\n<div class=\"wp-block-columns\">\r\n<div class=\"wp-block-column\" style=\"flex-basis: 66.66%;\">[lgc_column grid=\"60\" tablet_grid=\"60\" mobile_grid=\"100\" last=\"false\"][ape-gallery 1254][\/lgc_column]<\/div>\r\n<\/div>\r\n-->","protected":false},"excerpt":{"rendered":"<p>Villa Almazara Willkommen in der villa Almazara Eine Luxusvilla mit atemberaubender Aussicht \u00fcber das Tal.Mit insgesamt 6 Schlafzimmern bietet diese Villa Platz f\u00fcr bis zu 13 Personen.Die Villa ist stilvoll eingerichtet und ideal f\u00fcr Familien und Freunde, um die gemeinsame Zeit zu genie\u00dfen. In der Villa k\u00f6nnen Sie wunderbar entspannen, am Pool relaxen, auf der [&hellip;]<\/p>\n","protected":false},"author":1,"featured_media":0,"parent":0,"menu_order":0,"comment_status":"closed","ping_status":"closed","template":"","meta":{"_monsterinsights_skip_tracking":false,"_monsterinsights_sitenote_active":false,"_monsterinsights_sitenote_note":"","_monsterinsights_sitenote_category":0,"footnotes":""},"class_list":["post-6424","page","type-page","status-publish","hentry"],"yoast_head":"<!-- This site is optimized with the Yoast SEO plugin v16.1.1 - https:\/\/yoast.com\/wordpress\/plugins\/seo\/ -->\n<title>Villa Almazara - Sun Sea Sleep<\/title>\n<link rel=\"canonical\" href=\"https:\/\/sunseasleep.com\/villa-almazara\/\" \/>\n<meta property=\"og:locale\" content=\"de_DE\" \/>\n<meta property=\"og:type\" content=\"article\" \/>\n<meta property=\"og:title\" content=\"Villa Almazara - Sun Sea Sleep\" \/>\n<meta property=\"og:description\" content=\"Villa Almazara Willkommen in der villa Almazara Eine Luxusvilla mit atemberaubender Aussicht \u00fcber das Tal.Mit insgesamt 6 Schlafzimmern bietet diese Villa Platz f\u00fcr bis zu 13 Personen.Die Villa ist stilvoll eingerichtet und ideal f\u00fcr Familien und Freunde, um die gemeinsame Zeit zu genie\u00dfen. In der Villa k\u00f6nnen Sie wunderbar entspannen, am Pool relaxen, auf der [&hellip;]\" \/>\n<meta property=\"og:url\" content=\"https:\/\/sunseasleep.com\/villa-almazara\/\" \/>\n<meta property=\"og:site_name\" content=\"Sun Sea Sleep\" \/>\n<meta property=\"article:modified_time\" content=\"2026-01-04T19:23:35+00:00\" \/>\n<meta name=\"twitter:card\" content=\"summary_large_image\" \/>\n<meta name=\"twitter:label1\" content=\"Gesch\u00e4tzte Lesezeit\">\n\t<meta name=\"twitter:data1\" content=\"12\u00a0Minuten\">\n<script type=\"application\/ld+json\" class=\"yoast-schema-graph\">{\"@context\":\"https:\/\/schema.org\",\"@graph\":[{\"@type\":\"WebSite\",\"@id\":\"https:\/\/sunseasleep.com\/nl\/#website\",\"url\":\"https:\/\/sunseasleep.com\/nl\/\",\"name\":\"Sun Sea Sleep\",\"description\":\"Sun Sea Sleep\",\"potentialAction\":[{\"@type\":\"SearchAction\",\"target\":\"https:\/\/sunseasleep.com\/nl\/?s={search_term_string}\",\"query-input\":\"required name=search_term_string\"}],\"inLanguage\":\"de\"},{\"@type\":\"WebPage\",\"@id\":\"https:\/\/sunseasleep.com\/villa-almazara\/#webpage\",\"url\":\"https:\/\/sunseasleep.com\/villa-almazara\/\",\"name\":\"Villa Almazara - Sun Sea Sleep\",\"isPartOf\":{\"@id\":\"https:\/\/sunseasleep.com\/nl\/#website\"},\"datePublished\":\"2025-05-30T05:40:33+00:00\",\"dateModified\":\"2026-01-04T19:23:35+00:00\",\"breadcrumb\":{\"@id\":\"https:\/\/sunseasleep.com\/villa-almazara\/#breadcrumb\"},\"inLanguage\":\"de\",\"potentialAction\":[{\"@type\":\"ReadAction\",\"target\":[\"https:\/\/sunseasleep.com\/villa-almazara\/\"]}]},{\"@type\":\"BreadcrumbList\",\"@id\":\"https:\/\/sunseasleep.com\/villa-almazara\/#breadcrumb\",\"itemListElement\":[{\"@type\":\"ListItem\",\"position\":1,\"item\":{\"@type\":\"WebPage\",\"@id\":\"https:\/\/sunseasleep.com\/villa-almazara\/\",\"url\":\"https:\/\/sunseasleep.com\/villa-almazara\/\",\"name\":\"Villa Almazara\"}}]}]}<\/script>\n<!-- \/ Yoast SEO plugin. -->","_links":{"self":[{"href":"https:\/\/sunseasleep.com\/de\/wp-json\/wp\/v2\/pages\/6424","targetHints":{"allow":["GET"]}}],"collection":[{"href":"https:\/\/sunseasleep.com\/de\/wp-json\/wp\/v2\/pages"}],"about":[{"href":"https:\/\/sunseasleep.com\/de\/wp-json\/wp\/v2\/types\/page"}],"author":[{"embeddable":true,"href":"https:\/\/sunseasleep.com\/de\/wp-json\/wp\/v2\/users\/1"}],"replies":[{"embeddable":true,"href":"https:\/\/sunseasleep.com\/de\/wp-json\/wp\/v2\/comments?post=6424"}],"version-history":[{"count":32,"href":"https:\/\/sunseasleep.com\/de\/wp-json\/wp\/v2\/pages\/6424\/revisions"}],"predecessor-version":[{"id":8453,"href":"https:\/\/sunseasleep.com\/de\/wp-json\/wp\/v2\/pages\/6424\/revisions\/8453"}],"wp:attachment":[{"href":"https:\/\/sunseasleep.com\/de\/wp-json\/wp\/v2\/media?parent=6424"}],"curies":[{"name":"wp","href":"https:\/\/api.w.org\/{rel}","templated":true}]}}