{"id":296,"date":"2021-04-16T02:18:41","date_gmt":"2021-04-16T00:18:41","guid":{"rendered":"http:\/\/sunseasleep.com\/?page_id=296"},"modified":"2021-12-17T09:54:07","modified_gmt":"2021-12-17T08:54:07","slug":"activities","status":"publish","type":"page","link":"https:\/\/sunseasleep.com\/de\/activities\/","title":{"rendered":"Aktivit\u00e4ten"},"content":{"rendered":"<p><\/span><\/p>\r\n<h2 class=\"tw-data-text tw-text-large XcVN5d tw-ta\" dir=\"ltr\" data-placeholder=\"Vertaling\"><span class=\"Y2IQFc\" lang=\"de\" style=\"color: #333a56;\">Aktivit\u00e4ten<\/span><\/h2>\r\n<p class=\"tw-data-text tw-text-large XcVN5d tw-ta\" dir=\"ltr\" data-placeholder=\"Vertaling\"><span class=\"Y2IQFc\" lang=\"de\">Benissa, das Pop-Tal und die Costa Blanca sind sehr vielseitig und es gibt viel zu tun.<\/span><\/p>\r\n<p dir=\"ltr\" data-placeholder=\"Vertaling\">\u00a0<\/p>\r\n<h5 class=\"tw-data-text tw-text-large XcVN5d tw-ta\" dir=\"ltr\" data-placeholder=\"Vertaling\"><span class=\"Y2IQFc\" lang=\"de\" style=\"color: #333a56;\">Radfahren \u2013 Radfahren \u2013 Mountainbiken<\/span><\/h5>\r\n<p><span class=\"Y2IQFc\" lang=\"de\">Eine der beliebtesten Aktivit\u00e4ten in dieser Region ist das Radfahren, egal ob Sie ein Radfahrer oder Mountainbike-Enthusiast sind, hier sind Sie richtig!<br \/>Die Berglandschaft ist ideal f\u00fcr Sportbegeisterte und bietet Herausforderungen f\u00fcr alle Niveaus.<br \/>F\u00fcr viele Radfahrer ist die &#8218;Sierra Bernia&#8216; ein fantastisches Highlight und auch mit den anderen Bergen rund um das Poptal gibt es viel Abwechslung. Trainieren mit anspruchsvollen Anstiegen, atemberaubende Aussichten nach mehreren Kehren, hier im Poptal ist man umgeben von Natur und scheint die Berge wie gemacht zum Radfahren. Jedes Jahr kommen viele Spitzensportler hierher zum Trainingslager und zur Vorbereitung auf die Radsaison.<br \/>Genauso ist es beim Mountainbiken, hier ist der richtige Ort, um sich auszutoben.<br \/>Da Sun Sea Sleep auf einem Berggipfel liegt, f\u00fchren mehrere Mountainbike-Strecken hier vorbei. Wie sch\u00f6n ist es, nach einer gro\u00dfen Herausforderung hier in der eigenen Unterkunft zu landen und ein wohlverdientes Bad im Pool zu nehmen.<br \/>Auch ein angepasstes Fahrradfr\u00fchst\u00fcck ist hier m\u00f6glich, wobei wir das Fr\u00fchst\u00fcck in Absprache auf die durchzuf\u00fchrenden Aktivit\u00e4ten abstimmen.<br \/><\/span><span class=\"Y2IQFc\" lang=\"de\">Interessieren Sie sich f\u00fcr das Radfahren hier, sehen Sie sich unser spezielles\u00a0<\/span>\u00a0<span class=\"Y2IQFc\" lang=\"en\"><a href=\"https:\/\/sunseasleep.com\/cycling\/\">Fahrradpaket<\/a><\/span> an.<\/p>\r\n<h5 class=\"tw-data-text tw-text-large XcVN5d tw-ta\" dir=\"ltr\" data-placeholder=\"Vertaling\"><span class=\"Y2IQFc\" lang=\"de\"><br \/><br \/><span style=\"color: #333a56;\">Wandern<\/span><\/span><\/h5>\r\n<p class=\"tw-data-text tw-text-large XcVN5d tw-ta\" dir=\"ltr\" data-placeholder=\"Vertaling\"><span class=\"Y2IQFc\" lang=\"de\">Bei viel gr\u00fcner Natur \u00fcberrascht es nicht, dass es auch f\u00fcr Wanderer ein ultimatives Vergn\u00fcgen ist.<br \/>Es gibt verschiedene Wanderrouten, die sich in L\u00e4nge und H\u00f6he unterscheiden, sodass f\u00fcr jeden Erholungssuchenden die passende Route dabei ist. Es gibt atemberaubende Ausblicke von Berggipfeln, spektakul\u00e4re Felsformationen, \u00fcberraschende Bergterrassen und historische Wanderwege entlang von Fl\u00fcssen.<br \/>Was es noch interessanter macht, sind die vielen Themenwege. Da ist zum Beispiel die \u201eBurgenroute\u201c, die an Schl\u00f6ssern, Kirchen und Kapellen vorbeif\u00fchrt, die nicht nur in typisch spanischen Bergd\u00f6rfern, sondern auch wirklich mitten in der Natur liegen. Auch die \u201eWeinstra\u00dfe\u201c entlang von Mandelb\u00e4umen, Weinbergen und authentischen Weing\u00fctern \/ Fincas und Bodegas ist ideal, um mehrere angenehme Aspekte zu verbinden. Wenn Sie sich mehr f\u00fcr die Natur am Meer interessieren, gibt es die &#8218;\u00f6kologische K\u00fcstenroute&#8216;, die fantastische Ausblicke entlang der K\u00fcste zwischen Calp und Benissa bietet. Diese Route hat einen Naturpfad mit kulturellen und geologischen Informationen, die entlang des Weges angezeigt werden.<br \/>Es gibt auch Routen entlang von Wasserf\u00e4llen, Ruinen, H\u00f6hlen, Denkm\u00e4lern und Nationalparks.<br \/>Bei einem Aufenthalt im Sun Sea Sleep geben wir Ihnen gerne ausf\u00fchrliche Informationen zu konkreten Wanderrouten und eine entsprechende Beratung.<\/span><\/p>\r\n<p>&nbsp;<\/p>\r\n<h5 id=\"tw-target-text\" class=\"tw-data-text tw-text-large XcVN5d tw-ta\" dir=\"ltr\" data-placeholder=\"Vertaling\"><span class=\"Y2IQFc\" lang=\"de\" style=\"color: #333a56;\">Wassersport<\/span><\/h5>\r\n<p class=\"tw-data-text tw-text-large XcVN5d tw-ta\" dir=\"ltr\" data-placeholder=\"Vertaling\"><span class=\"Y2IQFc\" lang=\"de\">Vom Sun Sea Sleep aus ist es eine 10-min\u00fctige Fahrt zum Mittelmeer, wo es Dutzende von Wassersportm\u00f6glichkeiten gibt. Es gibt mehrere Wassersportzentren, die gerne Wassersportaktivit\u00e4ten f\u00fcr Sie organisieren. Da es an, in und unter Wasser so viele Aktivit\u00e4ten gibt, nennen wir hier die beliebtesten: Surfen, Windsurfen, Jetski, Kanu, Kajak, SUP (Stand-Up-Paddling), Tauchen, Schnorcheln, Hochseefischen, Segeln, Katamaran und Bootsfahrten.<br \/>F\u00fcr umfangreiche Informationen und Fachorganisationen fragen Sie uns w\u00e4hrend Ihres Aufenthalts im Sun Sea Sleep pers\u00f6nlich.<\/span><\/p>\r\n<p dir=\"ltr\" data-placeholder=\"Vertaling\">\u00a0<\/p>\r\n<h5 class=\"tw-data-text tw-text-large XcVN5d tw-ta\" dir=\"ltr\" data-placeholder=\"Vertaling\"><span class=\"Y2IQFc\" lang=\"de\" style=\"color: #333a56;\">Viele andere Aktivit\u00e4ten<\/span><\/h5>\r\n<p class=\"tw-data-text tw-text-large XcVN5d tw-ta\" dir=\"ltr\" data-placeholder=\"Vertaling\"><span class=\"Y2IQFc\" lang=\"de\">In der N\u00e4he von Sun Sea Sleep gibt es neben den oben genannten Aktivit\u00e4ten noch viele andere Dinge zu tun, zu sehen und zu erleben.<br \/>Nachfolgend finden Sie eine Liste weiterer Aktivit\u00e4ten und Sehensw\u00fcrdigkeiten, die auf jeden Fall einen Besuch wert sind:<\/span><\/p>\r\n<ul>\r\n<li class=\"tw-data-text tw-text-large XcVN5d tw-ta\" dir=\"ltr\" data-placeholder=\"Vertaling\"><span class=\"Y2IQFc\" lang=\"de\">M\u00e4rkte und Brocantes<\/span><\/li>\r\n<li class=\"tw-data-text tw-text-large XcVN5d tw-ta\" dir=\"ltr\" data-placeholder=\"Vertaling\"><span class=\"Y2IQFc\" lang=\"de\">Viele sch\u00f6ne Str\u00e4nde und Buchten<\/span><\/li>\r\n<li class=\"tw-data-text tw-text-large XcVN5d tw-ta\" dir=\"ltr\" data-placeholder=\"Vertaling\"><span class=\"Y2IQFc\" lang=\"de\">Golf<\/span><\/li>\r\n<li dir=\"ltr\" data-placeholder=\"Vertaling\"><span class=\"Y2IQFc\" lang=\"de\">Reiten<\/span><\/li>\r\n<li class=\"tw-data-text tw-text-large XcVN5d tw-ta\" dir=\"ltr\" data-placeholder=\"Vertaling\"><span class=\"Y2IQFc\" lang=\"de\">Freizeitparks und Wasserparks<\/span><\/li>\r\n<li class=\"tw-data-text tw-text-large XcVN5d tw-ta\" dir=\"ltr\" data-placeholder=\"Vertaling\"><span class=\"Y2IQFc\" lang=\"de\">Algar-Wasserf\u00e4lle<\/span><\/li>\r\n<li class=\"tw-data-text tw-text-large XcVN5d tw-ta\" dir=\"ltr\" data-placeholder=\"Vertaling\"><span class=\"Y2IQFc\" lang=\"de\">Tennis<\/span><\/li>\r\n<\/ul>\r\n<p>&nbsp;<\/p>\r\n<p><\/p>\r\n<p><img loading=\"lazy\" decoding=\"async\" class=\"alignnone wp-image-1180 size-large\" src=\"http:\/\/sunseasleep.com\/wp-content\/uploads\/2021\/05\/activities-1024x1024.jpg\" alt=\"\" width=\"1024\" height=\"1024\" srcset=\"https:\/\/sunseasleep.com\/wp-content\/uploads\/2021\/05\/activities-1024x1024.jpg 1024w, https:\/\/sunseasleep.com\/wp-content\/uploads\/2021\/05\/activities-300x300.jpg 300w, https:\/\/sunseasleep.com\/wp-content\/uploads\/2021\/05\/activities-150x150.jpg 150w, https:\/\/sunseasleep.com\/wp-content\/uploads\/2021\/05\/activities-768x768.jpg 768w, https:\/\/sunseasleep.com\/wp-content\/uploads\/2021\/05\/activities-1536x1536.jpg 1536w, https:\/\/sunseasleep.com\/wp-content\/uploads\/2021\/05\/activities-2048x2048.jpg 2048w, https:\/\/sunseasleep.com\/wp-content\/uploads\/2021\/05\/activities-700x700.jpg 700w, https:\/\/sunseasleep.com\/wp-content\/uploads\/2021\/05\/activities-410x410.jpg 410w, https:\/\/sunseasleep.com\/wp-content\/uploads\/2021\/05\/activities-100x100.jpg 100w, https:\/\/sunseasleep.com\/wp-content\/uploads\/2021\/05\/activities-275x275.jpg 275w\" sizes=\"auto, (max-width: 1024px) 100vw, 1024px\" \/><\/p>\r\n<p>&nbsp;<\/p>\r\n<div data-post-id='550' class='insert-page insert-page-550 '><h2 class=\"has-text-align-center\" style=\"text-align: left;\"><span class=\"has-inline-color has-luminous-vivid-amber-color\">Kontaktiere uns<\/span><\/h2>\r\n<div role=\"form\" class=\"wpcf7\" id=\"wpcf7-f526-p550-o1\" lang=\"en-US\" dir=\"ltr\">\n<div class=\"screen-reader-response\"><p role=\"status\" aria-live=\"polite\" aria-atomic=\"true\"><\/p> <ul><\/ul><\/div>\n<form action=\"\/de\/wp-json\/wp\/v2\/pages\/296#wpcf7-f526-p550-o1\" method=\"post\" class=\"wpcf7-form init\" novalidate=\"novalidate\" data-status=\"init\">\n<div style=\"display: none;\">\n<input type=\"hidden\" name=\"_wpcf7\" value=\"526\" \/>\n<input type=\"hidden\" name=\"_wpcf7_version\" value=\"5.5.6.1\" \/>\n<input type=\"hidden\" name=\"_wpcf7_locale\" value=\"en_US\" \/>\n<input type=\"hidden\" name=\"_wpcf7_unit_tag\" value=\"wpcf7-f526-p550-o1\" \/>\n<input type=\"hidden\" name=\"_wpcf7_container_post\" value=\"550\" \/>\n<input type=\"hidden\" name=\"_wpcf7_posted_data_hash\" value=\"\" \/>\n<input type=\"hidden\" name=\"_wpcf7_recaptcha_response\" value=\"\" \/>\n<\/div>\n<p><label>Name<br \/>\n   <span class=\"wpcf7-form-control-wrap name-002\"><input type=\"text\" name=\"name-002\" value=\"\" size=\"40\" class=\"wpcf7-form-control wpcf7-text wpcf7-validates-as-required\" id=\"name-002\" aria-required=\"true\" aria-invalid=\"false\" \/><\/span><\/label><\/p>\n<p><label>Telefon<br \/>\n  <span class=\"wpcf7-form-control-wrap tel-002\"><input type=\"tel\" name=\"tel-002\" value=\"\" size=\"40\" class=\"wpcf7-form-control wpcf7-text wpcf7-tel wpcf7-validates-as-required wpcf7-validates-as-tel\" id=\"tel-001\" aria-required=\"true\" aria-invalid=\"false\" \/><\/span><\/label><\/p>\n<p><label> Email<br \/>\n  <span class=\"wpcf7-form-control-wrap email-002\"><input type=\"email\" name=\"email-002\" value=\"\" size=\"40\" class=\"wpcf7-form-control wpcf7-text wpcf7-email wpcf7-validates-as-required wpcf7-validates-as-email\" aria-required=\"true\" aria-invalid=\"false\" \/><\/span> <\/label><\/p>\n<p><label> Botschaft<br \/>\n  <span class=\"wpcf7-form-control-wrap message-002\"><textarea name=\"message-002\" cols=\"40\" rows=\"10\" class=\"wpcf7-form-control wpcf7-textarea wpcf7-validates-as-required\" id=\"message-002\" aria-required=\"true\" aria-invalid=\"false\"><\/textarea><\/span> <\/label><\/p>\n<p><label> L\u00f6sen Sie die folgende Summe auf, um zu beweisen, dass Sie kein Roboter sind<br \/>\n   <span class=\"wpcf7-form-control-wrap random-math-quiz\"><label><span class=\"wpcf7-quiz-label\">4+2=?<\/span> <input type=\"text\" name=\"random-math-quiz\" size=\"40\" class=\"wpcf7-form-control wpcf7-quiz\" autocomplete=\"off\" aria-required=\"true\" aria-invalid=\"false\" \/><\/label><input type=\"hidden\" name=\"_wpcf7_quiz_answer_random-math-quiz\" value=\"c2fcbe4180fc14ae8d89d9d913537f58\" \/><\/span><\/label><\/p>\n<p>  <input type=\"submit\" value=\"Senden\" class=\"wpcf7-form-control has-spinner wpcf7-submit\" id=\"send\" \/><\/p>\n<div class=\"wpcf7-response-output\" aria-hidden=\"true\"><\/div><\/form><\/div><\/div>","protected":false},"excerpt":{"rendered":"<p>Aktivit\u00e4ten Benissa, das Pop-Tal und die Costa Blanca sind sehr vielseitig und es gibt viel zu tun. \u00a0 Radfahren \u2013 Radfahren \u2013 Mountainbiken Eine der beliebtesten Aktivit\u00e4ten in dieser Region ist das Radfahren, egal ob Sie ein Radfahrer oder Mountainbike-Enthusiast sind, hier sind Sie richtig!Die Berglandschaft ist ideal f\u00fcr Sportbegeisterte und bietet Herausforderungen f\u00fcr alle [&hellip;]<\/p>\n","protected":false},"author":1,"featured_media":0,"parent":0,"menu_order":0,"comment_status":"closed","ping_status":"closed","template":"page-templates\/page_fullwidth.php","meta":{"_monsterinsights_skip_tracking":false,"_monsterinsights_sitenote_active":false,"_monsterinsights_sitenote_note":"","_monsterinsights_sitenote_category":0,"footnotes":""},"class_list":["post-296","page","type-page","status-publish","hentry"],"yoast_head":"<!-- This site is optimized with the Yoast SEO plugin v16.1.1 - https:\/\/yoast.com\/wordpress\/plugins\/seo\/ -->\n<title>Aktivit\u00e4ten - Sun Sea Sleep<\/title>\n<link rel=\"canonical\" href=\"https:\/\/sunseasleep.com\/activities\/\" \/>\n<meta property=\"og:locale\" content=\"de_DE\" \/>\n<meta property=\"og:type\" content=\"article\" \/>\n<meta property=\"og:title\" content=\"Aktivit\u00e4ten - Sun Sea Sleep\" \/>\n<meta property=\"og:description\" content=\"Aktivit\u00e4ten Benissa, das Pop-Tal und die Costa Blanca sind sehr vielseitig und es gibt viel zu tun. \u00a0 Radfahren \u2013 Radfahren \u2013 Mountainbiken Eine der beliebtesten Aktivit\u00e4ten in dieser Region ist das Radfahren, egal ob Sie ein Radfahrer oder Mountainbike-Enthusiast sind, hier sind Sie richtig!Die Berglandschaft ist ideal f\u00fcr Sportbegeisterte und bietet Herausforderungen f\u00fcr alle [&hellip;]\" \/>\n<meta property=\"og:url\" content=\"https:\/\/sunseasleep.com\/activities\/\" \/>\n<meta property=\"og:site_name\" content=\"Sun Sea Sleep\" \/>\n<meta property=\"article:modified_time\" content=\"2021-12-17T08:54:07+00:00\" \/>\n<meta property=\"og:image\" content=\"http:\/\/sunseasleep.com\/wp-content\/uploads\/2021\/05\/activities-1024x1024.jpg\" \/>\n<meta name=\"twitter:card\" content=\"summary_large_image\" \/>\n<meta name=\"twitter:label1\" content=\"Gesch\u00e4tzte Lesezeit\">\n\t<meta name=\"twitter:data1\" content=\"11\u00a0Minuten\">\n<script type=\"application\/ld+json\" class=\"yoast-schema-graph\">{\"@context\":\"https:\/\/schema.org\",\"@graph\":[{\"@type\":\"WebSite\",\"@id\":\"https:\/\/sunseasleep.com\/nl\/#website\",\"url\":\"https:\/\/sunseasleep.com\/nl\/\",\"name\":\"Sun Sea Sleep\",\"description\":\"Sun Sea Sleep\",\"potentialAction\":[{\"@type\":\"SearchAction\",\"target\":\"https:\/\/sunseasleep.com\/nl\/?s={search_term_string}\",\"query-input\":\"required name=search_term_string\"}],\"inLanguage\":\"de\"},{\"@type\":\"ImageObject\",\"@id\":\"https:\/\/sunseasleep.com\/activities\/#primaryimage\",\"inLanguage\":\"de\",\"url\":\"http:\/\/sunseasleep.com\/wp-content\/uploads\/2021\/05\/activities-1024x1024.jpg\",\"contentUrl\":\"http:\/\/sunseasleep.com\/wp-content\/uploads\/2021\/05\/activities-1024x1024.jpg\"},{\"@type\":\"WebPage\",\"@id\":\"https:\/\/sunseasleep.com\/activities\/#webpage\",\"url\":\"https:\/\/sunseasleep.com\/activities\/\",\"name\":\"[:nl]Activiteiten[:en]Activities[:de]Aktivit\\u00e4ten[:es]Actividades[:] - Sun Sea Sleep\",\"isPartOf\":{\"@id\":\"https:\/\/sunseasleep.com\/nl\/#website\"},\"primaryImageOfPage\":{\"@id\":\"https:\/\/sunseasleep.com\/activities\/#primaryimage\"},\"datePublished\":\"2021-04-16T00:18:41+00:00\",\"dateModified\":\"2021-12-17T08:54:07+00:00\",\"breadcrumb\":{\"@id\":\"https:\/\/sunseasleep.com\/activities\/#breadcrumb\"},\"inLanguage\":\"de\",\"potentialAction\":[{\"@type\":\"ReadAction\",\"target\":[\"https:\/\/sunseasleep.com\/activities\/\"]}]},{\"@type\":\"BreadcrumbList\",\"@id\":\"https:\/\/sunseasleep.com\/activities\/#breadcrumb\",\"itemListElement\":[{\"@type\":\"ListItem\",\"position\":1,\"item\":{\"@type\":\"WebPage\",\"@id\":\"https:\/\/sunseasleep.com\/activities\/\",\"url\":\"https:\/\/sunseasleep.com\/activities\/\",\"name\":\"Activiteiten\"}}]}]}<\/script>\n<!-- \/ Yoast SEO plugin. -->","_links":{"self":[{"href":"https:\/\/sunseasleep.com\/de\/wp-json\/wp\/v2\/pages\/296","targetHints":{"allow":["GET"]}}],"collection":[{"href":"https:\/\/sunseasleep.com\/de\/wp-json\/wp\/v2\/pages"}],"about":[{"href":"https:\/\/sunseasleep.com\/de\/wp-json\/wp\/v2\/types\/page"}],"author":[{"embeddable":true,"href":"https:\/\/sunseasleep.com\/de\/wp-json\/wp\/v2\/users\/1"}],"replies":[{"embeddable":true,"href":"https:\/\/sunseasleep.com\/de\/wp-json\/wp\/v2\/comments?post=296"}],"version-history":[{"count":13,"href":"https:\/\/sunseasleep.com\/de\/wp-json\/wp\/v2\/pages\/296\/revisions"}],"predecessor-version":[{"id":1795,"href":"https:\/\/sunseasleep.com\/de\/wp-json\/wp\/v2\/pages\/296\/revisions\/1795"}],"wp:attachment":[{"href":"https:\/\/sunseasleep.com\/de\/wp-json\/wp\/v2\/media?parent=296"}],"curies":[{"name":"wp","href":"https:\/\/api.w.org\/{rel}","templated":true}]}}