{"id":1365,"date":"2021-07-04T16:58:04","date_gmt":"2021-07-04T14:58:04","guid":{"rendered":"https:\/\/sunseasleep.com\/?page_id=1365"},"modified":"2025-11-12T17:07:08","modified_gmt":"2025-11-12T16:07:08","slug":"apartment","status":"publish","type":"page","link":"https:\/\/sunseasleep.com\/de\/apartment\/","title":{"rendered":"Wohnungen"},"content":{"rendered":"<p><\/p>\r\n<h3><span style=\"color: #333a56;\">Wohnungen<\/span><\/h3>\r\n<p><span class=\"Y2IQFc\" lang=\"de\">Sun Sea Sleep bietet (neben dem B&amp;B) zwei Wohnungen, beide im Erdgeschoss gelegen.<br \/>Bei einem Aufenthalt in einem der Apartments ist die Nutzung aller Einrichtungen von Sun Sea Sleep (wie z. B. des gro\u00dfen Swimmingpools, der Au\u00dfenbar und des Grillbereichs, des Spielplatzes, aller Terrassen usw.) inbegriffen.<br \/>Es ist m\u00f6glich, dass mehrere G\u00e4ste in der Unterkunft \u00fcbernachten und daher die genannten Einrichtungen gemeinsam genutzt werden k\u00f6nnen.<\/span><\/p>\r\n<p>&nbsp;<\/p>\r\n<h4>Wohnung A<\/h4>\r\n<p><span class=\"Y2IQFc\" lang=\"de\">Dies ist eine ger\u00e4umige 2-Zimmer-Wohnung mit 2 B\u00e4dern (1 ensuite), einem gro\u00dfen Wohnzimmer mit offener K\u00fcche und einer eigenen privaten Terrasse mit spektakul\u00e4rem Blick auf die Berge des Pop-Tals.<br \/><\/span><span class=\"Y2IQFc\" lang=\"de\">Das Hauptschlafzimmer verf\u00fcgt \u00fcber ein Doppelbett (Queensize) und das andere Schlafzimmer hat 2 Einzelbetten (die auch als Doppelbett hergerichtet werden k\u00f6nnen).<\/span><\/p>\r\n<p><span class=\"Y2IQFc\" lang=\"de\">Beide Schlafzimmer und das Wohnzimmer verf\u00fcgen \u00fcber eine Klimaanlage.<\/span><\/p>\r\n<p><span class=\"Y2IQFc\" lang=\"de\">Die K\u00fcche ist komplett ausgestattet mit Geschirrsp\u00fcler, Induktionskochfeld, Nespresso-Kaffeemaschine, Backofen, Magnitron, gro\u00dfem K\u00fchlschrank, Gefrierfach und allem, was eine umfangreiche K\u00fcche mitbringen sollte.<\/span><\/p>\r\n<p><span class=\"Y2IQFc\" lang=\"de\">Dieses Apartment ist ideal f\u00fcr 4 Personen, aber mit der Schlafcouch im Wohnzimmer k\u00f6nnten auch 6 Personen bequem \u00fcbernachten.<\/span><\/p>\r\n<p><span class=\"Y2IQFc\" lang=\"de\">Teilweise besteht die M\u00f6glichkeit, die Leistungen des B&amp;B am selben Standort zu nutzen, zum Beispiel das reichhaltige Fr\u00fchst\u00fcck.<\/span><\/p>\r\n<p>&nbsp;<\/p>\r\n<h4>Wohnung B<\/h4>\r\n<p>Dies ist ein Apartment mit 2 Schlafzimmern, 1 Badezimmer, einem gro\u00dfen Wohnzimmer mit offener K\u00fcche und einer eigenen privaten Terrasse.<br \/><span class=\"Y2IQFc\" lang=\"de\">1 Schlafzimmer hat ein Doppelbett (Queensize) und das andere Schlafzimmer hat ein Etagenbett und ein Einzelbett.<\/span><\/p>\r\n<p>Die Wohnung ist mit 2 Klimaanlagen ausgestattet (1 im Wohnzimmer und 1 im Flur zu den Schlafzimmern).<\/p>\r\n<p>Die K\u00fcche ist komplett ausgestattet, einschlie\u00dflich Geschirrsp\u00fcler, Induktionskochfeld, Nespresso-Kaffeemaschine, Backofen, Mikrowelle, gro\u00dfem K\u00fchlschrank, Gefrierschrank und allen Notwendigkeiten, die eine umfangreiche K\u00fcche haben sollte.<\/p>\r\n<p><span class=\"Y2IQFc\" lang=\"de\">Dieses Apartment ist ideal f\u00fcr 5 Personen, aber mit der Schlafcouch im Wohnzimmer k\u00f6nnten auch 6 Personen bequem \u00fcbernachten.<\/span><\/p>\r\n<p><span class=\"Y2IQFc\" lang=\"de\">Teilweise besteht die M\u00f6glichkeit, die Leistungen des B&amp;B am selben Standort zu nutzen, zum Beispiel das reichhaltige Fr\u00fchst\u00fcck.<\/span><\/p>\r\n<p>&nbsp;<\/p>\r\n<h5><span class=\"has-inline-color has-vivid-cyan-blue-color\"><span style=\"color: #333a56;\">Preise:<\/span><\/span><\/h5>\r\n<p>Nachfolgend finden Sie alle unsere Preise f\u00fcr 2026.<br \/>Der Preis richtet sich nach der Gruppengr\u00f6\u00dfe und (nat\u00fcrlich) der Aufenthaltsdauer.<br \/><span class=\"Y2IQFc\" lang=\"de\">Die Mindestaufenthaltsdauer variiert zwischen 4 N\u00e4chten in der Nebensaison und 5 N\u00e4chten in der Zwischensaison.<br \/>(In der Hochsaison sind die Apartments nicht verf\u00fcgbar.)<\/span><\/p>\r\n<p><span class=\"Y2IQFc\" lang=\"de\">Die unten angegebenen Preise verstehen sich pro Nacht und gelten f\u00fcr Apartment A f\u00fcr bis zu 4 Personen und Apartment B f\u00fcr bis zu 5 Personen.<br \/>F\u00fcr zus\u00e4tzliche G\u00e4ste berechnen wir 25 \u20ac pro Person und Nacht.<\/span><\/p>\r\n<table style=\"height: 834px;\" width=\"351\">\r\n<tbody>\r\n<tr>\r\n<td width=\"83\">\r\n<p style=\"text-align: center;\"><strong>2026<\/strong><\/p>\r\n<\/td>\r\n<td width=\"87\">\r\n<p style=\"text-align: center;\">Min. aufenthalt<\/p>\r\n<\/td>\r\n<td width=\"79\">\r\n<p style=\"text-align: center;\">Preise<\/p>\r\n<\/td>\r\n<\/tr>\r\n<tr>\r\n<td width=\"83\">\r\n<p style=\"text-align: center;\">Januar<\/p>\r\n<\/td>\r\n<td width=\"87\">\r\n<p style=\"text-align: center;\">4<\/p>\r\n<\/td>\r\n<td width=\"79\">\r\n<p style=\"text-align: center;\">\u20ac 120<\/p>\r\n<\/td>\r\n<\/tr>\r\n<tr>\r\n<td width=\"83\">\r\n<p style=\"text-align: center;\">Februar<\/p>\r\n<\/td>\r\n<td width=\"87\">\r\n<p style=\"text-align: center;\">4<\/p>\r\n<\/td>\r\n<td width=\"79\">\r\n<p style=\"text-align: center;\">\u20ac 120<\/p>\r\n<\/td>\r\n<\/tr>\r\n<tr>\r\n<td width=\"83\">\r\n<p style=\"text-align: center;\">M\u00e4rz<\/p>\r\n<\/td>\r\n<td width=\"87\">\r\n<p style=\"text-align: center;\">4<\/p>\r\n<\/td>\r\n<td width=\"79\">\r\n<p style=\"text-align: center;\">\u20ac 140<\/p>\r\n<\/td>\r\n<\/tr>\r\n<tr>\r\n<td width=\"83\">\r\n<p style=\"text-align: center;\">April<\/p>\r\n<\/td>\r\n<td width=\"87\">\r\n<p style=\"text-align: center;\">4<\/p>\r\n<\/td>\r\n<td width=\"79\">\r\n<p style=\"text-align: center;\">\u20ac 140<\/p>\r\n<\/td>\r\n<\/tr>\r\n<tr>\r\n<td width=\"83\">\r\n<p style=\"text-align: center;\">Mai<\/p>\r\n<\/td>\r\n<td width=\"87\">\r\n<p style=\"text-align: center;\">4<\/p>\r\n<\/td>\r\n<td width=\"79\">\r\n<p style=\"text-align: center;\">\u20ac 150<\/p>\r\n<\/td>\r\n<\/tr>\r\n<tr>\r\n<td width=\"83\">\r\n<p style=\"text-align: center;\">Juni<\/p>\r\n<\/td>\r\n<td width=\"87\">\r\n<p style=\"text-align: center;\">5<\/p>\r\n<\/td>\r\n<td width=\"79\">\r\n<p style=\"text-align: center;\">\u20ac 160<\/p>\r\n<\/td>\r\n<\/tr>\r\n<tr>\r\n<td width=\"83\">\r\n<p style=\"text-align: center;\">Juli<\/p>\r\n<\/td>\r\n<td width=\"87\">\r\n<p style=\"text-align: center;\">\u00a0<\/p>\r\n<\/td>\r\n<td width=\"79\">\r\n<p style=\"text-align: center;\">n.a.<\/p>\r\n<\/td>\r\n<\/tr>\r\n<tr>\r\n<td width=\"83\">\r\n<p style=\"text-align: center;\">August<\/p>\r\n<\/td>\r\n<td width=\"87\">\r\n<p style=\"text-align: center;\">\u00a0<\/p>\r\n<\/td>\r\n<td width=\"79\">\r\n<p style=\"text-align: center;\">n.a.<\/p>\r\n<\/td>\r\n<\/tr>\r\n<tr>\r\n<td width=\"83\">\r\n<p style=\"text-align: center;\">September<\/p>\r\n<\/td>\r\n<td width=\"87\">\r\n<p style=\"text-align: center;\">5<\/p>\r\n<\/td>\r\n<td width=\"79\">\r\n<p style=\"text-align: center;\">\u20ac 160<\/p>\r\n<\/td>\r\n<\/tr>\r\n<tr>\r\n<td width=\"83\">\r\n<p style=\"text-align: center;\">Oktober<\/p>\r\n<\/td>\r\n<td width=\"87\">\r\n<p style=\"text-align: center;\">4<\/p>\r\n<\/td>\r\n<td width=\"79\">\r\n<p style=\"text-align: center;\">\u20ac 150<\/p>\r\n<\/td>\r\n<\/tr>\r\n<tr>\r\n<td width=\"83\">\r\n<p style=\"text-align: center;\">November<\/p>\r\n<\/td>\r\n<td width=\"87\">\r\n<p style=\"text-align: center;\">4<\/p>\r\n<\/td>\r\n<td width=\"79\">\r\n<p style=\"text-align: center;\">\u20ac 120<\/p>\r\n<\/td>\r\n<\/tr>\r\n<tr>\r\n<td width=\"83\">\r\n<p style=\"text-align: center;\">Dezember<\/p>\r\n<\/td>\r\n<td width=\"87\">\r\n<p style=\"text-align: center;\">4<\/p>\r\n<\/td>\r\n<td width=\"79\">\r\n<p style=\"text-align: center;\">\u20ac 120<\/p>\r\n<\/td>\r\n<\/tr>\r\n<\/tbody>\r\n<\/table>\r\n<p><span class=\"Y2IQFc\" lang=\"de\">\u00a0<\/span>Alle Preise beinhalten:<\/p>\r\n<ul>\r\n<li>Klimaanlage, Wasser und Strom<\/li>\r\n<li>Bettw\u00e4sche<\/li>\r\n<li>Duscht\u00fccher<\/li>\r\n<li>Zwischenreinigung (f\u00fcr Aufenthalte von mehr als 7 N\u00e4chten)<\/li>\r\n<li>W-LAN<\/li>\r\n<li>Parken<\/li>\r\n<li>MwSt<\/li>\r\n<li>Babybett<\/li>\r\n<\/ul>\r\n<p>Die Preise beinhalten nicht:<\/p>\r\n<ul>\r\n<li>Endreinigung; einmal \u20ac100<\/li>\r\n<\/ul>\r\n<p>&nbsp;<\/p>\r\n<p>F\u00fcr weitere informationen kontaktieren Sie uns und um eine Reservierung vorzunehmen klicken Sie <span style=\"color: #000000;\"><a style=\"color: #000000;\" href=\"http:\/\/sunseasleep.com\/?page_id=835\">hier<\/a>.<\/span><\/p>\r\n<p><a class=\"wp-block-button__link has-vivid-green-cyan-color has-text-color\" style=\"color: #ffffff; background-color: #333a56;\" href=\"http:\/\/sunseasleep.com\/?page_id=835\" target=\"_blank\" rel=\"noreferrer noopener\">reservieren<\/a><\/p>\r\n<p>&nbsp;<\/p>\r\n<p> <div  class=\"lgc-column lgc-grid-parent lgc-grid-60 lgc-tablet-grid-60 lgc-mobile-grid-100 lgc-equal-heights \"><div  class=\"inside-grid-column\"><div id=\"Block_wpape_gallery_69e796beca6e6\" style=\"width:100%;margin: 0 auto;padding-left:5px;padding-top:5px;padding-right:5px;padding-bottom:5px; display: none;\"><div id=\"wpape_gallery_69e796beca6e6\" data-options=\"wpape_gallery_69e796beca6e6\" style=\"width:100%;\" class=\"wpape_gallery\"><div class=\"wpape-img category1101\"><div class=\"wpape-img-image  wpape-lightbox\"><div data-thumbnail=\"https:\/\/sunseasleep.com\/wp-content\/uploads\/2021\/05\/Private-terrace-with-mountain-view-300x225.jpg\" title=\"Private terrace with mountain view\" data-width=\"300\" data-height=\"225\"><\/div><div data-popup=\"https:\/\/sunseasleep.com\/wp-content\/uploads\/2021\/05\/Private-terrace-with-mountain-view-scaled.jpg\"  title=\"Private terrace with mountain view\"><\/div><div class=\"thumbnail-overlay\"><div class=\"wpapeTitle \">Private terrace with mountain view<\/div><div class=\"wpapeIcons\"><i class=\"fa fa-search wpapeZoomIcon \"><\/i><\/div><\/div><\/div><\/div><div class=\"wpape-img category1101\"><div class=\"wpape-img-image  wpape-lightbox\"><div data-thumbnail=\"https:\/\/sunseasleep.com\/wp-content\/uploads\/2021\/05\/app-7-300x225.jpg\" title=\"Bathroom 2\" data-width=\"300\" data-height=\"225\"><\/div><div data-popup=\"https:\/\/sunseasleep.com\/wp-content\/uploads\/2021\/05\/app-7-scaled.jpg\"  title=\"Bathroom 2\"><\/div><div class=\"thumbnail-overlay\"><div class=\"wpapeTitle \">Bathroom 2<\/div><div class=\"wpapeIcons\"><i class=\"fa fa-search wpapeZoomIcon \"><\/i><\/div><\/div><\/div><\/div><div class=\"wpape-img category1101\"><div class=\"wpape-img-image  wpape-lightbox\"><div data-thumbnail=\"https:\/\/sunseasleep.com\/wp-content\/uploads\/2021\/05\/app-13-300x225.jpg\" title=\"Apartment terrace\" data-width=\"300\" data-height=\"225\"><\/div><div data-popup=\"https:\/\/sunseasleep.com\/wp-content\/uploads\/2021\/05\/app-13-scaled.jpg\"  title=\"Apartment terrace\"><\/div><div class=\"thumbnail-overlay\"><div class=\"wpapeTitle \">Apartment terrace<\/div><div class=\"wpapeIcons\"><i class=\"fa fa-search wpapeZoomIcon \"><\/i><\/div><\/div><\/div><\/div><div class=\"wpape-img category1101\"><div class=\"wpape-img-image  wpape-lightbox\"><div data-thumbnail=\"https:\/\/sunseasleep.com\/wp-content\/uploads\/2021\/05\/app-2-300x225.jpg\" title=\"The view from bedroom 2\" data-width=\"300\" data-height=\"225\"><\/div><div data-popup=\"https:\/\/sunseasleep.com\/wp-content\/uploads\/2021\/05\/app-2-scaled.jpg\"  title=\"The view from bedroom 2\"><\/div><div class=\"thumbnail-overlay\"><div class=\"wpapeTitle \">The view from bedroom 2<\/div><div class=\"wpapeIcons\"><i class=\"fa fa-search wpapeZoomIcon \"><\/i><\/div><\/div><\/div><\/div><div class=\"wpape-img category1101\"><div class=\"wpape-img-image  wpape-lightbox\"><div data-thumbnail=\"https:\/\/sunseasleep.com\/wp-content\/uploads\/2021\/05\/app-4-300x225.jpg\" title=\"Bedroom 1\" data-width=\"300\" data-height=\"225\"><\/div><div data-popup=\"https:\/\/sunseasleep.com\/wp-content\/uploads\/2021\/05\/app-4-scaled.jpg\"  title=\"Bedroom 1\"><\/div><div class=\"thumbnail-overlay\"><div class=\"wpapeTitle \">Bedroom 1<\/div><div class=\"wpapeIcons\"><i class=\"fa fa-search wpapeZoomIcon \"><\/i><\/div><\/div><\/div><\/div><div class=\"wpape-img category1101\"><div class=\"wpape-img-image  wpape-lightbox\"><div data-thumbnail=\"https:\/\/sunseasleep.com\/wp-content\/uploads\/2021\/05\/app-5-300x225.jpg\" title=\"Kingsize bed\" data-width=\"300\" data-height=\"225\"><\/div><div data-popup=\"https:\/\/sunseasleep.com\/wp-content\/uploads\/2021\/05\/app-5-scaled.jpg\"  title=\"Kingsize bed\"><\/div><div class=\"thumbnail-overlay\"><div class=\"wpapeTitle \">Kingsize bed<\/div><div class=\"wpapeIcons\"><i class=\"fa fa-search wpapeZoomIcon \"><\/i><\/div><\/div><\/div><\/div><div class=\"wpape-img category1101\"><div class=\"wpape-img-image  wpape-lightbox\"><div data-thumbnail=\"https:\/\/sunseasleep.com\/wp-content\/uploads\/2021\/05\/app-9-300x225.jpg\" title=\"Apartment entrance\" data-width=\"300\" data-height=\"225\"><\/div><div data-popup=\"https:\/\/sunseasleep.com\/wp-content\/uploads\/2021\/05\/app-9-scaled.jpg\"  title=\"Apartment entrance\"><\/div><div class=\"thumbnail-overlay\"><div class=\"wpapeTitle \">Apartment entrance<\/div><div class=\"wpapeIcons\"><i class=\"fa fa-search wpapeZoomIcon \"><\/i><\/div><\/div><\/div><\/div><div class=\"wpape-img category1101\"><div class=\"wpape-img-image  wpape-lightbox\"><div data-thumbnail=\"https:\/\/sunseasleep.com\/wp-content\/uploads\/2021\/05\/app-11-300x225.jpg\" title=\"Living room\" data-width=\"300\" data-height=\"225\"><\/div><div data-popup=\"https:\/\/sunseasleep.com\/wp-content\/uploads\/2021\/05\/app-11-scaled.jpg\"  title=\"Living room\"><\/div><div class=\"thumbnail-overlay\"><div class=\"wpapeTitle \">Living room<\/div><div class=\"wpapeIcons\"><i class=\"fa fa-search wpapeZoomIcon \"><\/i><\/div><\/div><\/div><\/div><div class=\"wpape-img category1101\"><div class=\"wpape-img-image  wpape-lightbox\"><div data-thumbnail=\"https:\/\/sunseasleep.com\/wp-content\/uploads\/2021\/05\/app-6-300x225.jpg\" title=\"Bathroom 1\" data-width=\"300\" data-height=\"225\"><\/div><div data-popup=\"https:\/\/sunseasleep.com\/wp-content\/uploads\/2021\/05\/app-6-scaled.jpg\"  title=\"Bathroom 1\"><\/div><div class=\"thumbnail-overlay\"><div class=\"wpapeTitle \">Bathroom 1<\/div><div class=\"wpapeIcons\"><i class=\"fa fa-search wpapeZoomIcon \"><\/i><\/div><\/div><\/div><\/div><div class=\"wpape-img category1101\"><div class=\"wpape-img-image  wpape-lightbox\"><div data-thumbnail=\"https:\/\/sunseasleep.com\/wp-content\/uploads\/2021\/05\/app-10-300x225.jpg\" title=\"Lounging sofa bed\" data-width=\"300\" data-height=\"225\"><\/div><div data-popup=\"https:\/\/sunseasleep.com\/wp-content\/uploads\/2021\/05\/app-10-scaled.jpg\"  title=\"Lounging sofa bed\"><\/div><div class=\"thumbnail-overlay\"><div class=\"wpapeTitle \">Lounging sofa bed<\/div><div class=\"wpapeIcons\"><i class=\"fa fa-search wpapeZoomIcon \"><\/i><\/div><\/div><\/div><\/div><div class=\"wpape-img category1101\"><div class=\"wpape-img-image  wpape-lightbox\"><div data-thumbnail=\"https:\/\/sunseasleep.com\/wp-content\/uploads\/2021\/05\/app-3-300x225.jpg\" title=\"Bedroom 2\" data-width=\"300\" data-height=\"225\"><\/div><div data-popup=\"https:\/\/sunseasleep.com\/wp-content\/uploads\/2021\/05\/app-3-scaled.jpg\"  title=\"Bedroom 2\"><\/div><div class=\"thumbnail-overlay\"><div class=\"wpapeTitle \">Bedroom 2<\/div><div class=\"wpapeIcons\"><i class=\"fa fa-search wpapeZoomIcon \"><\/i><\/div><\/div><\/div><\/div><div class=\"wpape-img category1101\"><div class=\"wpape-img-image  wpape-lightbox\"><div data-thumbnail=\"https:\/\/sunseasleep.com\/wp-content\/uploads\/2021\/05\/app-1-300x225.jpg\" title=\"Would you prefer 2 single beds or 1 double?\" data-width=\"300\" data-height=\"225\"><\/div><div data-popup=\"https:\/\/sunseasleep.com\/wp-content\/uploads\/2021\/05\/app-1-scaled.jpg\"  title=\"Would you prefer 2 single beds or 1 double?\"><\/div><div class=\"thumbnail-overlay\"><div class=\"wpapeTitle \">Would you prefer 2 single beds or 1 double?<\/div><div class=\"wpapeIcons\"><i class=\"fa fa-search wpapeZoomIcon \"><\/i><\/div><\/div><\/div><\/div><div class=\"wpape-img category1101\"><div class=\"wpape-img-image  wpape-lightbox\"><div data-thumbnail=\"https:\/\/sunseasleep.com\/wp-content\/uploads\/2021\/05\/app-8-300x225.jpg\" title=\"Kitchen\" data-width=\"300\" data-height=\"225\"><\/div><div data-popup=\"https:\/\/sunseasleep.com\/wp-content\/uploads\/2021\/05\/app-8-scaled.jpg\"  title=\"Kitchen\"><\/div><div class=\"thumbnail-overlay\"><div class=\"wpapeTitle \">Kitchen<\/div><div class=\"wpapeIcons\"><i class=\"fa fa-search wpapeZoomIcon \"><\/i><\/div><\/div><\/div><\/div><div class=\"wpape-img category1101\"><div class=\"wpape-img-image  wpape-lightbox\"><div data-thumbnail=\"https:\/\/sunseasleep.com\/wp-content\/uploads\/2021\/05\/Welcome-at-the-apartment-300x225.jpg\" title=\"Terrace at the apartment\" data-width=\"300\" data-height=\"225\"><\/div><div data-popup=\"https:\/\/sunseasleep.com\/wp-content\/uploads\/2021\/05\/Welcome-at-the-apartment-scaled.jpg\"  title=\"Terrace at the apartment\"><\/div><div class=\"thumbnail-overlay\"><div class=\"wpapeTitle \">Terrace at the apartment<\/div><div class=\"wpapeIcons\"><i class=\"fa fa-search wpapeZoomIcon \"><\/i><\/div><\/div><\/div><\/div><\/div><\/div><script>var wpape_gallery_69e796beca6e6 = {\"filterContainer\": \"#wpape_gallery_69e796beca6e6filter\", \"touch\": 1, \"columns\": 3, \"columnWidth\": \"auto\", \"resolutions\": [ ,  , ], \"overlayEffect\": \"direction-aware-fade\", \"boxesToLoadStart\": \"3\", \"boxesToLoad\": \"6\", \"lazyLoad\": true, \"LoadingWord\": \"Gallery images loading\", \"loadMoreWord\": \"More images\", \"noMoreEntriesWord\": \"No images\", \"loadMoreClass\": \" apebtn apebtn-flat apebtn-primary \", \"horizontalSpaceBetweenBoxes\": 10, \"verticalSpaceBetweenBoxes\": 10}, wpape_gallery_69e796beca6e6_css = \"body .mfp-ready.mfp-bg{background-color: rgba(11,11,11,0.8);}.mfp-container .mfp-arrow{display:none;}#wpape_gallery_69e796beca6e6 .wpape-img-container{ -webkit-border-radius: 5px;-moz-border-radius: 5px;border-radius: 5px;}#wpape_gallery_69e796beca6e6 .wpapeTitle{ font-size:12px; line-height:88%; color:#ffffff;}#wpape_gallery_69e796beca6e6 .wpapeTitle:hover{color:#ffffff;}#wpape_gallery_69e796beca6e6 .thumbnail-overlay{background:rgba(7,7,7,0.5);}#wpape_gallery_69e796beca6e6 .wpapeZoomIcon{ font-size:22px; line-height:100%; color:#ffffff;background:rgba(0,0,0,0);}#wpape_gallery_69e796beca6e6 .wpapeZoomIcon:hover{color:#ffffff;background:rgba(0,0,0,0);}#wpape_gallery_69e796beca6e6 .image-with-dimensions{background-color: rgba(255,255,255,1);}body .mfp-title, body .mfp-counter{color: rgb(243,243,243);}\",apeGalleryDelay = 0; head = document.head || document.getElementsByTagName(\"head\")[0], style = document.createElement(\"style\"); style.type = \"text\/css\"; if (style.styleSheet) style.styleSheet.cssText = wpape_gallery_69e796beca6e6_css; \telse  style.appendChild(document.createTextNode(wpape_gallery_69e796beca6e6_css)); head.appendChild(style);<\/script><\/div><\/div>\r\n<p>&nbsp;<\/p>\r\n<p>&nbsp;<\/p>\r\n<p>&nbsp;<\/p>\r\n<p>&nbsp;<\/p>\r\n<div  class=\"lgc-column lgc-grid-parent lgc-grid-40 lgc-tablet-grid-40 lgc-mobile-grid-100 lgc-equal-heights \"><div  class=\"inside-grid-column\"><\/div><\/div><div class=\"lgc-clear\"><\/div>\r\n<p>&nbsp;<\/p>","protected":false},"excerpt":{"rendered":"<p>Wohnungen Sun Sea Sleep bietet (neben dem B&amp;B) zwei Wohnungen, beide im Erdgeschoss gelegen.Bei einem Aufenthalt in einem der Apartments ist die Nutzung aller Einrichtungen von Sun Sea Sleep (wie z. B. des gro\u00dfen Swimmingpools, der Au\u00dfenbar und des Grillbereichs, des Spielplatzes, aller Terrassen usw.) inbegriffen.Es ist m\u00f6glich, dass mehrere G\u00e4ste in der Unterkunft \u00fcbernachten [&hellip;]<\/p>\n","protected":false},"author":1,"featured_media":0,"parent":0,"menu_order":0,"comment_status":"closed","ping_status":"closed","template":"page-templates\/page_fullwidth.php","meta":{"_monsterinsights_skip_tracking":false,"_monsterinsights_sitenote_active":false,"_monsterinsights_sitenote_note":"","_monsterinsights_sitenote_category":0,"footnotes":""},"class_list":["post-1365","page","type-page","status-publish","hentry"],"yoast_head":"<!-- This site is optimized with the Yoast SEO plugin v16.1.1 - https:\/\/yoast.com\/wordpress\/plugins\/seo\/ -->\n<title>Wohnungen - Sun Sea Sleep<\/title>\n<link rel=\"canonical\" href=\"https:\/\/sunseasleep.com\/apartment\/\" \/>\n<meta property=\"og:locale\" content=\"de_DE\" \/>\n<meta property=\"og:type\" content=\"article\" \/>\n<meta property=\"og:title\" content=\"Wohnungen - Sun Sea Sleep\" \/>\n<meta property=\"og:description\" content=\"Wohnungen Sun Sea Sleep bietet (neben dem B&amp;B) zwei Wohnungen, beide im Erdgeschoss gelegen.Bei einem Aufenthalt in einem der Apartments ist die Nutzung aller Einrichtungen von Sun Sea Sleep (wie z. B. des gro\u00dfen Swimmingpools, der Au\u00dfenbar und des Grillbereichs, des Spielplatzes, aller Terrassen usw.) inbegriffen.Es ist m\u00f6glich, dass mehrere G\u00e4ste in der Unterkunft \u00fcbernachten [&hellip;]\" \/>\n<meta property=\"og:url\" content=\"https:\/\/sunseasleep.com\/apartment\/\" \/>\n<meta property=\"og:site_name\" content=\"Sun Sea Sleep\" \/>\n<meta property=\"article:modified_time\" content=\"2025-11-12T16:07:08+00:00\" \/>\n<meta name=\"twitter:card\" content=\"summary_large_image\" \/>\n<meta name=\"twitter:label1\" content=\"Gesch\u00e4tzte Lesezeit\">\n\t<meta name=\"twitter:data1\" content=\"11\u00a0Minuten\">\n<script type=\"application\/ld+json\" class=\"yoast-schema-graph\">{\"@context\":\"https:\/\/schema.org\",\"@graph\":[{\"@type\":\"WebSite\",\"@id\":\"https:\/\/sunseasleep.com\/nl\/#website\",\"url\":\"https:\/\/sunseasleep.com\/nl\/\",\"name\":\"Sun Sea Sleep\",\"description\":\"Sun Sea Sleep\",\"potentialAction\":[{\"@type\":\"SearchAction\",\"target\":\"https:\/\/sunseasleep.com\/nl\/?s={search_term_string}\",\"query-input\":\"required name=search_term_string\"}],\"inLanguage\":\"de\"},{\"@type\":\"WebPage\",\"@id\":\"https:\/\/sunseasleep.com\/apartment\/#webpage\",\"url\":\"https:\/\/sunseasleep.com\/apartment\/\",\"name\":\"[:nl]Appartementen[:en]Apartments[:de]Wohnungen[:es]Apartamentos[:] - Sun Sea Sleep\",\"isPartOf\":{\"@id\":\"https:\/\/sunseasleep.com\/nl\/#website\"},\"datePublished\":\"2021-07-04T14:58:04+00:00\",\"dateModified\":\"2025-11-12T16:07:08+00:00\",\"breadcrumb\":{\"@id\":\"https:\/\/sunseasleep.com\/apartment\/#breadcrumb\"},\"inLanguage\":\"de\",\"potentialAction\":[{\"@type\":\"ReadAction\",\"target\":[\"https:\/\/sunseasleep.com\/apartment\/\"]}]},{\"@type\":\"BreadcrumbList\",\"@id\":\"https:\/\/sunseasleep.com\/apartment\/#breadcrumb\",\"itemListElement\":[{\"@type\":\"ListItem\",\"position\":1,\"item\":{\"@type\":\"WebPage\",\"@id\":\"https:\/\/sunseasleep.com\/apartment\/\",\"url\":\"https:\/\/sunseasleep.com\/apartment\/\",\"name\":\"Appartementen\"}}]}]}<\/script>\n<!-- \/ Yoast SEO plugin. -->","_links":{"self":[{"href":"https:\/\/sunseasleep.com\/de\/wp-json\/wp\/v2\/pages\/1365","targetHints":{"allow":["GET"]}}],"collection":[{"href":"https:\/\/sunseasleep.com\/de\/wp-json\/wp\/v2\/pages"}],"about":[{"href":"https:\/\/sunseasleep.com\/de\/wp-json\/wp\/v2\/types\/page"}],"author":[{"embeddable":true,"href":"https:\/\/sunseasleep.com\/de\/wp-json\/wp\/v2\/users\/1"}],"replies":[{"embeddable":true,"href":"https:\/\/sunseasleep.com\/de\/wp-json\/wp\/v2\/comments?post=1365"}],"version-history":[{"count":45,"href":"https:\/\/sunseasleep.com\/de\/wp-json\/wp\/v2\/pages\/1365\/revisions"}],"predecessor-version":[{"id":7739,"href":"https:\/\/sunseasleep.com\/de\/wp-json\/wp\/v2\/pages\/1365\/revisions\/7739"}],"wp:attachment":[{"href":"https:\/\/sunseasleep.com\/de\/wp-json\/wp\/v2\/media?parent=1365"}],"curies":[{"name":"wp","href":"https:\/\/api.w.org\/{rel}","templated":true}]}}