{"id":1005,"date":"2021-05-12T02:19:00","date_gmt":"2021-05-12T00:19:00","guid":{"rendered":"http:\/\/sunseasleep.com\/?page_id=1005"},"modified":"2025-10-11T20:29:02","modified_gmt":"2025-10-11T18:29:02","slug":"about-us","status":"publish","type":"page","link":"https:\/\/sunseasleep.com\/de\/about-us\/","title":{"rendered":"\u00dcber uns"},"content":{"rendered":"<p><img loading=\"lazy\" decoding=\"async\" class=\"alignnone size-medium wp-image-1133\" src=\"http:\/\/sunseasleep.com\/wp-content\/uploads\/2021\/05\/over-ons-300x225.jpg\" alt=\"\" width=\"300\" height=\"225\" srcset=\"https:\/\/sunseasleep.com\/wp-content\/uploads\/2021\/05\/over-ons-300x225.jpg 300w, https:\/\/sunseasleep.com\/wp-content\/uploads\/2021\/05\/over-ons-1024x769.jpg 1024w, https:\/\/sunseasleep.com\/wp-content\/uploads\/2021\/05\/over-ons-768x577.jpg 768w, https:\/\/sunseasleep.com\/wp-content\/uploads\/2021\/05\/over-ons-1536x1154.jpg 1536w, https:\/\/sunseasleep.com\/wp-content\/uploads\/2021\/05\/over-ons-2048x1539.jpg 2048w, https:\/\/sunseasleep.com\/wp-content\/uploads\/2021\/05\/over-ons-700x526.jpg 700w, https:\/\/sunseasleep.com\/wp-content\/uploads\/2021\/05\/over-ons-410x308.jpg 410w, https:\/\/sunseasleep.com\/wp-content\/uploads\/2021\/05\/over-ons-100x75.jpg 100w, https:\/\/sunseasleep.com\/wp-content\/uploads\/2021\/05\/over-ons-275x207.jpg 275w\" sizes=\"auto, (max-width: 300px) 100vw, 300px\" \/><br \/><\/p>\r\n<p>Hallo, wir sind Ester und Bram, ein spontanes niederl\u00e4ndisches Paar mit 3 Kindern<br \/>Wir sind die stolzen Besitzer von Sun Sea Sleep und das ist (kurz) unsere Geschichte.<\/p>\r\n<p>Sun Sea Sleep wurde 2015 auf der Karibikinsel Curacao gegr\u00fcndet.<br \/>Im Jahr 2017 haben wir den Betrieb \u00fcbernommen und daraus eine erfolgreiche Luxusunterkunft gemacht.<\/p>\r\n<p>Die Covid-Krise beendete 2020 unser Inselleben und wir waren gezwungen, nach Europa zur\u00fcckzukehren.<br \/>Zum Gl\u00fcck konnten wir unseren Traum an der Costa Blanca fortsetzen, fast 7.500 km von unserem urspr\u00fcnglichen Ausgangspunkt entfernt.<\/p>\r\n<p><span class=\"Y2IQFc\" lang=\"de\">Nachdem wir diese wundersch\u00f6ne Villa gefunden hatten, wussten wir, dass dies unser n\u00e4chster gro\u00dfer Schritt sein w\u00fcrde, was f\u00fcr ein Paradies!<br \/>Wir haben sie in einen komfortablen und gem\u00fctlichen Ort verwandelt, der sich f\u00fcr Kurzaufenthalte eignet.<\/span><\/p>\r\n<p><span class=\"Y2IQFc\" lang=\"de\">Wir betreiben Sun Sea Sleep jetzt als multifunktionale Unterkunft und sind begeistert davon.<br \/>Jeder Tag ist anders, und wir tun immer noch das, was wir am meisten lieben: unseren G\u00e4sten einen fantastischen Aufenthalt zu erm\u00f6glichen und sie unsere Unterk\u00fcnfte in vollen Z\u00fcgen genie\u00dfen zu lassen.<\/span><\/p>\r\n<p><span class=\"Y2IQFc\" lang=\"de\">Seit 2022 erweitern wir unser Angebot schrittweise und bieten nun mehrere fantastische Unterk\u00fcnfte in der Umgebung an.<br \/>Wir haben uns speziell f\u00fcr diese Gegend (La Vall de Pop und seine unmittelbare Umgebung) entschieden und unsere Unterk\u00fcnfte unter anderem nach Vielfalt, Qualit\u00e4t, Lage und Aussicht ausgew\u00e4hlt, um unseren G\u00e4sten das Beste zu bieten.<\/span><\/p>\r\n<p><span class=\"Y2IQFc\" lang=\"de\">Wir freuen uns, unser Paradies mit Ihnen zu teilen und Ihnen ein perfektes Erlebnis in einer unserer Unterk\u00fcnfte zu bieten.<br \/>Egal, ob Sie mit einer gro\u00dfen Gruppe eine luxuri\u00f6se Privatvilla genie\u00dfen m\u00f6chten oder an einem kleinen Bed &amp; Breakfast in der Natur interessiert sind, jeder ist willkommen und Sie werden unsere speziell ausgew\u00e4hlten Unterk\u00fcnfte lieben.<br \/>Hoffentlich lernen wir Sie bald kennen!<\/span><\/p>\r\n<p> <div data-post-id='550' class='insert-page insert-page-550 '><h2 class=\"has-text-align-center\" style=\"text-align: left;\"><span class=\"has-inline-color has-luminous-vivid-amber-color\">Kontaktiere uns<\/span><\/h2>\r\n<div role=\"form\" class=\"wpcf7\" id=\"wpcf7-f526-p550-o1\" lang=\"en-US\" dir=\"ltr\">\n<div class=\"screen-reader-response\"><p role=\"status\" aria-live=\"polite\" aria-atomic=\"true\"><\/p> <ul><\/ul><\/div>\n<form action=\"\/de\/wp-json\/wp\/v2\/pages\/1005#wpcf7-f526-p550-o1\" method=\"post\" class=\"wpcf7-form init\" novalidate=\"novalidate\" data-status=\"init\">\n<div style=\"display: none;\">\n<input type=\"hidden\" name=\"_wpcf7\" value=\"526\" \/>\n<input type=\"hidden\" name=\"_wpcf7_version\" value=\"5.5.6.1\" \/>\n<input type=\"hidden\" name=\"_wpcf7_locale\" value=\"en_US\" \/>\n<input type=\"hidden\" name=\"_wpcf7_unit_tag\" value=\"wpcf7-f526-p550-o1\" \/>\n<input type=\"hidden\" name=\"_wpcf7_container_post\" value=\"550\" \/>\n<input type=\"hidden\" name=\"_wpcf7_posted_data_hash\" value=\"\" \/>\n<input type=\"hidden\" name=\"_wpcf7_recaptcha_response\" value=\"\" \/>\n<\/div>\n<p><label>Name<br \/>\n   <span class=\"wpcf7-form-control-wrap name-002\"><input type=\"text\" name=\"name-002\" value=\"\" size=\"40\" class=\"wpcf7-form-control wpcf7-text wpcf7-validates-as-required\" id=\"name-002\" aria-required=\"true\" aria-invalid=\"false\" \/><\/span><\/label><\/p>\n<p><label>Telefon<br \/>\n  <span class=\"wpcf7-form-control-wrap tel-002\"><input type=\"tel\" name=\"tel-002\" value=\"\" size=\"40\" class=\"wpcf7-form-control wpcf7-text wpcf7-tel wpcf7-validates-as-required wpcf7-validates-as-tel\" id=\"tel-001\" aria-required=\"true\" aria-invalid=\"false\" \/><\/span><\/label><\/p>\n<p><label> Email<br \/>\n  <span class=\"wpcf7-form-control-wrap email-002\"><input type=\"email\" name=\"email-002\" value=\"\" size=\"40\" class=\"wpcf7-form-control wpcf7-text wpcf7-email wpcf7-validates-as-required wpcf7-validates-as-email\" aria-required=\"true\" aria-invalid=\"false\" \/><\/span> <\/label><\/p>\n<p><label> Botschaft<br \/>\n  <span class=\"wpcf7-form-control-wrap message-002\"><textarea name=\"message-002\" cols=\"40\" rows=\"10\" class=\"wpcf7-form-control wpcf7-textarea wpcf7-validates-as-required\" id=\"message-002\" aria-required=\"true\" aria-invalid=\"false\"><\/textarea><\/span> <\/label><\/p>\n<p><label> L\u00f6sen Sie die folgende Summe auf, um zu beweisen, dass Sie kein Roboter sind<br \/>\n   <span class=\"wpcf7-form-control-wrap random-math-quiz\"><label><span class=\"wpcf7-quiz-label\">2+4=?<\/span> <input type=\"text\" name=\"random-math-quiz\" size=\"40\" class=\"wpcf7-form-control wpcf7-quiz\" autocomplete=\"off\" aria-required=\"true\" aria-invalid=\"false\" \/><\/label><input type=\"hidden\" name=\"_wpcf7_quiz_answer_random-math-quiz\" value=\"c2fcbe4180fc14ae8d89d9d913537f58\" \/><\/span><\/label><\/p>\n<p>  <input type=\"submit\" value=\"Senden\" class=\"wpcf7-form-control has-spinner wpcf7-submit\" id=\"send\" \/><\/p>\n<div class=\"wpcf7-response-output\" aria-hidden=\"true\"><\/div><\/form><\/div><\/div><\/p>","protected":false},"excerpt":{"rendered":"<p>Hallo, wir sind Ester und Bram, ein spontanes niederl\u00e4ndisches Paar mit 3 KindernWir sind die stolzen Besitzer von Sun Sea Sleep und das ist (kurz) unsere Geschichte. Sun Sea Sleep wurde 2015 auf der Karibikinsel Curacao gegr\u00fcndet.Im Jahr 2017 haben wir den Betrieb \u00fcbernommen und daraus eine erfolgreiche Luxusunterkunft gemacht. Die Covid-Krise beendete 2020 unser [&hellip;]<\/p>\n","protected":false},"author":1,"featured_media":0,"parent":0,"menu_order":0,"comment_status":"closed","ping_status":"closed","template":"page-templates\/page_fullwidth.php","meta":{"_monsterinsights_skip_tracking":false,"_monsterinsights_sitenote_active":false,"_monsterinsights_sitenote_note":"","_monsterinsights_sitenote_category":0,"footnotes":""},"class_list":["post-1005","page","type-page","status-publish","hentry"],"yoast_head":"<!-- This site is optimized with the Yoast SEO plugin v16.1.1 - https:\/\/yoast.com\/wordpress\/plugins\/seo\/ -->\n<title>\u00dcber uns - Sun Sea Sleep<\/title>\n<link rel=\"canonical\" href=\"https:\/\/sunseasleep.com\/about-us\/\" \/>\n<meta property=\"og:locale\" content=\"de_DE\" \/>\n<meta property=\"og:type\" content=\"article\" \/>\n<meta property=\"og:title\" content=\"\u00dcber uns - Sun Sea Sleep\" \/>\n<meta property=\"og:description\" content=\"Hallo, wir sind Ester und Bram, ein spontanes niederl\u00e4ndisches Paar mit 3 KindernWir sind die stolzen Besitzer von Sun Sea Sleep und das ist (kurz) unsere Geschichte. Sun Sea Sleep wurde 2015 auf der Karibikinsel Curacao gegr\u00fcndet.Im Jahr 2017 haben wir den Betrieb \u00fcbernommen und daraus eine erfolgreiche Luxusunterkunft gemacht. Die Covid-Krise beendete 2020 unser [&hellip;]\" \/>\n<meta property=\"og:url\" content=\"https:\/\/sunseasleep.com\/about-us\/\" \/>\n<meta property=\"og:site_name\" content=\"Sun Sea Sleep\" \/>\n<meta property=\"article:modified_time\" content=\"2025-10-11T18:29:02+00:00\" \/>\n<meta property=\"og:image\" content=\"http:\/\/sunseasleep.com\/wp-content\/uploads\/2021\/05\/over-ons-300x225.jpg\" \/>\n<meta name=\"twitter:card\" content=\"summary_large_image\" \/>\n<meta name=\"twitter:label1\" content=\"Gesch\u00e4tzte Lesezeit\">\n\t<meta name=\"twitter:data1\" content=\"7\u00a0Minuten\">\n<script type=\"application\/ld+json\" class=\"yoast-schema-graph\">{\"@context\":\"https:\/\/schema.org\",\"@graph\":[{\"@type\":\"WebSite\",\"@id\":\"https:\/\/sunseasleep.com\/nl\/#website\",\"url\":\"https:\/\/sunseasleep.com\/nl\/\",\"name\":\"Sun Sea Sleep\",\"description\":\"Sun Sea Sleep\",\"potentialAction\":[{\"@type\":\"SearchAction\",\"target\":\"https:\/\/sunseasleep.com\/nl\/?s={search_term_string}\",\"query-input\":\"required name=search_term_string\"}],\"inLanguage\":\"de\"},{\"@type\":\"ImageObject\",\"@id\":\"https:\/\/sunseasleep.com\/about-us\/#primaryimage\",\"inLanguage\":\"de\",\"url\":\"http:\/\/sunseasleep.com\/wp-content\/uploads\/2021\/05\/over-ons-300x225.jpg\",\"contentUrl\":\"http:\/\/sunseasleep.com\/wp-content\/uploads\/2021\/05\/over-ons-300x225.jpg\"},{\"@type\":\"WebPage\",\"@id\":\"https:\/\/sunseasleep.com\/about-us\/#webpage\",\"url\":\"https:\/\/sunseasleep.com\/about-us\/\",\"name\":\"[:nl]Over ons[:en]About us[:de]\\u00dcber uns[:es]Sobre nosotros[:] - Sun Sea Sleep\",\"isPartOf\":{\"@id\":\"https:\/\/sunseasleep.com\/nl\/#website\"},\"primaryImageOfPage\":{\"@id\":\"https:\/\/sunseasleep.com\/about-us\/#primaryimage\"},\"datePublished\":\"2021-05-12T00:19:00+00:00\",\"dateModified\":\"2025-10-11T18:29:02+00:00\",\"breadcrumb\":{\"@id\":\"https:\/\/sunseasleep.com\/about-us\/#breadcrumb\"},\"inLanguage\":\"de\",\"potentialAction\":[{\"@type\":\"ReadAction\",\"target\":[\"https:\/\/sunseasleep.com\/about-us\/\"]}]},{\"@type\":\"BreadcrumbList\",\"@id\":\"https:\/\/sunseasleep.com\/about-us\/#breadcrumb\",\"itemListElement\":[{\"@type\":\"ListItem\",\"position\":1,\"item\":{\"@type\":\"WebPage\",\"@id\":\"https:\/\/sunseasleep.com\/about-us\/\",\"url\":\"https:\/\/sunseasleep.com\/about-us\/\",\"name\":\"Over ons\"}}]}]}<\/script>\n<!-- \/ Yoast SEO plugin. -->","_links":{"self":[{"href":"https:\/\/sunseasleep.com\/de\/wp-json\/wp\/v2\/pages\/1005","targetHints":{"allow":["GET"]}}],"collection":[{"href":"https:\/\/sunseasleep.com\/de\/wp-json\/wp\/v2\/pages"}],"about":[{"href":"https:\/\/sunseasleep.com\/de\/wp-json\/wp\/v2\/types\/page"}],"author":[{"embeddable":true,"href":"https:\/\/sunseasleep.com\/de\/wp-json\/wp\/v2\/users\/1"}],"replies":[{"embeddable":true,"href":"https:\/\/sunseasleep.com\/de\/wp-json\/wp\/v2\/comments?post=1005"}],"version-history":[{"count":18,"href":"https:\/\/sunseasleep.com\/de\/wp-json\/wp\/v2\/pages\/1005\/revisions"}],"predecessor-version":[{"id":7569,"href":"https:\/\/sunseasleep.com\/de\/wp-json\/wp\/v2\/pages\/1005\/revisions\/7569"}],"wp:attachment":[{"href":"https:\/\/sunseasleep.com\/de\/wp-json\/wp\/v2\/media?parent=1005"}],"curies":[{"name":"wp","href":"https:\/\/api.w.org\/{rel}","templated":true}]}}